{"id":2,"date":"2011-02-18T13:00:36","date_gmt":"2011-02-18T13:00:36","guid":{"rendered":"http:\/\/blogs.abo.fi\/asabengtsson\/?page_id=2"},"modified":"2014-03-24T07:11:51","modified_gmt":"2014-03-24T07:11:51","slug":"om","status":"publish","type":"page","link":"https:\/\/blogs.abo.fi\/asabengtsson\/om\/","title":{"rendered":"Profil"},"content":{"rendered":"<p>Jag \u00e4r utn\u00e4mnd till professor vid Mittuniversitetet i Sverige och docent i statskunskap vid \u00c5bo Akademi. Under perioden 2010-2015 arbetar har jag ett akademiforskarprojekt som finansieras av Finlands Akademi. Projektet handlar om medborgarnas attityder gentemot demokratiska processer och g\u00e5r under namnet &#8221;Preferred Political Processes. Voters\u2019 preferences for political decision making&#8221;.<\/p>\n<p>Vid sidan av mitt akademiforskarprojekt har jag andra intressanta uppdrag. Jag \u00e4r sedan 2002 medlem i det finl\u00e4ndska valforskningskonsoritet som leder och planerar de finl\u00e4ndska valunders\u00f6kningar som g\u00f6rs i sambad med riksdagsval och ing\u00e5r \u00e4ven valkonsortiets ledningsgrupp. Sedan 2009 \u00e4r jag \u00e4ven medlem av ledningsgruppen f\u00f6r den starka forskningsmilj\u00f6n i statskunskap vid \u00c5bo Akademi, D:CE (Democracy: A Citizen Perspective).<\/p>\n<p>P\u00e5 den internationella arenan fungerar jag som finl\u00e4ndsk representant i det nordiska val- forskningssamarbetet (NED) och i det europeiska valforsknings-n\u00e4tverket &#8221;The True European Voter&#8221;. B\u00e5da n\u00e4tverken syftar till att samordna de valunders\u00f6kningar som g\u00f6r i olika l\u00e4nder och att g\u00f6ra materialet tillg\u00e4ngligt f\u00f6r forskare fr\u00e5n olika l\u00e4nder.<\/p>\n<p>I centrum f\u00f6r mina forskningsintressen st\u00e5r medborgarna som politiska akt\u00f6rer och observat\u00f6rer. V\u00e4ljarbeteende i val, politiska aktiviteter utanf\u00f6r valen och \u00e5sikter gentemot politik och det demokratiska systemet sammanfattar ganska v\u00e4l de omr\u00e5den som i f\u00f6rsta hand f\u00e5r uppm\u00e4rksamhet i min vetenskapliga produktion.<\/p>\n<p>Eftersom jag arbetar med forskning p\u00e5 heltid \u00e4r min insats inom undervisningen f\u00f6r tillf\u00e4llet begr\u00e4nsad. I f\u00f6rsta hand fungerar jag som handledare f\u00f6r pro gradu skribenter och doktorander men jag hoppar \u00e4ven in som g\u00e4stf\u00f6rel\u00e4sare d\u00e5 tid och inspiration finns.<\/p>\n","protected":false},"excerpt":{"rendered":"<p>Jag \u00e4r utn\u00e4mnd till professor vid Mittuniversitetet i Sverige och docent i statskunskap vid \u00c5bo Akademi. Under perioden 2010-2015 arbetar har jag ett akademiforskarprojekt som finansieras av Finlands Akademi. Projektet handlar om medborgarnas attityder gentemot demokratiska processer och g\u00e5r under &hellip; <a href=\"https:\/\/blogs.abo.fi\/asabengtsson\/om\/\">Forts\u00e4tt l\u00e4sa <span class=\"meta-nav\">&rarr;<\/span><\/a><\/p>\n","protected":false},"author":66,"featured_media":0,"parent":0,"menu_order":0,"comment_status":"open","ping_status":"open","template":"","meta":{"footnotes":""},"class_list":["post-2","page","type-page","status-publish","hentry"],"_links":{"self":[{"href":"https:\/\/blogs.abo.fi\/asabengtsson\/wp-json\/wp\/v2\/pages\/2","targetHints":{"allow":["GET"]}}],"collection":[{"href":"https:\/\/blogs.abo.fi\/asabengtsson\/wp-json\/wp\/v2\/pages"}],"about":[{"href":"https:\/\/blogs.abo.fi\/asabengtsson\/wp-json\/wp\/v2\/types\/page"}],"author":[{"embeddable":true,"href":"https:\/\/blogs.abo.fi\/asabengtsson\/wp-json\/wp\/v2\/users\/66"}],"replies":[{"embeddable":true,"href":"https:\/\/blogs.abo.fi\/asabengtsson\/wp-json\/wp\/v2\/comments?post=2"}],"version-history":[{"count":12,"href":"https:\/\/blogs.abo.fi\/asabengtsson\/wp-json\/wp\/v2\/pages\/2\/revisions"}],"predecessor-version":[{"id":127,"href":"https:\/\/blogs.abo.fi\/asabengtsson\/wp-json\/wp\/v2\/pages\/2\/revisions\/127"}],"wp:attachment":[{"href":"https:\/\/blogs.abo.fi\/asabengtsson\/wp-json\/wp\/v2\/media?parent=2"}],"curies":[{"name":"wp","href":"https:\/\/api.w.org\/{rel}","templated":true}]}}