{"id":2,"date":"2011-02-14T07:06:39","date_gmt":"2011-02-14T07:06:39","guid":{"rendered":"http:\/\/blogs.abo.fi\/balm\/?page_id=2"},"modified":"2011-04-11T09:35:32","modified_gmt":"2011-04-11T09:35:32","slug":"om","status":"publish","type":"page","link":"https:\/\/blogs.abo.fi\/benjaminalm\/om\/","title":{"rendered":"Om"},"content":{"rendered":"<p>Det h\u00e4r \u00e4r en blogg skapad f\u00f6r &#8221;Benjamin Alm&#8221;, en fiktiv person (vem \u00e4r inte det?) som ibland st\u00e5r upp f\u00f6r sanning och r\u00e4ttvisa, med t\u00e5rar av stolthet i \u00f6gonvr\u00e5n.<\/p>\n","protected":false},"excerpt":{"rendered":"<p>Det h\u00e4r \u00e4r en blogg skapad f\u00f6r &#8221;Benjamin Alm&#8221;, en fiktiv person (vem \u00e4r inte det?) som ibland st\u00e5r upp f\u00f6r sanning och r\u00e4ttvisa, med t\u00e5rar av stolthet i \u00f6gonvr\u00e5n.<\/p>\n","protected":false},"author":63,"featured_media":0,"parent":0,"menu_order":0,"comment_status":"open","ping_status":"open","template":"","meta":{"footnotes":""},"class_list":["post-2","page","type-page","status-publish","hentry"],"_links":{"self":[{"href":"https:\/\/blogs.abo.fi\/benjaminalm\/wp-json\/wp\/v2\/pages\/2","targetHints":{"allow":["GET"]}}],"collection":[{"href":"https:\/\/blogs.abo.fi\/benjaminalm\/wp-json\/wp\/v2\/pages"}],"about":[{"href":"https:\/\/blogs.abo.fi\/benjaminalm\/wp-json\/wp\/v2\/types\/page"}],"author":[{"embeddable":true,"href":"https:\/\/blogs.abo.fi\/benjaminalm\/wp-json\/wp\/v2\/users\/63"}],"replies":[{"embeddable":true,"href":"https:\/\/blogs.abo.fi\/benjaminalm\/wp-json\/wp\/v2\/comments?post=2"}],"version-history":[{"count":4,"href":"https:\/\/blogs.abo.fi\/benjaminalm\/wp-json\/wp\/v2\/pages\/2\/revisions"}],"predecessor-version":[{"id":7,"href":"https:\/\/blogs.abo.fi\/benjaminalm\/wp-json\/wp\/v2\/pages\/2\/revisions\/7"}],"wp:attachment":[{"href":"https:\/\/blogs.abo.fi\/benjaminalm\/wp-json\/wp\/v2\/media?parent=2"}],"curies":[{"name":"wp","href":"https:\/\/api.w.org\/{rel}","templated":true}]}}