{"id":25,"date":"2024-01-05T12:52:03","date_gmt":"2024-01-05T11:52:03","guid":{"rendered":"https:\/\/blogs.abo.fi\/digitala-horisonter\/?page_id=25"},"modified":"2024-01-05T12:53:25","modified_gmt":"2024-01-05T11:53:25","slug":"om-bloggen","status":"publish","type":"page","link":"https:\/\/blogs.abo.fi\/digitala-horisonter\/om-bloggen\/","title":{"rendered":"Om bloggen"},"content":{"rendered":"<p>Jag har sedan september 2022 arbetetat som direkt\u00f6r f\u00f6r den Digitala Transformationen vid \u00c5A. Min specifika uppgift \u00e4r att ansvara f\u00f6r genomf\u00f6randet av Digivision 2030 vid \u00c5bo Akademi och f\u00f6r vissa digitaliserings\u00e5tg\u00e4rder. F\u00f6re mitt nuvarande direkt\u00f6rskap var jag professor i Datateknik (utn\u00e4mnd 2001). Min erfarenhet av Informationsteknologi (ett begrepp som jag hellre anv\u00e4nder i st\u00e4llet f\u00f6r Datateknik<a href=\"#\">^1<\/a>) str\u00e4cker sig s\u00e5 l\u00e5ngt som till 1983 d\u00e5 jag b\u00f6rjade studera vid TH i Otn\u00e4s, och k\u00f6pte min f\u00f6rsta dator (en ZX Spectrum). Jag har t\u00e4nkt anv\u00e4nda den h\u00e4r bloggen f\u00f6r att presentera mina tankar kring temata relaterade till Digivision, men jag har ocks\u00e5 t\u00e4nkt skriva om andra IT relaterade teman som jag upplever \u00e4r aktuella, som digital transformation, verksamhetsarkitektur, artificiell intelligens, utbildningspolitik och annat jag upplever \u00e4r intressant. Spr\u00e5ket i bloggen kommer prim\u00e4rt att vara svenska (med \u00f6vers\u00e4ttningar till engelska gjorda av Chat-GPT och sen slipade av mig). Texter p\u00e5 engelska med en mera fri focus kommer jag att publicera p\u00e5 min privata blog \u00a0<a href=\"https:\/\/thinkingoutlet.com\">Thinking Outlet<\/a>.<\/p>\r\n<!-- \/wp:post-content -->\r\n\r\n<!-- wp:paragraph \/-->\r\n\r\n<!-- wp:paragraph -->\r\n<p>F\u00f6r dig som \u00e4r intresserad: bilden ovan \u00e4r generad med Dall-E. Tyv\u00e4rr st\u00f6der inte openai \u00e4nnu delning av chattar med bilder. Men n\u00e4r det blir av, delar jag med mig den.<\/p>\r\n<!-- \/wp:paragraph -->\r\n\r\n<!-- wp:heading {\"level\":1} -->\r\n<p>&#8212;<\/p>\r\n<!-- \/wp:heading -->\r\n\r\n<!-- wp:paragraph -->\r\n<p><a href=\"#\">^1<\/a>: Jag skall \u00e5terkomme till den h\u00e4r begreppsproblematiken som vi har inom Informationsteknologi i ett senare inl\u00e4gg.<\/p>\r\n<!-- \/wp:paragraph -->\r\n<p>&nbsp;<\/p>","protected":false},"excerpt":{"rendered":"<p>Jag har sedan september 2022 arbetetat som direkt\u00f6r f\u00f6r den Digitala Transformationen vid \u00c5A. Min specifika uppgift \u00e4r att ansvara f\u00f6r genomf\u00f6randet av Digivision 2030 vid \u00c5bo Akademi och f\u00f6r vissa digitaliserings\u00e5tg\u00e4rder. F\u00f6re mitt nuvarande direkt\u00f6rskap var jag professor i Datateknik (utn\u00e4mnd 2001). Min erfarenhet av Informationsteknologi (ett begrepp som jag hellre anv\u00e4nder i st\u00e4llet [&hellip;]<\/p>\n","protected":false},"author":758,"featured_media":27,"parent":0,"menu_order":0,"comment_status":"closed","ping_status":"closed","template":"","meta":{"footnotes":""},"class_list":["post-25","page","type-page","status-publish","has-post-thumbnail","hentry"],"_links":{"self":[{"href":"https:\/\/blogs.abo.fi\/digitala-horisonter\/wp-json\/wp\/v2\/pages\/25","targetHints":{"allow":["GET"]}}],"collection":[{"href":"https:\/\/blogs.abo.fi\/digitala-horisonter\/wp-json\/wp\/v2\/pages"}],"about":[{"href":"https:\/\/blogs.abo.fi\/digitala-horisonter\/wp-json\/wp\/v2\/types\/page"}],"author":[{"embeddable":true,"href":"https:\/\/blogs.abo.fi\/digitala-horisonter\/wp-json\/wp\/v2\/users\/758"}],"replies":[{"embeddable":true,"href":"https:\/\/blogs.abo.fi\/digitala-horisonter\/wp-json\/wp\/v2\/comments?post=25"}],"version-history":[{"count":2,"href":"https:\/\/blogs.abo.fi\/digitala-horisonter\/wp-json\/wp\/v2\/pages\/25\/revisions"}],"predecessor-version":[{"id":28,"href":"https:\/\/blogs.abo.fi\/digitala-horisonter\/wp-json\/wp\/v2\/pages\/25\/revisions\/28"}],"wp:featuredmedia":[{"embeddable":true,"href":"https:\/\/blogs.abo.fi\/digitala-horisonter\/wp-json\/wp\/v2\/media\/27"}],"wp:attachment":[{"href":"https:\/\/blogs.abo.fi\/digitala-horisonter\/wp-json\/wp\/v2\/media?parent=25"}],"curies":[{"name":"wp","href":"https:\/\/api.w.org\/{rel}","templated":true}]}}