{"id":118,"date":"2013-10-04T09:43:39","date_gmt":"2013-10-04T09:43:39","guid":{"rendered":"http:\/\/blogs.abo.fi\/donnersymposium\/"},"modified":"2014-02-06T11:50:12","modified_gmt":"2014-02-06T11:50:12","slug":"registration","status":"publish","type":"page","link":"https:\/\/blogs.abo.fi\/donnersymposium\/registration\/","title":{"rendered":"Registration"},"content":{"rendered":"<p><!--[if gte mso 9]&gt;  Normal 0   21   false false false  SV-FI JA X-NONE                          &lt;![endif]--><\/p>\n<p><!--[if gte mso 9]&gt;                                                                                                                                            &lt;![endif]--><!--[if gte mso 10]&gt;--><\/p>\n<p class=\"MsoNormal\" style=\"margin-bottom: 10.0pt;line-height: 115%\"><strong><em><span lang=\"EN-GB\">Registration<\/span><\/em><\/strong><\/p>\n<p class=\"MsoNormal\" style=\"margin-bottom: 10.0pt;line-height: 115%\"><span lang=\"EN-GB\">The registration fee for the conference is 200 \u20ac. The fee should be paid by <strong>April 1, 2014.<\/strong><\/span><\/p>\n<p class=\"MsoNormal\" style=\"margin-bottom: 10.0pt;line-height: 115%\"><span lang=\"EN-GB\">Account number: Nordea FI12 2057 1800 0200 55; BIC CODE: NDEAFIHH<\/span><\/p>\n<p class=\"MsoNormal\" style=\"margin-bottom: 10.0pt;line-height: 115%\"><span lang=\"EN-GB\">Name of the account holder: Stiftelsen f\u00f6r \u00c5bo Akademi (Foundation of \u00c5bo Akademi University) <\/span><\/p>\n<p class=\"MsoNormal\" style=\"margin-bottom: 10.0pt;line-height: 115%\"><span lang=\"EN-GB\">The registration fee includes lunches and coffee during the conference as well as\u00a0 an excursion and a reception organised in connection with the conference. Please indicate in your registration whether you wish to participate in the excursion and the banquet. Please also indicate if you have special dietary needs.<\/span><\/p>\n<p class=\"MsoNormal\" style=\"margin-bottom: 10.0pt;line-height: 115%\"><span lang=\"EN-GB\">The registration fee does <strong>not<\/strong> include accommodation.<br \/>\n<\/span><\/p>\n","protected":false},"excerpt":{"rendered":"<p>Registration The registration fee for the conference is 200 \u20ac. The fee should be paid by April 1, 2014. Account number: Nordea FI12 2057 1800 0200 55; BIC CODE: NDEAFIHH Name of the account holder: Stiftelsen f\u00f6r \u00c5bo Akademi (Foundation &hellip; <a href=\"https:\/\/blogs.abo.fi\/donnersymposium\/registration\/\">Continue reading <span class=\"meta-nav\">&rarr;<\/span><\/a><\/p>\n","protected":false},"author":217,"featured_media":0,"parent":0,"menu_order":7,"comment_status":"closed","ping_status":"closed","template":"","meta":{"footnotes":""},"class_list":["post-118","page","type-page","status-publish","hentry"],"_links":{"self":[{"href":"https:\/\/blogs.abo.fi\/donnersymposium\/wp-json\/wp\/v2\/pages\/118","targetHints":{"allow":["GET"]}}],"collection":[{"href":"https:\/\/blogs.abo.fi\/donnersymposium\/wp-json\/wp\/v2\/pages"}],"about":[{"href":"https:\/\/blogs.abo.fi\/donnersymposium\/wp-json\/wp\/v2\/types\/page"}],"author":[{"embeddable":true,"href":"https:\/\/blogs.abo.fi\/donnersymposium\/wp-json\/wp\/v2\/users\/217"}],"replies":[{"embeddable":true,"href":"https:\/\/blogs.abo.fi\/donnersymposium\/wp-json\/wp\/v2\/comments?post=118"}],"version-history":[{"count":12,"href":"https:\/\/blogs.abo.fi\/donnersymposium\/wp-json\/wp\/v2\/pages\/118\/revisions"}],"predecessor-version":[{"id":253,"href":"https:\/\/blogs.abo.fi\/donnersymposium\/wp-json\/wp\/v2\/pages\/118\/revisions\/253"}],"wp:attachment":[{"href":"https:\/\/blogs.abo.fi\/donnersymposium\/wp-json\/wp\/v2\/media?parent=118"}],"curies":[{"name":"wp","href":"https:\/\/api.w.org\/{rel}","templated":true}]}}