{"id":8,"date":"2021-06-14T10:59:26","date_gmt":"2021-06-14T08:59:26","guid":{"rendered":"https:\/\/blogs.abo.fi\/etik-i-en-globaliserad-varld\/?page_id=8"},"modified":"2022-03-15T08:54:18","modified_gmt":"2022-03-15T07:54:18","slug":"kurser","status":"publish","type":"page","link":"https:\/\/blogs.abo.fi\/etik-i-en-globaliserad-varld\/kurser\/","title":{"rendered":"Kurser"},"content":{"rendered":"<ol>\n<li><a href=\"https:\/\/studiehandboken.abo.fi\/sv\/kurs\/EG00CI37\/22130?period=2020-2022\"><span style=\"font-weight: 400\">H\u00e5llbarhet och etik: Teori och praktik<\/span><\/a>\n<ul>\n<li>Kursen lyfter upp etiska och kritiska perspektiv p\u00e5 de h\u00e5llbarhetsm\u00e5l som formuleras i Agenda2030. Vilket slags etik \u00e4r h\u00e5llbar i en globaliserad v\u00e4rld? Hur har f\u00f6rverkligandet av Agenda2030 (inte) lyckats? Vilka framtida alternativ finns det f\u00f6r Agenda2030?<\/li>\n<\/ul>\n<\/li>\n<li><a href=\"https:\/\/studiehandboken.abo.fi\/sv\/kurs\/EG00CI38\/22131?period=2020-2022\">Milj\u00f6, minoriteter och marginalisering<\/a>\n<ul>\n<li>Under kursen diskuteras globala milj\u00f6fr\u00e5gor samt eventuella h\u00e5llbara l\u00f6sningar p\u00e5 dagens milj\u00f6problem. Vad \u00e4r milj\u00f6r\u00e4ttvisa? Hur inverkar marginaliseringen av minoritetsperspektiv p\u00e5 hur vi uppfattar sambanden mellan m\u00e4nniska och milj\u00f6?<\/li>\n<\/ul>\n<\/li>\n<li><a href=\"https:\/\/studiehandboken.abo.fi\/sv\/kurs\/EG00CI39\/22132?period=2020-2022\">Utopi och realism: Samh\u00e4llelig r\u00e4ttvisa lokalt och globalt<\/a>\n<ul>\n<li>Kursens m\u00e5l \u00e4r att unders\u00f6ka och definiera de politiska och ekonomiska f\u00f6ruts\u00e4ttningarna f\u00f6r ett h\u00e5llbart samh\u00e4lle lokalt och globalt. Hur kan politiskt samarbete motiveras samh\u00e4llsfilosofiskt? Vad \u00e4r utopi och realism i olika samh\u00e4llsvetenskapliga och sk\u00f6nlitter\u00e4ra perspektiv p\u00e5 sociala gemenskaper?<\/li>\n<\/ul>\n<\/li>\n<li><a href=\"https:\/\/studiehandboken.abo.fi\/sv\/kurs\/EG00CI40\/22133?period=2020-2022\">Truth, Power and Justice<\/a>\n<ul>\n<li>The main goal of the course is to understand the roles of academic research, media and economic and political power structures in assessing different knowledge claims. What are sustainable research practices in studying global injustices? What is the role of trust and dialogue in creating participatory civil societies?<\/li>\n<\/ul>\n<\/li>\n<li><a href=\"https:\/\/studiehandboken.abo.fi\/sv\/kurs\/EG00CI41\/22134?period=2020-2022\">Ethical and Globally Sustainable Leadership<\/a>\n<ul>\n<li>In the course we analyse\u00a0 the characteristics of a good and sustainable leadership in the context of Agenda2030. The purpose of the course is also to develop project leadership abilities for sustainable change towards the goals of Agenda2030.<\/li>\n<\/ul>\n<\/li>\n<\/ol>\n","protected":false},"excerpt":{"rendered":"<p>H\u00e5llbarhet och etik: Teori och praktik Kursen lyfter upp etiska och kritiska perspektiv p\u00e5 de h\u00e5llbarhetsm\u00e5l som formuleras i Agenda2030. Vilket slags etik \u00e4r h\u00e5llbar i en globaliserad v\u00e4rld? Hur har f\u00f6rverkligandet av Agenda2030 (inte) lyckats? Vilka framtida alternativ finns det f\u00f6r Agenda2030? Milj\u00f6, minoriteter och marginalisering Under kursen diskuteras globala milj\u00f6fr\u00e5gor samt eventuella h\u00e5llbara [&hellip;]<\/p>\n","protected":false},"author":709,"featured_media":0,"parent":0,"menu_order":0,"comment_status":"closed","ping_status":"closed","template":"","meta":{"footnotes":""},"class_list":["post-8","page","type-page","status-publish","hentry"],"_links":{"self":[{"href":"https:\/\/blogs.abo.fi\/etik-i-en-globaliserad-varld\/wp-json\/wp\/v2\/pages\/8","targetHints":{"allow":["GET"]}}],"collection":[{"href":"https:\/\/blogs.abo.fi\/etik-i-en-globaliserad-varld\/wp-json\/wp\/v2\/pages"}],"about":[{"href":"https:\/\/blogs.abo.fi\/etik-i-en-globaliserad-varld\/wp-json\/wp\/v2\/types\/page"}],"author":[{"embeddable":true,"href":"https:\/\/blogs.abo.fi\/etik-i-en-globaliserad-varld\/wp-json\/wp\/v2\/users\/709"}],"replies":[{"embeddable":true,"href":"https:\/\/blogs.abo.fi\/etik-i-en-globaliserad-varld\/wp-json\/wp\/v2\/comments?post=8"}],"version-history":[{"count":15,"href":"https:\/\/blogs.abo.fi\/etik-i-en-globaliserad-varld\/wp-json\/wp\/v2\/pages\/8\/revisions"}],"predecessor-version":[{"id":162,"href":"https:\/\/blogs.abo.fi\/etik-i-en-globaliserad-varld\/wp-json\/wp\/v2\/pages\/8\/revisions\/162"}],"wp:attachment":[{"href":"https:\/\/blogs.abo.fi\/etik-i-en-globaliserad-varld\/wp-json\/wp\/v2\/media?parent=8"}],"curies":[{"name":"wp","href":"https:\/\/api.w.org\/{rel}","templated":true}]}}