{"id":224,"date":"2018-09-14T09:00:15","date_gmt":"2018-09-14T06:00:15","guid":{"rendered":"https:\/\/blogs.abo.fi\/etnologi\/?page_id=224"},"modified":"2023-12-20T13:36:46","modified_gmt":"2023-12-20T11:36:46","slug":"om-oss","status":"publish","type":"page","link":"https:\/\/blogs.abo.fi\/etnologi\/om-oss\/","title":{"rendered":"Bakom bloggen"},"content":{"rendered":"<p>Detta \u00e4r en blogg med fokus p\u00e5 kulturella fenomen i d\u00e5tid och nutid, h\u00e4r och d\u00e4r. Den drivs av Klustret f\u00f6r kulturvetenskap vid\u00a0<a href=\"https:\/\/www.abo.fi\">\u00c5bo Akademi<\/a>, det svenskspr\u00e5kiga universitetet i Finland. H\u00e4r publiceras texter av s\u00e5v\u00e4l professorer, lektorer, forskare som studenter inom \u00e4mnena kulturanalys, etnologi och folkloristik.<\/p>\n<p>Vill du veta mer om oss hittar du oss h\u00e4r:<\/p>\n<p><a href=\"https:\/\/www.abo.fi\/amnen\/kulturanalys-med-inriktning-etnologi-och-folkloristik\/\">Kulturanalys vid \u00c5bo Akademi<\/a><br \/>\n<a href=\"https:\/\/www.abo.fi\/amnen\/nordisk-etnologi\/\">Nordisk etnologi vid \u00c5bo Akademi<\/a><br \/>\n<a href=\"https:\/\/www.abo.fi\/amnen\/nordisk-folkloristik\/\">Nordisk folkloristik vid \u00c5bo Akademi<\/a><\/p>\n<p>Vill du n\u00e5 n\u00e5gon av skribenterna eller veta mer om n\u00e5got som presenterats p\u00e5 bloggen ta kontakt med Blanka Henriksson: <a href=\"mailto:blhenrik@abo.fi\">blhenrik(a)bo.fi<\/a><\/p>\n","protected":false},"excerpt":{"rendered":"<p>Detta \u00e4r en blogg med fokus p\u00e5 kulturella fenomen i d\u00e5tid och nutid, h\u00e4r och d\u00e4r. Den drivs av Klustret f\u00f6r kulturvetenskap vid\u00a0\u00c5bo Akademi, det svenskspr\u00e5kiga universitetet i Finland. H\u00e4r publiceras texter av s\u00e5v\u00e4l professorer, lektorer, forskare som studenter inom &hellip; <a href=\"https:\/\/blogs.abo.fi\/etnologi\/om-oss\/\">Forts\u00e4tt l\u00e4sa <span class=\"meta-nav\">&rarr;<\/span><\/a><\/p>\n","protected":false},"author":550,"featured_media":0,"parent":0,"menu_order":0,"comment_status":"closed","ping_status":"closed","template":"","meta":{"footnotes":""},"class_list":["post-224","page","type-page","status-publish","hentry"],"_links":{"self":[{"href":"https:\/\/blogs.abo.fi\/etnologi\/wp-json\/wp\/v2\/pages\/224","targetHints":{"allow":["GET"]}}],"collection":[{"href":"https:\/\/blogs.abo.fi\/etnologi\/wp-json\/wp\/v2\/pages"}],"about":[{"href":"https:\/\/blogs.abo.fi\/etnologi\/wp-json\/wp\/v2\/types\/page"}],"author":[{"embeddable":true,"href":"https:\/\/blogs.abo.fi\/etnologi\/wp-json\/wp\/v2\/users\/550"}],"replies":[{"embeddable":true,"href":"https:\/\/blogs.abo.fi\/etnologi\/wp-json\/wp\/v2\/comments?post=224"}],"version-history":[{"count":7,"href":"https:\/\/blogs.abo.fi\/etnologi\/wp-json\/wp\/v2\/pages\/224\/revisions"}],"predecessor-version":[{"id":1571,"href":"https:\/\/blogs.abo.fi\/etnologi\/wp-json\/wp\/v2\/pages\/224\/revisions\/1571"}],"wp:attachment":[{"href":"https:\/\/blogs.abo.fi\/etnologi\/wp-json\/wp\/v2\/media?parent=224"}],"curies":[{"name":"wp","href":"https:\/\/api.w.org\/{rel}","templated":true}]}}