{"id":2,"date":"2018-08-28T09:28:15","date_gmt":"2018-08-28T07:28:15","guid":{"rendered":"https:\/\/blogs.abo.fi\/filosofi\/?page_id=2"},"modified":"2019-02-14T13:36:14","modified_gmt":"2019-02-14T11:36:14","slug":"amnesinformation","status":"publish","type":"page","link":"https:\/\/blogs.abo.fi\/filosofi\/amnesinformation\/","title":{"rendered":"Om \u00e4mnet"},"content":{"rendered":"<p>Filosofin vid \u00c5bo Akademi \u00e4r ett \u00e4mne med m\u00e5nga unga forskare och forskarstuderande. Undervisningen inneh\u00e5ller en hel del diskussion och mycket skrivande i samr\u00e5d med l\u00e4rarna. Enheten har goda internationella kontakter och m\u00e5nga \u00e5ker utomlands ett \u00e5r under sin studietid.<\/p>\n<p>Ingen uppdelning g\u00f6rs mellan teoretisk och praktisk filosofi. En stor del av undervisningen behandlar i sj\u00e4lva verket fr\u00e5gor d\u00e4r b\u00e5de teoretiska och v\u00e4rderande element ing\u00e5r. Inom filosofin kan man f\u00f6rdjupa sig i problem som uppst\u00e5r kring specialvetenskaper (t ex psykologi, historia, religion, litteratur, antropologi, matematik), men ocks\u00e5 i fr\u00e5gor kring samh\u00e4lle, moral, medvetande, logik, k\u00e4nslor, spr\u00e5k och vetande.<br \/>\n<a href=\"https:\/\/www.abo.fi\/amnen\/filosofi\/\">Mer om \u00e4mnet hittas h\u00e4r.<\/a><\/p>\n<h3>Forskning<\/h3>\n<h3>Wittgensteins filosofi<\/h3>\n<p>Enheten \u00e4r k\u00e4nd som ett centrum f\u00f6r studier i Wittgensteins filosofi. Flera forskare och l\u00e4rare \u00e4r delaktiga i <a href=\"http:\/\/www.nordicwittgensteinsociety.org\">Nordiska Wittgensteins\u00e4llskapet<\/a> och har varit v\u00e4rdar f\u00f6r flera av s\u00e4llskapets \u00e5rliga konferenser. S\u00e4llskapet ger ut tidskriften <a href=\"https:\/\/www.nordicwittgensteinreview.com\/\">Nordic Wittgenstein Review.<\/a><\/p>\n<h3>Studiet av m\u00e4nniskan<\/h3>\n<p>M\u00e5nga av enhetens forskare \u00e4r engagerade i fr\u00e5gor som i vid mening ber\u00f6r human- och samh\u00e4llsvetenskapernas filosofi. Dessa v\u00e4ver samman tematiska omr\u00e5den som spr\u00e5kfilosofi, handlingsfilosofi, filosofisk antropologi, historiefilosofi, vetenskapsfilosofi,\u00a0 samh\u00e4llsfilosofi, moralfilosofi, religionsfilosofi, samt k\u00e4nslornas filosofi.<\/p>\n<h3>Filosofi och samh\u00e4lle<\/h3>\n<p>Vetenskapstidskriften <a href=\"http:\/\/www.tidskriftenikaros.fi\/about\/\">Ikaros &#8211; Om m\u00e4nniskan och vetenskapen<\/a> \u00e4r knuten till \u00e4mnet. Vid \u00e4mnet sitter \u00e4ven redakt\u00f6ren f\u00f6r den svenskspr\u00e5kiga avdelningen av filosofiportalen\u00a0 <a href=\"http:\/\/www.filosofia.fi\">Filosofia.fi\u00a0<\/a> \u00c4mnets forskare och l\u00e4rare deltar \u00e4ven med j\u00e4mna mellanrum i <a href=\"https:\/\/fbf.fi\/filosoficafe\/\">Filosoficaf\u00e9et<\/a> ordnat av Folkets bildningsf\u00f6rbund.<\/p>\n<p><a href=\"https:\/\/www.abo.fi\/forskning-filosofi\/\">L\u00e4s mer om \u00e4mnets forskare h\u00e4r.<\/a><\/p>\n<p>&nbsp;<\/p>\n<p>&nbsp;<\/p>\n","protected":false},"excerpt":{"rendered":"<p>Filosofin vid \u00c5bo Akademi \u00e4r ett \u00e4mne med m\u00e5nga unga forskare och forskarstuderande. Undervisningen inneh\u00e5ller en hel del diskussion och mycket skrivande i samr\u00e5d med l\u00e4rarna. Enheten har goda internationella kontakter och m\u00e5nga \u00e5ker utomlands ett \u00e5r under sin studietid. Ingen uppdelning g\u00f6rs mellan teoretisk och praktisk filosofi. En stor del av undervisningen behandlar i [&hellip;]<\/p>\n","protected":false},"author":512,"featured_media":31,"parent":0,"menu_order":0,"comment_status":"closed","ping_status":"open","template":"","meta":{"footnotes":""},"class_list":["post-2","page","type-page","status-publish","has-post-thumbnail","hentry"],"_links":{"self":[{"href":"https:\/\/blogs.abo.fi\/filosofi\/wp-json\/wp\/v2\/pages\/2","targetHints":{"allow":["GET"]}}],"collection":[{"href":"https:\/\/blogs.abo.fi\/filosofi\/wp-json\/wp\/v2\/pages"}],"about":[{"href":"https:\/\/blogs.abo.fi\/filosofi\/wp-json\/wp\/v2\/types\/page"}],"author":[{"embeddable":true,"href":"https:\/\/blogs.abo.fi\/filosofi\/wp-json\/wp\/v2\/users\/512"}],"replies":[{"embeddable":true,"href":"https:\/\/blogs.abo.fi\/filosofi\/wp-json\/wp\/v2\/comments?post=2"}],"version-history":[{"count":9,"href":"https:\/\/blogs.abo.fi\/filosofi\/wp-json\/wp\/v2\/pages\/2\/revisions"}],"predecessor-version":[{"id":242,"href":"https:\/\/blogs.abo.fi\/filosofi\/wp-json\/wp\/v2\/pages\/2\/revisions\/242"}],"wp:featuredmedia":[{"embeddable":true,"href":"https:\/\/blogs.abo.fi\/filosofi\/wp-json\/wp\/v2\/media\/31"}],"wp:attachment":[{"href":"https:\/\/blogs.abo.fi\/filosofi\/wp-json\/wp\/v2\/media?parent=2"}],"curies":[{"name":"wp","href":"https:\/\/api.w.org\/{rel}","templated":true}]}}