{"id":397,"date":"2019-11-01T13:03:04","date_gmt":"2019-11-01T11:03:04","guid":{"rendered":"https:\/\/blogs.abo.fi\/filosofi\/?page_id=397"},"modified":"2019-11-01T13:32:03","modified_gmt":"2019-11-01T11:32:03","slug":"2011-2015","status":"publish","type":"page","link":"https:\/\/blogs.abo.fi\/filosofi\/tidigare-forskarseminarium\/2011-2015\/","title":{"rendered":"2011-2015"},"content":{"rendered":"<h2>Program f\u00f6r forskarseminariet i filosofi h\u00f6stterminen 2015<\/h2>\n<p>H\u00e5lls i aud. Westermarck, m\u00e5ndagar kl 18.15-20.00<\/p>\n<p>7.9 Martin Gustafsson (\u00c5A): <a href=\"http:\/\/web.abo.fi\/fak\/hf\/filosofi\/fsemi\/papers\/070915Gustafsson.pdf\">Lidande och h\u00e4lsa \u2013 reflektioner kring n\u00e5gra passager fr\u00e5n Canguilhem<\/a><\/p>\n<p>14.9 Kim Solin (Helsingfors): Rush Rhees och Wittgenstein om matematikens filosofi<\/p>\n<p>21.9 Hugo Strandberg (\u00c5A): <a href=\"http:\/\/web.abo.fi\/fak\/hf\/filosofi\/fsemi\/papers\/150921.pdf\">\u00c4r det en dygd att f\u00f6rl\u00e5ta?<\/a><\/p>\n<p>28.9 Anders \u00d6berg (Uppsala): <a href=\"http:\/\/web.abo.fi\/fak\/hf\/filosofi\/fsemi\/papers\/280915Oberg.pdf\">Putnam&#8217;s Pragmatism<\/a><\/p>\n<p>5.10 Carl Henrik Ehrenkrona (Mariehamn): <a href=\"http:\/\/web.abo.fi\/fak\/hf\/filosofi\/fsemi\/papers\/051015Ehrenkrona.pdf\">Blir du uppm\u00e4rksam lille v\u00e4n? Om begreppet uppm\u00e4rksamhet och uppm\u00e4rksamhetsfostran<\/a><\/p>\n<p>12.10 Hans Ruin (S\u00f6dert\u00f6rn): <a href=\"http:\/\/web.abo.fi\/fak\/hf\/filosofi\/fsemi\/papers\/121015Ruin.pdf\">Ancestralitet och kulten av de d\u00f6da: om historiens sociala ontologi<\/a><\/p>\n<p>19.10 Alexander \u00d6hman (\u00c5A): <a href=\"http:\/\/web.abo.fi\/fak\/hf\/filosofi\/fsemi\/papers\/191015Ohman.pdf\">Heidegger och historiens \u00f6de<\/a><\/p>\n<p>26.10 Olli Lagerspetz (\u00c5A): <a href=\"http:\/\/web.abo.fi\/fak\/hf\/filosofi\/fsemi\/papers\/151026.pdf\">How on earth are ordinary objects with ordinary qualities possible?<\/a><\/p>\n<p>2.11 Yrsa Neuman (\u00c5A): <a href=\"http:\/\/web.abo.fi\/fak\/hf\/filosofi\/fsemi\/papers\/151102.pdf\">Ordinary language philosophy and the language police charge<\/a><\/p>\n<p>9.11 Camilla Kronqvist (\u00c5A): <a href=\"http:\/\/web.abo.fi\/fak\/hf\/filosofi\/fsemi\/papers\/151109.pdf\">Can there be such a thing as a theory of emotion?<\/a><\/p>\n<p>16.11 Natan Elgabsi (\u00c5A): <a href=\"http:\/\/web.abo.fi\/fak\/hf\/filosofi\/fsemi\/papers\/151116.pdf\">Is there a problem of writing in historiography?<\/a><\/p>\n<p>23.11 Jayne Svenungsson (Lund): <a href=\"http:\/\/web.abo.fi\/fak\/hf\/filosofi\/fsemi\/papers\/151123.pdf\">Den f\u00f6rl\u00f6sande tiden: Messianska motiv i Agambens politiska filosofi<\/a><\/p>\n<p>30.11 Stefan Giesewetter (Potsdam): <a href=\"http:\/\/web.abo.fi\/fak\/hf\/filosofi\/fsemi\/papers\/151130.pdf\">PI 117: A Problem for Therapeutic Readings of Later Wittgenstein?<\/a><\/p>\n<p>7.12 Gilbert Ryle (Magdalen College): <a href=\"http:\/\/web.abo.fi\/fak\/hf\/filosofi\/fsemi\/papers\/071215Ryle.pdf\">Ordinary Language<\/a><\/p>\n<p>14.12 Stina B\u00e4ckstr\u00f6m (\u00c5A): <a href=\"http:\/\/web.abo.fi\/fak\/hf\/filosofi\/fsemi\/papers\/141215Backstrom.pdf\">What is it to depsychologize psychology?<\/a><\/p>\n<h2>Program f\u00f6r forskarseminariet i filosofi v\u00e5rterminen 2015<\/h2>\n<p>M\u00e5ndagar kl. 18.15-19.45, Aud. Westermarck (C101), Arken<\/p>\n<p>8.1 William Rothman (University of Miami): Emerson, Hitchcock, Film<\/p>\n<p>19.1 \u00c5sa Slotte (\u00c5A): Presentation av intervjuer om aneroxi<\/p>\n<p>26.1 Lilli Alanen (Uppsala Universitet): <a href=\"http:\/\/web.abo.fi\/fak\/hf\/filosofi\/fsemi\/papers\/260115Alanen.pdf\">Personal Identity, Passions and &#8217;The True Idea of the Human Mind&#8217;<br \/>\n<\/a><\/p>\n<p>2.2 Nikolai Enckell (\u00c5A): <a href=\"http:\/\/web.abo.fi\/fak\/hf\/filosofi\/fsemi\/papers\/020215Enckell.pdf\">T\u00e4vlingens anatomi<br \/>\n<\/a><\/p>\n<p>9.2 Olli Lagerspetz (\u00c5A): <a href=\"http:\/\/web.abo.fi\/fak\/hf\/filosofi\/fsemi\/papers\/090215Lagerspetz.pdf\">Westermarck, the comparative method and the question of context<\/a><\/p>\n<p>16.2 Natan Elgabsi (\u00c5A): <a href=\"http:\/\/web.abo.fi\/fak\/hf\/filosofi\/fsemi\/papers\/150216.pdf\">The Historical and the Un-Historical<\/a><\/p>\n<p>2.3 Tage Kurt\u00e9n (\u00c5A): <a href=\"http:\/\/web.abo.fi\/fak\/hf\/filosofi\/fsemi\/papers\/150302.pdf\">Luther, Wittgenstein and Political Theology<\/a><\/p>\n<p>9.3 Tove \u00d6sterman (Uppsala Universitet): <a href=\"http:\/\/web.abo.fi\/fak\/hf\/filosofi\/fsemi\/papers\/090315%C3%96sterman.pdf\">Dewey och flumskolan<br \/>\n<\/a><\/p>\n<p>16.3 Anders Milton (\u00c5A\/H\u00f6gskolan i Sk\u00f6vde): <a href=\"http:\/\/web.abo.fi\/fak\/hf\/filosofi\/fsemi\/papers\/160315Milton.pdf\">Om reviderbarhet och det som st\u00e5r fast<br \/>\n<\/a><\/p>\n<p>23.3 Sami Pihlstr\u00f6m (Helsingfors Universitet): <a href=\"http:\/\/web.abo.fi\/fak\/hf\/filosofi\/fsemi\/papers\/230315Pihlstr%C3%B6m.pdf\">Varieties of Kantian Anti-Theodicism<\/a><\/p>\n<p>30.3 Jonas Ahlskog (\u00c5A): <a href=\"http:\/\/web.abo.fi\/fak\/hf\/filosofi\/fsemi\/papers\/150330.pdf\">The Crisis of Testimony<\/a><\/p>\n<p>13.4 Leena Pylkk\u00f6 (\u00c5A): <a href=\"http:\/\/web.abo.fi\/fak\/hf\/filosofi\/fsemi\/papers\/130415Pylkk%C3%B6.pdf\">Jean-Paul Sartre on Mental Imagery<\/a><\/p>\n<p>20.4\u00a0Naoko Saito (Kyoto University \/ Helsinki Collegium for Advanced Studies): Stanley Cavell and the cultivation of political emotions<\/p>\n<p>27.4 Hannes Nyk\u00e4nen (Helsingfors Universitet): <a href=\"http:\/\/web.abo.fi\/fak\/hf\/filosofi\/fsemi\/papers\/270415Nyk%C3%A4nen.pdf\">The Ethics of the Later Wittgenstein: an Adieu to Kantian Metaphysics<\/a><\/p>\n<p>4.5 Anne-Marie S\u00f6ndergaard Christensen (Syddansk Universitet): <a href=\"http:\/\/web.abo.fi\/fak\/hf\/filosofi\/fsemi\/papers\/040515Christensen.pdf\">The Philosopher and the Reader: Wittgenstein and Kierkegaard on Love and Philosophical Method<\/a><\/p>\n<p>11.5 Ylva Gustafsson (\u00c5A): TBA<\/p>\n<p>18.5 Alpo Penttinen (\u00c5A): <a href=\"http:\/\/web.abo.fi\/fak\/hf\/filosofi\/fsemi\/papers\/150518.pdf\">Vi och verkligheten<\/a><\/p>\n<p>25.5 Toril Moi (Duke University): <a href=\"http:\/\/web.abo.fi\/fak\/hf\/filosofi\/fsemi\/papers\/250515Moi.pdf\">&#8221;Nothing is Hidden&#8221;: From Confusion to Clarity, or Wittgenstein on Critique<br \/>\n<\/a><\/p>\n<p>8.6 &#8211; 9.6 Konferens: Ryle: Intelligence, Practice, Skill. Julia Tanney, Rowland Stout, Michael Kremer, Will Small, m.fl.<\/p>\n<h2>Program f\u00f6r forskarseminariet i filosofi h\u00f6stterminen 2014<\/h2>\n<p>M\u00e5ndagar kl. 18.15-19.45, Aud. Westermarck (C101), Arken<\/p>\n<p>1.9 Martin Gustafsson (\u00c5A): <a href=\"http:\/\/web.abo.fi\/fak\/hf\/filosofi\/fsemi\/papers\/010914Gustafsson.pdf\">Notes on Life and Human Nature<\/a>.<\/p>\n<p>8.9 Olli Lagerspetz (\u00c5A): <a href=\"http:\/\/web.abo.fi\/fak\/hf\/filosofi\/fsemi\/papers\/080914Lagerspetz.pdf\">Trust, Ethics and Human Reason: Introduction<br \/>\n<\/a><\/p>\n<p>15.9 Antony Fredriksson (\u00c5A): <a href=\"http:\/\/web.abo.fi\/fak\/hf\/filosofi\/fsemi\/papers\/150914Fredriksson.pdf\">The Art of Attention<br \/>\n<\/a><\/p>\n<p>22.9 David Cockburn (University of Wales): <a href=\"http:\/\/web.abo.fi\/fak\/hf\/filosofi\/fsemi\/papers\/220914Cockburn.pdf\">The Personal and First-Personal in Moral Reasoning<\/a><\/p>\n<p>29.9 Hugo Strandberg (\u00c5A): <a href=\"http:\/\/web.abo.fi\/fak\/hf\/filosofi\/fsemi\/papers\/290914.pdf\">Is pure evil possible?<\/a><\/p>\n<p>6.10 Lars Hertzberg (\u00c5A):\u00a0 <a href=\"http:\/\/web.abo.fi\/fak\/hf\/filosofi\/fsemi\/papers\/061014Hertzberg.pdf\">En ny moral?<\/a><\/p>\n<p>13.10 Miranda Fricker (University of Sheffield): <a href=\"http:\/\/web.abo.fi\/fak\/hf\/filosofi\/fsemi\/papers\/141013.pdf\">Fault and No-fault Responsibility for Implicit Prejudice: The Space of Epistemic Agent-Regret<\/a><\/p>\n<p>20.10 Tero Tulenheimo (l&#8217;Universit\u00e9 Lille 3): <a href=\"http:\/\/web.abo.fi\/fak\/hf\/filosofi\/fsemi\/papers\/201014Tulenheimo.pdf\">What Is a Mode of Individuation?<\/a><\/p>\n<p>27.10 Patrick Sibelius (\u00c5A): <a href=\"http:\/\/web.abo.fi\/fak\/hf\/filosofi\/fsemi\/papers\/271014Sibelius.pdf\">Meditations on Second Philosophy<\/a><\/p>\n<p>3.11 Jonas Ahlskog (\u00c5A): <a href=\"http:\/\/web.abo.fi\/fak\/hf\/filosofi\/fsemi\/papers\/141103.pdf\">R. G. Collingwood&#8217;s Concept of Testimony<\/a><\/p>\n<p>10.11 Markus Kortesm\u00e4ki (\u00c5A): <a href=\"http:\/\/web.abo.fi\/fak\/hf\/filosofi\/fsemi\/papers\/141110.pdf\">Overtures to Normativity<\/a><\/p>\n<p>17.11 Olli Lagerspetz (\u00c5A): <a href=\"http:\/\/web.abo.fi\/fak\/hf\/filosofi\/fsemi\/papers\/141117.pdf\">Basic Trust<\/a><\/p>\n<p>24.11 Diskussion av Kieran Setiyas uppsats, <a href=\"http:\/\/www.ksetiya.net\/uploads\/2\/4\/5\/2\/24528408\/love.pdf\">Love and the Value of a Life<\/a>. Martin Gustafsson inleder.<\/p>\n<p>1.12 Camilla Kronqvist (\u00c5A): <a href=\"http:\/\/web.abo.fi\/fak\/hf\/filosofi\/fsemi\/papers\/141201.pdf\">Every child has a father and a mother<\/a><\/p>\n<p>15.12 Presentation av FA-projektet &#8221;Vardagsspr\u00e5kets filosofiska betydelse: Austin, Ryle, Wittgenstein&#8221;.<\/p>\n<h2>Program f\u00f6r forskarseminariet i filosofi v\u00e5rterminen 2014<\/h2>\n<p>M\u00e5ndagar kl. 18.15-19.45, Aud. Westermarck (C101), Arken<\/p>\n<p>27.1 Olli Lagerspetz (\u00c5A): <a href=\"http:\/\/web.abo.fi\/fak\/hf\/filosofi\/fsemi\/papers\/140127.pdf\">Trust: Vulnerability and the Role of Perspective<\/a><\/p>\n<p>3.2 Martin Gustafsson (\u00c5A): <a href=\"http:\/\/web.abo.fi\/fak\/hf\/filosofi\/fsemi\/papers\/030214Gustafsson.pdf\">Two Ways of Taking a Break<br \/>\n<\/a><\/p>\n<p>10.2 Matti Eklund (Uppsala): <a href=\"http:\/\/web.abo.fi\/fak\/hf\/filosofi\/fsemi\/papers\/100214Eklund.pdf\">Alternative Normative Concepts<\/a><\/p>\n<p>17.2 Fred Andersson (\u00c5A): <a href=\"http:\/\/web.abo.fi\/fak\/hf\/filosofi\/fsemi\/papers\/170214Andersson.pdf\">Konsten och dess v\u00e4rdesutbyte &#8211; en tom och parasit\u00e4r form?<\/a><\/p>\n<p>3.3 Niklas Forsberg (Uppsala): <a href=\"http:\/\/web.abo.fi\/fak\/hf\/filosofi\/fsemi\/papers\/140303.pdf\">Where&#8217;s the Disagreement? Austin vs. Ayer Revisited<\/a><\/p>\n<p>10.3 Mari Lindman (\u00c5A): <a href=\"http:\/\/web.abo.fi\/fak\/hf\/filosofi\/fsemi\/papers\/140310.pdf\">On &#8221;vocation&#8221;<\/a><\/p>\n<p>17.3 Lars Hertzberg (\u00c5A): <a href=\"http:\/\/languageisthingswedo.blogspot.fi\/2014\/01\/morality-and-impersonal.html\">Morality and the (im)personal<\/a> + <a href=\"http:\/\/languageisthingswedo.blogspot.fi\/2014\/02\/morality-grounded-in-grammar.html\">Morality grounded in grammar?<\/a><\/p>\n<p>24.3 Camilla Kronqvist (\u00c5A): <a href=\"http:\/\/web.abo.fi\/fak\/hf\/filosofi\/fsemi\/papers\/140324.pdf\">How Ordinary is the Language of Love?<\/a><\/p>\n<p>31.3 John Kronberg (\u00c5A): <a href=\"http:\/\/web.abo.fi\/fak\/hf\/filosofi\/fsemi\/papers\/310314Kronberg.pdf\">Anv\u00e4ndbarhet och informationswebbsidor: Case filosofia.fi<\/a><\/p>\n<p>7.4 Jonas Ahlskog (\u00c5A): <a href=\"http:\/\/web.abo.fi\/fak\/hf\/filosofi\/fsemi\/papers\/140407.pdf\">The Presence of the Past in the Here and Now<\/a><\/p>\n<p>14.4 Raffaele Durante (Turin): <a href=\"http:\/\/web.abo.fi\/fak\/hf\/filosofi\/fsemi\/papers\/140414.pdf\">Critical notes on Charles Travis&#8217;s occasionalism<\/a><\/p>\n<p>28.4 Simon Glendinning (London School of Economics): Wittgenstein and Heidegger and the &#8217;Face&#8217; of Life in Our Time<\/p>\n<p>5.5 Olli Lagerspetz (\u00c5A): <a href=\"http:\/\/web.abo.fi\/fak\/hf\/filosofi\/fsemi\/papers\/140505.pdf\">Communication, Truthfulness, Trust<\/a><\/p>\n<p>Tis 13.5 kl 13.15-14.15 Avner Baz (Tufts): <a href=\"http:\/\/web.abo.fi\/fak\/hf\/filosofi\/fsemi\/papers\/130514Baz.pdf\">The Sound of Bedrock: Lines of Grammar between Kant, Wittgenstein, and Cavell<br \/>\n<\/a><\/p>\n<p>19.5 Martina Reuter (Jyv\u00e4skyl\u00e4): <a href=\"http:\/\/web.abo.fi\/fak\/hf\/filosofi\/fsemi\/papers\/190514Reuter.pdf\">Arendt and Rawls on the Justification of Civil Disobedience<\/a><\/p>\n<p>26.5 Constantine Sandis (Oxford Brookes University): <a href=\"http:\/\/web.abo.fi\/fak\/hf\/filosofi\/fsemi\/papers\/260514Sandis.pdf\">If a Lion Could Speak: Wittgenstein on Understanding Other Beings<\/a><\/p>\n<h2>Program f\u00f6r forskarseminariet i filosofi v\u00e5rterminen 2012<\/h2>\n<p>M\u00e5ndagar kl. 18.15-19.45, Aud. Westermarck (C101), Arken<\/p>\n<p>16.1 Barbro Nordling (\u00c5A): &#8221;Animals and Moral Change&#8221;. F\u00f6rhandstext: <a href=\"https:\/\/oldwww.abo.fi\/media\/6840\/160112forskisbn.pdf\">160112forskisbn.pdf [pdf] 232k<\/a><\/p>\n<p>23.1 \u00c5sa Slotte (\u00c5A): &#8221;Existentiella och moraliska perspektiv p\u00e5 diagnoser&#8221; <a href=\"https:\/\/oldwww.abo.fi\/media\/6840\/171011slotte.pdf\">F\u00f6rhandstext<\/a><\/p>\n<p>6.2 G\u00f6ran Torrkulla (\u00c5A): &#8221;Att bevara ett f\u00f6rtroende&#8221;. F\u00f6rhandstext: <a href=\"https:\/\/oldwww.abo.fi\/media\/6840\/20120206.pdf\">20120206.pdf [pdf] 358k<\/a><\/p>\n<p>13.2 Ylva Gustafsson (\u00c5A): &#8221;Three Perspectives on Altruism&#8221;. F\u00f6rhandstext: <a href=\"https:\/\/oldwww.abo.fi\/media\/6840\/13feb2012.pdf\">13 feb 2012.pdf [pdf] 168k<\/a><\/p>\n<p>20.2 Hannes Nyk\u00e4nen: &#8221;Repression and formal meaning&#8221;. F\u00f6rhandstext: <a href=\"https:\/\/oldwww.abo.fi\/media\/6840\/repressionandformalmeaning5_12_2011.pdf\">Repression and formal meaning 5_12_2011.pdf [pdf] 142k<\/a><\/p>\n<p>27.2 Iris Wikstr\u00f6m: &#8221;Om sj\u00e4lens od\u00f6dlighet enligt Marsilio Ficino och Nicolaus Cusanus&#8221;. F\u00f6rhandstext: <a href=\"https:\/\/oldwww.abo.fi\/media\/6840\/ficinosv.pdf\">Ficino sv.pdf [pdf] 375k<\/a><\/p>\n<p>5.3 Kim Berts (\u00c5A): &#8221;The Concept of Proof&#8221;. F\u00f6rhandstext: <a href=\"https:\/\/oldwww.abo.fi\/media\/6840\/berts20120305.pdf\">berts20120305.pdf [pdf] 264k<\/a><\/p>\n<p>19.3 Jonna Lappalainen (S\u00f6dert\u00f6rn) (Obs! Klockan 14-16): &#8221;Den enskildes frihet i retrospekt&#8221;. F\u00f6rhandstext: <a href=\"https:\/\/oldwww.abo.fi\/media\/6840\/lappalainen.pdf\">lappalainen.pdf [pdf] 263k<\/a><\/p>\n<p>26.3 Christoffer Gefwert: &#8221;Languaculture&#8221;. F\u00f6rhandstext: <a href=\"https:\/\/oldwww.abo.fi\/media\/6840\/languaculture2bookforeword.pdf\">Languaculture2 Book Foreword.pdf [pdf] 560k<\/a><\/p>\n<p>2.4 Mari Lindman (\u00c5A): &#8221;The working life: on meaning and work&#8221;. F\u00f6rhandstext: <a href=\"https:\/\/oldwww.abo.fi\/media\/6840\/forskis.pdf\">forskis.pdf [pdf] 405k<\/a><\/p>\n<p>13-14.4 Konferens: &#8221;Health, Life and the Human Body: Philosophical and Anthropological Perspectives&#8221;. L\u00e4s mer <a href=\"http:\/\/www.philosophicalanthropology.org\/abo2012\">h\u00e4r<\/a>!<\/p>\n<p>16.4 Johan Kvarnstr\u00f6m (\u00c5A) : &#8221;Arendt och auktoriteten&#8221;. F\u00f6rhandstext: <a href=\"https:\/\/oldwww.abo.fi\/media\/6840\/kvarnstromarendtochauktoriteten.pdf\">Kvarnstrom &#8211; Arendt och auktoriteten.pdf [pdf] 243k<\/a><\/p>\n<p>23.4 Antony Fredriksson (\u00c5A) : &#8221;On Seeing the Same Thing&#8221;. F\u00f6rhandstext: <a href=\"https:\/\/oldwww.abo.fi\/media\/6840\/forskis23042012.pdf\">Forskis23042012.pdf [pdf] 189k<\/a><\/p>\n<p>7.5 Fanny Malmberg (\u00c5A) : &#8221;Disciplin som dygd&#8221;. F\u00f6rhandstext: <a href=\"https:\/\/oldwww.abo.fi\/media\/6840\/forskarseminarium07_05_2012.pdf\">Forskarseminarium 07_05_2012.pdf [pdf] 218k<\/a><\/p>\n<p>14.5 Benjamin Alm (\u00c5A). INHIBERAD!<\/p>\n<p>21.5 Jonas Ahlskog (\u00c5A) : &#8221;Social Context and Intelligibility&#8221;. F\u00f6rhandstext: <a href=\"https:\/\/oldwww.abo.fi\/media\/6840\/forskistext_ja_21_5_12.pdf\">Ahlskog [pdf] 239k<\/a><\/p>\n<p>25.5 Phal\u00e9npicknick i Uppsala<\/p>\n<h2>Program f\u00f6r forskarseminariet i filosofi v\u00e5rterminen 2011<\/h2>\n<p>17.1. Bengt Kristensson-Uggla (\u00c5A): &#8221;M\u00e4nniskan \u00e4r inte en ber\u00e4ttelse&#8221;<\/p>\n<p>24.1. Sonja Vanto (\u00c5A): &#8221;For example? &#8211; I can decide what to say, but not what the words which I have said mean&#8221;<\/p>\n<p>31.1. Christian Nilsson (\u00c5A\/S\u00f6dert\u00f6rns h\u00f6gskola): &#8221;Letting the animal be&#8221; <a href=\"https:\/\/oldwww.abo.fi\/sitebuilder\/media\/6840\/nilssonaboseminar31stofjanuary2011.doc\">F\u00f6rhandstext h\u00e4r [doc] 102k<\/a><\/p>\n<p>7.2. Lars Hertzberg (\u00c5A): &#8221;What happens when we read?&#8221; <a href=\"https:\/\/oldwww.abo.fi\/sitebuilder\/media\/6840\/hertzbergreadingforskis110207.pdf\">F\u00f6rhandstext h\u00e4r [pdf] 170k<\/a><\/p>\n<p>14.2. Bertel Wahlstr\u00f6m (\u00c5A): &#8221;When can we say &#8217;I remember&#8230;&#8217;?&#8221; <a href=\"https:\/\/oldwww.abo.fi\/sitebuilder\/media\/6840\/bertelfosem14feb2001.pdf\">F\u00f6rhandstext h\u00e4r [pdf] 127k<\/a><\/p>\n<p>21.2. Patrick Sibelius (\u00c5A): &#8221;The Semantics of Pleasure and Money&#8221; <a href=\"https:\/\/oldwww.abo.fi\/sitebuilder\/media\/6840\/pleasureandmoney.pdf\">F\u00f6rhandstext h\u00e4r [pdf] 115k<\/a><\/p>\n<p>28.2. Ylva Gustafsson (\u00c5A): Ett f\u00f6rs\u00f6k till avhandlingsintroduktion <a href=\"https:\/\/oldwww.abo.fi\/sitebuilder\/media\/6840\/ylvagustafssonforskis282.pdf\">F\u00f6rhandstext h\u00e4r [pdf] 124k<\/a><\/p>\n<p>7.3. Kim-Erik Berts (\u00c5A): &#8221;Certainty in Mathematics&#8221; <a href=\"https:\/\/oldwww.abo.fi\/sitebuilder\/media\/6840\/kim.pdf\">F\u00f6rhandstext h\u00e4r [pdf] 120k<\/a><\/p>\n<p>14.3. Nathaniel Hansen (Institut Jean-Nicod): &#8221;A Slugfest of Intuitions: Contextualism and Experimental Design&#8221; <a href=\"https:\/\/oldwww.abo.fi\/sitebuilder\/media\/6840\/nathansen.pdf\">F\u00f6rhandstext h\u00e4r\/ Handout [pdf] 318k<\/a><br \/>\nDiscussion in English.<\/p>\n<p>21.3. Martin Gustafsson (\u00c5A): &#8221;Anscombe&#8217;s Bird, Wittgenstein&#8217;s Cat&#8221; <a href=\"https:\/\/oldwww.abo.fi\/sitebuilder\/media\/6840\/anscombesbirdwittgensteinscatforskis.pdf\">F\u00f6rhandstext h\u00e4r [pdf] 205k<\/a><\/p>\n<p>28.3. Olli Koistinen (TY): &#8221;Conceptual actions in Kant&#8217;s transcendental deduction&#8221; <a href=\"https:\/\/oldwww.abo.fi\/sitebuilder\/media\/6840\/koistinen.pdf\">Handout [pdf] 1403k<\/a><\/p>\n<p>4.4. Wolfram Eilenberger: &#8221;Polyphonic Voices &#8211; Goldschmidt and Bakhtin&#8221; <a href=\"https:\/\/oldwww.abo.fi\/sitebuilder\/media\/6840\/wolframeilenbergerlecture20101.pdf\">Handout [pdf] 171k<\/a><br \/>\nDiscussion in English.<\/p>\n<p>11.4. Martin Nybom (\u00c5A): &#8221;&#8221;Det sekund\u00e4ras och prim\u00e4ras&#8221; sekund\u00e4ra natur&#8221;- en skiss <a href=\"https:\/\/oldwww.abo.fi\/sitebuilder\/media\/6840\/mnybomforskarsemi11042011.pdf\">F\u00f6rhandstext h\u00e4r [pdf] 192k<\/a><\/p>\n<p>18.4. Olli Lagerspetz (\u00c5A): &#8221;Tasting Pineapple&#8221; <a href=\"https:\/\/oldwww.abo.fi\/sitebuilder\/media\/6840\/pinepple.pdf\">F\u00f6rhandstext h\u00e4r [pdf] 306k<\/a><\/p>\n<p>2.5. Benjamin Alm (\u00c5A): &#8221;Jaget och moralen&#8221; <a href=\"https:\/\/oldwww.abo.fi\/sitebuilder\/media\/6840\/benjamin.pdf\">F\u00f6rhandstext h\u00e4r [pdf] 635k<\/a><\/p>\n<p>9.5. Jonas Ahlskog (\u00c5A): &#8221;The Ideas of a Foreign Form of Life&#8221; <a href=\"https:\/\/oldwww.abo.fi\/sitebuilder\/media\/6840\/jonas_ahlskog_filosofisemit_9_5_11.pdf\">F\u00f6rhandstext h\u00e4r<\/a><\/p>\n<p>16.5. Elena Namli (Teologiska H\u00f6gskolan Stockholm): &#8221;Universal consensus re-examined. Critique of a liberal defence of universality of human rights&#8221;<\/p>\n<p>23.5. Aristoteles-workshop med Agnes Callard (University of Chicago), Miira Tuominen (Jyv\u00e4skyl\u00e4 universitet) och Charlotta Weigelt (S\u00f6dert\u00f6rns h\u00f6gskola).<a href=\"https:\/\/oldwww.abo.fi\/sitebuilder\/media\/6840\/aristotleandagency.docx\">Program h\u00e4r! [docx] 57k<\/a><\/p>\n<h2>Program f\u00f6r forskarseminariet i filosofi h\u00f6stterminen 2011<\/h2>\n<p>M\u00e5ndagar kl. 18.15-19.45, Aud. Westermarck (C101), Arken<\/p>\n<p>5.9 Antony Fredriksson (\u00c5A) <a href=\"https:\/\/oldwww.abo.fi\/media\/6840\/050911fredriksson.pdf\">F\u00f6rhandstext. [pdf] 609k<\/a><\/p>\n<p>12.9 Hugo Strandberg (\u00c5A) <a href=\"https:\/\/oldwww.abo.fi\/media\/6840\/12092011strandberg.pdf\">F\u00f6rhandstext. [pdf] 124k<\/a><\/p>\n<p>19.9 James Conant (Chicago) <a href=\"https:\/\/oldwww.abo.fi\/media\/6840\/19092011conant.pdf\">Handout. [pdf] 334k<\/a><\/p>\n<p>26.9 Joel Backstr\u00f6m (Helsingfors) : Envious Justice <a href=\"https:\/\/oldwww.abo.fi\/media\/6840\/26092011backstrom.pdf\">F\u00f6rhandstext. [pdf] 299k<\/a><\/p>\n<p>30.9 Martin Gustafssons installationsf\u00f6rel\u00e4sning (kl. 18 i Solennitetssalen)<\/p>\n<p>3.10 Camilla Kronqvist (\u00c5A): Can you forgive me?<\/p>\n<p>10.10 Filmdiskussion: Vi ser p\u00e5 filmen &#8221;Romulus My Father&#8221; som \u00e4r baserad p\u00e5 filosofen R. Gaitas biografi om hans far. G\u00f6ran Torrkulla inleder med en betraktelse. Obs! Vi \u00e4r undantagsvis i aud. Armfelt.<\/p>\n<p>17.10 INHIBERAD (\u00c5sa Slotte (\u00c5A): Existentiella och moraliska perspektiv p\u00e5 diagnoser <a href=\"https:\/\/oldwww.abo.fi\/media\/6840\/171011slotte.pdf\">F\u00f6rhandstext. [pdf] 139k<\/a>)<\/p>\n<p>21-22.10 Konferensen &#8221;Otherness, Subjectivity, and Representation&#8221;<\/p>\n<p>24.10 Yrsa Neuman (\u00c5A): The User Perspective: a Wittgensteinian view <a href=\"https:\/\/oldwww.abo.fi\/sitebuilder\/media\/6840\/forskisynkap4241011.pdf\">F\u00f6rhandstext [pdf] 515k<\/a><\/p>\n<p>31.10 Lars Hertzberg: &#8221;You don&#8217;t understand&#8221; <a href=\"https:\/\/oldwww.abo.fi\/media\/6840\/311011hertzberg.pdf\">F\u00f6rhandstext. [pdf] 129k<\/a><\/p>\n<p>7.11 Salla Peltonen (\u00c5A): &#8221;Om barnl\u00f6shet&#8221; <a href=\"https:\/\/oldwww.abo.fi\/media\/6840\/071111peltonen.pdf\">F\u00f6rhandstext. [pdf] 116k<\/a><\/p>\n<p>14.11 Fredrik Westerlund (Helsingfors): What is a transcendental description?<\/p>\n<p>21.11 Sara Nyman: Tankar om feminism och filosofi <a href=\"https:\/\/oldwww.abo.fi\/media\/6840\/211111nyman.pdf\">F\u00f6rhandstext. [pdf] 111k<\/a><\/p>\n<p>22-24.11 <a href=\"http:\/\/www.abo.fi\/arkitekturfilosofi\/\">&#8221;Plats, Minne, Tidsdjup&#8221;: arkitekturfilosofisk konferens vid \u00c5bo Akademi<\/a><br \/>\nKonferensen \u00e4ger rum i anslutning till en stor arkitekturhistorisk utst\u00e4llning i akademibyggnaden Arkens aula, anordnad under ledning av professor emeritus i arkitekturhistoria vid Tammerfors tekniska universitet, Tore Tallqvist.<\/p>\n<p>28.11 Niklas Forsberg (Uppsala): &#8221;Different forms of forms of Life&#8221; <a href=\"https:\/\/oldwww.abo.fi\/media\/6840\/281111forsberg.pdf\">F\u00f6rhandstext. [pdf] 264k<\/a><\/p>\n<p>5.12 Olli Lagerspetz &amp; Kirsti Suolinna: &#8221;Edward Westermarck at the Academy of \u00c5bo, 1918-1932&#8221;<\/p>\n<p>12.12 Tom Greaves (Norwich): &#8221;Practical an Extra-practical Magic &#8211; Sartre and Collingwood on Emotion and the Magical World&#8221;<\/p>\n","protected":false},"excerpt":{"rendered":"<p>Program f\u00f6r forskarseminariet i filosofi h\u00f6stterminen 2015 H\u00e5lls i aud. Westermarck, m\u00e5ndagar kl 18.15-20.00 7.9 Martin Gustafsson (\u00c5A): Lidande och h\u00e4lsa \u2013 reflektioner kring n\u00e5gra passager fr\u00e5n Canguilhem 14.9 Kim Solin (Helsingfors): Rush Rhees och Wittgenstein om matematikens filosofi 21.9 Hugo Strandberg (\u00c5A): \u00c4r det en dygd att f\u00f6rl\u00e5ta? 28.9 Anders \u00d6berg (Uppsala): Putnam&#8217;s Pragmatism [&hellip;]<\/p>\n","protected":false},"author":512,"featured_media":0,"parent":112,"menu_order":0,"comment_status":"closed","ping_status":"closed","template":"","meta":{"footnotes":""},"class_list":["post-397","page","type-page","status-publish","hentry"],"_links":{"self":[{"href":"https:\/\/blogs.abo.fi\/filosofi\/wp-json\/wp\/v2\/pages\/397","targetHints":{"allow":["GET"]}}],"collection":[{"href":"https:\/\/blogs.abo.fi\/filosofi\/wp-json\/wp\/v2\/pages"}],"about":[{"href":"https:\/\/blogs.abo.fi\/filosofi\/wp-json\/wp\/v2\/types\/page"}],"author":[{"embeddable":true,"href":"https:\/\/blogs.abo.fi\/filosofi\/wp-json\/wp\/v2\/users\/512"}],"replies":[{"embeddable":true,"href":"https:\/\/blogs.abo.fi\/filosofi\/wp-json\/wp\/v2\/comments?post=397"}],"version-history":[{"count":7,"href":"https:\/\/blogs.abo.fi\/filosofi\/wp-json\/wp\/v2\/pages\/397\/revisions"}],"predecessor-version":[{"id":436,"href":"https:\/\/blogs.abo.fi\/filosofi\/wp-json\/wp\/v2\/pages\/397\/revisions\/436"}],"up":[{"embeddable":true,"href":"https:\/\/blogs.abo.fi\/filosofi\/wp-json\/wp\/v2\/pages\/112"}],"wp:attachment":[{"href":"https:\/\/blogs.abo.fi\/filosofi\/wp-json\/wp\/v2\/media?parent=397"}],"curies":[{"name":"wp","href":"https:\/\/api.w.org\/{rel}","templated":true}]}}