{"id":401,"date":"2019-11-01T13:02:36","date_gmt":"2019-11-01T11:02:36","guid":{"rendered":"https:\/\/blogs.abo.fi\/filosofi\/?page_id=401"},"modified":"2019-11-07T12:32:17","modified_gmt":"2019-11-07T10:32:17","slug":"2000-2005","status":"publish","type":"page","link":"https:\/\/blogs.abo.fi\/filosofi\/tidigare-forskarseminarium\/2000-2005\/","title":{"rendered":"2000-2005"},"content":{"rendered":"<div id=\"topic-document-anchors\">\n<h2>Program f\u00f6r forskarseminariet i filosofi HT-05:<\/h2>\n<\/div>\n<div>\n<p>19.9 Marie McGinn (University of York): <a href=\"http:\/\/web.abo.fi\/fak\/hf\/filosofi\/fsemi\/papers\/05_09_19.doc\">The relation between Wittgenstein&#8217;s early and late philosophy<\/a><\/p>\n<p>3.10 Hannes Nyk\u00e4nen: <a href=\"http:\/\/web.abo.fi\/fak\/hf\/filosofi\/fsemi\/papers\/05_10_03.doc\">The Philosophical Consolation of Moral Dilemmas<\/a><\/p>\n<p>17.10 Anne-Marie Christensen (Aarhus Universitet):<a href=\"http:\/\/web.abo.fi\/fak\/hf\/filosofi\/fsemi\/papers\/05_10_17.doc\"> Depending on Ethics: Kierkegaard&#8217;s View of Philosophy<\/a><\/p>\n<p>24.10 Yrsa Neuman:<a href=\"http:\/\/web.abo.fi\/fak\/hf\/filosofi\/fsemi\/papers\/05_10_24.doc\">Moore&#8217;s Paradox, Nonsense and the Use of Sentences<\/a><\/p>\n<p>31.10 Camilla Kronqvist: <a href=\"http:\/\/web.abo.fi\/fak\/hf\/filosofi\/fsemi\/papers\/05_10_31.doc\">We Two Are One<\/a><\/p>\n<p>7.11 Per-Olof Wickman (L\u00e4rarh\u00f6gskolan, Stockholm): Aesthetic Experience in Science Education<\/p>\n<p>14.11 Lars-Olof \u00c5hlberg (Uppsala): <a href=\"http:\/\/web.abo.fi\/fak\/hf\/filosofi\/fsemi\/papers\/05_11_14.doc\">Vad Kant, Hegel och Schopenhauer (inte) visste om musik<\/a><\/p>\n<p>21.11 Joel Backstr\u00f6m:<a href=\"http:\/\/web.abo.fi\/fak\/hf\/filosofi\/fsemi\/papers\/05_11_21.doc\"> Friendship and Injustice<\/a><\/p>\n<p>28.11 Antony Fredriksson: <a href=\"http:\/\/web.abo.fi\/fak\/hf\/filosofi\/fsemi\/papers\/05_11_28.doc\">Blicken och \u00e5sikten<\/a><\/p>\n<p>12.12 Bertel Wahlstr\u00f6m: <a href=\"http:\/\/web.abo.fi\/fak\/hf\/filosofi\/fsemi\/papers\/05_12_12.doc\">Time to Remember<\/a><\/p>\n<\/div>\n<div>\n<h2>Program f\u00f6r forskarseminariet i filosofi VT-05:<\/h2>\n<p>10.1 Rita Nordstr\u00f6m-Lytz: <a href=\"http:\/\/web.abo.fi\/fak\/hf\/filosofi\/fsemi\/papers\/05_01_10.doc\">Om tillit i den senmoderna skolan<\/a><\/p>\n<p>17.1 Mari Lindman: <a href=\"http:\/\/web.abo.fi\/fak\/hf\/filosofi\/fsemi\/papers\/05_01_17.doc\">Filosofi vid otrons hj\u00e4rta: Om f\u00f6rst\u00e5elser av religi\u00f6s tro ur icke-trons perspektiv<\/a><\/p>\n<p>31.1 Prof. Arto Siitonen (The University of Helsinki)<br \/>\n<a href=\"http:\/\/web.abo.fi\/fak\/hf\/filosofi\/fsemi\/papers\/05_01_31.doc\">On Reichenbach&#8217;s Kantianism and Kant-Criticism<\/a><\/p>\n<p>14.2 Birgit Schaffar: <a href=\"http:\/\/web.abo.fi\/fak\/hf\/filosofi\/fsemi\/papers\/05_02_14.doc\">&#8221;T\u00e4nk vad det kunde ha blivit av mig!&#8221;: Om uppfostran som inskr\u00e4nkande<\/a><\/p>\n<p>21.2 Wolfram Eilenberger (Heidelberg\/Z\u00fcrich\/\u00c5bo): <a href=\"http:\/\/web.abo.fi\/fak\/hf\/filosofi\/fsemi\/papers\/05_02_21.doc\">Narren im Duett: Bachtin, Davidson und die Schnapsidee einer Sprache<\/a><\/p>\n<p>28.2 Patrick Sibelius: Western Ethics. Why the West may be seen as evil<\/p>\n<p>7.3 Prof. Chhanda Chakraborti (Indian Institute of Technology, Kharagpur, West Bengal): <a href=\"http:\/\/web.abo.fi\/fak\/hf\/filosofi\/fsemi\/papers\/05_03_07.doc\">Mental Properties, Levels and Property Dualism<\/a><\/p>\n<p>14.3 Prof. Bengt Christensson Uggla: <a href=\"http:\/\/web.abo.fi\/fak\/hf\/filosofi\/fsemi\/papers\/05_03_14.doc\">Tolkningens metamorfoser i hermeneutikens tids\u00e5lder<\/a><\/p>\n<p>21.3 Camilla Kronqvist: <a href=\"http:\/\/web.abo.fi\/fak\/hf\/filosofi\/fsemi\/papers\/05_03_21.doc\">&#8221;That won\u00b4t happen to us&#8221;<\/a><\/p>\n<p>29.3 Christian Braw: <a href=\"http:\/\/web.abo.fi\/fak\/hf\/filosofi\/fsemi\/papers\/05_03_29.doc\">Aristoteles i V\u00e4sterlandets medeltid<\/a><\/p>\n<p>4.4 Ylva Gustafsson: <a href=\"http:\/\/web.abo.fi\/fak\/hf\/filosofi\/fsemi\/papers\/05_04_04.doc\">Om sm\u00e4rta, sorg, medlidande och att inte kunna f\u00f6rest\u00e4lla sig<\/a><\/p>\n<p>11.4 Tomas Mansikka: <a href=\"http:\/\/web.abo.fi\/fak\/hf\/filosofi\/fsemi\/papers\/05_04_11.doc\">Vad \u00e4r en v\u00e4rlds\u00e5sk\u00e5dning?<\/a><\/p>\n<p>2.5 G\u00f6ran Torrkulla: <a href=\"http:\/\/web.abo.fi\/fak\/hf\/filosofi\/fsemi\/papers\/05_05_02.doc\">Finns det ocks\u00e5 ett estetikens tysta krav?<\/a><\/p>\n<p>9.5 Kim-Erik Berts och Kim Solin:<a href=\"http:\/\/web.abo.fi\/fak\/hf\/filosofi\/fsemi\/papers\/05_05_09.doc\"> &#8221;Matematikern \u00e4r en uppfinnare, inte en uppt\u00e4ckare&#8221;<\/a><\/p>\n<p>16.5 Dan Lolax: <a href=\"http:\/\/web.abo.fi\/fak\/hf\/filosofi\/fsemi\/papers\/05_05_16.doc\">Treading the Middle Ground &#8211; A Criticism of Literary Darwinism<\/a><\/p>\n<p>23.5 Cristoffer Gefwert: Vad g\u00f6r vi n\u00e4r vi blir f\u00f6rtrogna med v\u00e5rt modersm\u00e5l<\/p>\n<\/div>\n<div>\n<h2>Program f\u00f6r forskarseminariet i filosofi HT-04:<\/h2>\n<p>20.9 Pertti Saariluoma: <a href=\"http:\/\/web.abo.fi\/fak\/hf\/filosofi\/fsemi\/papers\/04_09_20.doc\">World, Substance, Language and Thinking &#8211; A Study in the Realism of the Tractatus<\/a><\/p>\n<p>27.9 G\u00f6ran Torrkulla: <a href=\"http:\/\/web.abo.fi\/fak\/hf\/filosofi\/fsemi\/papers\/04_09_27.doc\">Om att idealisera g\u00e5endet. En skiss<\/a><\/p>\n<p>04.10 Svante Lundgren: <a href=\"http:\/\/web.abo.fi\/fak\/hf\/filosofi\/fsemi\/papers\/04_10_04.doc\">Antisemitism: Tv\u00e5 myter, tv\u00e5 definitioner och tre exempel<\/a><\/p>\n<p>11.10 Patrick Sibelius: <a href=\"http:\/\/web.abo.fi\/fak\/hf\/filosofi\/fsemi\/papers\/04_10_11.doc\">Filosofi som har kommit ur matematik<\/a><\/p>\n<p>18.10 Olli Lagerspetz:<a href=\"http:\/\/web.abo.fi\/fak\/hf\/filosofi\/fsemi\/papers\/04_10_18.doc\"> Eget och fr\u00e4mmande. M\u00e4nniskan som smutsens v\u00e4rdobjekt<\/a><\/p>\n<p>01.11 Antony Fredriksson: <a href=\"http:\/\/web.abo.fi\/fak\/hf\/filosofi\/fsemi\/papers\/05_11_01.doc\">Om att betrakta den andras lidande<\/a><\/p>\n<p>08.11 Chryssi Sidiropoulou (Bogazi\u00e7i University): <a href=\"http:\/\/web.abo.fi\/fak\/hf\/filosofi\/fsemi\/papers\/05_11_08.doc\">Religious Belief and Spirituality: a Non Metaphysical Understanding<\/a><\/p>\n<p>15.11 Tomas Mansikka: <a href=\"http:\/\/web.abo.fi\/fak\/hf\/filosofi\/fsemi\/papers\/05_11_15.doc\">Tidigmodern religi\u00f6s naturfilosofi: n\u00e5gra ansatser och ledmotiv<\/a><\/p>\n<p>07.12 Pirmin Stekeler-Weithofer: <a href=\"http:\/\/web.abo.fi\/fak\/hf\/filosofi\/fsemi\/papers\/05_12_07.doc\">The Logic of &#8221;Us&#8221;. Forms and Representations of Joint Action and Practice<\/a><\/p>\n<p>13.12 Lars K\u00e5reklint (L\u00e4rarh\u00f6gskolan, Stockholm): <a href=\"http:\/\/web.abo.fi\/fak\/hf\/filosofi\/fsemi\/papers\/05_12_13.doc\">Att finna eller uppfinna de(t) etiska<\/a><\/p>\n<p>20.12 Arto Siitonen (Helsingfors universitet):<a href=\"http:\/\/web.abo.fi\/fak\/hf\/filosofi\/fsemi\/papers\/05_12_20.doc\"> On Reichenbach\u00b4s Kantianism and Kant-Criticism<\/a><\/p>\n<\/div>\n<div>\n<h2>Program f\u00f6r forskarseminariet i filosofi VT-04:<\/h2>\n<p>19.1 Tom Kettunen och Mari Lindman: <a href=\"http:\/\/web.abo.fi\/fak\/hf\/filosofi\/fsemi\/papers\/04_01_19.doc\">&#8221;Och vad har det h\u00e4r med k\u00f6n att g\u00f6ra?&#8221;<\/a><\/p>\n<p>26.1 Lars Hertzberg: <a href=\"http:\/\/web.abo.fi\/fak\/hf\/filosofi\/fsemi\/papers\/04_01_26.doc\">The Importance of Being Thoughtful<\/a><\/p>\n<p>2.2 Matti Laine (Psykologiska institutionen, \u00c5A):<a href=\"http:\/\/web.abo.fi\/fak\/hf\/filosofi\/fsemi\/papers\/04_02_02.doc\"> Spr\u00e5k och hj\u00e4rna<\/a><\/p>\n<p>9.2 Olli Lagerspetz: <a href=\"http:\/\/web.abo.fi\/fak\/hf\/filosofi\/fsemi\/papers\/04_02_09.doc\">National Self-Determination and Sub-State Groups<\/a><\/p>\n<p>23.2 Sebastian Slotte (Tekniska h\u00f6gskolan): <a href=\"http:\/\/web.abo.fi\/fak\/hf\/filosofi\/fsemi\/papers\/04_02_02.doc\">Om de filosofiska problemens natur<\/a><\/p>\n<p>1.3 Thorsten Johansson: <a href=\"http:\/\/web.abo.fi\/fak\/hf\/filosofi\/fsemi\/papers\/04_03_01.doc\">Logik och etik i Wittgensteins Tractatus<\/a><\/p>\n<p>8.3 Bertel Wahlstr\u00f6m: <a href=\"http:\/\/web.abo.fi\/fak\/hf\/filosofi\/fsemi\/papers\/04_03_08.doc\">A Conceptual Groping for the Boundaries of &#8221;Tolerance&#8221;<\/a><\/p>\n<p>22.3 Lars-Olof \u00c5hlberg (Uppsala): <a href=\"http:\/\/web.abo.fi\/fak\/hf\/filosofi\/fsemi\/papers\/04_03_22.doc\">Estetikbegreppet och konsten. N\u00e5gra historiska och nutida perspektiv<\/a><\/p>\n<p>29.3 Joel Backstr\u00f6m: <a href=\"http:\/\/web.abo.fi\/fak\/hf\/filosofi\/fsemi\/papers\/04_03_29.doc\">En v\u00e4nskap bortom &#8221;mitt&#8221; och &#8221;ditt&#8221;<\/a><\/p>\n<p>5.4 Anders Burman: <a href=\"http:\/\/web.abo.fi\/fak\/hf\/filosofi\/fsemi\/papers\/04_04_05.doc\">Wittgenstein och filosofins problem<\/a><\/p>\n<p>19.4 Patrick Sibelius: <a href=\"http:\/\/web.abo.fi\/fak\/hf\/filosofi\/fsemi\/papers\/04_04_19.doc\">Den analytiska filosofins uppg\u00e5ng och fall, mot bakgrunden av n\u00e5gra centrala klassiska fr\u00e5gor i filosofin<\/a><\/p>\n<p>26.4 Yrsa Neuman: <a href=\"http:\/\/web.abo.fi\/fak\/hf\/filosofi\/fsemi\/papers\/04_04_26.doc\">Teorier<\/a><\/p>\n<p>3.5 Oskari Kuusela (Helsingfors): <a href=\"http:\/\/web.abo.fi\/fak\/hf\/filosofi\/fsemi\/papers\/04_05_03.doc\">On the relation between moral judgements and factual statements<\/a><\/p>\n<p>10.5 Anssi Hynynen: <a href=\"http:\/\/web.abo.fi\/fak\/hf\/filosofi\/fsemi\/papers\/04_05_10.doc\">On Vico, language, and rhetoric<\/a><\/p>\n<p>11.5 Christian Braw (Moheda):<a href=\"http:\/\/web.abo.fi\/fak\/hf\/filosofi\/fsemi\/papers\/05_05_11.doc\"> Aristoteles i teologin<\/a><\/p>\n<p>17.5 G\u00f6ran Torrkulla: <a href=\"http:\/\/web.abo.fi\/fak\/hf\/filosofi\/fsemi\/papers\/04_05_17.doc\">Om g\u00e5endets obem\u00e4rkta konst<\/a><\/p>\n<\/div>\n<div>\n<h2>Program f\u00f6r forskarseminariet i filosofi HT-03:<\/h2>\n<p>18.8 Nicholas P. White (University of California at Irvine): Aristotle&#8217;s Wittgensteinian Criticism of Plato<\/p>\n<p>22.9 Bosse Hellsten och Tom Kettunen: Razzles d\u00f6d: om moral och \u00f6de<\/p>\n<p>29.9 Hannes Nyk\u00e4nen: Heidegger&#8217;s Conscience<\/p>\n<p>6.10 Ylva Gustafsson: How Do We Understand Other People&#8217;s Emotions?<\/p>\n<p>13.10 David Cockburn (Lampeter): Self, World and God in Spinoza and Weil<\/p>\n<p>20.10 Camilla Kronqvist (\u00c5bo): F\u00f6rst\u00e5else som ett moraliskt begrepp<\/p>\n<p>3.11 Merete Mazzarella (Helsingfors): Litteratur och moralfilosofi<\/p>\n<p>10.11 Gisela Bengtsson (Oslo): The Analogy as Poison and Antidote in Wittgenstein&#8217;s Philosophy<\/p>\n<p>17.11 Bertel Wahlstr\u00f6m (\u00c5bo): Time to Remember<\/p>\n<p>24.11 Jan von Plato (Helsingfors): Idealisering i filosofin<\/p>\n<p>1.12: Dan Lolax (\u00c5bo): Some Thoughts on Literature and Reading<\/p>\n<p>8.12 Kate Larson (Uppsala): &#8221;Det goda bortom varat&#8221; &#8211; om Simone Weils frihetsbegrepp<\/p>\n<\/div>\n<div>\n<h2>Program f\u00f6r forskarseminariet i filosofi VT-03:<\/h2>\n<p>20.1 Michael Azar (G\u00f6teborg): Schibboleth och den koloniala bumerangen<\/p>\n<p>27.1 Yrsa Neuman: Moores paradoxala paradox<\/p>\n<p>10.2 Martin Nybom: Om d\u00f6den<\/p>\n<p>17.2 Camilla Kronqvist: Different &#8221;Meanings&#8221; of Love<\/p>\n<p>21.2 Hannes Nyk\u00e4nen disputerar kl. 12 i Aud Sahlin, Axelia II: The &#8221;I&#8221;, the &#8221;You&#8221; and the Soul: An Ethics of Conscience<\/p>\n<p>24.2 Olli Lagerspetz: Materia och sakerna<\/p>\n<p>10.3 Iris Wikstr\u00f6m: Om likhet och r\u00e4ttf\u00e4rdighet hos Cusanus<\/p>\n<p>17.3 Joel Backstr\u00f6m: V\u00e4nskapens moral som antimoral<\/p>\n<p>24.3 G\u00f6ran Torrkulla: Om artighetens olika ansikten<\/p>\n<p>31.3 Lars Hertzberg: On Aesthetic Reactions and Changing One&#8217;s Mind<\/p>\n<p>7.4 Hannes Nyk\u00e4nen: The Impulse to Be Evil<\/p>\n<p>14.4 Eva Boo (Uppsala): Om realism och konstruktivism i vetenskapsfilosofin<\/p>\n<p>28.4 Cecilia Sahlgren: Om biologi och filosofi<\/p>\n<p>5.5 Oskari Kuusela (Oxford): From metaphysics and philosophical theses to grammar: Wittgenstein&#8217;s turn<\/p>\n<p>6.5 kl 13 Christian Braw (Moheda): G. H. von Wright och andra v\u00e4rldskriget<\/p>\n<p>19.5 Susanne Jansson (Uppsala): Om subtiliteter<\/p>\n<\/div>\n<div>\n<h2>Program f\u00f6r forskarseminariet i filosofi HT-02:<\/h2>\n<p>23.9 Niklas Forsberg (Uppsala): Along two sides of the limit: Derrida on literature and tradition<\/p>\n<p>30.9 Adrian Thomasson (\u00c5bo): Interpreting the quantum &#8211; determinism or indeterminism<\/p>\n<p>7.10 Mats Bergman (Helsingfors): C.S. Peirce on Interpretation and Collateral Experience<\/p>\n<p>14.10 Joel Backstr\u00f6m (\u00c5bo): Om v\u00e4nner, trohet och svek<\/p>\n<p>21.10 Sebastian Slotte (Helsingfors): Konsten att lyssna som en filosofisk \u00f6vning<\/p>\n<p>28.10 Magnus Gustafsson (KTF): Trust and Certainty in Business Relations<\/p>\n<p>4.11 Hannes Nyk\u00e4nen (\u00c5bo): Vad kan &#8217;post-wittgensteiniansk moralfilosofi&#8217; inneb\u00e4ra?: En recension av Backstr\u00f6m-Torrkulla: Moralfilosofiska ess\u00e4er<\/p>\n<p>7.11 kl.15 Ulrik Kihlbom (\u00d6rebro): Anti-teori och objektiva moraliska sk\u00e4l<\/p>\n<p>11.11 Susanne Jansson (Uppsala): Experience Missed<\/p>\n<p>18.11 Elizabeth Wolgast (California State University\/Hayward): On Wittgenstein&#8217;s &#8217;Religious Point of View&#8217;<\/p>\n<p>25.11 Olli Koistinen (University of Turku): The Problem of Participation<\/p>\n<p>2.12 Tove \u00d6sterman (Uppsala): Wittgenstein och spr\u00e5kets gr\u00e4nser<\/p>\n<p>9.12 Sharon Rider (Uppsala)<\/p>\n<\/div>\n<div>\n<h2>Program f\u00f6r forskarseminariet i filosofi VT-02:<\/h2>\n<p>21.1 Aleksander Motturi (G\u00f6teborg-\u00c5bo): Magins filosofi.<\/p>\n<p>28.1 Urpo Nikanne (Finska institutionen): Miss\u00e4 kielioppi on? Ajatuksia kielen asemasta ihmismieless\u00e4<\/p>\n<p>4.2 Joakim Molander (H\u00e4rn\u00f6sand-\u00c5bo): Begreppet behandling<\/p>\n<p>11.2 Martin Nybom (\u00c5bo): Om en vetenskaplig m\u00e4nniskosyn<\/p>\n<p>18.2 Dan Lolax (\u00c5bo): Kring temat sj\u00e4lvbedr\u00e4geri<\/p>\n<p>25.2 Aleksander Motturi (G\u00f6teborg-\u00c5bo): Wittgenstein och Spengler<\/p>\n<p>4.3 Joakim Molander (H\u00e4rn\u00f6sand-\u00c5bo): Begreppet vederg\u00e4llning.<\/p>\n<p>11.3 Anssi Hynynen (\u00c5bo) : Om att l\u00e4sa<\/p>\n<p>18.3 kl. 17 (Obs!) Christian Braw (Moheda): Mitt gamla jag f\u00e5r jag aldrig tillbaka &#8211; reflektioner kring G.H. von Wrights sj\u00e4lvbiografi<\/p>\n<p>25.3 (in \u00c5bo): The Annual P\u00f6rn Picnic<br \/>\nAntony Fredriksson: &#8221;Seendets tv\u00e5 former&#8221;<br \/>\nPhilip Teir: &#8221;Jag, en uppsats om personlig identitet&#8221;<br \/>\nUlrika Bj\u00f6rk: &#8221;Sj\u00e4lvpr\u00f6vning och tvivel. En l\u00e4sning av Montaigne och Descartes&#8221;<\/p>\n<p>8.4 Lars Hertzberg (\u00c5bo): Philosophy as the Art of Disagreement: On the Social and Moral Philosophy of Peter Winch<\/p>\n<p>15.4 Tema: Emotioner<\/p>\n<p>22.4 Frank Lorentzon G\u00f6teborg): Den fria viljan<\/p>\n<p>6.5 Olli Lagerspetz (\u00c5bo): &#8221;Hellre lite skit i knutarna&#8230;&#8221; &#8211; Myten om den repressiva gr\u00e4nsdragningen<\/p>\n<p>13.5 Iris Wikstr\u00f6m (\u00c5bo): Att uttala det os\u00e4gbara<\/p>\n<\/div>\n<div>\n<h2>Program f\u00f6r forskarseminariet i filosofi HT-01:<\/h2>\n<p>17.9 Oskari Kuusela (Oxford) : Wittgenstein&#8217;s later critique of the concept of analysis in the Tractatus Diskussion p\u00e5 engelska<\/p>\n<p>24.9 Bertel Wahlstr\u00f6m (\u00c5bo) : Om minne och moral<\/p>\n<p>1.10 Camilla Kronqvist (\u00c5bo) : Love, Beliefs and Justification Diskussion p\u00e5 svenska<\/p>\n<p>8.10 Joel Backstr\u00f6m (\u00c5bo Akademi\/Helsingfors) : Nietzsches v\u00e4nskap Diskussion p\u00e5 svenska.<\/p>\n<p>22.10 Thor Olav Olsen (Norge) : Charles Taylors konsepsjon om den moderne identitetens historie Diskussion p\u00e5 svenska och norska<\/p>\n<p>5.11 Marina Barabas (Karlsuniversitetet i Prag) : Kant&#8217;s Moral Protagonist: Some Inherent Tensions<\/p>\n<p>12.11 Maija Aalto (Joensuu) : Wittgenstein on the Nature of Religious Belief Diskussion p\u00e5 engelska<\/p>\n<p>19.11 Simo S\u00e4\u00e4tel\u00e4 (Bergen) : \u00c4r Wittgenstein en &#8217;estetisk t\u00e4nkare&#8217;? Diskussion p\u00e5 svenska<\/p>\n<p>3.12 Mats Rosengren (SCASS, Uppsala) : Doxologi &#8211; en ess\u00e4 om kunskap Diskussion p\u00e5 svenska.<\/p>\n<\/div>\n<div>\n<h2>Program f\u00f6r forskarseminariet i filosofi VT-01:<\/h2>\n<p>22.1 Anna-Maria \u00c5str\u00f6m (Etnologiska institutionen): Att skriva etnologisk stadshistoria<\/p>\n<p>29.1 Sharon Rider (Uppsala): Stanley Rosen on Philosophy and Ordinary Experience<\/p>\n<p>5.2 Nils Erik Villstrand (Historiska institutionen): B\u00f6nder och bokst\u00e4ver i 1700-talets Finland (om ett projekt om skrivkunnighetens betydelse)<\/p>\n<p>12.2 Camilla Kronqvist et al.: Presentation av ett l\u00e4roboksprojekt i etik<\/p>\n<p>19.2 G\u00f6ran Torrkulla: Om f\u00e4rger i m\u00e4nniskans v\u00e4rld eller om det som ger f\u00e4rger djup<\/p>\n<p>5.3 Jussi Himanka (Helsingfors): Fenomenologian periaatteet Diskussion p\u00e5 finska<\/p>\n<p>12.3: Mikko Salmela (Helsingfors): Intentionality and Feeling: A Sketch for a Synthetic Theory of Emotional Affectivity Diskussion p\u00e5 engelska<\/p>\n<p>19.3 Christian Braw (Institutionen f\u00f6r systematisk teologi): Ordet och kuskapen: Augustinus\u00b4 kunskapsteori<\/p>\n<p>26.3 Joel Backstr\u00f6m: N\u00e4stan en v\u00e4n? Om v\u00e4nk\u00e4rlek och n\u00e4stak\u00e4rlek<\/p>\n<p>2.4 Olli Lagerspetz: On Whether Colours Might Be Reduced to Physics<\/p>\n<p>7.5 Martin Bertman (Ohio): The Moral Philosophy of Hobbes Diskussion p\u00e5 engelska<\/p>\n<\/div>\n<div>\n<h2>Program f\u00f6r forskarseminariet i filosofi HT-00:<\/h2>\n<p>18.9 Thorsten Johansson (Uppsala): Heidegger, Rorty och det sublima<br \/>\nJuan Wilhelmi (Uppsala): Den filosofiska inneb\u00f6rden av grammatiska regler. Wilhelmis f\u00f6rel\u00e4sning \u00e4r samtidigt provf\u00f6rel\u00e4sning f\u00f6r docentur<\/p>\n<p>25.9 Olli Lagerspetz: The Moral Law<\/p>\n<p>2.10 Tommi Uschanov (Helsingfors): The Strange Death of Ordinary Language Philosophy<\/p>\n<p>9.10 Michael McEachrane: What is an &#8217;emotion&#8217;? &#8211; Investigating emotions philosophically<\/p>\n<p>16.10 Iris Wikstr\u00f6m: Intuitionsbegreppet hos Camus<\/p>\n<p>23.10 Kaj-Henrik Impola: Puheteot ja oikeuden formatiivisuus<\/p>\n<p>31.10 Johan Lundborg (Uppsala): Om Hedeniusdebatten. Seminariet h\u00e5lls p\u00e5 Institutionen f\u00f6r systematisk teologi, Reuterska huset<\/p>\n<p>6.11 Aleksander Motturi (G\u00f6teborg): Frazer och Wittgenstein<\/p>\n<p>13.11 Joel Backstr\u00f6m: Om universitetets id\u00e9<\/p>\n<p>20.11 Sharon Rider (Uppsala): Kant and Cognitive Studies<\/p>\n<p>27.11 Anssi Hynynen: Giambattista Vico and the Idea of Wisdom<\/p>\n<p>04.12 Petter Korkman: Barbeyrac and Locke on the Creator&#8217;s Right to Rule<\/p>\n<\/div>\n<div>\n<h2>Program f\u00f6r forskarseminariet i filosofi VT-00:<\/h2>\n<p>17.1 Joel Backstr\u00f6m och G\u00f6ran Torrkulla: Moralfilosofiska ess\u00e4er &#8211; en introduktion<\/p>\n<p>24.1 Tage Kurt\u00e9n: Suspicion Concerning World-Views<\/p>\n<p>31.1 Hannes Nyk\u00e4nen: The &#8217;I&#8217; and the &#8217;self&#8217; in the light of the spiritual<\/p>\n<p>14.2 Bo Pettersson (University of Helsinki): On the Study of Imagination and Popular Imagination:<br \/>\nA Historical Survey and a Look Ahead<\/p>\n<p>21.2 Martina Reuter (University of Helsinki): Descartes on human nature, sexual difference and the passions<\/p>\n<p>28.2 Jan Svanberg: Schamanismen och antropologin<\/p>\n<p>13.3 Olli Lagerspetz:: Smuts och renlighet<\/p>\n<p>20.3 Antony Fredriksson: Fotografiets filosofi<\/p>\n<p>27.3 Olli Lagerspetz:: \u00c4r samh\u00e4llet baserat p\u00e5 tillit?<\/p>\n<p>3.4 Timo Kaitaro (Joensuu): Reason and Frenzy: Phrenic Forces in the<br \/>\nFrench Medical Enlightenment<\/p>\n<p>10.4 Michael McEachran: What is an &#8221;emotion&#8221;?<\/p>\n<p>8.5 Nicholas Barlow (Helsingfors universitet): Military Necessity and the Doctrine of the Double Effect<\/p>\n<\/div>\n","protected":false},"excerpt":{"rendered":"<p>Program f\u00f6r forskarseminariet i filosofi HT-05: 19.9 Marie McGinn (University of York): The relation between Wittgenstein&#8217;s early and late philosophy 3.10 Hannes Nyk\u00e4nen: The Philosophical Consolation of Moral Dilemmas 17.10 Anne-Marie Christensen (Aarhus Universitet): Depending on Ethics: Kierkegaard&#8217;s View of Philosophy 24.10 Yrsa Neuman:Moore&#8217;s Paradox, Nonsense and the Use of Sentences 31.10 Camilla Kronqvist: We [&hellip;]<\/p>\n","protected":false},"author":512,"featured_media":0,"parent":112,"menu_order":0,"comment_status":"closed","ping_status":"closed","template":"","meta":{"footnotes":""},"class_list":["post-401","page","type-page","status-publish","hentry"],"_links":{"self":[{"href":"https:\/\/blogs.abo.fi\/filosofi\/wp-json\/wp\/v2\/pages\/401","targetHints":{"allow":["GET"]}}],"collection":[{"href":"https:\/\/blogs.abo.fi\/filosofi\/wp-json\/wp\/v2\/pages"}],"about":[{"href":"https:\/\/blogs.abo.fi\/filosofi\/wp-json\/wp\/v2\/types\/page"}],"author":[{"embeddable":true,"href":"https:\/\/blogs.abo.fi\/filosofi\/wp-json\/wp\/v2\/users\/512"}],"replies":[{"embeddable":true,"href":"https:\/\/blogs.abo.fi\/filosofi\/wp-json\/wp\/v2\/comments?post=401"}],"version-history":[{"count":12,"href":"https:\/\/blogs.abo.fi\/filosofi\/wp-json\/wp\/v2\/pages\/401\/revisions"}],"predecessor-version":[{"id":447,"href":"https:\/\/blogs.abo.fi\/filosofi\/wp-json\/wp\/v2\/pages\/401\/revisions\/447"}],"up":[{"embeddable":true,"href":"https:\/\/blogs.abo.fi\/filosofi\/wp-json\/wp\/v2\/pages\/112"}],"wp:attachment":[{"href":"https:\/\/blogs.abo.fi\/filosofi\/wp-json\/wp\/v2\/media?parent=401"}],"curies":[{"name":"wp","href":"https:\/\/api.w.org\/{rel}","templated":true}]}}