{"id":403,"date":"2019-11-01T12:57:35","date_gmt":"2019-11-01T10:57:35","guid":{"rendered":"https:\/\/blogs.abo.fi\/filosofi\/?page_id=403"},"modified":"2019-11-01T13:27:15","modified_gmt":"2019-11-01T11:27:15","slug":"1997-1999","status":"publish","type":"page","link":"https:\/\/blogs.abo.fi\/filosofi\/tidigare-forskarseminarium\/1997-1999\/","title":{"rendered":"1997-1999"},"content":{"rendered":"<h2 id=\"topic-document-anchors\">Program f\u00f6r forskarseminariet i filosofi HT-99:<\/h2>\n<div>\n<p>13.9 Hildur Kalman (Ume\u00e5): Trust<\/p>\n<p>20.9 Petter Korkman: After the Political Turn<\/p>\n<p>27.9 Bertel Wahlstr\u00f6m: Varieties of Memory<\/p>\n<p>4.10 Sebastian Slotte (Helsingfors universitet): Filosofi i filosofisk praktik? &#8211; Filosofer \u00e4r m\u00e4nniskor men \u00e4r m\u00e4nniskor filosofer?<\/p>\n<p>11.10 Annamari Soini: Halvspr\u00e5kighet och andra myter &#8211; en unders\u00f6kning om f\u00f6rdomar mot tv\u00e5spr\u00e5kighet<\/p>\n<p>18.10 Olli Lagerspetz: The Slide Towards Solipsism &#8211; &#8217;Experience&#8217; and &#8217;Consciousness&#8217; in Cognitive Science<\/p>\n<p>25.10 Joel Backstr\u00f6m: Att t\u00e4nka p\u00e5 konsekvenserna<\/p>\n<p>1.11 Hans Rosing: Risk och moral<\/p>\n<p>8.11 Myaumi Tomihara (Tokyo: Simone Weil on the Deconstruction of Power Politics<\/p>\n<p>15.11 Camilla Kronqvist: Love<\/p>\n<p>22.11 Dalila Pinto (Coimbra): The Observance of Human Rights by Multinational Corporations<\/p>\n<p>29.11 Tina Krause: Presentation av projektet &#8221;Hj\u00e4rnans elektriska bakgrundsaktivitet och kognitiva processer&#8221; i &#8221;Kognitiivisen neurotieteen tutkimuskeskus&#8221;<\/p>\n<h2>Program f\u00f6r forskarseminariet i filosofi VT-99:<\/h2>\n<\/div>\n<div>\n<p>18.1 Martin Gustafsson: Preliminary Remarks on Rules, Meaning and Language<\/p>\n<p>25.1 Hans Rosing: Problemomr\u00e5den inom riskforskningen<\/p>\n<p>1.2 Lars Hertzberg: On the Difference that Faith Makes<\/p>\n<p>8.2 Lydia Williams (Eng. inst.\/\u00c5A): Accounts of Reading<\/p>\n<p>15.2 Joel Backstr\u00f6m: Justice, Love and Self-Love<\/p>\n<p>22.2 Anssi Hynynen: &#8221;Att t\u00e4nka \u00e4r m\u00e4nskligt, att f\u00f6rst\u00e5 gudomligt&#8221; &#8211; om Vico och kunskapen<\/p>\n<p>8.3 Michael Uljens: Undervisning och intersubjektivitet<\/p>\n<p>15.3 Risto Nurmela (TF\/\u00c5A): Sinn, Geist und Verantwortlichkeit: Viktor Frankl \u00fcber Menschenbild und Gottesglauben [Mening, ande och ansvarighet: Viktor Frankl om m\u00e4nniskobild och gudstro]<\/p>\n<p>29.3 Bertel Wahlstr\u00f6m (Katedralskolan, \u00c5bo): Minding<\/p>\n<p>12.4 Alberto Emiliani (Italien): Language and Reality in Wittgenstein&#8217;s Tractatus<\/p>\n<p>19.4 Katja H\u00e4rk\u00f6nen (TY): Moraaliset tasot<\/p>\n<p>26.4 Mirek Tr\u00e4skman: Om d\u00e5rskap och handfallenheten inf\u00f6r de(n) andra<\/p>\n<p>3.5 Tage Kurt\u00e9n (TF\/\u00c5A): Begreppet v\u00e4rde och empiriska unders\u00f6kningar av v\u00e4rderingar<\/p>\n<h2>Program f\u00f6r forskarseminariet i filosofi HT-98:<\/h2>\n<\/div>\n<div>\n<p>21.9 Chryssi Sidiropoulou (Bosphorus University): Sharing a Way of Thinking: Materialists and Dualists on the Inner and the Outer<\/p>\n<p>5.10 Thomas Wallgren (Finlands akademi): Wittgenstein&#8217;s Philosophische Untersuchungen &#8211; a new first philosophy?<\/p>\n<p>12.10 Simo S\u00e4\u00e4tel\u00e4 (Uppsala): Aesthetic Reactions<\/p>\n<p>19.10 P\u00e4r Segerdahl h\u00e5ller seminarium \u00f6ver temat &#8221;Filosofin som verksamhet&#8221;. Seminariet blir samtidigt hans provf\u00f6rel\u00e4sning f\u00f6r docentur i filosofi.<\/p>\n<p>26.10 Joel Backstr\u00f6m &#8211; G\u00f6ran Torrkulla: P\u00e5 jakt efter en inledning: om en moralfilosofisk antologi<\/p>\n<p>2.11 Hannes Nyk\u00e4nen: Simone och grammatiken<\/p>\n<p>9.11 Tage Kurt\u00e9n &#8211; Olli Lagerspetz &#8211; Lars Hertzberg : Moralen och r\u00e4ttssystemet. Presentation av ett planerat forskningsprojekt<\/p>\n<p>16.11 Ylva Gustafsson: Om begreppet r\u00e4dsla<\/p>\n<p>23.11 Olli Lagerspetz: Prim\u00e4ra och sekund\u00e4ra kvaliteter<\/p>\n<p>7.12 Kalle Pihlainen (\u00c5bo universitet): The Poststructuralist Ethic of Anti-Representationalism and the Writing of History<\/p>\n<h2>Program f\u00f6r forskarseminariet i filosofi VT-98:<\/h2>\n<\/div>\n<div>\n<p>21.1 Olli Lagerspetz: Den subjektiva upplevelsen<\/p>\n<p>28.1 Hannes Nyk\u00e4nen: Self-Love and My Neighbour<\/p>\n<p>4.2 Lars Hertzberg: Grammars of the Will (sv)<\/p>\n<p>18.2 Lars Lundsten (Helsingfors universitet): Towards a Reinachian Ontology of Television (sv)<br \/>\nsom bakgrundsinformation: Objects, Images, and Their Dependance Relations<\/p>\n<p>25.2 Martin Gustafsson (Uppsala universitet): Preliminary Remarks on the Relation Between Physical and Intentional Phenomena (sv)<\/p>\n<p>4.3 Matti H\u00e4yry: Applied Philosophy at the Turn of the Millenium<\/p>\n<p>11.3 Kristian Klockars (Helsingfors universitet): Praxis-hermeneutiken och fr\u00e5gan om Sartre moralfilosofi<\/p>\n<p>18.3 Andr\u00e9 Maury (Helsingfors universitet): Kan Heidegger t\u00e4nka?<\/p>\n<p>25.3 Wolfram Eilanberger (Heidelberg): The Cheerful Hope &#8211; Peirce, Kant and the Necessity of God (eng)<\/p>\n<p>1.4 Mario von der Ruhr (Swansea): Kant, Kierkegaard and Eternal Life (eng)<\/p>\n<p>8.4 Anders Burman: Det femte elementet<\/p>\n<p>15.4 Iris Wikstr\u00f6m: Anscombe och Cusanus om vilja och k\u00e4nsla<\/p>\n<p>22.4 Patrizia Hongisto: Brecht&#8217;sTheatre: The Fight for Argumentation in Theatre<br \/>\nBakgrund: Textexempel till Brechts teater i form av Lehrst\u00fcck<\/p>\n<p>29.4 Christian Braw: Den obotliga ensamheten &#8211; Georg Henrik von Wrights kulturkritiska f\u00f6rfattarskap<\/p>\n<p>13.5 Anssi Hynynen: Sj\u00e4lvk\u00e4nnedom och sj\u00e4lvbiografi<\/p>\n<p>14.5 Dewi Z Phillips: Unthinkable &#8211; Unthinkability in Epistemology, Religion, and Ethics (eng)<br \/>\nOBS TORSDAG KLOCKAN 15<\/p>\n<p>20.5 Christian Burman: True Dreams (sv)<\/p>\n<h2>Program f\u00f6r forskarseminariet i filosofi HT-97:<\/h2>\n<\/div>\n<div>\n<p>17.9 Joel Backstr\u00f6m: Om politikens estetisering hos Hannah Arendt<\/p>\n<p>24.9 Dr Ralf Eriksson (Nationalekonomiska institutionen): Homo oeconomicus<\/p>\n<p>1.10 Viktoria Kravtjenko (Statliga Humanistiska Universitetet, Moskva): Rysk mysticism i b\u00f6rjan p\u00e5 1900-talet<\/p>\n<p>8.10 G\u00f6ran Torrkulla: Konst som konst som konst som \u00e4r konstig<\/p>\n<p>15.10 Nikolai Enckell: Om visshet och det personliga i den begreppsliga unders\u00f6kningen<\/p>\n<p>22.10 Anssi Hynynen: Historiska sanningar och sanna historier<\/p>\n<p>29.10 Antti Revonsuo (TY): How to Take Consciousness Seriously in Cognitive Neuroscience<\/p>\n<p>5.11 Patrick Sibelius (Fortbildningscentralen): Mind-Body-problemet<\/p>\n<p>12.11 Mikael Lindfelt (TF): Om idrottens filosofi<\/p>\n<p>26.11 FILOSOFISK TEATER: Eug\u00e8ne Ionesco: Lektionen<\/p>\n<p>10.12 P\u00e4r Segerdahl (Uppsala): Scientific Studies of Aspects of Everyday Life: The Example of Conversation Analysis<\/p>\n<h2>Program f\u00f6r forskarseminariet i filosofi VT-97:<\/h2>\n<\/div>\n<div>\n<p>22.1 Stefan Eriksson (Uppsala): Ord &amp; tro &#8211; En filosofisk unders\u00f6kning av wittgensteinsk religionsf\u00f6rst\u00e5else<\/p>\n<p>29.1 Nils G. Holm: Religionspsykologin som vetenskapsomr\u00e5de idag<\/p>\n<p>5.2 Sami Pihlstr\u00f6m (Helsingfors): Pragmatists as Transcendental Philosophers, and Wittgenstein as a Pragmatist<\/p>\n<p>12.2 Nikolai Enckell: Den begreppsliga unders\u00f6kningens natur<\/p>\n<p>19.2 Hannes Nyk\u00e4nen: Weil and Winch on Supernatural Ethics<\/p>\n<p>26.2 Iris Wikstr\u00f6m: Om aspektblindhet<\/p>\n<p>5.3 Barbara L\u00f6nnqvist: Om metaforen<\/p>\n<p>10.3 Barry Smith (SUNY Buffalo): Truth and the Visual Field<\/p>\n<p>9.4 Benjamin Cole (Swansea): Can the Deity use a Cheat?<\/p>\n<p>16.4 Heikki Saari: Gadamer on Historical Interpretation<\/p>\n<p>23.4 Joel Backstr\u00f6m: Kring minne och mening hos Arendt<\/p>\n<p>14.5 Olli Lagerspetz: Om medvetandet<\/p>\n<p>21.5 Arthur Collins (CUNY): On Wittgenstein&#8217;s Philosophy of Mind<\/p>\n<\/div>\n","protected":false},"excerpt":{"rendered":"<p>Program f\u00f6r forskarseminariet i filosofi HT-99: 13.9 Hildur Kalman (Ume\u00e5): Trust 20.9 Petter Korkman: After the Political Turn 27.9 Bertel Wahlstr\u00f6m: Varieties of Memory 4.10 Sebastian Slotte (Helsingfors universitet): Filosofi i filosofisk praktik? &#8211; Filosofer \u00e4r m\u00e4nniskor men \u00e4r m\u00e4nniskor filosofer? 11.10 Annamari Soini: Halvspr\u00e5kighet och andra myter &#8211; en unders\u00f6kning om f\u00f6rdomar mot tv\u00e5spr\u00e5kighet [&hellip;]<\/p>\n","protected":false},"author":512,"featured_media":0,"parent":112,"menu_order":0,"comment_status":"closed","ping_status":"closed","template":"","meta":{"footnotes":""},"class_list":["post-403","page","type-page","status-publish","hentry"],"_links":{"self":[{"href":"https:\/\/blogs.abo.fi\/filosofi\/wp-json\/wp\/v2\/pages\/403","targetHints":{"allow":["GET"]}}],"collection":[{"href":"https:\/\/blogs.abo.fi\/filosofi\/wp-json\/wp\/v2\/pages"}],"about":[{"href":"https:\/\/blogs.abo.fi\/filosofi\/wp-json\/wp\/v2\/types\/page"}],"author":[{"embeddable":true,"href":"https:\/\/blogs.abo.fi\/filosofi\/wp-json\/wp\/v2\/users\/512"}],"replies":[{"embeddable":true,"href":"https:\/\/blogs.abo.fi\/filosofi\/wp-json\/wp\/v2\/comments?post=403"}],"version-history":[{"count":7,"href":"https:\/\/blogs.abo.fi\/filosofi\/wp-json\/wp\/v2\/pages\/403\/revisions"}],"predecessor-version":[{"id":433,"href":"https:\/\/blogs.abo.fi\/filosofi\/wp-json\/wp\/v2\/pages\/403\/revisions\/433"}],"up":[{"embeddable":true,"href":"https:\/\/blogs.abo.fi\/filosofi\/wp-json\/wp\/v2\/pages\/112"}],"wp:attachment":[{"href":"https:\/\/blogs.abo.fi\/filosofi\/wp-json\/wp\/v2\/media?parent=403"}],"curies":[{"name":"wp","href":"https:\/\/api.w.org\/{rel}","templated":true}]}}