{"id":2,"date":"2011-06-29T12:06:55","date_gmt":"2011-06-29T12:06:55","guid":{"rendered":"http:\/\/blogs.abo.fi\/forskarbloggen\/?page_id=2"},"modified":"2019-01-14T12:38:34","modified_gmt":"2019-01-14T10:38:34","slug":"om","status":"publish","type":"page","link":"https:\/\/blogs.abo.fi\/forskarbloggen\/om\/","title":{"rendered":"Om Forskarbloggen och forskarna som bloggar"},"content":{"rendered":"<p>\u00c5bo Akademis Forskarblogg startade i september 2011. <strong>I \u00e5rsskiftet 2018\u20132019 slogs Forskarbloggen ihop med \u00c5bo Akademis <a href=\"https:\/\/blogs.abo.fi\/personalbloggen\/\">Personalblogg<\/a>.<\/strong><\/p>\n<p>H\u00e4r nedan kan du se alla forskarbloggare som skrev i bloggen mellan september 2011 och december 2018.<\/p>\n<p><strong>Klicka dig fram till <a href=\"https:\/\/blogs.abo.fi\/personalbloggen\/category\/forskarbloggare\/\">blogs.abo.fi\/personalbloggen\/category\/forskarbloggare\/<\/a> f\u00f6r nyare blogginl\u00e4gg av \u00c5bo Akademis forskare.<\/strong><\/p>\n<table border=\"0\" width=\"100%\" cellspacing=\"0\" cellpadding=\"5\" align=\"center\">\n<tbody>\n<tr valign=\"top\">\n<td style=\"text-align: center;\"><img loading=\"lazy\" decoding=\"async\" class=\"size-full wp-image-134 alignnone\" title=\"Bengtsson_blogg_2\" src=\"http:\/\/blogs.abo.fi\/forskarbloggen\/files\/Bengtsson_blogg_2.jpg\" alt=\"\u00c5sa Bengtsson\" width=\"170\" height=\"220\" \/><br \/>\nAkademiforskare<br \/>\n<strong><a href=\"http:\/\/blogs.abo.fi\/forskarbloggen\/category\/bengtsson\/\">\u00c5sa Bengtsson<\/a><\/strong>,<br \/>\ninstitutet f\u00f6r samh\u00e4llsforskning<\/td>\n<td style=\"text-align: center;\"><img loading=\"lazy\" decoding=\"async\" class=\"size-full wp-image-9 alignnone\" title=\"Eklund_blogg\" src=\"http:\/\/blogs.abo.fi\/forskarbloggen\/files\/Eklund_blogg.jpg\" alt=\"Olav Eklund\" width=\"170\" height=\"220\" \/><br \/>\nProfessor<br \/>\n<strong><a href=\"http:\/\/blogs.abo.fi\/forskarbloggen\/category\/eklund\/\">Olav Eklund<\/a><\/strong>,<br \/>\ngeologi<\/td>\n<\/tr>\n<tr>\n<td colspan=\"2\"><\/td>\n<\/tr>\n<tr valign=\"top\">\n<td style=\"text-align: center;\"><img loading=\"lazy\" decoding=\"async\" class=\"alignnone size-full wp-image-2522\" src=\"http:\/\/blogs.abo.fi\/forskarbloggen\/files\/Fagerstrom.jpg\" alt=\"Lisbeth Fagerstr\u00f6m\" width=\"170\" height=\"220\" \/><br \/>\nProfessor<br \/>\n<a href=\"http:\/\/blogs.abo.fi\/forskarbloggen\/category\/lisbeth-fagerstrom\/\"><strong>Lisbeth Fagerstr\u00f6m<\/strong><\/a>,<br \/>\nv\u00e5rdvetenskap<\/td>\n<td style=\"text-align: center;\"><img loading=\"lazy\" decoding=\"async\" class=\"size-full wp-image-15 alignnone\" title=\"Heila-Ylikallio_blogg\" src=\"http:\/\/blogs.abo.fi\/forskarbloggen\/files\/Heila-Ylikallio_blogg.jpg\" alt=\"Ria Heil\u00e4-Ylikallio\" width=\"170\" height=\"220\" \/><br \/>\nProfessor<br \/>\n<strong><a href=\"http:\/\/blogs.abo.fi\/forskarbloggen\/category\/heila-ylikallio\/\">Ria Heil\u00e4-Ylikallio<\/a><\/strong>,<br \/>\nspr\u00e5k- och kulturvetenskapernas didaktik<\/td>\n<\/tr>\n<tr>\n<td colspan=\"2\"><\/td>\n<\/tr>\n<tr valign=\"top\">\n<td style=\"text-align: center;\"><img loading=\"lazy\" decoding=\"async\" class=\"alignnone size-full wp-image-2508\" src=\"http:\/\/blogs.abo.fi\/forskarbloggen\/files\/Hilli.jpg\" alt=\"Charlotta Hilli\" width=\"170\" height=\"220\" \/><br \/>\nUniversitetsl\u00e4rare<br \/>\n<a href=\"http:\/\/blogs.abo.fi\/forskarbloggen\/category\/charlotta-hilli\/\"><strong>Charlotta Hilli<\/strong><\/a>,<br \/>\npedagogik<\/td>\n<td style=\"text-align: center;\"><img loading=\"lazy\" decoding=\"async\" class=\"size-full wp-image-14 alignnone\" title=\"Holmberg_blogg\" src=\"http:\/\/blogs.abo.fi\/forskarbloggen\/files\/Holmberg_blogg.jpg\" alt=\"Kim Holmberg\" width=\"170\" height=\"220\" \/><br \/>\nUniversitetsl\u00e4rare<br \/>\n<strong><a href=\"http:\/\/blogs.abo.fi\/forskarbloggen\/category\/holmberg\/\">Kim Holmberg<\/a><\/strong>,<br \/>\ninformationsvetenskap<\/td>\n<\/tr>\n<tr>\n<td colspan=\"2\"><\/td>\n<\/tr>\n<tr valign=\"top\">\n<td style=\"text-align: center;\"><img loading=\"lazy\" decoding=\"async\" class=\"aligncenter size-full wp-image-1559\" src=\"http:\/\/blogs.abo.fi\/forskarbloggen\/files\/Holmqvist.jpg\" alt=\"Sofia Holmqvist\" width=\"170\" height=\"220\" \/>\u00a0Doktorand<br \/>\n<strong><a href=\"http:\/\/blogs.abo.fi\/forskarbloggen\/category\/holmqvist\/\">Sofia Holmqvist<\/a><\/strong>,<br \/>\nlogopedi<\/td>\n<td style=\"text-align: center;\"><img loading=\"lazy\" decoding=\"async\" class=\"aligncenter wp-image-1783 size-full\" title=\"Andreas H\u00e4ger\" src=\"http:\/\/blogs.abo.fi\/forskarbloggen\/files\/Hager.jpg\" alt=\"Andreas H\u00e4ger\" width=\"170\" height=\"220\" \/>\u00a0Akademilektor<br \/>\n<strong><a href=\"http:\/\/blogs.abo.fi\/forskarbloggen\/category\/andreas-hager\/\">Andreas H\u00e4ger<\/a><\/strong>,<br \/>\nsociologi<\/td>\n<\/tr>\n<tr>\n<td colspan=\"2\"><\/td>\n<\/tr>\n<tr valign=\"top\">\n<td style=\"text-align: center;\"><img loading=\"lazy\" decoding=\"async\" class=\"alignnone size-full wp-image-136\" src=\"http:\/\/blogs.abo.fi\/forskarbloggen\/files\/Saara_Inkinen_blogg.jpg\" alt=\"Saara Inkinen\" width=\"170\" height=\"220\" \/><br \/>\nForskare<br \/>\n<strong><a href=\"http:\/\/blogs.abo.fi\/forskarbloggen\/category\/inkinen\/\">Saara Inkinen<\/a><\/strong>,<br \/>\nteknisk polymerkemi<\/td>\n<td style=\"text-align: center;\"><img loading=\"lazy\" decoding=\"async\" class=\"alignnone wp-image-1084 size-full\" title=\"Hannah Kaihovirta\" src=\"http:\/\/blogs.abo.fi\/forskarbloggen\/files\/Kaihovirta-Rosvik.jpg\" alt=\"Hannah Kaihovirta\" width=\"170\" height=\"220\" \/><br \/>\nUniversitetsl\u00e4rare<br \/>\n<strong><a href=\"http:\/\/blogs.abo.fi\/forskarbloggen\/category\/kaihovirta\/\">Hannah Kaihovirta<\/a><\/strong>,<br \/>\nspr\u00e5k- och kulturvetenskapernas didaktik<\/td>\n<\/tr>\n<tr>\n<td colspan=\"2\"><\/td>\n<\/tr>\n<tr valign=\"top\">\n<td style=\"text-align: center;\"><img loading=\"lazy\" decoding=\"async\" class=\"alignnone size-full wp-image-2523\" src=\"http:\/\/blogs.abo.fi\/forskarbloggen\/files\/Larjavaara.jpg\" alt=\"Meri Larjavaara\" width=\"170\" height=\"220\" \/><br \/>\nProfessor<br \/>\n<a href=\"http:\/\/blogs.abo.fi\/forskarbloggen\/category\/meri-larjavaara\/\"><strong>Meri Larjavaara<\/strong><\/a>,<br \/>\nfranska<\/td>\n<td style=\"text-align: center;\"><img loading=\"lazy\" decoding=\"async\" class=\"size-full wp-image-1083 alignnone\" title=\"Lindholm\" src=\"http:\/\/blogs.abo.fi\/forskarbloggen\/files\/Lindholm.jpg\" alt=\"Christer Lindholm\" width=\"170\" height=\"220\" \/><br \/>\nTiml\u00e4rare<br \/>\n<strong><a href=\"http:\/\/blogs.abo.fi\/forskarbloggen\/category\/lindholm\/\">Christer Lindholm<\/a><\/strong>,<br \/>\nnationalekonomi<\/td>\n<\/tr>\n<tr>\n<td colspan=\"2\"><\/td>\n<\/tr>\n<tr valign=\"top\">\n<td style=\"text-align: center;\"><img loading=\"lazy\" decoding=\"async\" class=\"alignnone wp-image-2504 size-full\" src=\"http:\/\/blogs.abo.fi\/forskarbloggen\/files\/Mannila.jpg\" alt=\"Linda Mannila\" width=\"170\" height=\"220\" \/><br \/>\nProjektforskare<br \/>\n<strong><a href=\"http:\/\/blogs.abo.fi\/forskarbloggen\/category\/mannila\/\">Linda Mannila<\/a><\/strong>,<br \/>\ndatavetenskap<\/td>\n<td style=\"text-align: center;\"><img loading=\"lazy\" decoding=\"async\" class=\"alignnone wp-image-1114 size-full\" title=\"Johanna Mattila\" src=\"http:\/\/blogs.abo.fi\/forskarbloggen\/files\/Mattila.jpg\" alt=\"Johanna Mattila\" width=\"170\" height=\"220\" \/><br \/>\nStationsf\u00f6rest\u00e5ndare<br \/>\n<strong><a href=\"http:\/\/blogs.abo.fi\/forskarbloggen\/category\/mattila\/\">Johanna Mattila<\/a><\/strong>,<br \/>\nbiologi<\/td>\n<\/tr>\n<tr>\n<td colspan=\"2\"><\/td>\n<\/tr>\n<tr valign=\"top\">\n<td style=\"text-align: center;\"><img loading=\"lazy\" decoding=\"async\" class=\"alignnone wp-image-136 size-full\" title=\"Peter Nynas\" src=\"http:\/\/blogs.abo.fi\/forskarbloggen\/files\/Nynas_blogg_2.jpg\" alt=\"Peter Nyn\u00e4s\" width=\"170\" height=\"220\" \/><br \/>\nProfessor<br \/>\n<strong><a href=\"http:\/\/blogs.abo.fi\/forskarbloggen\/category\/nynas\/\">Peter Nyn\u00e4s<\/a><\/strong>,<br \/>\nreligionsvetenskap<\/td>\n<td style=\"text-align: center;\"><img loading=\"lazy\" decoding=\"async\" class=\"aligncenter size-full wp-image-1999\" src=\"http:\/\/blogs.abo.fi\/forskarbloggen\/files\/Nasman.jpg\" alt=\"Marina N\u00e4sman\" width=\"170\" height=\"220\" \/>Doktorand<br \/>\n<strong><a href=\"http:\/\/blogs.abo.fi\/forskarbloggen\/category\/marina-nasman\/\">Marina N\u00e4sman<\/a><\/strong>,<br \/>\nsocialpolitik<\/td>\n<\/tr>\n<tr>\n<td colspan=\"2\"><\/td>\n<\/tr>\n<tr valign=\"top\">\n<td style=\"text-align: center;\"><img loading=\"lazy\" decoding=\"async\" class=\"aligncenter wp-image-2363 size-full\" src=\"http:\/\/blogs.abo.fi\/forskarbloggen\/files\/Pirjatanniemi-1.jpg\" width=\"170\" height=\"220\" \/>Professor<br \/>\n<strong><a href=\"http:\/\/blogs.abo.fi\/forskarbloggen\/category\/elina-pirjatanniemi\/\">Elina Pirjatanniemi<\/a><\/strong>,<br \/>\nstatsr\u00e4tt och folkr\u00e4tt<\/td>\n<td style=\"text-align: center;\"><img loading=\"lazy\" decoding=\"async\" class=\"alignnone wp-image-12 size-full\" title=\"Tapio Salmi\" src=\"http:\/\/blogs.abo.fi\/forskarbloggen\/files\/Salmi_blogg.jpg\" alt=\"Tapio Salmi\" width=\"170\" height=\"220\" \/><br \/>\nProfessor<br \/>\n<strong><a href=\"http:\/\/blogs.abo.fi\/forskarbloggen\/category\/salmi\/\">Tapio Salmi<\/a><\/strong>,<br \/>\nteknisk kemi och reaktionsteknik<\/td>\n<\/tr>\n<tr>\n<td colspan=\"2\"><\/td>\n<\/tr>\n<tr valign=\"top\">\n<td style=\"text-align: center;\"><img loading=\"lazy\" decoding=\"async\" class=\"alignnone wp-image-1939 size-full\" title=\"Anna Soveri\" src=\"http:\/\/blogs.abo.fi\/forskarbloggen\/files\/Soveri.jpg\" alt=\"Anna Soveri\" width=\"170\" height=\"220\" \/><br \/>\nForskardoktor<br \/>\n<strong><a href=\"http:\/\/blogs.abo.fi\/forskarbloggen\/category\/anna-soveri\/\">Anna Soveri<\/a><\/strong>,<br \/>\npsykologi<\/td>\n<td style=\"text-align: center;\"><img loading=\"lazy\" decoding=\"async\" class=\"alignnone size-full wp-image-2498\" src=\"http:\/\/blogs.abo.fi\/forskarbloggen\/files\/Tuori.jpg\" alt=\"Salla Tuori\" width=\"170\" height=\"220\" \/><br \/>\nBitr\u00e4dande professor<br \/>\n<strong><a href=\"http:\/\/blogs.abo.fi\/forskarbloggen\/category\/salla-tuori\/\">Salla Tuori<\/a><\/strong>,<br \/>\ngenusvetenskap<\/td>\n<\/tr>\n<tr>\n<td colspan=\"2\"><\/td>\n<\/tr>\n<tr valign=\"top\">\n<td style=\"text-align: center;\"><img loading=\"lazy\" decoding=\"async\" class=\"alignnone size-full wp-image-1110\" title=\"Wahlberg_blogg\" src=\"http:\/\/blogs.abo.fi\/forskarbloggen\/files\/Wahlberg_blogg.jpg\" alt=\"Birgitta Wahlberg\" width=\"170\" height=\"220\" \/><br \/>\nForskare<br \/>\n<strong><a href=\"http:\/\/blogs.abo.fi\/forskarbloggen\/category\/wahlberg\/\">Birgitta Wahlberg<\/a><\/strong>,<br \/>\noffentlig r\u00e4tt<\/td>\n<td style=\"text-align: center;\"><img loading=\"lazy\" decoding=\"async\" class=\"alignnone wp-image-1940 size-full\" title=\"Gunilla Wid\u00e9n\" src=\"http:\/\/blogs.abo.fi\/forskarbloggen\/files\/Widen.jpg\" alt=\"Gunilla Wid\u00e9n\" width=\"170\" height=\"220\" \/><br \/>\nProfessor<br \/>\n<strong><a href=\"http:\/\/blogs.abo.fi\/forskarbloggen\/category\/gunilla-widen\/\">Gunilla Wid\u00e9n<\/a><\/strong>,<br \/>\ninformationsvetenskap<\/td>\n<\/tr>\n<\/tbody>\n<\/table>\n<p>&nbsp;<\/p>\n","protected":false},"excerpt":{"rendered":"<p>\u00c5bo Akademis Forskarblogg startade i september 2011. I \u00e5rsskiftet 2018\u20132019 slogs Forskarbloggen ihop med \u00c5bo Akademis Personalblogg. H\u00e4r nedan kan du se alla forskarbloggare som skrev i bloggen mellan september 2011 och december 2018. Klicka dig fram till blogs.abo.fi\/personalbloggen\/category\/forskarbloggare\/ f\u00f6r nyare blogginl\u00e4gg av \u00c5bo Akademis forskare. Akademiforskare \u00c5sa Bengtsson, institutet f\u00f6r samh\u00e4llsforskning Professor Olav Eklund, [&hellip;]<\/p>\n","protected":false},"author":1,"featured_media":0,"parent":0,"menu_order":0,"comment_status":"closed","ping_status":"open","template":"","meta":{"footnotes":""},"class_list":["post-2","page","type-page","status-publish","hentry"],"_links":{"self":[{"href":"https:\/\/blogs.abo.fi\/forskarbloggen\/wp-json\/wp\/v2\/pages\/2","targetHints":{"allow":["GET"]}}],"collection":[{"href":"https:\/\/blogs.abo.fi\/forskarbloggen\/wp-json\/wp\/v2\/pages"}],"about":[{"href":"https:\/\/blogs.abo.fi\/forskarbloggen\/wp-json\/wp\/v2\/types\/page"}],"author":[{"embeddable":true,"href":"https:\/\/blogs.abo.fi\/forskarbloggen\/wp-json\/wp\/v2\/users\/1"}],"replies":[{"embeddable":true,"href":"https:\/\/blogs.abo.fi\/forskarbloggen\/wp-json\/wp\/v2\/comments?post=2"}],"version-history":[{"count":70,"href":"https:\/\/blogs.abo.fi\/forskarbloggen\/wp-json\/wp\/v2\/pages\/2\/revisions"}],"predecessor-version":[{"id":2888,"href":"https:\/\/blogs.abo.fi\/forskarbloggen\/wp-json\/wp\/v2\/pages\/2\/revisions\/2888"}],"wp:attachment":[{"href":"https:\/\/blogs.abo.fi\/forskarbloggen\/wp-json\/wp\/v2\/media?parent=2"}],"curies":[{"name":"wp","href":"https:\/\/api.w.org\/{rel}","templated":true}]}}