{"id":125,"date":"2024-07-03T18:58:04","date_gmt":"2024-07-03T16:58:04","guid":{"rendered":"https:\/\/blogs.abo.fi\/hhaamikromeriter\/?page_id=125"},"modified":"2024-09-04T13:16:33","modified_gmt":"2024-09-04T11:16:33","slug":"service-design-konsumentbeteende","status":"publish","type":"page","link":"https:\/\/blogs.abo.fi\/hhaamikromeriter\/service-design-konsumentbeteende\/","title":{"rendered":"Service Design and Customer Journeys"},"content":{"rendered":"<p>Kursen ges p\u00e5 engelska. Om man vill delta fysiskt p\u00e5 campus \u00e4r kursen en del av v\u00e5r svenskspr\u00e5kiga kurs Konsumentbeteende och g\u00e5r d\u00e5 att avl\u00e4gga p\u00e5 svenska eller engelska.<\/p>\n<h5>Contents<\/h5>\n<p style=\"font-weight: 400\">The course introduces participants to the basics of customer experience, customer journeys and service design.<\/p>\n<p style=\"font-weight: 400\">For any company, the ability to offer positive customer experiences has become a core competitive advantage. This course provides a customer centric perspective on service design, focusing on a variety of tools that can help in designing offerings across a series of touchpoints to support successful customer experiences and create value in the overall customer journey. Students will learn the basic concepts and models in the fields of customer experience and service design. The tools and insights are implemented in a practical course project.<\/p>\n<p style=\"font-weight: 400\">Core themes: Offerings as service, customer value, customer experience, customer journey, service design<\/p>\n<h5>Learning goals:<\/h5>\n<p style=\"font-weight: 400\">After the course, the learner can<\/p>\n<ul style=\"font-weight: 400\">\n<li>Describe basic theoretical concepts and models for analyzing the emergence of customer experience within customer journeys<\/li>\n<li>Describe a set of service design methods that focus on customer journeys, and explain the role of customer insight within these methods<\/li>\n<li>Apply service design methods to solve a practical business problem<\/li>\n<\/ul>\n<p>&nbsp;<\/p>\n<p><a href=\"https:\/\/crm.abo.fi\/Events\/3750\/Apply\"><img loading=\"lazy\" decoding=\"async\" class=\"alignnone size-medium wp-image-192\" src=\"https:\/\/blogs.abo.fi\/hhaamikromeriter\/files\/2024\/07\/Aktuell-kurs-Service-Design-September-Anmalningen-oppen-12-31.8-3-300x75.png\" alt=\"\" width=\"300\" height=\"75\" srcset=\"https:\/\/blogs.abo.fi\/hhaamikromeriter\/files\/2024\/07\/Aktuell-kurs-Service-Design-September-Anmalningen-oppen-12-31.8-3-300x75.png 300w, https:\/\/blogs.abo.fi\/hhaamikromeriter\/files\/2024\/07\/Aktuell-kurs-Service-Design-September-Anmalningen-oppen-12-31.8-3-1024x256.png 1024w, https:\/\/blogs.abo.fi\/hhaamikromeriter\/files\/2024\/07\/Aktuell-kurs-Service-Design-September-Anmalningen-oppen-12-31.8-3-768x192.png 768w, https:\/\/blogs.abo.fi\/hhaamikromeriter\/files\/2024\/07\/Aktuell-kurs-Service-Design-September-Anmalningen-oppen-12-31.8-3-1536x384.png 1536w, https:\/\/blogs.abo.fi\/hhaamikromeriter\/files\/2024\/07\/Aktuell-kurs-Service-Design-September-Anmalningen-oppen-12-31.8-3.png 1584w\" sizes=\"auto, (max-width: 300px) 100vw, 300px\" \/><\/a><\/p>\n<p>&nbsp;<\/p>\n","protected":false},"excerpt":{"rendered":"<p>Kursen ges p\u00e5 engelska. Om man vill delta fysiskt p\u00e5 campus \u00e4r kursen en del av v\u00e5r svenskspr\u00e5kiga kurs Konsumentbeteende och g\u00e5r d\u00e5 att avl\u00e4gga p\u00e5 svenska eller engelska. Contents The course introduces participants to the basics of customer experience, customer journeys and service design. For any company, the ability to offer positive customer experiences &hellip; <\/p>\n<p class=\"link-more\"><a href=\"https:\/\/blogs.abo.fi\/hhaamikromeriter\/service-design-konsumentbeteende\/\" class=\"more-link\">Forts\u00e4tt l\u00e4sa<span class=\"screen-reader-text\"> \u201dService Design and Customer Journeys\u201d<\/span><\/a><\/p>\n","protected":false},"author":774,"featured_media":0,"parent":0,"menu_order":0,"comment_status":"closed","ping_status":"closed","template":"","meta":{"footnotes":""},"class_list":["post-125","page","type-page","status-publish","hentry"],"_links":{"self":[{"href":"https:\/\/blogs.abo.fi\/hhaamikromeriter\/wp-json\/wp\/v2\/pages\/125","targetHints":{"allow":["GET"]}}],"collection":[{"href":"https:\/\/blogs.abo.fi\/hhaamikromeriter\/wp-json\/wp\/v2\/pages"}],"about":[{"href":"https:\/\/blogs.abo.fi\/hhaamikromeriter\/wp-json\/wp\/v2\/types\/page"}],"author":[{"embeddable":true,"href":"https:\/\/blogs.abo.fi\/hhaamikromeriter\/wp-json\/wp\/v2\/users\/774"}],"replies":[{"embeddable":true,"href":"https:\/\/blogs.abo.fi\/hhaamikromeriter\/wp-json\/wp\/v2\/comments?post=125"}],"version-history":[{"count":8,"href":"https:\/\/blogs.abo.fi\/hhaamikromeriter\/wp-json\/wp\/v2\/pages\/125\/revisions"}],"predecessor-version":[{"id":258,"href":"https:\/\/blogs.abo.fi\/hhaamikromeriter\/wp-json\/wp\/v2\/pages\/125\/revisions\/258"}],"wp:attachment":[{"href":"https:\/\/blogs.abo.fi\/hhaamikromeriter\/wp-json\/wp\/v2\/media?parent=125"}],"curies":[{"name":"wp","href":"https:\/\/api.w.org\/{rel}","templated":true}]}}