{"id":291,"date":"2024-11-18T13:23:58","date_gmt":"2024-11-18T12:23:58","guid":{"rendered":"https:\/\/blogs.abo.fi\/hhaamikromeriter\/?page_id=291"},"modified":"2024-11-18T22:23:41","modified_gmt":"2024-11-18T21:23:41","slug":"faqs","status":"publish","type":"page","link":"https:\/\/blogs.abo.fi\/hhaamikromeriter\/faqs\/","title":{"rendered":"FAQs"},"content":{"rendered":"<p><strong>Vem har nytta av mikromeriter?<\/strong><\/p>\n<p style=\"font-weight: 400\">Mikromeriter riktar sej till yrkesverksamma oavsett \u00e5lder och bakgrund, \u00e4ven arbetsl\u00f6sa, entrepren\u00f6rer och\/eller tidvis projektanst\u00e4llda. Mikromeriter har som m\u00e5ls\u00e4ttning att \u00f6ka kunskapsniv\u00e5n hos individer f\u00f6r att dessa ska kunna bygga sin karri\u00e4r. Att inh\u00e4mta ny kunskap ska inte automatiskt inneb\u00e4ra l\u00e5nga och dyra utbildningar, utan kan \u00e4ven vara korta l\u00e4roupplevelser.<\/p>\n<p style=\"font-weight: 400\">Mikromeriter anv\u00e4nds brett inom olika utbildningar och sektorer f\u00f6r att m\u00f6ta arbetslivets krav. EU har 2022 godk\u00e4nt en europeisk rekommendation f\u00f6r mikromeriter. Du f\u00e5r g\u00e4rna l\u00e4sa mera om den h\u00e4r [https:\/\/education.ec.europa.eu\/sv\/education-levels\/higher-education\/micro-credentials].<\/p>\n<p>&nbsp;<\/p>\n<p><strong>\u00c4r mikromeriter annorlunda fr\u00e5n traditionella kurser vid ett universitet?<\/strong><\/p>\n<p style=\"font-weight: 400\">Svaret \u00e4r b\u00e5de jo och nej. Mikromeriter h\u00e5ller samma h\u00f6gklassiga kvalitet vad g\u00e4ller inneh\u00e5llet (forskningsbaserad kurs) men avviker i form av l\u00e4ngd och omfattning. Vid \u00c5bo Akademi \u00e4r en kurs normalt fem studiepo\u00e4ng, medan mikromeriter kan omfatta ett eller tv\u00e5 (eller flera) studiepo\u00e4ng. Ett studiepo\u00e4ng motsvarar ca 27 timmar arbetstid.<\/p>\n<p>&nbsp;<\/p>\n<p><strong>F\u00e5r man ett certifikat eller annat bevis \u00f6ver avslutad mikromerit?<\/strong><\/p>\n<p style=\"font-weight: 400\">D\u00e5 kursen \u00e4r genomf\u00f6rd och godk\u00e4nd registreras prestationen (studiepo\u00e4ng) i \u00c5bo Akademis studieregister (som heter Peppi). Det \u00e4r universitets uppgift att registrera studieprestationer och den l\u00e4rande kan s\u00e5ledes r\u00e4kna prestationerna till godo i senare examen (t.ex. magisterprogram, endera vid \u00c5bo Akademi eller annan utbildningsenhet).<\/p>\n<p style=\"font-weight: 400\">Ut\u00f6ver registrerade studiepo\u00e4ng f\u00e5r du \u00e4ven ett certifikat \u00f6ver genomf\u00f6rd kurs. Vi jobbar f\u00f6r n\u00e4rvarande med att ta fram ett s\u00e5 kallat digitalt m\u00e4rke (digital badge).<\/p>\n<p>&nbsp;<\/p>\n<p><strong>Varf\u00f6r kostar utbildningen?<\/strong><\/p>\n<p style=\"font-weight: 400\">Mikromeriter \u00e4r korta kurser med specifikt inneh\u00e5ll, som baserar sej p\u00e5 forskning och specialkunskap hos den forskande och undervisande personalen vid \u00c5bo Akademi. Mikromeriterna ing\u00e5r inte n\u00f6dv\u00e4ndigtvis i undervisningsprogrammet f\u00f6r examensstuderande vid \u00c5bo Akademi eller i det utbud som det \u00d6ppna universitetet erbjuder. Mikromeriterna \u00e4r oftast inte bundna till fastslagna tidtabeller, vilket ger flexibilitet till den l\u00e4rande. Vi garanterar dock h\u00f6gklassig och forskningsbaserad utbildning inom utvalda omr\u00e5den, som erbjuds endast i form av mikromeriter (korta l\u00e4roupplevelser).<\/p>\n<p>&nbsp;<\/p>\n<p><strong>Hur ska jag kombinera kurserna?<\/strong><\/p>\n<p style=\"font-weight: 400\">Mikromeriter kan kombineras p\u00e5 olika s\u00e4tt, t.ex. s\u00e5 att du f\u00f6rdjupar dej inom ett visst tema eller breddar p\u00e5 din kunskap inom m\u00e5nga olika omr\u00e5den. Det beror het enkelt p\u00e5 ditt eget behov.<\/p>\n<p>&nbsp;<\/p>\n<p><strong>Kan jag avl\u00e4gga en mikromerit n\u00e4r som helst?<\/strong><\/p>\n<p style=\"font-weight: 400\">H\u00f6sten 2024 och v\u00e5ren 2025 erbjuder vi tv\u00e5 helheter, under vilka ett antal kurser finns till f\u00f6rfogande. Dessa \u00e4r Business development (<a href=\"https:\/\/blogs.abo.fi\/hhaamikromeriter\/business-development\/\">l\u00e4s mer h\u00e4r<\/a>) och The business of Human Rights (<a href=\"https:\/\/blogs.abo.fi\/hhaamikromeriter\/the-business-of-human-rights\/\">l\u00e4s mer h\u00e4r<\/a>). I Business Development-helheten kan du anm\u00e4la dej till kurserna fortl\u00f6pande och genomf\u00f6ra dem enligt egen tidtabell \u00e4nda till 31.5.2025. Kurserna i The Business of Human Rights g\u00e5r under perioden januari-maj 2025 och du har m\u00f6jlighet att delta i evenemang p\u00e5 campus, om du s\u00e5 \u00f6nskar. Kurserna g\u00e5r givetvis att genomf\u00f6ra \u00e4ven utan att delta online eller p\u00e5 plats, men den m\u00f6jligheten erbjuds i och med att The Business of Human Rights erbjuds \u00e4ven examensstuderande under samma period. Detta m\u00f6jligg\u00f6r att du som deltagare kan lyssna p\u00e5 intressanta g\u00e4ster och f\u00f6rel\u00e4sare i kurserna eller delta i diskussioner med \u00f6vriga l\u00e4rande.<\/p>\n<p>&nbsp;<\/p>\n<p><strong>Hur g\u00e5r kursen fram\u00e5t?<\/strong><\/p>\n<p style=\"font-weight: 400\">Varje kurs har en examinator som \u00e4r i kontakt med dej, bl.a. genom att ge feedback p\u00e5 m\u00f6jliga skriftliga inl\u00e4mningar och andra uppgifter du g\u00f6r inom ramen f\u00f6r kursen. Generellt sett f\u00e5r du feedback ca en vecka efter att du l\u00e4mnat in en uppgift. I vissa kurser tr\u00e4ffar du examinator online f\u00f6r diskussioner. Vi anv\u00e4nder en bred palett av metoder f\u00f6r att g\u00f6ra l\u00e4rande s\u00e5 effektivt som m\u00f6jligt.<\/p>\n<p>&nbsp;<\/p>\n<p><strong>Finns kurserna online eller m\u00e5ste jag delta p\u00e5 campus?<\/strong><\/p>\n<p style=\"font-weight: 400\">Kurserna n\u00e5s via Digicampus.fi och kan avl\u00e4ggas online (p\u00e5 distans). I vissa fall erbjuds m\u00f6jlighet att delta i g\u00e4stf\u00f6rel\u00e4sningar och workshops b\u00e5de virtuellt och p\u00e5 kampus. Att delta i en kurs f\u00f6ruts\u00e4tter inte att du deltar fysiskt p\u00e5 campus.<\/p>\n<p>&nbsp;<\/p>\n<p><strong>\u201dJag hinner inte. Kan jag avboka min anm\u00e4lan\u201d?<\/strong><\/p>\n<p style=\"font-weight: 400\">Du har m\u00f6jlighet att avboka din anm\u00e4lan och f\u00e5 \u00e5terbetalning om du meddelar om detta inom tv\u00e5 veckor efter anm\u00e4lan och f\u00f6rutsatt att du inte p\u00e5b\u00f6rjat kursen (t.ex. l\u00e4mnat in arbete som kommenterats av examinator).<\/p>\n<p>&nbsp;<\/p>\n<p><strong>Vilka \u00e4r kriterierna f\u00f6r att bli godk\u00e4nd i kursen?<\/strong><\/p>\n<p style=\"font-weight: 400\">F\u00f6r att bli godk\u00e4nd ska alla uppgifter vara inl\u00e4mnade och godk\u00e4nda av examinator. En uppgift \u00e4r alltid skriftligt beskriven men kan genomf\u00f6ras p\u00e5 olika s\u00e4tt, beroende p\u00e5 instruktionerna (skriftligt, muntligt, video-baserat, quiz osv.). Materialet du ombeds ta del av i mikromeritkurserna kan vara en akademisk artikel, ett bokkapitel, en podcast eller YouTube-video; det beror p\u00e5 syftet med \u00f6vningen. I s\u00e5 gott som alla mikromeritkurser har du m\u00f6jlighet att reflektera \u00f6ver din egen yrkesroll och den egna arbetsplatsen samt utvecklingsm\u00f6jligheter med h\u00e4nsyn till kursens tema.<\/p>\n<p style=\"font-weight: 400\">\n","protected":false},"excerpt":{"rendered":"<p>Vem har nytta av mikromeriter? Mikromeriter riktar sej till yrkesverksamma oavsett \u00e5lder och bakgrund, \u00e4ven arbetsl\u00f6sa, entrepren\u00f6rer och\/eller tidvis projektanst\u00e4llda. Mikromeriter har som m\u00e5ls\u00e4ttning att \u00f6ka kunskapsniv\u00e5n hos individer f\u00f6r att dessa ska kunna bygga sin karri\u00e4r. Att inh\u00e4mta ny kunskap ska inte automatiskt inneb\u00e4ra l\u00e5nga och dyra utbildningar, utan kan \u00e4ven vara korta l\u00e4roupplevelser. &hellip; <\/p>\n<p class=\"link-more\"><a href=\"https:\/\/blogs.abo.fi\/hhaamikromeriter\/faqs\/\" class=\"more-link\">Forts\u00e4tt l\u00e4sa<span class=\"screen-reader-text\"> \u201dFAQs\u201d<\/span><\/a><\/p>\n","protected":false},"author":774,"featured_media":0,"parent":0,"menu_order":0,"comment_status":"closed","ping_status":"closed","template":"","meta":{"footnotes":""},"class_list":["post-291","page","type-page","status-publish","hentry"],"_links":{"self":[{"href":"https:\/\/blogs.abo.fi\/hhaamikromeriter\/wp-json\/wp\/v2\/pages\/291","targetHints":{"allow":["GET"]}}],"collection":[{"href":"https:\/\/blogs.abo.fi\/hhaamikromeriter\/wp-json\/wp\/v2\/pages"}],"about":[{"href":"https:\/\/blogs.abo.fi\/hhaamikromeriter\/wp-json\/wp\/v2\/types\/page"}],"author":[{"embeddable":true,"href":"https:\/\/blogs.abo.fi\/hhaamikromeriter\/wp-json\/wp\/v2\/users\/774"}],"replies":[{"embeddable":true,"href":"https:\/\/blogs.abo.fi\/hhaamikromeriter\/wp-json\/wp\/v2\/comments?post=291"}],"version-history":[{"count":4,"href":"https:\/\/blogs.abo.fi\/hhaamikromeriter\/wp-json\/wp\/v2\/pages\/291\/revisions"}],"predecessor-version":[{"id":324,"href":"https:\/\/blogs.abo.fi\/hhaamikromeriter\/wp-json\/wp\/v2\/pages\/291\/revisions\/324"}],"wp:attachment":[{"href":"https:\/\/blogs.abo.fi\/hhaamikromeriter\/wp-json\/wp\/v2\/media?parent=291"}],"curies":[{"name":"wp","href":"https:\/\/api.w.org\/{rel}","templated":true}]}}