{"id":49,"date":"2024-06-20T02:55:51","date_gmt":"2024-06-20T00:55:51","guid":{"rendered":"https:\/\/blogs.abo.fi\/hhaamikromeriter\/?page_id=49"},"modified":"2024-09-12T13:31:29","modified_gmt":"2024-09-12T11:31:29","slug":"priser","status":"publish","type":"page","link":"https:\/\/blogs.abo.fi\/hhaamikromeriter\/priser\/","title":{"rendered":"Priser"},"content":{"rendered":"<p>&nbsp;<\/p>\n<p><strong>Business Development kurserna:<\/strong><\/p>\n<p>Service Design and Customer Journeys \u00a0 \u00a0 \u00a0150\u20ac (ing\u00e5r moms 25,5%)<\/p>\n<p>Market and Data Analysis \u00a0 \u00a0 \u00a0 \u00a0 \u00a0 \u00a0 \u00a0 \u00a0 \u00a0 \u00a0 \u00a0 \u00a0 \u00a0 \u00a0 \u00a0 \u00a0 \u00a0 \u00a0150\u20ac (ing\u00e5r moms 25,5%)<\/p>\n<p>Product Innovation \u00a0 \u00a0 \u00a0 \u00a0 \u00a0 \u00a0 \u00a0 \u00a0 \u00a0 \u00a0 \u00a0 \u00a0 \u00a0 \u00a0 \u00a0 \u00a0 \u00a0 \u00a0 \u00a0 \u00a0 \u00a0 \u00a0 \u00a0 \u00a0 \u00a0150\u20ac (ing\u00e5r moms 25,5 %)<\/p>\n<p>Business Models and Revenue Logic \u00a0 \u00a0 \u00a0 \u00a0 \u00a0 \u00a0 150\u20ac (ing\u00e5r moms 25,5 %)<\/p>\n<p>Startup Funding and Valuation \u00a0 \u00a0 \u00a0 \u00a0 \u00a0 \u00a0 \u00a0 \u00a0 \u00a0 \u00a0 \u00a0 \u00a0 \u00a0 150\u20ac (ing\u00e5r moms 25,5 %)<\/p>\n<p>Logistics and Sales Channel Management \u00a0150\u20ac (ing\u00e5r moms 25,5 %)<\/p>\n<p>&nbsp;<\/p>\n<p><strong>The Business of Human Rights kurserna:<\/strong><\/p>\n<p>Pris per kurs: 250\u20ac (ing\u00e5r moms 25,5 %)<\/p>\n<p>Paketpris f\u00f6r alla kurser i modulen: 1000\u20ac (ing\u00e5r moms 25,5 %)<\/p>\n<p>&nbsp;<\/p>\n<p><strong>Avbokningspolicy<\/strong><\/p>\n<p>Avbokning av anm\u00e4lan till mikromeritkurser g\u00f6rs senast 14 dagar efter anm\u00e4lan. I s\u00e5dana fall \u00e5terbetalas kursavgift 100%. Avbokning sker genom e-post till anna-greta.nystrom@abo.fi. Avbokning och \u00e5terbetalning \u00e4r inte m\u00f6jlig om kunden redan p\u00e5b\u00f6rjat kursinneh\u00e5llet.<\/p>\n<p>&nbsp;<\/p>\n","protected":false},"excerpt":{"rendered":"<p>&nbsp; Business Development kurserna: Service Design and Customer Journeys \u00a0 \u00a0 \u00a0150\u20ac (ing\u00e5r moms 25,5%) Market and Data Analysis \u00a0 \u00a0 \u00a0 \u00a0 \u00a0 \u00a0 \u00a0 \u00a0 \u00a0 \u00a0 \u00a0 \u00a0 \u00a0 \u00a0 \u00a0 \u00a0 \u00a0 \u00a0150\u20ac (ing\u00e5r moms 25,5%) Product Innovation \u00a0 \u00a0 \u00a0 \u00a0 \u00a0 \u00a0 \u00a0 \u00a0 \u00a0 \u00a0 \u00a0 \u00a0 \u00a0 &hellip; <\/p>\n<p class=\"link-more\"><a href=\"https:\/\/blogs.abo.fi\/hhaamikromeriter\/priser\/\" class=\"more-link\">Forts\u00e4tt l\u00e4sa<span class=\"screen-reader-text\"> \u201dPriser\u201d<\/span><\/a><\/p>\n","protected":false},"author":774,"featured_media":0,"parent":0,"menu_order":0,"comment_status":"closed","ping_status":"closed","template":"","meta":{"footnotes":""},"class_list":["post-49","page","type-page","status-publish","hentry"],"_links":{"self":[{"href":"https:\/\/blogs.abo.fi\/hhaamikromeriter\/wp-json\/wp\/v2\/pages\/49","targetHints":{"allow":["GET"]}}],"collection":[{"href":"https:\/\/blogs.abo.fi\/hhaamikromeriter\/wp-json\/wp\/v2\/pages"}],"about":[{"href":"https:\/\/blogs.abo.fi\/hhaamikromeriter\/wp-json\/wp\/v2\/types\/page"}],"author":[{"embeddable":true,"href":"https:\/\/blogs.abo.fi\/hhaamikromeriter\/wp-json\/wp\/v2\/users\/774"}],"replies":[{"embeddable":true,"href":"https:\/\/blogs.abo.fi\/hhaamikromeriter\/wp-json\/wp\/v2\/comments?post=49"}],"version-history":[{"count":6,"href":"https:\/\/blogs.abo.fi\/hhaamikromeriter\/wp-json\/wp\/v2\/pages\/49\/revisions"}],"predecessor-version":[{"id":261,"href":"https:\/\/blogs.abo.fi\/hhaamikromeriter\/wp-json\/wp\/v2\/pages\/49\/revisions\/261"}],"wp:attachment":[{"href":"https:\/\/blogs.abo.fi\/hhaamikromeriter\/wp-json\/wp\/v2\/media?parent=49"}],"curies":[{"name":"wp","href":"https:\/\/api.w.org\/{rel}","templated":true}]}}