{"id":2,"date":"2013-12-05T13:29:31","date_gmt":"2013-12-05T13:29:31","guid":{"rendered":"http:\/\/blogs.abo.fi\/historia\/?page_id=2"},"modified":"2023-01-12T16:40:41","modified_gmt":"2023-01-12T14:40:41","slug":"om","status":"publish","type":"page","link":"https:\/\/blogs.abo.fi\/historia\/om\/","title":{"rendered":"Om historikerbloggen"},"content":{"rendered":"<p>P\u00e5 historikerbloggen finns texter om det f\u00f6rflutna och kanske ocks\u00e5 det framtida, och hur historia oundvikligen \u00e4r kopplat till v\u00e5r samtid. De \u00e4mnen som tas upp p\u00e5 den h\u00e4r bloggen reflekterar ett brett kunnande och m\u00e5nga olika synvinklar. Bloggens bidragsgivare \u00e4r anknutna till historie\u00e4mnet\u00a0 vid \u00c5bo Akademi.<\/p>\n<p>L\u00e4ngst ner p\u00e5 sidan kan du navigera inl\u00e4gg enligt kategori eller publiceringsm\u00e5nad.<\/p>\n<hr \/>\n<p>Sidhuvudets bild: Karta \u00f6ver \u00c5bo i reseguiden <em>Russia, with Teheran, Port Arthur, and Peking: handbook for travellers<\/em> publicerad av Karl Baedeker (Leipzig 1914), s. 232-240. K\u00e4lla: Wikimedia Commons.<\/p>\n<p><strong>Bloggens administrat\u00f6rer \u00e4r:<\/strong><\/p>\n<p>Rasmus Marjanen, doktorand i Allm\u00e4n historia vid \u00c5bo Akademi<\/p>\n<p>Josefine Sj\u00f6berg, doktorand i Nordisk historia vid \u00c5bo Akademi<\/p>\n","protected":false},"excerpt":{"rendered":"<p>P\u00e5 historikerbloggen finns texter om det f\u00f6rflutna och kanske ocks\u00e5 det framtida, och hur historia oundvikligen \u00e4r kopplat till v\u00e5r samtid. De \u00e4mnen som tas upp p\u00e5 den h\u00e4r bloggen reflekterar ett brett kunnande och m\u00e5nga olika synvinklar. Bloggens bidragsgivare \u00e4r anknutna till historie\u00e4mnet\u00a0 vid \u00c5bo Akademi. L\u00e4ngst ner p\u00e5 sidan kan du navigera inl\u00e4gg [&hellip;]<\/p>\n","protected":false},"author":392,"featured_media":0,"parent":0,"menu_order":0,"comment_status":"closed","ping_status":"closed","template":"","meta":{"footnotes":""},"class_list":["post-2","page","type-page","status-publish","hentry"],"_links":{"self":[{"href":"https:\/\/blogs.abo.fi\/historia\/wp-json\/wp\/v2\/pages\/2","targetHints":{"allow":["GET"]}}],"collection":[{"href":"https:\/\/blogs.abo.fi\/historia\/wp-json\/wp\/v2\/pages"}],"about":[{"href":"https:\/\/blogs.abo.fi\/historia\/wp-json\/wp\/v2\/types\/page"}],"author":[{"embeddable":true,"href":"https:\/\/blogs.abo.fi\/historia\/wp-json\/wp\/v2\/users\/392"}],"replies":[{"embeddable":true,"href":"https:\/\/blogs.abo.fi\/historia\/wp-json\/wp\/v2\/comments?post=2"}],"version-history":[{"count":34,"href":"https:\/\/blogs.abo.fi\/historia\/wp-json\/wp\/v2\/pages\/2\/revisions"}],"predecessor-version":[{"id":1805,"href":"https:\/\/blogs.abo.fi\/historia\/wp-json\/wp\/v2\/pages\/2\/revisions\/1805"}],"wp:attachment":[{"href":"https:\/\/blogs.abo.fi\/historia\/wp-json\/wp\/v2\/media?parent=2"}],"curies":[{"name":"wp","href":"https:\/\/api.w.org\/{rel}","templated":true}]}}