{"id":2,"date":"2011-10-05T14:59:37","date_gmt":"2011-10-05T14:59:37","guid":{"rendered":"http:\/\/blogs.abo.fi\/lararbloggen\/?page_id=2"},"modified":"2011-11-02T19:49:27","modified_gmt":"2011-11-02T16:49:27","slug":"om","status":"publish","type":"page","link":"https:\/\/blogs.abo.fi\/lararbloggen\/om\/","title":{"rendered":"Om l\u00e4rarbloggen"},"content":{"rendered":"<p>V\u00e4lkommen till \u00c5bo Akademis l\u00e4rarblogg!<\/p>\n<p>I l\u00e4rarbloggen kommer det att komma nya inl\u00e4gg \u00e5tminstone varannan vecka. H\u00e4r kommer vi att kunna l\u00e4sa inl\u00e4gg av l\u00e4rare fr\u00e5n de b\u00e5da toppenheterna inom utbildning (Handelsh\u00f6gskolan och Institutionen f\u00f6r psykologi och logopediPL), av \u00e5rets l\u00e4rare och handledare, av l\u00e4rare med erfarenhet av undervisning vid \u00c5A men ocks\u00e5 vid andra universitet, av l\u00e4raren med erfarenheter inom ordinarie utbildningen och inom \u00f6ppna universitetet \u2013 dvs. vi kommer f\u00f6rhoppningsvis att f\u00e5 en bra bild av hur m\u00e5ngfacetterad och olika vardagen f\u00f6r en universitetsl\u00e4rare kan se ut!<\/p>\n<p>Kommentera g\u00e4rna skribenternas inl\u00e4gg &#8211; och h\u00f6r av dig om du vill skriva eget inl\u00e4gg!<\/p>\n<p>Tove Forslund, L\u00e4rcentret<\/p>\n","protected":false},"excerpt":{"rendered":"<p>V\u00e4lkommen till \u00c5bo Akademis l\u00e4rarblogg! I l\u00e4rarbloggen kommer det att komma nya inl\u00e4gg \u00e5tminstone varannan vecka. H\u00e4r kommer vi att kunna l\u00e4sa inl\u00e4gg av l\u00e4rare fr\u00e5n de b\u00e5da toppenheterna inom utbildning (Handelsh\u00f6gskolan och Institutionen f\u00f6r psykologi och logopediPL), av \u00e5rets l\u00e4rare och handledare, av l\u00e4rare med erfarenhet av undervisning vid \u00c5A men ocks\u00e5 vid andra [&hellip;]<\/p>\n","protected":false},"author":16,"featured_media":0,"parent":0,"menu_order":0,"comment_status":"closed","ping_status":"closed","template":"","meta":{"footnotes":""},"class_list":["post-2","page","type-page","status-publish","hentry"],"_links":{"self":[{"href":"https:\/\/blogs.abo.fi\/lararbloggen\/wp-json\/wp\/v2\/pages\/2","targetHints":{"allow":["GET"]}}],"collection":[{"href":"https:\/\/blogs.abo.fi\/lararbloggen\/wp-json\/wp\/v2\/pages"}],"about":[{"href":"https:\/\/blogs.abo.fi\/lararbloggen\/wp-json\/wp\/v2\/types\/page"}],"author":[{"embeddable":true,"href":"https:\/\/blogs.abo.fi\/lararbloggen\/wp-json\/wp\/v2\/users\/16"}],"replies":[{"embeddable":true,"href":"https:\/\/blogs.abo.fi\/lararbloggen\/wp-json\/wp\/v2\/comments?post=2"}],"version-history":[{"count":5,"href":"https:\/\/blogs.abo.fi\/lararbloggen\/wp-json\/wp\/v2\/pages\/2\/revisions"}],"predecessor-version":[{"id":6,"href":"https:\/\/blogs.abo.fi\/lararbloggen\/wp-json\/wp\/v2\/pages\/2\/revisions\/6"}],"wp:attachment":[{"href":"https:\/\/blogs.abo.fi\/lararbloggen\/wp-json\/wp\/v2\/media?parent=2"}],"curies":[{"name":"wp","href":"https:\/\/api.w.org\/{rel}","templated":true}]}}