{"id":328,"date":"2011-11-29T11:40:46","date_gmt":"2011-11-29T08:40:46","guid":{"rendered":"http:\/\/blogs.abo.fi\/larcentret\/"},"modified":"2012-02-07T15:49:43","modified_gmt":"2012-02-07T13:49:43","slug":"om-larcentrets-blogg","status":"publish","type":"page","link":"https:\/\/blogs.abo.fi\/larcentret\/om-larcentrets-blogg\/","title":{"rendered":"Om L\u00e4rcentrets blogg"},"content":{"rendered":"<p>I bloggen diskuterar och presenterar vi aktuellt inom l\u00e4rcenterverksamheten och kvalitetshanteringen.  V\u00e4lkommen att kommentera!\ufeff<\/p>\n","protected":false},"excerpt":{"rendered":"<p>I bloggen diskuterar och presenterar vi aktuellt inom l\u00e4rcenterverksamheten och kvalitetshanteringen. V\u00e4lkommen att kommentera!\ufeff<\/p>\n","protected":false},"author":16,"featured_media":0,"parent":0,"menu_order":0,"comment_status":"closed","ping_status":"closed","template":"","meta":{"footnotes":""},"class_list":["post-328","page","type-page","status-publish","hentry"],"_links":{"self":[{"href":"https:\/\/blogs.abo.fi\/larcentret\/wp-json\/wp\/v2\/pages\/328","targetHints":{"allow":["GET"]}}],"collection":[{"href":"https:\/\/blogs.abo.fi\/larcentret\/wp-json\/wp\/v2\/pages"}],"about":[{"href":"https:\/\/blogs.abo.fi\/larcentret\/wp-json\/wp\/v2\/types\/page"}],"author":[{"embeddable":true,"href":"https:\/\/blogs.abo.fi\/larcentret\/wp-json\/wp\/v2\/users\/16"}],"replies":[{"embeddable":true,"href":"https:\/\/blogs.abo.fi\/larcentret\/wp-json\/wp\/v2\/comments?post=328"}],"version-history":[{"count":5,"href":"https:\/\/blogs.abo.fi\/larcentret\/wp-json\/wp\/v2\/pages\/328\/revisions"}],"predecessor-version":[{"id":330,"href":"https:\/\/blogs.abo.fi\/larcentret\/wp-json\/wp\/v2\/pages\/328\/revisions\/330"}],"wp:attachment":[{"href":"https:\/\/blogs.abo.fi\/larcentret\/wp-json\/wp\/v2\/media?parent=328"}],"curies":[{"name":"wp","href":"https:\/\/api.w.org\/{rel}","templated":true}]}}