{"id":54,"date":"2025-10-10T15:46:07","date_gmt":"2025-10-10T13:46:07","guid":{"rendered":"https:\/\/blogs.abo.fi\/litteraturvetenskap\/?page_id=54"},"modified":"2025-11-20T10:42:01","modified_gmt":"2025-11-20T08:42:01","slug":"forskningsseminariet","status":"publish","type":"page","link":"https:\/\/blogs.abo.fi\/litteraturvetenskap\/forskningsseminariet\/","title":{"rendered":"Forskningsseminariet"},"content":{"rendered":"<h2>Seminarier v\u00e5ren 2026<\/h2>\n<div>\n<div><strong>Onsdagen den 14.1<\/strong>\u00a0Bettina Joel, Universitetet i Bonn, l\u00e4gger fram ett avsnitt ur sin avhandling om 70-tals prosa.<\/div>\n<div><\/div>\n<div><strong>Onsdagen den 21.1<\/strong>\u00a0B101 Granqvist ARK-B101 Hanna Liljeqvist l\u00e4gger fram ett artikelutkast om dialogen med Anne Frank i samtida dagboksromaner f\u00f6r unga<\/div>\n<div><\/div>\n<div><strong>Onsdagen den 4.2<\/strong>\u00a0Arken Atlas (G105) ARK-G105 Miranda Geust l\u00e4gger fram ett kapitel ur sin avhandling om Tove Janssons senare prosa.<\/div>\n<div><\/div>\n<div><strong>Fredagen den 8.5, n\u00e4tverksseminarium<\/strong>, SLS, Helsingfors:\u00a0<span lang=\"SV\">\u201d<\/span>Poesien dramat romanen musiken m\u00e5larkonsten skulpturen talar f\u00f6r f\u00f6rsta g\u00e5ngen i konsthistorien samma spr\u00e5k, duar varandra.\u201d\u00a0<span lang=\"SV\">Kontaktytor mellan litteratur- och konstvetenskaper.<\/span><\/div>\n<div><\/div>\n<div><strong>Onsdag och torsdag den 20-21.05\u00a0<\/strong>NORDAN-n\u00e4tverkstr\u00e4ff i \u00c5bo.<\/div>\n<div><\/div>\n<div><strong>Prelimin\u00e4rt datum f\u00f6r disputation 22.5.2026<\/strong><\/div>\n<div><\/div>\n<p class=\"x_MsoNormal\">Doktorand Miranda Geust ansvarar f\u00f6r digitalt deltagande. Meddela henne s\u00e5 skapar hon en l\u00e4nk f\u00f6r respektive forskningsseminarium.<\/p>\n<h2>Program h\u00f6sten 2025<\/h2>\n<div><strong>Tisdagen (obs!) den 11.11<\/strong>\u00a0kl.14.15-15.45 B101 Granqvist ARK-B101 Johanna Slotte Dufva l\u00e4gger fram ett kapitel ur sin avhandling om Merete Mazzarella<\/div>\n<div><\/div>\n<div><strong>Onsdagen den 12.11<\/strong>\u00a0kl. 14.15- 15.45 B101 Granqvist ARK-B101 Rikke Carlsen l\u00e4gger fram ett kapitel ur sin avhandling om det vilda i dansk fantasy f\u00f6r unga.<\/div>\n<div><\/div>\n<div><strong>Onsdagen den 3.12 SENAREL\u00c4GGS<\/strong><br \/>\nkl.14.15-15.45 Aud Westermarck Miranda Geust l\u00e4gger fram ett kapitel ur sin avhandling om Tove Janssons senare prosa.<\/div>\n<\/div>\n<p>&nbsp;<\/p>\n<p>&nbsp;<\/p>\n","protected":false},"excerpt":{"rendered":"<p>Seminarier v\u00e5ren 2026 Onsdagen den 14.1\u00a0Bettina Joel, Universitetet i Bonn, l\u00e4gger fram ett avsnitt ur sin avhandling om 70-tals prosa. Onsdagen den 21.1\u00a0B101 Granqvist ARK-B101 Hanna Liljeqvist l\u00e4gger fram ett artikelutkast om dialogen med Anne Frank i samtida dagboksromaner f\u00f6r unga Onsdagen den 4.2\u00a0Arken Atlas (G105) ARK-G105 Miranda Geust l\u00e4gger fram ett kapitel ur sin &hellip; <\/p>\n<p class=\"link-more\"><a href=\"https:\/\/blogs.abo.fi\/litteraturvetenskap\/forskningsseminariet\/\" class=\"more-link\">Forts\u00e4tt l\u00e4sa<span class=\"screen-reader-text\"> \u201dForskningsseminariet\u201d<\/span><\/a><\/p>\n","protected":false},"author":795,"featured_media":0,"parent":0,"menu_order":0,"comment_status":"closed","ping_status":"closed","template":"","meta":{"footnotes":""},"class_list":["post-54","page","type-page","status-publish","hentry"],"_links":{"self":[{"href":"https:\/\/blogs.abo.fi\/litteraturvetenskap\/wp-json\/wp\/v2\/pages\/54","targetHints":{"allow":["GET"]}}],"collection":[{"href":"https:\/\/blogs.abo.fi\/litteraturvetenskap\/wp-json\/wp\/v2\/pages"}],"about":[{"href":"https:\/\/blogs.abo.fi\/litteraturvetenskap\/wp-json\/wp\/v2\/types\/page"}],"author":[{"embeddable":true,"href":"https:\/\/blogs.abo.fi\/litteraturvetenskap\/wp-json\/wp\/v2\/users\/795"}],"replies":[{"embeddable":true,"href":"https:\/\/blogs.abo.fi\/litteraturvetenskap\/wp-json\/wp\/v2\/comments?post=54"}],"version-history":[{"count":6,"href":"https:\/\/blogs.abo.fi\/litteraturvetenskap\/wp-json\/wp\/v2\/pages\/54\/revisions"}],"predecessor-version":[{"id":88,"href":"https:\/\/blogs.abo.fi\/litteraturvetenskap\/wp-json\/wp\/v2\/pages\/54\/revisions\/88"}],"wp:attachment":[{"href":"https:\/\/blogs.abo.fi\/litteraturvetenskap\/wp-json\/wp\/v2\/media?parent=54"}],"curies":[{"name":"wp","href":"https:\/\/api.w.org\/{rel}","templated":true}]}}