{"id":24,"date":"2016-01-20T12:48:38","date_gmt":"2016-01-20T11:48:38","guid":{"rendered":"http:\/\/blogs.abo.fi\/moralforsvar\/?page_id=24"},"modified":"2016-10-14T13:37:53","modified_gmt":"2016-10-14T11:37:53","slug":"vem-ar-en-framling","status":"publish","type":"page","link":"https:\/\/blogs.abo.fi\/moralforsvar\/","title":{"rendered":""},"content":{"rendered":"<p>Moral f\u00f6rknippas ofta med handlingsregler men moral handlar ocks\u00e5 om sj\u00e4lvreflektion. Vem blir jag genom det jag g\u00f6r och l\u00e5ter bli att g\u00f6ra? Hur st\u00e4rks och urholkas min uppfattning om vad som tillh\u00f6r ett m\u00e4nskligt liv? Hur formas samh\u00e4llet av f\u00f6r\u00e4ndringar i politiskt beslutsfattande och allm\u00e4n debatt?<\/p>\n<p>Samtalsserien \u201dMoraliskt sj\u00e4lvf\u00f6rsvar\u201d tar del i den h\u00e4r reflektionen och utforskar dagsaktuella fr\u00e5gest\u00e4llningar om hur vi lever tillsammans. Kom med och diskutera \u2013 eller kom bara f\u00f6r att lyssna och f\u00e5 nya perspektiv.<\/p>\n<h2>Hatar vi mera p\u00e5 n\u00e4tet?<\/h2>\n<p>G\u00f6r anonymiteten p\u00e5 n\u00e4tet det enklare f\u00f6r oss att sprida hat? Beh\u00f6ver vi ta lika mycket ansvar f\u00f6r v\u00e5ra ord som f\u00f6r v\u00e5ra handlingar?<\/p>\n<p>Kv\u00e4llen inleds med ett samtal mellan \u00c5A-forskarna <strong>Camilla Kronqvist<\/strong> (filosofi), <strong>Anders Ahlb\u00e4ck<\/strong> (historia), <strong>Ylva Gustafsson<\/strong> (filosofi) och <strong>Salla Tuori<\/strong> (genusvetenskap). Efter det f\u00e5r publiken delta.<\/p>\n<p><strong>Vi tr\u00e4ffas p\u00e5 Arbis i \u00c5bo (f\u00f6rel\u00e4sningssalen v\u00e5n. 1), Kaskisgatan 5, tisdagen den 8 november 2016, kl. 18.00\u201320.<\/strong><\/p>\n<h2>Vems moral g\u00e4ller?<\/h2>\n<p>M\u00e5ste det uppst\u00e5 problem n\u00e4r m\u00e4nniskor med olika kulturell och religi\u00f6s bakgrund m\u00f6ts? Vilka v\u00e4gar finns till samf\u00f6rst\u00e5nd och dialog?<\/p>\n<p>Kv\u00e4llen inleds med ett samtal mellan \u00c5A-forskarna <strong>Camilla Kronqvist<\/strong> (filosofi), <strong>Ruth Illman<\/strong> (religionsvetenskap), <strong>Hugo Strandberg<\/strong> (filosofi) och <strong>Rita Nordstr\u00f6m-Lytz<\/strong> (pedagogik). Efter det f\u00e5r publiken delta.<\/p>\n<p>Del 2 i samtalsserien ordnades p\u00e5 Arbis i \u00c5bo, Kaskisgatan 5, onsdagen den 20 april 2016, kl. 18.00\u201320.<\/p>\n<h2>Vem \u00e4r en fr\u00e4mling?<\/h2>\n<p>Varf\u00f6r reagerar vi negativt p\u00e5 vissa samh\u00e4llsf\u00f6r\u00e4ndringar medan vi \u00e4r toleranta f\u00f6r andra? Vad \u00e4r vi r\u00e4dda f\u00f6r och ser r\u00e4dslorna olika ut i samh\u00e4llets olika skikt?<\/p>\n<p>Kv\u00e4llen inleds med ett samtal mellan \u00c5A-forskarna <strong>Camilla Kronqvist<\/strong> (filosofi), <strong>Elina Pirjatanniemi<\/strong> (professor i folkr\u00e4tt), <strong>Antony Fredriksson<\/strong> (filosofi) och\u00a0<strong>Carolin Ahlvik-Harju<\/strong> (teologisk etik med religionsfilosofi). Efter det f\u00e5r publiken delta.<\/p>\n<p>Del 1 i samtalsserien ordnades p\u00e5 Arbis i \u00c5bo, Kaskisgatan 5, torsdagen den 3 mars 2016, kl. 18.00\u201320.<\/p>\n<!-- AddThis Advanced Settings generic via filter on the_content --><!-- AddThis Share Buttons generic via filter on the_content -->","protected":false},"excerpt":{"rendered":"excerpt","protected":false},"author":410,"featured_media":0,"parent":0,"menu_order":0,"comment_status":"closed","ping_status":"closed","template":"","meta":{"episode_type":"","audio_file":"","cover_image":"","cover_image_id":"","duration":"","filesize":"","filesize_raw":"","date_recorded":"","explicit":"","block":"","itunes_episode_number":"","itunes_title":"","itunes_season_number":"","itunes_episode_type":"","footnotes":""},"class_list":["post-24","page","type-page","status-publish","hentry"],"_links":{"self":[{"href":"https:\/\/blogs.abo.fi\/moralforsvar\/wp-json\/wp\/v2\/pages\/24","targetHints":{"allow":["GET"]}}],"collection":[{"href":"https:\/\/blogs.abo.fi\/moralforsvar\/wp-json\/wp\/v2\/pages"}],"about":[{"href":"https:\/\/blogs.abo.fi\/moralforsvar\/wp-json\/wp\/v2\/types\/page"}],"author":[{"embeddable":true,"href":"https:\/\/blogs.abo.fi\/moralforsvar\/wp-json\/wp\/v2\/users\/410"}],"replies":[{"embeddable":true,"href":"https:\/\/blogs.abo.fi\/moralforsvar\/wp-json\/wp\/v2\/comments?post=24"}],"version-history":[{"count":23,"href":"https:\/\/blogs.abo.fi\/moralforsvar\/wp-json\/wp\/v2\/pages\/24\/revisions"}],"predecessor-version":[{"id":72,"href":"https:\/\/blogs.abo.fi\/moralforsvar\/wp-json\/wp\/v2\/pages\/24\/revisions\/72"}],"wp:attachment":[{"href":"https:\/\/blogs.abo.fi\/moralforsvar\/wp-json\/wp\/v2\/media?parent=24"}],"curies":[{"name":"wp","href":"https:\/\/api.w.org\/{rel}","templated":true}]}}