{"id":183,"date":"2013-04-22T05:58:19","date_gmt":"2013-04-22T05:58:19","guid":{"rendered":"http:\/\/blogs.abo.fi\/oppnadorrar\/"},"modified":"2013-04-22T06:16:34","modified_gmt":"2013-04-22T06:16:34","slug":"publikationer","status":"publish","type":"page","link":"https:\/\/blogs.abo.fi\/oppnadorrar\/publikationer\/","title":{"rendered":"Publikationer"},"content":{"rendered":"<p><a href=\"http:\/\/blogs.abo.fi\/oppnadorrar\/files\/krydda.jpg\"><img loading=\"lazy\" decoding=\"async\" class=\"size-medium wp-image-192 alignleft\" src=\"http:\/\/blogs.abo.fi\/oppnadorrar\/files\/krydda-207x300.jpg\" alt=\"\" width=\"166\" height=\"240\" srcset=\"https:\/\/blogs.abo.fi\/oppnadorrar\/files\/krydda-207x300.jpg 207w, https:\/\/blogs.abo.fi\/oppnadorrar\/files\/krydda-708x1024.jpg 708w, https:\/\/blogs.abo.fi\/oppnadorrar\/files\/krydda.jpg 711w\" sizes=\"auto, (max-width: 166px) 100vw, 166px\" \/><\/a><\/p>\n<h2>Krydda teori med arbetsliv &#8211; en liten handbok<\/h2>\n<p>Handboken  ger  dig  enkla  medel  att  komma  ig\u00e5ng  med  planeringen  av en mera arbetslivsinriktad undervisning.<br \/>\n<a href=\"http:\/\/issuu.com\/lahdetyoelamaan\/docs\/kryddateorimedarbetsliv?mode=window\" target=\"_blank\">Webbtidning<\/a><br \/>\n<a href=\"http:\/\/www.abo.fi\/stodenhet\/media\/29084\/krydda.pdf\" target=\"_blank\">PDF<\/a><\/p>\n<p><a href=\"http:\/\/blogs.abo.fi\/oppnadorrar\/files\/lahdepubl.jpg\"><img loading=\"lazy\" decoding=\"async\" class=\"alignleft size-medium wp-image-195\" src=\"http:\/\/blogs.abo.fi\/oppnadorrar\/files\/lahdepubl-262x300.jpg\" alt=\"\" width=\"262\" height=\"300\" srcset=\"https:\/\/blogs.abo.fi\/oppnadorrar\/files\/lahdepubl-262x300.jpg 262w, https:\/\/blogs.abo.fi\/oppnadorrar\/files\/lahdepubl-897x1024.jpg 897w, https:\/\/blogs.abo.fi\/oppnadorrar\/files\/lahdepubl.jpg 899w\" sizes=\"auto, (max-width: 262px) 100vw, 262px\" \/><\/a><\/p>\n<h2>Verkostoja ja viestint\u00e4\u00e4 &#8211; kohti toimivaa ty\u00f6el\u00e4m\u00e4yhteisty\u00f6t\u00e4<\/h2>\n<p>I L\u00e4hde ty\u00f6el\u00e4m\u00e4\u00e4n -projektets slutpublikation finns samlat tips och olika synpunkter till att paketera h\u00f6gskolornas arbetslivstj\u00e4nster, hur man kan kommunicera om dessa b\u00e5de internt och externt. Spr\u00e5k: finska.<br \/>\n<a href=\"http:\/\/issuu.com\/lahdetyoelamaan\/docs\/verkostojajaviestintaa?mode=window\" target=\"_blank\">Webbtidning<\/a><br \/>\n<a href=\"http:\/\/www.lahdehanke.utu.fi\/wp-content\/upLoads\/lahdetyoelamaan_loppujulkaisu_verkko.pdf\" target=\"_blank\">PDF<\/a><a href=\"http:\/\/issuu.com\/lahdetyoelamaan\/docs\/verkostojajaviestintaa?mode=window\" target=\"_blank\"><\/a><\/p>\n","protected":false},"excerpt":{"rendered":"<p>Krydda teori med arbetsliv &#8211; en liten handbok Handboken ger dig enkla medel att komma ig\u00e5ng med planeringen av en mera arbetslivsinriktad undervisning. Webbtidning PDF Verkostoja ja viestint\u00e4\u00e4 &#8211; kohti toimivaa ty\u00f6el\u00e4m\u00e4yhteisty\u00f6t\u00e4 I L\u00e4hde ty\u00f6el\u00e4m\u00e4\u00e4n -projektets slutpublikation finns samlat tips &hellip; <a href=\"https:\/\/blogs.abo.fi\/oppnadorrar\/publikationer\/\">Forts\u00e4tt l\u00e4sa <span class=\"meta-nav\">&rarr;<\/span><\/a><\/p>\n","protected":false},"author":231,"featured_media":195,"parent":0,"menu_order":0,"comment_status":"open","ping_status":"open","template":"","meta":{"footnotes":""},"class_list":["post-183","page","type-page","status-publish","has-post-thumbnail","hentry"],"_links":{"self":[{"href":"https:\/\/blogs.abo.fi\/oppnadorrar\/wp-json\/wp\/v2\/pages\/183","targetHints":{"allow":["GET"]}}],"collection":[{"href":"https:\/\/blogs.abo.fi\/oppnadorrar\/wp-json\/wp\/v2\/pages"}],"about":[{"href":"https:\/\/blogs.abo.fi\/oppnadorrar\/wp-json\/wp\/v2\/types\/page"}],"author":[{"embeddable":true,"href":"https:\/\/blogs.abo.fi\/oppnadorrar\/wp-json\/wp\/v2\/users\/231"}],"replies":[{"embeddable":true,"href":"https:\/\/blogs.abo.fi\/oppnadorrar\/wp-json\/wp\/v2\/comments?post=183"}],"version-history":[{"count":11,"href":"https:\/\/blogs.abo.fi\/oppnadorrar\/wp-json\/wp\/v2\/pages\/183\/revisions"}],"predecessor-version":[{"id":191,"href":"https:\/\/blogs.abo.fi\/oppnadorrar\/wp-json\/wp\/v2\/pages\/183\/revisions\/191"}],"wp:featuredmedia":[{"embeddable":true,"href":"https:\/\/blogs.abo.fi\/oppnadorrar\/wp-json\/wp\/v2\/media\/195"}],"wp:attachment":[{"href":"https:\/\/blogs.abo.fi\/oppnadorrar\/wp-json\/wp\/v2\/media?parent=183"}],"curies":[{"name":"wp","href":"https:\/\/api.w.org\/{rel}","templated":true}]}}