{"id":2,"date":"2012-09-18T09:23:03","date_gmt":"2012-09-18T09:23:03","guid":{"rendered":"http:\/\/blogs.abo.fi\/oppnadorrar\/?page_id=2"},"modified":"2013-06-11T12:05:38","modified_gmt":"2013-06-11T12:05:38","slug":"om","status":"publish","type":"page","link":"https:\/\/blogs.abo.fi\/oppnadorrar\/om\/","title":{"rendered":"Om projektet"},"content":{"rendered":"<p><a href=\"http:\/\/blogs.abo.fi\/oppnadorrar\/files\/lahde_intra_banneri_\u00e5a.png\"><img loading=\"lazy\" decoding=\"async\" class=\"alignnone size-full wp-image-10\" src=\"http:\/\/blogs.abo.fi\/oppnadorrar\/files\/lahde_intra_banneri_\u00e5a.png\" alt=\"\" width=\"480\" height=\"270\" srcset=\"https:\/\/blogs.abo.fi\/oppnadorrar\/files\/lahde_intra_banneri_\u00e5a.png 480w, https:\/\/blogs.abo.fi\/oppnadorrar\/files\/lahde_intra_banneri_\u00e5a-300x168.png 300w\" sizes=\"auto, (max-width: 480px) 100vw, 480px\" \/><\/a>L\u00e4hde ty\u00f6el\u00e4m\u00e4\u00e4n -projektet, eller p\u00e5 svenska \u00d6ppna d\u00f6rrar (inte officiellt namn), \u00e4r ett tre\u00e5rigt ESF-projekt som f\u00f6rverkligas genom ett samarbete mellan \u00c5bo universitet, Tavastlands yrkesh\u00f6gskola, \u00c5bo Akademi, Lapplands universitet, \u00c5bo yrkesh\u00f6gskola och Helsingfors universitets utbildnings- och utvecklingscentrum. Som huvudman f\u00f6r projektet st\u00e5r karri\u00e4r- och rekryteringstj\u00e4nsten vid \u00c5bo Universitet. Projektet f\u00f6rverkligas under tiden 1.5.2010 &#8211; 30.4.2013 och har en budget p\u00e5 1 294 300 euro.<\/p>\n<p>Projektet handlar om att p\u00e5 olika s\u00e4tt f\u00e5 in element fr\u00e5n arbetslivet inkorporerade i studierna, allt fr\u00e5n g\u00e4stf\u00f6rel\u00e4sare till projektkurser och praktikplatser.<\/p>\n<p>Inom \u00c5bo Akademi str\u00e4var projektet till att bygga upp ett n\u00e4tverk d\u00e4r undervisningspersonal, kursplanerare och andra intresserade kan f\u00f6ra diskussioner, utbyta erfarenheter, kunskap och material. Ut\u00f6ver detta kommer en guide f\u00f6r undervisande personal att tas fram.<\/p>\n<p>Mera om projektet: <a title=\"L\u00e4hde-projektet\" href=\"http:\/\/www.abo.fi\/stodenhet\/lahde\" target=\"_blank\">http:\/\/www.abo.fi\/stodenhet\/lahde<\/a>.<\/p>\n<p>Bloggen \u00e4r grundad av projektkoordinator Laura Johansson. Projektets finansierng stog slut den 30.4.2013. Bloggen uppr\u00e4tth\u00e5ls efter det av Arbetsforums koordinator, Matias Erlund.<\/p>\n","protected":false},"excerpt":{"rendered":"<p>L\u00e4hde ty\u00f6el\u00e4m\u00e4\u00e4n -projektet, eller p\u00e5 svenska \u00d6ppna d\u00f6rrar (inte officiellt namn), \u00e4r ett tre\u00e5rigt ESF-projekt som f\u00f6rverkligas genom ett samarbete mellan \u00c5bo universitet, Tavastlands yrkesh\u00f6gskola, \u00c5bo Akademi, Lapplands universitet, \u00c5bo yrkesh\u00f6gskola och Helsingfors universitets utbildnings- och utvecklingscentrum. Som huvudman f\u00f6r &hellip; <a href=\"https:\/\/blogs.abo.fi\/oppnadorrar\/om\/\">Forts\u00e4tt l\u00e4sa <span class=\"meta-nav\">&rarr;<\/span><\/a><\/p>\n","protected":false},"author":231,"featured_media":10,"parent":0,"menu_order":0,"comment_status":"open","ping_status":"open","template":"","meta":{"footnotes":""},"class_list":["post-2","page","type-page","status-publish","has-post-thumbnail","hentry"],"_links":{"self":[{"href":"https:\/\/blogs.abo.fi\/oppnadorrar\/wp-json\/wp\/v2\/pages\/2","targetHints":{"allow":["GET"]}}],"collection":[{"href":"https:\/\/blogs.abo.fi\/oppnadorrar\/wp-json\/wp\/v2\/pages"}],"about":[{"href":"https:\/\/blogs.abo.fi\/oppnadorrar\/wp-json\/wp\/v2\/types\/page"}],"author":[{"embeddable":true,"href":"https:\/\/blogs.abo.fi\/oppnadorrar\/wp-json\/wp\/v2\/users\/231"}],"replies":[{"embeddable":true,"href":"https:\/\/blogs.abo.fi\/oppnadorrar\/wp-json\/wp\/v2\/comments?post=2"}],"version-history":[{"count":9,"href":"https:\/\/blogs.abo.fi\/oppnadorrar\/wp-json\/wp\/v2\/pages\/2\/revisions"}],"predecessor-version":[{"id":5,"href":"https:\/\/blogs.abo.fi\/oppnadorrar\/wp-json\/wp\/v2\/pages\/2\/revisions\/5"}],"wp:featuredmedia":[{"embeddable":true,"href":"https:\/\/blogs.abo.fi\/oppnadorrar\/wp-json\/wp\/v2\/media\/10"}],"wp:attachment":[{"href":"https:\/\/blogs.abo.fi\/oppnadorrar\/wp-json\/wp\/v2\/media?parent=2"}],"curies":[{"name":"wp","href":"https:\/\/api.w.org\/{rel}","templated":true}]}}