{"id":2,"date":"2011-12-01T14:37:57","date_gmt":"2011-12-01T14:37:57","guid":{"rendered":"http:\/\/blogs.abo.fi\/oppnauniversitetet\/?page_id=2"},"modified":"2020-09-28T09:24:33","modified_gmt":"2020-09-28T07:24:33","slug":"om","status":"publish","type":"page","link":"https:\/\/blogs.abo.fi\/oppnauniversitetet\/om\/","title":{"rendered":"Om \u00d6ppna universitetet"},"content":{"rendered":"<p>Hej, v\u00e4lkommen till \u00d6publoggen! \u00d6publoggen h\u00f6r till \u00d6ppna universitetet vid \u00c5bo Akademi, ocks\u00e5 k\u00e4nt som \u00d6pu. Vi som bloggar h\u00e4r \u00e4r <a href=\"https:\/\/www.abo.fi\/centret-for-livslangt-larande\/oppna-universitetet\/fakta-2\/\" target=\"_blank\" rel=\"noopener noreferrer\">vi som jobbar vid \u00d6pu, bilder p\u00e5 oss och kontaktuppgifter finns p\u00e5 \u00d6pus webbplats<\/a>.<\/p>\n<p>I \u00d6publoggen ber\u00e4ttar vi mera om verksamheten och vardagen vid \u00d6pu. Visste du att vem som helst kan studera vid \u00d6ppna universitetet?<\/p>\n<ul>\n<li>Hos oss kan du bedriva akademiska studier utan att vara inskriven vid n\u00e5got universitet.<\/li>\n<li>Du beh\u00f6ver inte ha en viss studiebakgrund och det finns ingen \u00e5ldersgr\u00e4ns.<\/li>\n<li>Du kan v\u00e4lja att g\u00e5 en eller flera kurser i det \u00e4mnet som intresserar just dig.<\/li>\n<li>Genom \u00d6pustudier kan du \u00f6ka din yrkeskompetens och utveckla dig sj\u00e4lv.<\/li>\n<li>\u00d6pu ger m\u00f6jlighet att prova p\u00e5 universitetsstudier f\u00f6r den som \u00e4r nyfiken p\u00e5 det.<\/li>\n<li>\u00d6pu kan ocks\u00e5 vara en alternativ v\u00e4g till <a href=\"https:\/\/www.abo.fi\/centret-for-livslangt-larande\/oppna-universitetet\/soka-studieplats\/\" target=\"_blank\" rel=\"noopener noreferrer\">examensstudier vid universitet via den s\u00e5 kallade \u00d6puleden<\/a>.<\/li>\n<\/ul>\n<p><a href=\"https:\/\/www.abo.fi\/centret-for-livslangt-larande\/oppna-universitetet\/\" target=\"_blank\" rel=\"noopener noreferrer\">\u00d6pus webbplats finns p\u00e5 adressen abo.fi\/opu<\/a>. V\u00e5ra samarbetsparter och l\u00e4nkar till deras verksamhet hittar du i l\u00e4nksamlingen h\u00e4r i bloggen.<\/p>\n<p>Roligt att du l\u00e4ser \u00d6publoggen! F\u00f6lj ocks\u00e5 g\u00e4rna <a href=\"https:\/\/www.facebook.com\/OppnaUniversitetet\" target=\"_blank\" rel=\"noopener noreferrer\">\u00d6ppna universitetet p\u00e5 Facebook<\/a> och <a href=\"https:\/\/www.instagram.com\/oppnauniversitetet\/\" target=\"_blank\" rel=\"noopener noreferrer\">\u00d6ppna universitetet p\u00e5 Instagram<\/a>.<\/p>\n","protected":false},"excerpt":{"rendered":"<p>Hej, v\u00e4lkommen till \u00d6publoggen! \u00d6publoggen h\u00f6r till \u00d6ppna universitetet vid \u00c5bo Akademi, ocks\u00e5 k\u00e4nt som \u00d6pu. Vi som bloggar h\u00e4r \u00e4r vi som jobbar vid \u00d6pu, bilder p\u00e5 oss och kontaktuppgifter finns p\u00e5 \u00d6pus webbplats. I \u00d6publoggen ber\u00e4ttar vi mera om verksamheten och vardagen vid \u00d6pu. Visste du att vem som helst kan studera vid [&hellip;]<\/p>\n","protected":false},"author":128,"featured_media":0,"parent":0,"menu_order":0,"comment_status":"open","ping_status":"open","template":"","meta":{"footnotes":""},"class_list":["post-2","page","type-page","status-publish","hentry"],"_links":{"self":[{"href":"https:\/\/blogs.abo.fi\/oppnauniversitetet\/wp-json\/wp\/v2\/pages\/2","targetHints":{"allow":["GET"]}}],"collection":[{"href":"https:\/\/blogs.abo.fi\/oppnauniversitetet\/wp-json\/wp\/v2\/pages"}],"about":[{"href":"https:\/\/blogs.abo.fi\/oppnauniversitetet\/wp-json\/wp\/v2\/types\/page"}],"author":[{"embeddable":true,"href":"https:\/\/blogs.abo.fi\/oppnauniversitetet\/wp-json\/wp\/v2\/users\/128"}],"replies":[{"embeddable":true,"href":"https:\/\/blogs.abo.fi\/oppnauniversitetet\/wp-json\/wp\/v2\/comments?post=2"}],"version-history":[{"count":48,"href":"https:\/\/blogs.abo.fi\/oppnauniversitetet\/wp-json\/wp\/v2\/pages\/2\/revisions"}],"predecessor-version":[{"id":1415,"href":"https:\/\/blogs.abo.fi\/oppnauniversitetet\/wp-json\/wp\/v2\/pages\/2\/revisions\/1415"}],"wp:attachment":[{"href":"https:\/\/blogs.abo.fi\/oppnauniversitetet\/wp-json\/wp\/v2\/media?parent=2"}],"curies":[{"name":"wp","href":"https:\/\/api.w.org\/{rel}","templated":true}]}}