{"id":152,"date":"2014-04-28T12:56:17","date_gmt":"2014-04-28T09:56:17","guid":{"rendered":"http:\/\/www.steelmark.fi\/ose\/?page_id=152"},"modified":"2014-09-24T13:48:25","modified_gmt":"2014-09-24T10:48:25","slug":"steering-group","status":"publish","type":"page","link":"https:\/\/blogs.abo.fi\/ose\/steering-group\/","title":{"rendered":"Steering group"},"content":{"rendered":"<blockquote><p>The director and principal investigator of the CoE in OSE is Prof.\u00a0Tapio Westerlund from the Process Design and Systems Engineering Laboratory. In addition to Westerlund, the steering group consists of vice director Prof. Henrik Sax\u00e9n (Thermal and Flow Engineering) and Profs. Mikael Lindstr\u00f6m and Paavo Salminen (Mathematics and Statistics).\u00a0Dr. Andreas Lundell is also an affiliated member and secretary of the steering group.<\/p><\/blockquote>\n<div id=\"attachment_991\" style=\"width: 210px\" class=\"wp-caption alignright\"><a href=\"http:\/\/blogs.abo.fi\/ose\/files\/2014\/04\/tapio_westerlund.png\"><img loading=\"lazy\" decoding=\"async\" aria-describedby=\"caption-attachment-991\" class=\"wp-image-991\" src=\"http:\/\/blogs.abo.fi\/ose\/files\/2014\/04\/tapio_westerlund-761x1024.png\" alt=\"Prof. Tapio Westerlund\" width=\"200\" height=\"269\" srcset=\"https:\/\/blogs.abo.fi\/ose\/files\/2014\/04\/tapio_westerlund-761x1024.png 761w, https:\/\/blogs.abo.fi\/ose\/files\/2014\/04\/tapio_westerlund-111x150.png 111w, https:\/\/blogs.abo.fi\/ose\/files\/2014\/04\/tapio_westerlund-223x300.png 223w, https:\/\/blogs.abo.fi\/ose\/files\/2014\/04\/tapio_westerlund-66x90.png 66w, https:\/\/blogs.abo.fi\/ose\/files\/2014\/04\/tapio_westerlund-340x458.png 340w, https:\/\/blogs.abo.fi\/ose\/files\/2014\/04\/tapio_westerlund-80x107.png 80w, https:\/\/blogs.abo.fi\/ose\/files\/2014\/04\/tapio_westerlund.png 800w\" sizes=\"auto, (max-width: 200px) 100vw, 200px\" \/><\/a><p id=\"caption-attachment-991\" class=\"wp-caption-text\">Prof. Tapio Westerlund<\/p><\/div>\n<h4>Tapio Westerlund<\/h4>\n<p><strong>Principal investigator of the OSE group<br \/>\nProfessor of Process Design and Systems Engineering<\/strong><\/p>\n<p>Process Design and Systems Engineering Laboratory<br \/>\nDepartment of Chemical Engineering<\/p>\n<p><a class=\"button\" href=\"http:\/\/users.abo.fi\/twesterl\">Webpage<\/a> <a class=\"button\" href=\"http:\/\/scholar.google.com\/citations?user=4sK1tUQAAAAJ\">Google Scholar<\/a><\/p>\n<p>Tapio Westerlund is professor of Process Design with tenure since 1986 as well as head of the Process Design and Systems Engineering Laboratory. He has been the dean of the Department of Chemical Engineering, research professor in a Nordic PhD research program in Process Integration, funded by the Nordic Council of Ministers, as well as research manager and head of the Research Institute of the Foundation of \u00c5AU. He has published about 150 refereed papers, several book chapters, two monographs, and is a member of the advisory board of MINLP World, the editorial boards of the International Journal of Chemical Engineering and the Journal of Global Optimization as well as the scientific and advisory boards of several conferences. Westerlund has been the supervisor or co-supervisor of 24 PhD, 13 licentiate and about\u00a0130 master&#8217;s theses.<\/p>\n<p>More information about Prof. Westerlund available <a title=\"Principal investigator\" href=\"http:\/\/blogs.abo.fi\/ose\/principal-investigator\/\">here<\/a>.<\/p>\n<hr class=\"symple-divider solid  symple-all\" style=\"margin-top: 20px;margin-bottom: 20px;\" \/>\n<div id=\"attachment_538\" style=\"width: 210px\" class=\"wp-caption alignright\"><a href=\"http:\/\/blogs.abo.fi\/ose\/files\/2014\/06\/Saxen_Henrik.jpg\"><img loading=\"lazy\" decoding=\"async\" aria-describedby=\"caption-attachment-538\" class=\"size-medium wp-image-538\" src=\"http:\/\/blogs.abo.fi\/ose\/files\/2014\/06\/Saxen_Henrik-200x300.jpg\" alt=\"Prof. Henrik Sax\u00e9n\" width=\"200\" height=\"300\" srcset=\"https:\/\/blogs.abo.fi\/ose\/files\/2014\/06\/Saxen_Henrik-200x300.jpg 200w, https:\/\/blogs.abo.fi\/ose\/files\/2014\/06\/Saxen_Henrik-682x1024.jpg 682w, https:\/\/blogs.abo.fi\/ose\/files\/2014\/06\/Saxen_Henrik-59x90.jpg 59w, https:\/\/blogs.abo.fi\/ose\/files\/2014\/06\/Saxen_Henrik-305x458.jpg 305w, https:\/\/blogs.abo.fi\/ose\/files\/2014\/06\/Saxen_Henrik-80x120.jpg 80w\" sizes=\"auto, (max-width: 200px) 100vw, 200px\" \/><\/a><p id=\"caption-attachment-538\" class=\"wp-caption-text\">Prof. Henrik Sax\u00e9n<\/p><\/div>\n<h4><strong>Henrik Sax\u00e9n<\/strong><\/h4>\n<p><strong>Vice director of the OSE group<br \/>\n<\/strong><strong>Professor of Heat Engineering<\/strong><\/p>\n<p>Thermal and Flow Engineering<br \/>\nDepartment of Chemical Engineering<\/p>\n<p><a class=\"button\" href=\"http:\/\/users.abo.fi\/hsaxen\">Webpage<\/a>\u00a0<a class=\"button\" href=\"https:\/\/www.linkedin.com\/profile\/view?id=37887419\">LinkedIn<\/a> <a class=\"button\" href=\"http:\/\/scholar.google.com\/citations?user=tQu8v1IAAAAJ\">Google Scholar<\/a><\/p>\n<p>Henrik Sax\u00e9n has since 1997 been professor in Heat Engineering at the Department of Chemical Engineering at \u00c5bo Akademi University. He was dean of the Department of Chemical Engineering in 1998-2000 and vice rector within research of \u00c5bo Akademi University\u00a0in 2006-2009. He has published about 130 journal papers on topics in chemical and metallurgical engineering. He has been the principal investigator in numerous national research projects funded by the Finnish Funding Agency for Innovation and the Academy of Finland, and has been actively involved in European projects under the Research Fund for Coal and Steel. He has good contacts with steel industry and research institutes in the field worldwide. Prof. Sax\u00e9n acts in the international advisory board of \u00a0Iron and Steel Institute of Japan International and as guest editor in special issues. He has supervised 13 PhD theses and more than 70 master\u2019s theses, and has evaluated more than 25 PhD theses (opponent or pre-examination).<\/p>\n<p>Full publication list available <a href=\"http:\/\/blogs.abo.fi\/ose\/files\/2014\/08\/HS_publications.pdf\">here<\/a>.<\/p>\n<hr class=\"symple-divider solid  symple-all\" style=\"margin-top: 20px;margin-bottom: 20px;\" \/>\n<div id=\"attachment_537\" style=\"width: 210px\" class=\"wp-caption alignright\"><a href=\"http:\/\/blogs.abo.fi\/ose\/files\/2014\/06\/Salminen_Paavo.jpg\"><img loading=\"lazy\" decoding=\"async\" aria-describedby=\"caption-attachment-537\" class=\"size-medium wp-image-537\" src=\"http:\/\/blogs.abo.fi\/ose\/files\/2014\/06\/Salminen_Paavo-200x300.jpg\" alt=\"Prof. Paavo Salminen\" width=\"200\" height=\"300\" srcset=\"https:\/\/blogs.abo.fi\/ose\/files\/2014\/06\/Salminen_Paavo-200x300.jpg 200w, https:\/\/blogs.abo.fi\/ose\/files\/2014\/06\/Salminen_Paavo-682x1024.jpg 682w, https:\/\/blogs.abo.fi\/ose\/files\/2014\/06\/Salminen_Paavo-59x90.jpg 59w, https:\/\/blogs.abo.fi\/ose\/files\/2014\/06\/Salminen_Paavo-305x458.jpg 305w, https:\/\/blogs.abo.fi\/ose\/files\/2014\/06\/Salminen_Paavo-80x120.jpg 80w\" sizes=\"auto, (max-width: 200px) 100vw, 200px\" \/><\/a><p id=\"caption-attachment-537\" class=\"wp-caption-text\">Prof. Paavo Salminen<\/p><\/div>\n<h4><strong>Paavo Salminen<\/strong><\/h4>\n<p><strong>Professor of Mathematics<\/strong><\/p>\n<p>Mathematics and Statistics<br \/>\nDepartment of Natural Sciences<\/p>\n<p><a class=\"button\" href=\"http:\/\/web.abo.fi\/fak\/mnf\/mate\/Paavo\/\">Webpage<\/a><\/p>\n<p>Paavo Salminen has worked as a professor in mathematics at \u00a0\u00c5bo Akademi University since 1994. He has been the head of the Department of Mathematics \u00a0for several years, the vice head of the Department of Natural Sciences (2010-2012) and the chairman for the Finnish Doctoral Programme for Stochastics and Statistics (2009-). He has supervised five PhD theses and has at the moment two PhD students. Salminen has been editor of Scandinavian Journal of Statistics 2010-2012 and guest editor for a special volume in optimal stopping for Stochastics, \u00a0International Journal in \u00a0Probability and Stochastic Processes. He has worked as a reviewer for the most of the high ranked journals in probability and stochastics. Salminen has 58 peer-reviewed publications in international journals. He has on his record many research visits and visits as a guest professor in European universities, in particular, in France, Germany, Russia \u00a0and Sweden. \u00a0Salminen is the coauthor of \u00a0the much cited monograph <em>Handbook of Brownian motion &#8212; facts and formulae<\/em>. Professor Salminen&#8217;s main research interests are in Brownian motion, diffusions, L\u00e9vy processes and their applications and use in stochastic modeling, especially, in mathematical finance and queuing theory. In recent years, the research focus has been on the theory of optimal stopping and on closely related fields like singular and impulse control of stochastic processes.<\/p>\n<hr class=\"symple-divider solid  symple-all\" style=\"margin-top: 20px;margin-bottom: 20px;\" \/>\n<div id=\"attachment_502\" style=\"width: 210px\" class=\"wp-caption alignright\"><a href=\"http:\/\/blogs.abo.fi\/ose\/files\/2014\/05\/untitled-0081-20131115.jpg\"><img loading=\"lazy\" decoding=\"async\" aria-describedby=\"caption-attachment-502\" class=\"wp-image-502\" src=\"http:\/\/blogs.abo.fi\/ose\/files\/2014\/05\/untitled-0081-20131115-225x300.jpg\" alt=\"Mikael Lindstr\u00f6m\" width=\"200\" height=\"267\" srcset=\"https:\/\/blogs.abo.fi\/ose\/files\/2014\/05\/untitled-0081-20131115-225x300.jpg 225w, https:\/\/blogs.abo.fi\/ose\/files\/2014\/05\/untitled-0081-20131115-768x1024.jpg 768w, https:\/\/blogs.abo.fi\/ose\/files\/2014\/05\/untitled-0081-20131115-67x90.jpg 67w, https:\/\/blogs.abo.fi\/ose\/files\/2014\/05\/untitled-0081-20131115-343x458.jpg 343w, https:\/\/blogs.abo.fi\/ose\/files\/2014\/05\/untitled-0081-20131115-80x106.jpg 80w, https:\/\/blogs.abo.fi\/ose\/files\/2014\/05\/untitled-0081-20131115.jpg 900w\" sizes=\"auto, (max-width: 200px) 100vw, 200px\" \/><\/a><p id=\"caption-attachment-502\" class=\"wp-caption-text\">Prof. Mikael Lindstr\u00f6m<\/p><\/div>\n<h4><strong>Mikael Lindstr\u00f6m<\/strong><\/h4>\n<p><strong>Professor of Mathematics<\/strong><\/p>\n<p><em>Mathematics and Statistics<\/em><br \/>\n<em> Department of Natural Sciences<\/em><\/p>\n<p><a class=\"button\" href=\"http:\/\/web.abo.fi\/fak\/mnf\/mate\/ResearchDir\/lindstrom.html\">Webpage<\/a><\/p>\n<p>Mikael Lindstr\u00f6m worked as full professor of mathematics at University of Oulu from 2008 to 2013. Since August 2013 Lindstr\u00f6m has joined the Department of Mathematics at \u00c5bo Akademi University as a full professor. He has been a guest researcher at Ludwig-Maximilian University in Munich and Kent State University in USA. During the years 2010-2012 Lindstr\u00f6m was a member of the Council of Natural Sciences and Engineering at the Academy of Finland. He is a member of the editorial boards of Mathematica Scandinavica and Journal of Complex Analysis. His research interests include functional analysis, operator theory, and complex analysis. Professor Lindstr\u00f6m is author of more than 75 peer reviewed scientific papers published in international journals. Lindstr\u00f6m has supervised five PhD theses and currently he has four PhD students.<\/p>\n<hr class=\"symple-divider solid  symple-all\" style=\"margin-top: 20px;margin-bottom: 20px;\" \/>\n<h4><strong>Associate members<\/strong><\/h4>\n<p>During the period 2009-2014, the following professors have also been members of the steering group:<\/p>\n<ul>\n<li>G\u00f6ran H\u00f6gn\u00e4s, professor emeritius in mathematics<\/li>\n<li>Olof Staffans, professor emeritius in mathematics<\/li>\n<li>Hannu Toivonen, professor in industrial systems engineering<\/li>\n<\/ul>\n","protected":false},"excerpt":{"rendered":"<p>The director and principal investigator of the CoE in OSE is Prof.\u00a0Tapio Westerlund from the Process Design and Systems Engineering Laboratory. In addition to Westerlund, the steering group consists of vice director Prof. Henrik Sax\u00e9n (Thermal and Flow Engineering) and Profs. Mikael Lindstr\u00f6m and Paavo Salminen (Mathematics and Statistics).\u00a0Dr. Andreas Lundell is also an affiliated [&hellip;]<\/p>\n","protected":false},"author":408,"featured_media":0,"parent":0,"menu_order":0,"comment_status":"open","ping_status":"open","template":"","meta":{"footnotes":""},"tags":[12,23,63,66,64,36,65,48],"class_list":["post-152","page","type-page","status-publish","hentry","tag-andreas-lundell","tag-goran-hognas","tag-hannu-toivonen","tag-henrik-saxen","tag-mikael-lindstrom","tag-olof-staffans","tag-paavo-salminen","tag-tapio-westerlund"],"_links":{"self":[{"href":"https:\/\/blogs.abo.fi\/ose\/wp-json\/wp\/v2\/pages\/152","targetHints":{"allow":["GET"]}}],"collection":[{"href":"https:\/\/blogs.abo.fi\/ose\/wp-json\/wp\/v2\/pages"}],"about":[{"href":"https:\/\/blogs.abo.fi\/ose\/wp-json\/wp\/v2\/types\/page"}],"author":[{"embeddable":true,"href":"https:\/\/blogs.abo.fi\/ose\/wp-json\/wp\/v2\/users\/408"}],"replies":[{"embeddable":true,"href":"https:\/\/blogs.abo.fi\/ose\/wp-json\/wp\/v2\/comments?post=152"}],"version-history":[{"count":41,"href":"https:\/\/blogs.abo.fi\/ose\/wp-json\/wp\/v2\/pages\/152\/revisions"}],"predecessor-version":[{"id":996,"href":"https:\/\/blogs.abo.fi\/ose\/wp-json\/wp\/v2\/pages\/152\/revisions\/996"}],"wp:attachment":[{"href":"https:\/\/blogs.abo.fi\/ose\/wp-json\/wp\/v2\/media?parent=152"}],"wp:term":[{"taxonomy":"post_tag","embeddable":true,"href":"https:\/\/blogs.abo.fi\/ose\/wp-json\/wp\/v2\/tags?post=152"}],"curies":[{"name":"wp","href":"https:\/\/api.w.org\/{rel}","templated":true}]}}