{"id":688,"date":"2014-06-05T16:53:03","date_gmt":"2014-06-05T13:53:03","guid":{"rendered":"http:\/\/blogs.abo.fi\/ose\/?page_id=688"},"modified":"2015-02-11T09:24:56","modified_gmt":"2015-02-11T07:24:56","slug":"forskningsgruppen-i-optimering-och-systemteknik","status":"publish","type":"page","link":"https:\/\/blogs.abo.fi\/ose\/forskningsgruppen-i-optimering-och-systemteknik\/","title":{"rendered":"Forskningsgruppen i Optimering och systemteknik"},"content":{"rendered":"<blockquote><p>Nya algoritmer och metoder utvecklas kontinuerligt inom omr\u00e5dena optimering, matematisk statistik, systemteknik och -teori, och \u00f6verf\u00f6ringen av de teoretiska resultaten till till\u00e4mpade omr\u00e5den sker mycket snabbt.<\/p><\/blockquote>\n<div id=\"attachment_1001\" style=\"width: 411px\" class=\"wp-caption alignright\"><a href=\"http:\/\/blogs.abo.fi\/ose\/files\/2014\/06\/AST_seminarium-12.jpg\"><img loading=\"lazy\" decoding=\"async\" aria-describedby=\"caption-attachment-1001\" class=\"wp-image-1001\" src=\"http:\/\/blogs.abo.fi\/ose\/files\/2014\/06\/AST_seminarium-12-300x199.jpg\" alt=\"\" width=\"401\" height=\"267\" srcset=\"https:\/\/blogs.abo.fi\/ose\/files\/2014\/06\/AST_seminarium-12-300x199.jpg 300w, https:\/\/blogs.abo.fi\/ose\/files\/2014\/06\/AST_seminarium-12-150x99.jpg 150w, https:\/\/blogs.abo.fi\/ose\/files\/2014\/06\/AST_seminarium-12-1024x682.jpg 1024w, https:\/\/blogs.abo.fi\/ose\/files\/2014\/06\/AST_seminarium-12-135x90.jpg 135w, https:\/\/blogs.abo.fi\/ose\/files\/2014\/06\/AST_seminarium-12-610x406.jpg 610w, https:\/\/blogs.abo.fi\/ose\/files\/2014\/06\/AST_seminarium-12-80x53.jpg 80w\" sizes=\"auto, (max-width: 401px) 100vw, 401px\" \/><\/a><p id=\"caption-attachment-1001\" class=\"wp-caption-text\">Deltagare p\u00e5 OSE-seminarium<\/p><\/div>\n<p>Den teoretiska forskningen inom OSE-gruppen bildar h\u00f6rnstenar f\u00f6r nya metoder. \u00c5 andra sidan ger till\u00e4mpningar upphov till utmanande forskningsinriktningar f\u00f6r att skapa avancerade teorier och metoder.<\/p>\n<p>D\u00e4rf\u00f6r \u00e4r det viktigt att forskningen inom omr\u00e5det sker i n\u00e4ra kontakt med olika omr\u00e5den inom naturvetenskap och teknik d\u00e4r de teoretiska metoderna och modellerna kan till\u00e4mpas. Teoretiska genombrott ger f\u00f6rst\u00e5else och m\u00f6jligheter att l\u00f6sa sv\u00e5ra till\u00e4mpade problem och utmanande till\u00e4mpade problem m\u00f6jligg\u00f6r teoretiska och metodologiska framsteg.<\/p>\n<p>Forskningen inom OSE-gruppen \u00e4r uppbyggd av tv\u00e5 huvudsakliga block:<\/p>\n<ul>\n<li><em>Teori och metoder<\/em>\u00a0samt<\/li>\n<li><em>Till\u00e4mpningar inom naturvetenskap och teknik<\/em>.<\/li>\n<\/ul>\n<p>Gruppen leds av en styrgrupp best\u00e5ende av f\u00f6ljande personer verksamma vid \u00c5bo Akademi:<\/p>\n<ul>\n<li>Professor <a href=\"http:\/\/users.abo.fi\/twesterl\/index-swe.html\">Tapio Westerlund<\/a>, Laboratoriet f\u00f6r anl\u00e4ggnings- och systemteknik<\/li>\n<li>Professor <a href=\"http:\/\/users.abo.fi\/hsaxen\" target=\"_blank\">Henrik Sax\u00e9n<\/a>, Laboratoriet f\u00f6r v\u00e4rme- och str\u00f6mningsteknik<\/li>\n<li>Professor <a href=\"http:\/\/web.abo.fi\/fak\/mnf\/mate\/Paavo\/\" target=\"_blank\">Paavo Salminen<\/a>, Matematik och statistik<\/li>\n<li>Professor <a href=\"http:\/\/web.abo.fi\/fak\/mnf\/mate\/ResearchDir\/lindstrom.html\" target=\"_blank\">Mikael Lindstr\u00f6m<\/a>, Matematik och statistik<\/li>\n<\/ul>\n<p>Utf\u00f6rligare information om forskningsgruppen hittas p\u00e5 v\u00e5ra engelskspr\u00e5kiga webbsidor.<\/p>\n<p>Mer information om de\u00a0interna spetsforskningsenheterna hittas p\u00e5 \u00c5bo Akademis <a href=\"http:\/\/www.abo.fi\/forskning\/sv\/spetsforskning\" target=\"_blank\">webbsidor<\/a>.<\/p>\n","protected":false},"excerpt":{"rendered":"<p>Nya algoritmer och metoder utvecklas kontinuerligt inom omr\u00e5dena optimering, matematisk statistik, systemteknik och -teori, och \u00f6verf\u00f6ringen av de teoretiska resultaten till till\u00e4mpade omr\u00e5den sker mycket snabbt. Den teoretiska forskningen inom OSE-gruppen bildar h\u00f6rnstenar f\u00f6r nya metoder. \u00c5 andra sidan ger till\u00e4mpningar upphov till utmanande forskningsinriktningar f\u00f6r att skapa avancerade teorier och metoder. D\u00e4rf\u00f6r \u00e4r det [&hellip;]<\/p>\n","protected":false},"author":408,"featured_media":0,"parent":0,"menu_order":0,"comment_status":"closed","ping_status":"closed","template":"","meta":{"footnotes":""},"tags":[],"class_list":["post-688","page","type-page","status-publish","hentry"],"_links":{"self":[{"href":"https:\/\/blogs.abo.fi\/ose\/wp-json\/wp\/v2\/pages\/688","targetHints":{"allow":["GET"]}}],"collection":[{"href":"https:\/\/blogs.abo.fi\/ose\/wp-json\/wp\/v2\/pages"}],"about":[{"href":"https:\/\/blogs.abo.fi\/ose\/wp-json\/wp\/v2\/types\/page"}],"author":[{"embeddable":true,"href":"https:\/\/blogs.abo.fi\/ose\/wp-json\/wp\/v2\/users\/408"}],"replies":[{"embeddable":true,"href":"https:\/\/blogs.abo.fi\/ose\/wp-json\/wp\/v2\/comments?post=688"}],"version-history":[{"count":16,"href":"https:\/\/blogs.abo.fi\/ose\/wp-json\/wp\/v2\/pages\/688\/revisions"}],"predecessor-version":[{"id":1091,"href":"https:\/\/blogs.abo.fi\/ose\/wp-json\/wp\/v2\/pages\/688\/revisions\/1091"}],"wp:attachment":[{"href":"https:\/\/blogs.abo.fi\/ose\/wp-json\/wp\/v2\/media?parent=688"}],"wp:term":[{"taxonomy":"post_tag","embeddable":true,"href":"https:\/\/blogs.abo.fi\/ose\/wp-json\/wp\/v2\/tags?post=688"}],"curies":[{"name":"wp","href":"https:\/\/api.w.org\/{rel}","templated":true}]}}