{"id":2,"date":"2014-05-28T10:17:41","date_gmt":"2014-05-28T10:17:41","guid":{"rendered":"http:\/\/blogs.abo.fi\/ovningsskolan\/?page_id=2"},"modified":"2014-08-05T14:45:01","modified_gmt":"2014-08-05T12:45:01","slug":"ombloggen","status":"publish","type":"page","link":"https:\/\/blogs.abo.fi\/ovningsskolan\/ombloggen\/","title":{"rendered":"Om bloggen"},"content":{"rendered":"<p>Vasa \u00f6vningsskolas egen blogg Utblickar \u00f6ppnar d\u00e5 skolan fyller 40 \u00e5r, h\u00f6stterminen 2014. Namnet Utblickar f\u00f6rknippas med den interna skrift som sammanst\u00e4lldes under en tid d\u00e5\u00a0l\u00e5gstadiet verkade p\u00e5 Handelsesplanaden och delvis p\u00e5 Berggatan.\u00a0I den kunde vi l\u00e4sa om varierande pedagogiska sp\u00f6rsm\u00e5l, kortare och l\u00e4ngre texter.<\/p>\n<p>Just\u00a0detta\u00a0\u00e4r ocks\u00e5 syftet med\u00a0bloggen: att fungera f\u00f6r information och som inspiration\u00a0och st\u00f6da skolans pedagogiska utvecklingsarbete\u00a0. Framf\u00f6r allt \u00f6ppnas h\u00e4r en kanal f\u00f6r att dela erfarenheter: l\u00e4sta b\u00f6cker, tweetar, fiffiga hemsidor, goda f\u00f6rel\u00e4sare, seminarier, kurser fortbildningar. Allt t\u00e4nkbart, som ocks\u00e5 andra kan ha gl\u00e4dje och nytta av!<\/p>\n<p>V\u00e4klommen med som skribent!<\/p>\n<p>&nbsp;<\/p>\n<p>&nbsp;<\/p>\n<p>&nbsp;<\/p>\n<!-- AddThis Advanced Settings generic via filter on the_content --><!-- AddThis Share Buttons generic via filter on the_content -->","protected":false},"excerpt":{"rendered":"<p>Vasa \u00f6vningsskolas egen blogg Utblickar \u00f6ppnar d\u00e5 skolan fyller 40 \u00e5r, h\u00f6stterminen 2014. Namnet Utblickar f\u00f6rknippas med den interna skrift som sammanst\u00e4lldes under en tid d\u00e5\u00a0l\u00e5gstadiet verkade p\u00e5 Handelsesplanaden och delvis p\u00e5 Berggatan.\u00a0I den kunde vi l\u00e4sa om varierande pedagogiska sp\u00f6rsm\u00e5l, kortare och l\u00e4ngre texter. Just\u00a0detta\u00a0\u00e4r ocks\u00e5 syftet med\u00a0bloggen: att fungera f\u00f6r information och som [&hellip;]<!-- AddThis Advanced Settings generic via filter on get_the_excerpt --><!-- AddThis Share Buttons generic via filter on get_the_excerpt --><\/p>\n","protected":false},"author":125,"featured_media":0,"parent":0,"menu_order":0,"comment_status":"closed","ping_status":"open","template":"","meta":{"footnotes":""},"class_list":["post-2","page","type-page","status-publish","hentry"],"_links":{"self":[{"href":"https:\/\/blogs.abo.fi\/ovningsskolan\/wp-json\/wp\/v2\/pages\/2","targetHints":{"allow":["GET"]}}],"collection":[{"href":"https:\/\/blogs.abo.fi\/ovningsskolan\/wp-json\/wp\/v2\/pages"}],"about":[{"href":"https:\/\/blogs.abo.fi\/ovningsskolan\/wp-json\/wp\/v2\/types\/page"}],"author":[{"embeddable":true,"href":"https:\/\/blogs.abo.fi\/ovningsskolan\/wp-json\/wp\/v2\/users\/125"}],"replies":[{"embeddable":true,"href":"https:\/\/blogs.abo.fi\/ovningsskolan\/wp-json\/wp\/v2\/comments?post=2"}],"version-history":[{"count":5,"href":"https:\/\/blogs.abo.fi\/ovningsskolan\/wp-json\/wp\/v2\/pages\/2\/revisions"}],"predecessor-version":[{"id":26,"href":"https:\/\/blogs.abo.fi\/ovningsskolan\/wp-json\/wp\/v2\/pages\/2\/revisions\/26"}],"wp:attachment":[{"href":"https:\/\/blogs.abo.fi\/ovningsskolan\/wp-json\/wp\/v2\/media?parent=2"}],"curies":[{"name":"wp","href":"https:\/\/api.w.org\/{rel}","templated":true}]}}