{"id":46,"date":"2014-08-13T08:30:38","date_gmt":"2014-08-13T06:30:38","guid":{"rendered":"http:\/\/blogs.abo.fi\/ovningsskolan\/?page_id=46"},"modified":"2017-12-11T07:19:38","modified_gmt":"2017-12-11T06:19:38","slug":"hur","status":"publish","type":"page","link":"https:\/\/blogs.abo.fi\/ovningsskolan\/hur\/","title":{"rendered":"Hur kan jag blogga?"},"content":{"rendered":"<p>I denna blogg \u00e4r det t\u00e4nkt att l\u00e4rare och personal vid Vasa \u00f6vningsskola skall kunna g\u00f6ra inl\u00e4gg.<\/p>\n<p>F\u00f6r att p\u00e5 egen hand kunna skriva inl\u00e4gg i bloggen g\u00f6r du p\u00e5 f\u00f6ljande s\u00e4tt:<\/p>\n<ol>\n<li>G\u00e5 in p\u00e5 adressen https:\/\/blogs.abo.fi\/wp-login.php och logga in med ditt vanliga anv\u00e4ndarnamn och l\u00f6senord.<\/li>\n<li>Sedan kan du logga ut !<\/li>\n<li>Meddela d\u00e4refter Andreas att du vill ha r\u00e4ttighet att skriva inl\u00e4gg i bloggen och meddela \u00e4ven ditt anv\u00e4ndarnamn.<\/li>\n<li>Publicera ditt blogginl\u00e4gg!<\/li>\n<\/ol>\n<p>Alternativt kan du skicka ditt blogginl\u00e4gg per e-post direkt till Andreas.<\/p>\n<!-- AddThis Advanced Settings generic via filter on the_content --><!-- AddThis Share Buttons generic via filter on the_content -->","protected":false},"excerpt":{"rendered":"<p>I denna blogg \u00e4r det t\u00e4nkt att l\u00e4rare och personal vid Vasa \u00f6vningsskola skall kunna g\u00f6ra inl\u00e4gg. F\u00f6r att p\u00e5 egen hand kunna skriva inl\u00e4gg i bloggen g\u00f6r du p\u00e5 f\u00f6ljande s\u00e4tt: G\u00e5 in p\u00e5 adressen https:\/\/blogs.abo.fi\/wp-login.php och logga in med ditt vanliga anv\u00e4ndarnamn och l\u00f6senord. Sedan kan du logga ut ! Meddela d\u00e4refter Andreas [&hellip;]<!-- AddThis Advanced Settings generic via filter on get_the_excerpt --><!-- AddThis Share Buttons generic via filter on get_the_excerpt --><\/p>\n","protected":false},"author":125,"featured_media":0,"parent":0,"menu_order":2,"comment_status":"closed","ping_status":"open","template":"","meta":{"footnotes":""},"class_list":["post-46","page","type-page","status-publish","hentry"],"_links":{"self":[{"href":"https:\/\/blogs.abo.fi\/ovningsskolan\/wp-json\/wp\/v2\/pages\/46","targetHints":{"allow":["GET"]}}],"collection":[{"href":"https:\/\/blogs.abo.fi\/ovningsskolan\/wp-json\/wp\/v2\/pages"}],"about":[{"href":"https:\/\/blogs.abo.fi\/ovningsskolan\/wp-json\/wp\/v2\/types\/page"}],"author":[{"embeddable":true,"href":"https:\/\/blogs.abo.fi\/ovningsskolan\/wp-json\/wp\/v2\/users\/125"}],"replies":[{"embeddable":true,"href":"https:\/\/blogs.abo.fi\/ovningsskolan\/wp-json\/wp\/v2\/comments?post=46"}],"version-history":[{"count":4,"href":"https:\/\/blogs.abo.fi\/ovningsskolan\/wp-json\/wp\/v2\/pages\/46\/revisions"}],"predecessor-version":[{"id":524,"href":"https:\/\/blogs.abo.fi\/ovningsskolan\/wp-json\/wp\/v2\/pages\/46\/revisions\/524"}],"wp:attachment":[{"href":"https:\/\/blogs.abo.fi\/ovningsskolan\/wp-json\/wp\/v2\/media?parent=46"}],"curies":[{"name":"wp","href":"https:\/\/api.w.org\/{rel}","templated":true}]}}