{"id":688,"date":"2011-10-05T14:59:37","date_gmt":"2011-10-05T14:59:37","guid":{"rendered":"http:\/\/blogs.abo.fi\/lararbloggen\/?page_id=2"},"modified":"2019-06-12T12:25:35","modified_gmt":"2019-06-12T09:25:35","slug":"om","status":"publish","type":"page","link":"https:\/\/blogs.abo.fi\/personalbloggen\/om\/","title":{"rendered":"Om personalbloggen \u2022 About the staff blog"},"content":{"rendered":"<p>V\u00e4lkommen till \u00c5bo Akademis personalblogg &#8211; Welcome to the Staff Blog of \u00c5bo Akademi University!<\/p>\n<p>H\u00e4r bloggar personal fr\u00e5n \u00c5A. Det blir gott och blandat, nyttigt och intressant, fr\u00e5n l\u00e4rare, forskare och administrat\u00f6rer.<br \/>\nKommentera g\u00e4rna skribenternas inl\u00e4gg \u2013 och h\u00f6r av dig om du vill skriva eget inl\u00e4gg!<\/p>\n<hr \/>\n<p>Here you&#8217;ll find blog entries by teachers, researchers and administrative staff at \u00c5AU.<br \/>\nPlease comment &#8211; and get in touch if you want to write a blog post of your own.<\/p>\n<hr \/>\n<p>Tove Forslund, Forsknings- och utbildningsservice, L\u00e4randest\u00f6d\/Research and Education Services, Support for Teaching and Learning, <a href=\"mailto:larandestod@abo.fi\">larandestod@abo.fi<\/a><br \/>\nBen Roimola, Kommunikationsenheten\/Communications, <a href=\"mailto:webbsupport@abo.fi\">webbsupport@abo.fi<\/a><\/p>\n<p>&nbsp;<\/p>\n","protected":false},"excerpt":{"rendered":"<p>V\u00e4lkommen till \u00c5bo Akademis personalblogg &#8211; Welcome to the Staff Blog of \u00c5bo Akademi University! H\u00e4r bloggar personal fr\u00e5n \u00c5A. Det blir gott och blandat, nyttigt och intressant, fr\u00e5n l\u00e4rare, forskare och administrat\u00f6rer. Kommentera g\u00e4rna skribenternas inl\u00e4gg \u2013 och h\u00f6r av dig om du vill skriva eget inl\u00e4gg! Here you&#8217;ll find blog entries by teachers, [&hellip;]<\/p>\n","protected":false},"author":1,"featured_media":0,"parent":0,"menu_order":0,"comment_status":"closed","ping_status":"closed","template":"","meta":{"footnotes":""},"class_list":["post-688","page","type-page","status-publish","hentry"],"_links":{"self":[{"href":"https:\/\/blogs.abo.fi\/personalbloggen\/wp-json\/wp\/v2\/pages\/688","targetHints":{"allow":["GET"]}}],"collection":[{"href":"https:\/\/blogs.abo.fi\/personalbloggen\/wp-json\/wp\/v2\/pages"}],"about":[{"href":"https:\/\/blogs.abo.fi\/personalbloggen\/wp-json\/wp\/v2\/types\/page"}],"author":[{"embeddable":true,"href":"https:\/\/blogs.abo.fi\/personalbloggen\/wp-json\/wp\/v2\/users\/1"}],"replies":[{"embeddable":true,"href":"https:\/\/blogs.abo.fi\/personalbloggen\/wp-json\/wp\/v2\/comments?post=688"}],"version-history":[{"count":6,"href":"https:\/\/blogs.abo.fi\/personalbloggen\/wp-json\/wp\/v2\/pages\/688\/revisions"}],"predecessor-version":[{"id":1475,"href":"https:\/\/blogs.abo.fi\/personalbloggen\/wp-json\/wp\/v2\/pages\/688\/revisions\/1475"}],"wp:attachment":[{"href":"https:\/\/blogs.abo.fi\/personalbloggen\/wp-json\/wp\/v2\/media?parent=688"}],"curies":[{"name":"wp","href":"https:\/\/api.w.org\/{rel}","templated":true}]}}