{"id":2,"date":"2011-02-25T10:35:39","date_gmt":"2011-02-25T10:35:39","guid":{"rendered":"http:\/\/blogs.abo.fi\/phagman\/?page_id=2"},"modified":"2013-02-11T09:51:23","modified_gmt":"2013-02-11T07:51:23","slug":"om","status":"publish","type":"page","link":"https:\/\/blogs.abo.fi\/phagman\/om\/","title":{"rendered":"Om mig"},"content":{"rendered":"<p>Jag arbetar som forskare och timl\u00e4rare p\u00e5 teologiska fakulteten vid \u00c5bo Akademi. Min forskning handlar fr\u00e4mst om asketism (i den tidiga kyrkan och i v\u00e5r tid) samt politisk teologi. Jag undervisar fr\u00e4mst i etik och religionsfilosofi. Teologi \u00e4r dock mycket mera \u00e4n ett jobb f\u00f6r mig, teologin genomsyrar allt jag g\u00f6r.<\/p>\n","protected":false},"excerpt":{"rendered":"<p>Jag arbetar som forskare och timl\u00e4rare p\u00e5 teologiska fakulteten vid \u00c5bo Akademi. Min forskning handlar fr\u00e4mst om asketism (i den tidiga kyrkan och i v\u00e5r tid) samt politisk teologi. Jag undervisar fr\u00e4mst i etik och religionsfilosofi. Teologi \u00e4r dock mycket &hellip; <a href=\"https:\/\/blogs.abo.fi\/phagman\/om\/\">Forts\u00e4tt l\u00e4sa <span class=\"meta-nav\">&rarr;<\/span><\/a><\/p>\n","protected":false},"author":71,"featured_media":0,"parent":0,"menu_order":0,"comment_status":"open","ping_status":"open","template":"","meta":{"footnotes":""},"class_list":["post-2","page","type-page","status-publish","hentry"],"_links":{"self":[{"href":"https:\/\/blogs.abo.fi\/phagman\/wp-json\/wp\/v2\/pages\/2","targetHints":{"allow":["GET"]}}],"collection":[{"href":"https:\/\/blogs.abo.fi\/phagman\/wp-json\/wp\/v2\/pages"}],"about":[{"href":"https:\/\/blogs.abo.fi\/phagman\/wp-json\/wp\/v2\/types\/page"}],"author":[{"embeddable":true,"href":"https:\/\/blogs.abo.fi\/phagman\/wp-json\/wp\/v2\/users\/71"}],"replies":[{"embeddable":true,"href":"https:\/\/blogs.abo.fi\/phagman\/wp-json\/wp\/v2\/comments?post=2"}],"version-history":[{"count":4,"href":"https:\/\/blogs.abo.fi\/phagman\/wp-json\/wp\/v2\/pages\/2\/revisions"}],"predecessor-version":[{"id":6,"href":"https:\/\/blogs.abo.fi\/phagman\/wp-json\/wp\/v2\/pages\/2\/revisions\/6"}],"wp:attachment":[{"href":"https:\/\/blogs.abo.fi\/phagman\/wp-json\/wp\/v2\/media?parent=2"}],"curies":[{"name":"wp","href":"https:\/\/api.w.org\/{rel}","templated":true}]}}