{"id":9,"date":"2011-02-25T13:46:21","date_gmt":"2011-02-25T11:46:21","guid":{"rendered":"http:\/\/blogs.abo.fi\/phagman\/"},"modified":"2013-05-08T13:57:30","modified_gmt":"2013-05-08T11:57:30","slug":"publications","status":"publish","type":"page","link":"https:\/\/blogs.abo.fi\/phagman\/publications\/","title":{"rendered":"Publications"},"content":{"rendered":"<p><strong>Published Monographs<\/strong><\/p>\n<ul>\n<li><em><a href=\"http:\/\/www.us.oup.com\/us\/catalog\/general\/subject\/ReligionTheology\/HistoryofChristianity\/EarlyChurch\/?view=usa&amp;ci=9780199593194\" target=\"_blank\">The Asceticism of Isaac of Nineveh<\/a>.<\/em> Oxford Early Christian Studies. Oxford University Press 2010.<\/li>\n<li><em><a href=\"http:\/\/blogs.abo.fi\/phagman\/2011\/04\/13\/om-kristet-motstand\/\">Om Kristet Motst\u00e5nd<\/a><\/em>. Artos &amp; Norma F\u00f6rlag, Skellefte\u00e5 \/ Fontana Media, Helsingfors 2011.<\/li>\n<li><em><a href=\"http:\/\/blogs.abo.fi\/phagman\/2012\/04\/30\/om-kristen-motstand\/\" target=\"_blank\">Om Kristen Motstand<\/a>. <\/em>Luther Vorlag, Oslo 2012.<\/li>\n<li><a href=\"http:\/\/blogs.abo.fi\/phagman\/2013\/05\/03\/efter-folkkyrkan-en-teologi-om-kyrkan-i-det-efterkristna-samhallet\/\"><em>Efter folkkyrkan. En teologi om kyrkan i det efterkristna samh\u00e4llet.<\/em><\/a> Artos, Skellefte\u00e5 2013.<\/li>\n<\/ul>\n<p><strong>Edited works<\/strong><\/p>\n<ul>\n<li><a href=\"http:\/\/blogs.abo.fi\/phagman\/2013\/05\/08\/en-liten-skillnad\/\"><em>En liten skillnad. 11 texter om kristet liv.<\/em><\/a> Co-edited with Liisa Mendelin. Fontana Media, Helsingfors, 2013.<\/li>\n<li><em><a href=\"http:\/\/blogs.abo.fi\/phagman\/2011\/04\/06\/konflikter-i-skargardsmiljon\/\" target=\"_blank\">Konflikter i Sk\u00e4rg\u00e5rdsmilj\u00f6n. Biologiska, etiska och samh\u00e4lleliga perspektiv p\u00e5 \u00c5bolands sk\u00e4rg\u00e5rd.<\/a> <\/em>Co-edited with Bonsdorff, Kurt\u00e9n, Joas, Vikstr\u00f6m, \u00c5bo Akademis f\u00f6rlag, 2011.<\/li>\n<li><a href=\"http:\/\/www.adlibris.com\/se\/product.aspx?isbn=9175803372\" target=\"_blank\"><em>Augustinus Tretton Brev<\/em><\/a>. With A-M Laato (eds.). Artos f\u00f6rlag, Skellefte\u00e5, 2007. 124 sidor.<\/li>\n<\/ul>\n<p><strong>Scholarly Articles<br \/>\n<\/strong><\/p>\n<ul>\n<li>&#8221;The End of Asceticism. Luther, Modernity, and How Asceticism Stopped Making Sense.&#8221; <em>Political Theology <\/em>14.2 (2013), 174-187.<\/li>\n<li>\u201dFr\u00e5n staden till \u00f6knen: den asketiska v\u00e4ndningens pedagogik i Theodorus   av Mopsuestia och Isak av Nineve\u201d. in Rydell, Ekman (ed.) <em>Soteria och Gnosis. Fr\u00e4lsning och kunskap i den tidiga kyrkan<\/em>, Artos f\u00f6rlag, Skellefte\u00e5 2012, 135-152.<\/li>\n<li>\u201dPost-Secularity and Post-Constantinianism: The Case of the Evangelical Church in Finland\u201d In: Henriksen, Kurt\u00e9n (eds.), <em>Crisis and Change. Religion, Ethics and Theology under Late Modern Conditions. <\/em>Cambridge Scholars Publishing, 2012, 129-146.<\/li>\n<li>&#8221;To Travel in One Place: Openings for a New Asceticims in the Theology of Stanley Hauerwas&#8221;, <em>Political Theology 13:1 <\/em>(2012)<\/li>\n<li>&#8221;Asketism och m\u00f6jligheten till f\u00f6r\u00e4ndring&#8221; i Bonsdorff, Hagman et al., <em>Konflikter i Sk\u00e4rg\u00e5rdsmilj\u00f6n. Biologiska, etiska och samh\u00e4lleliga perspektiv p\u00e5 \u00c5bolands Sk\u00e4rg\u00e5rd.<\/em> \u00c5bo Akademis f\u00f6rlag, 2011.<\/li>\n<li>\u201c<a href=\"http:\/\/blogs.abo.fi\/phagman\/2011\/05\/25\/asceticism-and-empire-asceticism-as-body-politics-in-isaac-of-nineveh-and-hardt-negri\/\">Asceticism and Empire. Asceticism as Body-politics in Isaac of Nineveh and Hart &amp; Negri<\/a>\u201d. Studia theologica 65\/1 (2011), 39-53.<\/li>\n<li>\u201cLiturgi och asketism som motst\u00e5ndsyttringar i den tidiga kyrkan\u201d i Ahlqvist, Laato, Lindfelt (eds.), <em>Flumen saxosum sonans.<\/em> \u00c5bo Akademi University Press 2010.<\/li>\n<li>\u201cAsketism och postmodern teologi\u201d i <em>Finsk Tidskrift <\/em>3\/2009, 124-132.<\/li>\n<li>&#8221;<a href=\"http:\/\/goedoc.uni-goettingen.de\/goescholar\/bitstream\/handle\/goescholar\/3220\/makarios.pdf?sequence=1\" target=\"_blank\">St Isaac of Nineveh and the Messalians<\/a>\u201d. in Martin Tamcke (ed.) <em>Mystik &#8211; Metapher &#8211; Bild.\u00a0 Beitr\u00e4ge des VII. Makarios-Symposiums, G\u00f6ttingen 2007<\/em>, 55-66 Universitetsverlag<br \/>\nG\u00f6ttingen, 2008.<\/li>\n<\/ul>\n<p><strong>Other articles as well as radio and television programmes<br \/>\n<\/strong><\/p>\n<ul>\n<li>&#8221;Att l\u00e4mna staden&#8221;, <em>Pilgrim <\/em>3\/2012.<\/li>\n<li>&#8221;Att f\u00f6r\u00e4ndra v\u00e4rlden genom att l\u00e4mna den&#8221;, <em>NOD <\/em>3\/2011<\/li>\n<li>&#8221;Effektivitet som d\u00f6dssynd?&#8221; <em>NOD <\/em>2\/2011<\/li>\n<li><a href=\"http:\/\/www.kaapeli.fi\/%7Efbf\/ikaros\/arkiv\/2010-1\/Ikaros_110_hagman.pdf\" target=\"_blank\">&#8221;Tro handlar inte om sannolikhetskalkyler&#8221;<\/a> Interview in <em>Ikaros <\/em>1\/2010, by Marcus Prest.<\/li>\n<li>&#8221;K\u00f6ksv\u00e4gen till helighet&#8221; <em>Helig. Borg\u00e5 Stifts \u00c5rsbok 2009.<\/em> Fontana Media, Helisingfors.<\/li>\n<li>\u201cFasta som Motst\u00e5nd\u201d i <em>Pilgrim<\/em> 1\/2009, 45-49. Bokf\u00f6rlaget Cordia AB, \u00d6rebro.<\/li>\n<li><a href=\"http:\/\/vetamix.yle.fi\/media\/15899\" target=\"_blank\"><em>Himlaliv: Den Sv\u00e5ra Enkla V\u00e4gen<\/em><\/a>. FST5-television 8.11.2009<\/li>\n<li>\u201dIsak av Nineve: Med fruktan som drivkraft.\u201d i <em>Pilgrim <\/em>3\/2005, 44\u201347<em>. <\/em>Bokf\u00f6rlaget Cordia AB, \u00d6rebro.<\/li>\n<li>\u201dKlassikern: B\u00f6nens P\u00e4rldykare av Isak av Nineve\u201d (translation) i <em>Pilgrim <\/em>3\/2005, 42\u201343<em>. <\/em>Bokf\u00f6rlaget Cordia AB, \u00d6rebro.<\/li>\n<\/ul>\n<p><strong>Reviews<\/strong><\/p>\n<p><strong> <\/strong><\/p>\n<ul>\n<li>C.J. Gardberg \u201dVeritas &#8211; Sanningen! Dominikaner i \u00c5bo under medeltiden.\u201d <em>Ikaros <\/em>5\/2005.<\/li>\n<li>Pyh\u00e4 Iisak Ninivel\u00e4inen \u201dKootut teokset\u201d. <em>TA\/TT<\/em> 3\/2006, 315.<\/li>\n<li>Russel Re Manning \u201dTheology at the End of Culture. Paul Tillich\u2019s Theology of Culture and Art\u201d. <em>Princeton<\/em><em> Theological Review <\/em>XIII\/1 (2007), 103\u2013105.<\/li>\n<li>Samuel Rubenson (ed.), \u201dSvenskt Patristiskt Bibliotek V: Asketer och Munkar\u201d <em>Meddelanden fr\u00e5n Collegium Patristicum Lundense<\/em> 2009.<\/li>\n<li><a href=\"http:\/\/www.kaapeli.fi\/~fbf\/ikaros\/arkiv\/2010-1\/Ikaros_110_hagman_rec.pdf\" target=\"_blank\">Ola Sigurdson, \u201dDet Postsekul\u00e4ra Tillst\u00e5ndet: Religion, modernitet, politik.\u201d <em>Ikaros 1\/2010<\/em><\/a><\/li>\n<\/ul>\n","protected":false},"excerpt":{"rendered":"<p>Published Monographs The Asceticism of Isaac of Nineveh. Oxford Early Christian Studies. Oxford University Press 2010. Om Kristet Motst\u00e5nd. Artos &amp; Norma F\u00f6rlag, Skellefte\u00e5 \/ Fontana Media, Helsingfors 2011. Om Kristen Motstand. Luther Vorlag, Oslo 2012. Efter folkkyrkan. En teologi &hellip; <a href=\"https:\/\/blogs.abo.fi\/phagman\/publications\/\">Forts\u00e4tt l\u00e4sa <span class=\"meta-nav\">&rarr;<\/span><\/a><\/p>\n","protected":false},"author":71,"featured_media":0,"parent":0,"menu_order":0,"comment_status":"open","ping_status":"open","template":"","meta":{"footnotes":""},"class_list":["post-9","page","type-page","status-publish","hentry"],"_links":{"self":[{"href":"https:\/\/blogs.abo.fi\/phagman\/wp-json\/wp\/v2\/pages\/9","targetHints":{"allow":["GET"]}}],"collection":[{"href":"https:\/\/blogs.abo.fi\/phagman\/wp-json\/wp\/v2\/pages"}],"about":[{"href":"https:\/\/blogs.abo.fi\/phagman\/wp-json\/wp\/v2\/types\/page"}],"author":[{"embeddable":true,"href":"https:\/\/blogs.abo.fi\/phagman\/wp-json\/wp\/v2\/users\/71"}],"replies":[{"embeddable":true,"href":"https:\/\/blogs.abo.fi\/phagman\/wp-json\/wp\/v2\/comments?post=9"}],"version-history":[{"count":19,"href":"https:\/\/blogs.abo.fi\/phagman\/wp-json\/wp\/v2\/pages\/9\/revisions"}],"predecessor-version":[{"id":11,"href":"https:\/\/blogs.abo.fi\/phagman\/wp-json\/wp\/v2\/pages\/9\/revisions\/11"}],"wp:attachment":[{"href":"https:\/\/blogs.abo.fi\/phagman\/wp-json\/wp\/v2\/media?parent=9"}],"curies":[{"name":"wp","href":"https:\/\/api.w.org\/{rel}","templated":true}]}}