{"id":12,"date":"2013-01-22T08:19:24","date_gmt":"2013-01-22T08:19:24","guid":{"rendered":"http:\/\/blogs.abo.fi\/referenshantering\/"},"modified":"2013-01-24T13:59:34","modified_gmt":"2013-01-24T13:59:34","slug":"instruktioner-och-kurser","status":"publish","type":"page","link":"https:\/\/blogs.abo.fi\/referenshantering\/instruktioner-och-kurser\/","title":{"rendered":"Instruktioner och kurser"},"content":{"rendered":"<p>H\u00e4r finns en <a href=\"http:\/\/web.abo.fi\/library\/refworks\/RefWorks_powerpoint_sve.pdf\" target=\"_blank\">introduktion till de viktigaste funktionerna i RefWorks<\/a> (i pdf-form).<\/p>\n<p>Biblioteket ordnar regelbundet <strong>kurser <\/strong>i RefWorks, du hittar <a href=\"http:\/\/www.abo.fi\/bibliotek\/bibinfokomp\" target=\"_blank\">tidpunkterna p\u00e5 bibliotekets hemsida<\/a>.<\/p>\n<p>Har du fr\u00e5gor eller st\u00f6ter p\u00e5 problem med RefWorks,<strong> skicka e-post till referenshantering(a)abo.fi!<\/strong><\/p>\n","protected":false},"excerpt":{"rendered":"<p>H\u00e4r finns en introduktion till de viktigaste funktionerna i RefWorks (i pdf-form). Biblioteket ordnar regelbundet kurser i RefWorks, du hittar tidpunkterna p\u00e5 bibliotekets hemsida. Har du fr\u00e5gor eller st\u00f6ter p\u00e5 problem med RefWorks, skicka e-post till referenshantering(a)abo.fi!<\/p>\n","protected":false},"author":103,"featured_media":0,"parent":0,"menu_order":0,"comment_status":"closed","ping_status":"open","template":"","meta":{"footnotes":""},"class_list":["post-12","page","type-page","status-publish","hentry"],"_links":{"self":[{"href":"https:\/\/blogs.abo.fi\/referenshantering\/wp-json\/wp\/v2\/pages\/12","targetHints":{"allow":["GET"]}}],"collection":[{"href":"https:\/\/blogs.abo.fi\/referenshantering\/wp-json\/wp\/v2\/pages"}],"about":[{"href":"https:\/\/blogs.abo.fi\/referenshantering\/wp-json\/wp\/v2\/types\/page"}],"author":[{"embeddable":true,"href":"https:\/\/blogs.abo.fi\/referenshantering\/wp-json\/wp\/v2\/users\/103"}],"replies":[{"embeddable":true,"href":"https:\/\/blogs.abo.fi\/referenshantering\/wp-json\/wp\/v2\/comments?post=12"}],"version-history":[{"count":15,"href":"https:\/\/blogs.abo.fi\/referenshantering\/wp-json\/wp\/v2\/pages\/12\/revisions"}],"predecessor-version":[{"id":16,"href":"https:\/\/blogs.abo.fi\/referenshantering\/wp-json\/wp\/v2\/pages\/12\/revisions\/16"}],"wp:attachment":[{"href":"https:\/\/blogs.abo.fi\/referenshantering\/wp-json\/wp\/v2\/media?parent=12"}],"curies":[{"name":"wp","href":"https:\/\/api.w.org\/{rel}","templated":true}]}}