{"id":15,"date":"2025-03-16T09:16:49","date_gmt":"2025-03-16T08:16:49","guid":{"rendered":"https:\/\/blogs.abo.fi\/religionsvetenskap\/?page_id=15"},"modified":"2025-03-27T09:14:54","modified_gmt":"2025-03-27T08:14:54","slug":"projects","status":"publish","type":"page","link":"https:\/\/blogs.abo.fi\/religionsvetenskap\/projects\/","title":{"rendered":"V\u00e5r Forskning"},"content":{"rendered":"<p>Inom \u00e4mnet religionsvetenskap vid \u00c5bo Akademi finns vissa centrala forskningsf\u00e4lt. Som exempel p\u00e5 s\u00e5dana kan man n\u00e4mna forskning i anslutning till religi\u00f6s m\u00e5ngfald och religi\u00f6s f\u00f6r\u00e4ndring, religion\u00a0media och popul\u00e4rkultur samt vetenskapsteoretiska fr\u00e5gest\u00e4llningar. Vi har en stark forskningsprofil speciellt inom fr\u00e5gor som r\u00f6r samtida religi\u00f6s f\u00f6r\u00e4ndring b\u00e5de i Finland och globalt. \u00c4mnet samarbetar med<a href=\"https:\/\/www.donnerinstitute.fi\/\" target=\"_blank\" rel=\"noopener\">\u00a0Donnerska institutet<\/a>\u00a0f\u00f6r religionshistorisk och kulturhistorisk forskning.<\/p>\n","protected":false},"excerpt":{"rendered":"<p>Inom \u00e4mnet religionsvetenskap vid \u00c5bo Akademi finns vissa centrala forskningsf\u00e4lt. Som exempel p\u00e5 s\u00e5dana kan man n\u00e4mna forskning i anslutning till religi\u00f6s m\u00e5ngfald och religi\u00f6s f\u00f6r\u00e4ndring, religion\u00a0media och popul\u00e4rkultur samt vetenskapsteoretiska fr\u00e5gest\u00e4llningar. Vi har en stark forskningsprofil speciellt inom fr\u00e5gor som r\u00f6r samtida religi\u00f6s f\u00f6r\u00e4ndring b\u00e5de i Finland och globalt. \u00c4mnet samarbetar med\u00a0Donnerska institutet\u00a0f\u00f6r religionshistorisk &hellip; <\/p>\n<p class=\"link-more\"><a href=\"https:\/\/blogs.abo.fi\/religionsvetenskap\/projects\/\" class=\"more-link\">Continue reading<span class=\"screen-reader-text\"> &#8220;V\u00e5r Forskning&#8221;<\/span><\/a><\/p>\n","protected":false},"author":713,"featured_media":0,"parent":0,"menu_order":0,"comment_status":"closed","ping_status":"closed","template":"","meta":{"footnotes":""},"class_list":["post-15","page","type-page","status-publish","hentry"],"_links":{"self":[{"href":"https:\/\/blogs.abo.fi\/religionsvetenskap\/wp-json\/wp\/v2\/pages\/15","targetHints":{"allow":["GET"]}}],"collection":[{"href":"https:\/\/blogs.abo.fi\/religionsvetenskap\/wp-json\/wp\/v2\/pages"}],"about":[{"href":"https:\/\/blogs.abo.fi\/religionsvetenskap\/wp-json\/wp\/v2\/types\/page"}],"author":[{"embeddable":true,"href":"https:\/\/blogs.abo.fi\/religionsvetenskap\/wp-json\/wp\/v2\/users\/713"}],"replies":[{"embeddable":true,"href":"https:\/\/blogs.abo.fi\/religionsvetenskap\/wp-json\/wp\/v2\/comments?post=15"}],"version-history":[{"count":5,"href":"https:\/\/blogs.abo.fi\/religionsvetenskap\/wp-json\/wp\/v2\/pages\/15\/revisions"}],"predecessor-version":[{"id":155,"href":"https:\/\/blogs.abo.fi\/religionsvetenskap\/wp-json\/wp\/v2\/pages\/15\/revisions\/155"}],"wp:attachment":[{"href":"https:\/\/blogs.abo.fi\/religionsvetenskap\/wp-json\/wp\/v2\/media?parent=15"}],"curies":[{"name":"wp","href":"https:\/\/api.w.org\/{rel}","templated":true}]}}