{"id":32,"date":"2025-03-16T09:45:03","date_gmt":"2025-03-16T08:45:03","guid":{"rendered":"https:\/\/blogs.abo.fi\/religionsvetenskap\/?page_id=32"},"modified":"2025-03-27T09:09:07","modified_gmt":"2025-03-27T08:09:07","slug":"our-courses","status":"publish","type":"page","link":"https:\/\/blogs.abo.fi\/religionsvetenskap\/our-courses\/","title":{"rendered":"V\u00e5ra kurser"},"content":{"rendered":"<p>L\u00e4s mer om v\u00e5ra kurser i Studiehandboken:<\/p>\n<ul>\n<li><a href=\"https:\/\/studiehandboken.abo.fi\/sv\/program\/24019?period=2022-2024\">Kandidatutbildning<\/a><\/li>\n<li><a href=\"https:\/\/studiehandboken.abo.fi\/sv\/program\/25104?period=2022-2024\">Kandidatutbildning, \u00e4mnesl\u00e4rare<\/a><\/li>\n<li><a href=\"https:\/\/studiehandboken.abo.fi\/sv\/program\/25302?period=2022-2024\">Magisterprogram<\/a><\/li>\n<li><a href=\"https:\/\/studiehandboken.abo.fi\/sv\/program\/25091?period=2022-2024\">Magisterprogram, \u00e4mnesl\u00e4rare<\/a><\/li>\n<\/ul>\n","protected":false},"excerpt":{"rendered":"<p>L\u00e4s mer om v\u00e5ra kurser i Studiehandboken: Kandidatutbildning Kandidatutbildning, \u00e4mnesl\u00e4rare Magisterprogram Magisterprogram, \u00e4mnesl\u00e4rare<\/p>\n","protected":false},"author":713,"featured_media":0,"parent":0,"menu_order":0,"comment_status":"closed","ping_status":"closed","template":"","meta":{"footnotes":""},"class_list":["post-32","page","type-page","status-publish","hentry"],"_links":{"self":[{"href":"https:\/\/blogs.abo.fi\/religionsvetenskap\/wp-json\/wp\/v2\/pages\/32","targetHints":{"allow":["GET"]}}],"collection":[{"href":"https:\/\/blogs.abo.fi\/religionsvetenskap\/wp-json\/wp\/v2\/pages"}],"about":[{"href":"https:\/\/blogs.abo.fi\/religionsvetenskap\/wp-json\/wp\/v2\/types\/page"}],"author":[{"embeddable":true,"href":"https:\/\/blogs.abo.fi\/religionsvetenskap\/wp-json\/wp\/v2\/users\/713"}],"replies":[{"embeddable":true,"href":"https:\/\/blogs.abo.fi\/religionsvetenskap\/wp-json\/wp\/v2\/comments?post=32"}],"version-history":[{"count":5,"href":"https:\/\/blogs.abo.fi\/religionsvetenskap\/wp-json\/wp\/v2\/pages\/32\/revisions"}],"predecessor-version":[{"id":148,"href":"https:\/\/blogs.abo.fi\/religionsvetenskap\/wp-json\/wp\/v2\/pages\/32\/revisions\/148"}],"wp:attachment":[{"href":"https:\/\/blogs.abo.fi\/religionsvetenskap\/wp-json\/wp\/v2\/media?parent=32"}],"curies":[{"name":"wp","href":"https:\/\/api.w.org\/{rel}","templated":true}]}}