{"id":43,"date":"2025-03-16T10:05:59","date_gmt":"2025-03-16T09:05:59","guid":{"rendered":"https:\/\/blogs.abo.fi\/religionsvetenskap\/?page_id=43"},"modified":"2025-03-27T09:13:42","modified_gmt":"2025-03-27T08:13:42","slug":"research-projects","status":"publish","type":"page","link":"https:\/\/blogs.abo.fi\/religionsvetenskap\/research-projects\/","title":{"rendered":"Forskningsprojekt"},"content":{"rendered":"<p>Ut\u00f6ver att m\u00e5nga projekt finansierats av Finlands Akademi har \u00e4mnet bl.a. erh\u00e5llit finansiering f\u00f6r n\u00e5gra st\u00f6rre forskningsprojekt:<\/p>\n<p><a href=\"https:\/\/sites.abo.fi\/relex\/\">RelEx<\/a> &#8211; Religion and Social Exclusion: A Cross-Cultural Approach and New Methodology (\u00c5bo Akademi Centre of Excellence 2024-2028)<\/p>\n<p><a href=\"https:\/\/blogs2.abo.fi\/yogaresearch\/\">YOFI<\/a> &#8211; Yoga Practitioners in Finland, 2023-2026<\/p>\n<p><a href=\"https:\/\/www.era-learn.eu\/network-information\/networks\/chanse\/transformations-social-and-cultural-dynamics-in-the-digital-age\/religious-communities-in-the-virtual-age\">Recovira<\/a>\u00a0\u2013 Religious Communities in the Virtual Age 2022-2024.<\/p>\n<p><a title=\"YARG\" href=\"https:\/\/www.abo.fi\/yarg\/\">YARG<\/a>\u00a0\u2013 Young Adults and Religion in a Global Perspective: A Cross-Cultural, Comparative and Mixed-Method Study of Religious Subjectivities and Values in their Context\u201d, 2014-2018.<\/p>\n<p><a href=\"http:\/\/web.abo.fi\/fak\/hf\/relvet\/pccr\/\" target=\"_blank\" rel=\"noopener\">PCCR \u2013 Post-Secular Culture and a Changing Religious Landscape<\/a>, 2010-2014.<\/p>\n","protected":false},"excerpt":{"rendered":"<p>Ut\u00f6ver att m\u00e5nga projekt finansierats av Finlands Akademi har \u00e4mnet bl.a. erh\u00e5llit finansiering f\u00f6r n\u00e5gra st\u00f6rre forskningsprojekt: RelEx &#8211; Religion and Social Exclusion: A Cross-Cultural Approach and New Methodology (\u00c5bo Akademi Centre of Excellence 2024-2028) YOFI &#8211; Yoga Practitioners in Finland, 2023-2026 Recovira\u00a0\u2013 Religious Communities in the Virtual Age 2022-2024. YARG\u00a0\u2013 Young Adults and Religion &hellip; <\/p>\n<p class=\"link-more\"><a href=\"https:\/\/blogs.abo.fi\/religionsvetenskap\/research-projects\/\" class=\"more-link\">Continue reading<span class=\"screen-reader-text\"> &#8220;Forskningsprojekt&#8221;<\/span><\/a><\/p>\n","protected":false},"author":713,"featured_media":0,"parent":0,"menu_order":0,"comment_status":"closed","ping_status":"closed","template":"","meta":{"footnotes":""},"class_list":["post-43","page","type-page","status-publish","hentry"],"_links":{"self":[{"href":"https:\/\/blogs.abo.fi\/religionsvetenskap\/wp-json\/wp\/v2\/pages\/43","targetHints":{"allow":["GET"]}}],"collection":[{"href":"https:\/\/blogs.abo.fi\/religionsvetenskap\/wp-json\/wp\/v2\/pages"}],"about":[{"href":"https:\/\/blogs.abo.fi\/religionsvetenskap\/wp-json\/wp\/v2\/types\/page"}],"author":[{"embeddable":true,"href":"https:\/\/blogs.abo.fi\/religionsvetenskap\/wp-json\/wp\/v2\/users\/713"}],"replies":[{"embeddable":true,"href":"https:\/\/blogs.abo.fi\/religionsvetenskap\/wp-json\/wp\/v2\/comments?post=43"}],"version-history":[{"count":6,"href":"https:\/\/blogs.abo.fi\/religionsvetenskap\/wp-json\/wp\/v2\/pages\/43\/revisions"}],"predecessor-version":[{"id":153,"href":"https:\/\/blogs.abo.fi\/religionsvetenskap\/wp-json\/wp\/v2\/pages\/43\/revisions\/153"}],"wp:attachment":[{"href":"https:\/\/blogs.abo.fi\/religionsvetenskap\/wp-json\/wp\/v2\/media?parent=43"}],"curies":[{"name":"wp","href":"https:\/\/api.w.org\/{rel}","templated":true}]}}