{"id":66,"date":"2025-03-19T08:25:07","date_gmt":"2025-03-19T07:25:07","guid":{"rendered":"https:\/\/blogs.abo.fi\/religionsvetenskap\/?page_id=66"},"modified":"2025-12-12T13:34:23","modified_gmt":"2025-12-12T12:34:23","slug":"doctoral-theses","status":"publish","type":"page","link":"https:\/\/blogs.abo.fi\/religionsvetenskap\/doctoral-theses\/","title":{"rendered":"Doktorsavhandlingar"},"content":{"rendered":"<h5 style=\"text-align: left\"><span style=\"text-decoration: underline\"><strong>2025<\/strong><\/span><\/h5>\n<p><strong>Niskanen<\/strong>, Anoo: <a href=\"https:\/\/www.doria.fi\/handle\/10024\/192439\">Trygghet i utanf\u00f6rskap : Livssyn och identitetsmotiv hos nuvarande och f\u00f6re detta sverigefinska gammallaestadianer<\/a><\/p>\n<p><strong>Kheir<\/strong>, Sawsan: <em><a href=\"https:\/\/www.doria.fi\/handle\/10024\/190888\">Negotiating Modernization: A study of religiosities among Druze and Muslim students in Israel<\/a><\/em><\/p>\n<h5 style=\"text-align: left\"><span style=\"text-decoration: underline\"><strong>2024<\/strong><\/span><\/h5>\n<p><strong>Dahl<\/strong>, Karoliina: <a href=\"https:\/\/www.doria.fi\/handle\/10024\/190490\"><em>The Same or Changed Life-views? : A Faith Q-Sort Study about Continuity and Change in Finnish University Students&#8217; Life-views\u00a0<\/em><\/a><\/p>\n<h5 style=\"text-align: left\"><span style=\"text-decoration: underline\"><strong>2023<\/strong><\/span><\/h5>\n<p><strong>Benyah<\/strong>, Francis Ethelbert Kwabena:<a href=\"https:\/\/www.doria.fi\/handle\/10024\/188200?locale=len\"><em> Prayer Camps and Mental Health : A Study of the Religious, Human Rights and Media Dimensions of the Healing of Persons with Mental Illness in Ghana<\/em><\/a><\/p>\n<h5 style=\"text-align: left\"><span style=\"text-decoration: underline\"><strong>2022<\/strong><\/span><\/h5>\n<p><strong>Meijer<\/strong>, Clara Marlijn: <a href=\"https:\/\/www.doria.fi\/handle\/10024\/186148\"><em>Sexuality, stigma and religion : The negotiation of sexuality and religion among sexual minorities in Ghana<\/em><\/a><\/p>\n<p><strong>Schwartz<\/strong>, Karen:\u00a0<a href=\"https:\/\/www.doria.fi\/handle\/10024\/185670\"><em>Management Matters : Organizational Storytelling within the Anthroposophical Society in Sweden<\/em><\/a><\/p>\n<h5 style=\"text-align: left\"><span style=\"text-decoration: underline\"><strong>2021<\/strong><\/span><\/h5>\n<p><strong>Czimbalmos<\/strong>, Merc\u00e9desz:\u00a0<a href=\"https:\/\/www.doria.fi\/handle\/10024\/181377\"><em>Intermarriage, Conversion, and Jewish Identity in Contemporary Finland : A study of vernacular religion in the Finnish Jewish communities<\/em><\/a><\/p>\n<p><strong>L\u00e5ngstedt<\/strong>, Johnny:\u00a0<a href=\"https:\/\/www.doria.fi\/handle\/10024\/180985\"><em>Towards a Model for Managing Value Diversity in the Work Environment<\/em><\/a><\/p>\n<p><strong>Wikstr\u00f6m af Edholm<\/strong>, Klas:\u00a0<em><a href=\"https:\/\/www.doria.fi\/handle\/10024\/178514\">M\u00e4nniskooffer i myt och minne : En studie av offerpraktiker i fornnordisk religion utifr\u00e5n k\u00e4lltexter och arkeologiskt material<\/a><\/em><\/p>\n<h5 style=\"text-align: left\"><span style=\"text-decoration: underline\"><strong>2018<\/strong><\/span><\/h5>\n<p><strong>Ramstedt<\/strong>, Tommy:\u00a0<a href=\"https:\/\/www.doria.fi\/handle\/10024\/164673\"><em>Knowledge and Identity within the Finnish Fringe-Knowledge Scene<\/em><\/a><\/p>\n<h5><span style=\"text-decoration: underline\"><strong>2017<\/strong><\/span><\/h5>\n<p><strong>Annunen<\/strong>, Linda:\u00a0<a href=\"https:\/\/www.doria.fi\/handle\/10024\/134555\"><em>\u201dMed f\u00f6tterna p\u00e5 marken och huvudet i himlen\u201d : en ritualteoretisk studie av schamanistiska och v\u00e4stafrikanska trumverksamheter i finl\u00e4ndska st\u00e4der<\/em><\/a><\/p>\n<h5 style=\"text-align: left\"><span style=\"text-decoration: underline\"><strong>2016<\/strong><\/span><\/h5>\n<p><strong>Kontala<\/strong>, Janne:\u00a0<a href=\"https:\/\/www.doria.fi\/handle\/10024\/125841\"><em>Emerging non-religious worldview prototypes : a faith q-sort-study on Finnish group-affiliates<\/em><\/a><\/p>\n<h5 style=\"text-align: left\"><span style=\"text-decoration: underline\"><strong>2015<\/strong><\/span><\/h5>\n<p><strong>Lindgren \u00d6d\u00e9n<\/strong>, Birgit\u00a0<em>:\u00a0<a href=\"https:\/\/www.doria.fi\/handle\/10024\/113082\">Fr\u00e5n ung till vuxen i omst\u00e4llningens tid : en longitudinell studie av v\u00e4rderingar med utg\u00e5ngspunkt i Ingleharts teori om den tysta revolutionen.<\/a><\/em><\/p>\n<h5 style=\"text-align: left\"><span style=\"text-decoration: underline\"><strong>2014<\/strong><\/span><\/h5>\n<p><strong>Berger<\/strong>, Kenneth:\u00a0<em><a href=\"https:\/\/www.doria.fi\/handle\/10024\/99019\">\u201dF\u00f6r den eviga d\u00f6den, bevara oss, milde Herre Gud\u201d : svenskkyrklig, klassisk, bibel- och bek\u00e4nnelsetrogen kristen tro i ljuset av kognitiva och djuppsykologiska f\u00f6rst\u00e5elsegrunder<\/a><\/em><\/p>\n<h5 style=\"text-align: left\"><span style=\"text-decoration: underline\"><strong>2012<\/strong><\/span><\/h5>\n<p><strong>Repo,<\/strong>\u00a0Nora:\u00a0<a href=\"https:\/\/www.doria.fi\/handle\/10024\/85107\"><em>Islamic mosaic: women\u2019s identities in transition: Albanian Muslim women in former Yugoslav Republic of Macedonia<\/em><\/a><\/p>\n<h5 style=\"text-align: left\"><span style=\"text-decoration: underline\"><strong>2011<\/strong><\/span><\/h5>\n<p><strong>\u00d6stman<\/strong>, Kim:\u00a0<a href=\"https:\/\/www.doria.fi\/handle\/10024\/66629\"><em>The Introduction of Mormonism to Finnish Society, 1840-1900<\/em><\/a><\/p>\n<h5><span style=\"text-decoration: underline\"><strong>2010<\/strong><\/span><\/h5>\n<p><strong>Charpentier,<\/strong>\u00a0Marie-Th\u00e9r\u00e8se:\u00a0<em><a href=\"https:\/\/www.doria.fi\/handle\/10024\/66264\">Indian Female Gurus in Contemporary Hinduism. A study of Central Aspects and Expressions of their Religious Leadership.<\/a><\/em><\/p>\n<p><strong>Moberg,<\/strong>\u00a0Marcus:\u00a0<a href=\"https:\/\/www.doria.fi\/handle\/10024\/59443\"><em>Faster for the Master! Exploring Issues of Religious Expression and Alternative Christian Identity within the Finnish Christian Metal Music Scene<\/em><\/a><\/p>\n<h5><span style=\"text-decoration: underline\"><strong>2009<\/strong><\/span><\/h5>\n<p><strong>Or\u00e9st,<\/strong>\u00a0Febe:\u00a0<em>Ondska \u2013 individuell och kulturell projektion. Filmupplevelser analyserade enligt den analytiska psykologin.<\/em><\/p>\n<h5><span style=\"text-decoration: underline\"><strong>2007<\/strong><\/span><\/h5>\n<p><strong>Sj\u00f6,<\/strong>\u00a0Sofia:\u00a0<a href=\"https:\/\/www.doria.fi\/handle\/10024\/4234\"><em>Spelar k\u00f6n n\u00e5gon roll n\u00e4r man r\u00e4ddar v\u00e4rlden? Kvinnor, kvinnligheter och messiasmyter i SF-film.<\/em><\/a><\/p>\n<h5><span style=\"text-decoration: underline\"><strong>2005<\/strong><\/span><\/h5>\n<p><strong>Granholm<\/strong>, Kennet:\u00a0<em>Embracing the Dark. The Magic Order of Dragon Rouge: Its Practice in Dark Magic and Meaning Making.<\/em><\/p>\n<h5><span style=\"text-decoration: underline\"><strong>2004<\/strong><\/span><\/h5>\n<p><strong>Martikainen<\/strong>, Tuomas:\u00a0<em>Immigrant religions in local society: historical and contemporary perspectives in the city of Turku.<\/em><\/p>\n<p><strong>Illman<\/strong>, Ruth:\u00a0<em>Gr\u00e4nser och gr\u00e4ns\u00f6verskridanden: skildrade erfarenheter av kulturella m\u00f6ten i internationellt projektarbete.<br \/>\n<\/em><strong><br \/>\nLipponen<\/strong>, Sami\u00a0<em>\u201dNationens sista f\u00f6rsvarare\u201d: en religionsvetenskaplig studie av neonationalistisk samh\u00e4llssyn och livstolkning i Sverige.<\/em><\/p>\n<h5><span style=\"text-decoration: underline\"><strong>2003<\/strong><\/span><\/h5>\n<p><strong>Broo<\/strong>, M\u00e5ns:\u00a0<em>As good as God: the guru in Gaudiya Vaisnavism.<br \/>\n<\/em><strong>Svanberg<\/strong>, Jan:\u00a0<em>Schamantropologi i gr\u00e4nslandet mellan forskning och praktik: en studie av f\u00f6rh\u00e5llandet mellan schamanismforskning och neoschamanism.<\/em><\/p>\n<h5><span style=\"text-decoration: underline\"><strong>2002<\/strong><\/span><\/h5>\n<p><strong>Lepp\u00e4kari<\/strong>, Maria:\u00a0<em>The end is a beginning: contemporary apocalyptic representations of Jerusalem.<br \/>\n<\/em><strong>R\u00f6mer<\/strong>, J\u00fcrgen:\u00a0<em>The Toronto Blessing.<\/em><\/p>\n<h5><span style=\"text-decoration: underline\"><strong>2001<\/strong><\/span><\/h5>\n<p><strong>Nyn\u00e4s<\/strong>, Peter:\u00a0<em>Bakom Guds rygg : en hermeneutisk ansats till interkulturell kommunikation och f\u00f6rst\u00e5else i industriella projekt.<br \/>\n<\/em><strong>Gullin-Hofstedt<\/strong>, Britta:\u00a0<em>Messianism och millerism : typologiska synpunkter p\u00e5 messianska fenomen.<br \/>\n<\/em><strong>Belzen<\/strong>, Jacob A. van:\u00a0<em>Kulturpsychologische Ansatz der Theologie, insbesondere in der Religionswissenschaft: theoretische und empirische Beitr\u00e4ge<\/em>.<\/p>\n<h5><span style=\"text-decoration: underline\"><strong>2000<\/strong><\/span><\/h5>\n<p><strong>Saifuddin<\/strong>, Ahmed:\u00a0<em>The roles of religion and national identity in Bangladesh.<\/em><\/p>\n<h5><span style=\"text-decoration: underline\"><strong>1996<\/strong><\/span><\/h5>\n<p><strong>Heikkil\u00e4-Horn<\/strong>, Marja-Leena:\u00a0<em>Santi Asoke Buddhism and Thai state response.<\/em><\/p>\n<h5><span style=\"text-decoration: underline\"><strong>1993<\/strong><\/span><\/h5>\n<p><strong>Frisk<\/strong>, Liselotte:\u00a0<em>Nya religi\u00f6sa r\u00f6relser i Sverige : relation till samh\u00e4llet\/v\u00e4rlden, anslutning och engagemang<\/em><\/p>\n<h5><span style=\"text-decoration: underline\"><strong>1992<\/strong><\/span><\/h5>\n<p><strong>Illman<\/strong>, Siv\u00a0<em>: \u201dVere Adest\u201d Religionspsykologisk tolkning av n\u00e4rvarotemat i Olov Hartmans romaner.<\/em><strong><br \/>\n<\/strong><\/p>\n<h5><span style=\"text-decoration: underline\"><strong>1985<\/strong><\/span><\/h5>\n<p><strong>J\u00e4rvinen<\/strong>, Pertti:\u00a0<em>Droger och mystik \u2013 en analys av drogforskning som behandlar f\u00f6rh\u00e5llandet mellan \u201dmystiska\u201d upplevelser och drogupplevelser<\/em>.<\/p>\n<h5><span style=\"text-decoration: underline\"><strong>1983<\/strong><\/span><\/h5>\n<p><strong>Ahlb\u00e4ck<\/strong>, Tore:\u00a0<em>M\u00e4nniskosonen \u2013 en sj\u00e4lvgjord messias i Tyskland efter f\u00f6rsta v\u00e4rldskriget.<\/em><\/p>\n<p>&nbsp;<\/p>\n<h4><strong>Licentiatavhandlingar<\/strong><\/h4>\n<h5><span style=\"text-decoration: underline\"><strong>2005<\/strong><\/span><\/h5>\n<p><strong>Brandt<\/strong>, Joe:\u00a0<em>Tro p\u00e5 \u00c5land.<\/em><\/p>\n<h5><span style=\"text-decoration: underline\"><strong>2003<\/strong><\/span><\/h5>\n<p><strong>Illman<\/strong>, Ruth:\u00a0<em>Kalejdoskopiska bilder. Stereotypier som symboliska motiv i skildrade erfarenheter av kulturella m\u00f6ten.<\/em><\/p>\n<h5><span style=\"text-decoration: underline\"><strong>2002<\/strong><\/span><\/h5>\n<p><strong>Lengborg<\/strong>, Thorbj\u00f6rn:\u00a0<em>Ellen Key och Det sk\u00f6nas v\u00e4rld. Estetiska, konstpedagogiska och religi\u00f6sa utvecklingslinjer.<\/em><\/p>\n<h5><span style=\"text-decoration: underline\"><strong>2001<\/strong><\/span><\/h5>\n<p><strong>Virtanen<\/strong>, Hannu:\u00a0<em>Sodan perinm\u00e4iset syyt.<\/em><\/p>\n<h5><span style=\"text-decoration: underline\"><strong>2000<\/strong><\/span><\/h5>\n<p><strong>Olin<\/strong>, Mikael:\u00a0<em>Utsattheten \u2013 Simone Weils v\u00e4g till ett religi\u00f6st liv.<\/em><\/p>\n<h5><span style=\"text-decoration: underline\"><strong>1999<\/strong><\/span><\/h5>\n<p><strong>Svanberg<\/strong>, Jan:\u00a0<em>Schamantropologi \u2013 gr\u00e4nslandet mellan forskning och praktik. En studie om schamanismforskning och popularisering av neo-schamanism.<\/em><\/p>\n<h5><span style=\"text-decoration: underline\"><strong>1998<\/strong><\/span><\/h5>\n<p><strong>Mansikka<\/strong>, Tomas: H\u00a0<em>elias cum veniet restituet omnia\u00b4. Paracelsism, alkemi och reform i 1600-talets protestantism.<br \/>\n<\/em><strong>Michelson<\/strong>, Marianne:\u00a0<em>Konflikten mellan en deterministisk livssyn och tron p\u00e5 den fria viljans existens.<br \/>\n<\/em><strong>Nyn\u00e4s<\/strong>, Peter:\u00a0<em>Kultur och f\u00f6rst\u00e5else. En studie av interkulturell kommunikation mellan s\u00e4ljare och kund inom internationell projektbaserad industri.<\/em><strong><br \/>\n<\/strong><\/p>\n<h5><span style=\"text-decoration: underline\"><strong>1992<\/strong><\/span><\/h5>\n<p><strong>Dahlbacka<\/strong>, Ingvar:\u00a0<em>Adi Sj\u00f6blom och evangelif\u00f6reningen: ett religi\u00f6st f\u00f6rfattarskap i dess samfundsm\u00e4ssiga kontext.<br \/>\n<\/em><strong>Heikkil\u00e4-Horn<\/strong>, Marja-Leena:\u00a0<em>The supernatural power of buddhist rulers. The ideological background of kingship in Theravada buddhism.<\/em><\/p>\n<h5><span style=\"text-decoration: underline\"><strong>1990<\/strong><\/span><\/h5>\n<p><strong>Illman<\/strong>, Siv:\u00a0<em>\u201dVere adest\u201d. Religionspsykologisk tolkning av ett tema i Olav Hartmans romaner \u2013 metodsynpunkter och explikation.<\/em><\/p>\n<h5><span style=\"text-decoration: underline\"><strong>1989<\/strong><\/span><\/h5>\n<p><strong>Frisk<\/strong>, Liselotte:\u00a0<em>Nya religi\u00f6sa r\u00f6relser i Sverige. Klassifikation samt analys av anslutning, engagemang och relation till samh\u00e4llet\/v\u00e4rlden.<\/em><\/p>\n<h5><span style=\"text-decoration: underline\"><strong>1983<\/strong><\/span><\/h5>\n<p><strong>Gr\u00f6nblom<\/strong>, Gunnar:\u00a0<em>Dimensions of religiosity: the operationalization and measurement of religiosity with special regard to the problem of dimensionality.<\/em><\/p>\n<h5><span style=\"text-decoration: underline\"><strong>1978<\/strong><\/span><\/h5>\n<p><strong>Sundback<\/strong>, Susan:\u00a0<em>Alienation och religion i den sociologiska diskussionen.<br \/>\n<\/em><strong>Wahlstr\u00f6m<\/strong>, Bertel:\u00a0<em>Voodoo och umbanda, tv\u00e5 afro-amerikanska kulter.<\/em><\/p>\n<h5><span style=\"text-decoration: underline\"><strong>1976<\/strong><\/span><\/h5>\n<p><strong>J\u00e4rvinen<\/strong>, Pertti:\u00a0<em>En analys av drogforskning som behandlar f\u00f6rh\u00e5llandet mellan \u201dmystisk\u201d upplevelser och drogupplevelser.<\/em><\/p>\n<h5><span style=\"text-decoration: underline\"><strong>1974<\/strong><\/span><\/h5>\n<p><strong>Ahlb\u00e4ck<\/strong>, Tore:\u00a0<em>M\u00e4nniskosonen Oskar Ernst Bernhardt: en religionshistorisk unders\u00f6kning av en religionsstiftare.<br \/>\n<\/em><strong>Knuts<\/strong>, Ulrika:\u00a0<em>Begreppen folkreligion, universalreligion, folktro, i belysning av f\u00f6rest\u00e4llningar om jungfru Maria i nordiska trollformler.<\/em><\/p>\n<h5><span style=\"text-decoration: underline\"><strong>1973<\/strong><\/span><\/h5>\n<p><strong>Holm<\/strong>, Nils G.:\u00a0<em>Ljudstruktur inom glossolalifenomenet i finlandssvenska pingstv\u00e4nners kultliv.<\/em><\/p>\n","protected":false},"excerpt":{"rendered":"<p>2025 Niskanen, Anoo: Trygghet i utanf\u00f6rskap : Livssyn och identitetsmotiv hos nuvarande och f\u00f6re detta sverigefinska gammallaestadianer Kheir, Sawsan: Negotiating Modernization: A study of religiosities among Druze and Muslim students in Israel 2024 Dahl, Karoliina: The Same or Changed Life-views? : A Faith Q-Sort Study about Continuity and Change in Finnish University Students&#8217; Life-views\u00a0 2023 &hellip; <\/p>\n<p class=\"link-more\"><a href=\"https:\/\/blogs.abo.fi\/religionsvetenskap\/doctoral-theses\/\" class=\"more-link\">Continue reading<span class=\"screen-reader-text\"> &#8220;Doktorsavhandlingar&#8221;<\/span><\/a><\/p>\n","protected":false},"author":713,"featured_media":0,"parent":0,"menu_order":0,"comment_status":"closed","ping_status":"closed","template":"","meta":{"footnotes":""},"class_list":["post-66","page","type-page","status-publish","hentry"],"_links":{"self":[{"href":"https:\/\/blogs.abo.fi\/religionsvetenskap\/wp-json\/wp\/v2\/pages\/66","targetHints":{"allow":["GET"]}}],"collection":[{"href":"https:\/\/blogs.abo.fi\/religionsvetenskap\/wp-json\/wp\/v2\/pages"}],"about":[{"href":"https:\/\/blogs.abo.fi\/religionsvetenskap\/wp-json\/wp\/v2\/types\/page"}],"author":[{"embeddable":true,"href":"https:\/\/blogs.abo.fi\/religionsvetenskap\/wp-json\/wp\/v2\/users\/713"}],"replies":[{"embeddable":true,"href":"https:\/\/blogs.abo.fi\/religionsvetenskap\/wp-json\/wp\/v2\/comments?post=66"}],"version-history":[{"count":12,"href":"https:\/\/blogs.abo.fi\/religionsvetenskap\/wp-json\/wp\/v2\/pages\/66\/revisions"}],"predecessor-version":[{"id":210,"href":"https:\/\/blogs.abo.fi\/religionsvetenskap\/wp-json\/wp\/v2\/pages\/66\/revisions\/210"}],"wp:attachment":[{"href":"https:\/\/blogs.abo.fi\/religionsvetenskap\/wp-json\/wp\/v2\/media?parent=66"}],"curies":[{"name":"wp","href":"https:\/\/api.w.org\/{rel}","templated":true}]}}