{"id":93,"date":"2025-03-19T12:45:27","date_gmt":"2025-03-19T11:45:27","guid":{"rendered":"https:\/\/blogs.abo.fi\/religionsvetenskap\/?page_id=93"},"modified":"2025-03-19T12:45:27","modified_gmt":"2025-03-19T11:45:27","slug":"docenter","status":"publish","type":"page","link":"https:\/\/blogs.abo.fi\/religionsvetenskap\/staff\/docenter\/","title":{"rendered":"Docenter"},"content":{"rendered":"<h4>Docenter<\/h4>\n<ul>\n<li>Ayim-Aboagye, Desmond, FD, docent i religionsvetenskap, speciellt afrikansk religion<\/li>\n<li>Broo, M\u00e5ns, FD, docent i religionsvetenskap<\/li>\n<li>Goth\u00f3ni, Ren\u00e9, TD, docent i religionshistoria<\/li>\n<li>Granholm, Kennet, FD, docent i religionsvetenskap<\/li>\n<li>H\u00e4ger, Andreas, FD, docent i religionssociologi<\/li>\n<li>Illman, Ruth, FD, docent i religionsvetenskap<\/li>\n<li>Lepp\u00e4kari, Maria, TD, docent i religionsvetenskap<\/li>\n<li>Lindberg, Christer, TD, docent i religionsvetenskap<\/li>\n<li>Moberg, Marcus, TD, docent i religionsvetenskap, speciellt religionssociologi<\/li>\n<li>Nyn\u00e4s, Peter, TD, docent i religionsvetenskap<\/li>\n<li>Sj\u00f6, Sofia, TD, docent i religionsvetenskap, speciell religion, media och popul\u00e4rkultur<\/li>\n<li>Sj\u00f6din, Ulf, FD, docent i religionsvetenskap, speciellt religionsbeteendevetenskap<\/li>\n<li>St\u00e5hle, G\u00f6ran, TD, docent i religionsvetenskap, speciellt religionspsykologi<\/li>\n<li>Suutala, Maria, FD, docent i religionshistoria, speciellt id\u00e9historiska fr\u00e5gor r\u00f6rande m\u00e4nniskans f\u00f6rh\u00e5llande till naturen<\/li>\n<li>\u00d6stman, Kim, FD, docent i religionsvetenskap, speciellt mormonism<\/li>\n<\/ul>\n","protected":false},"excerpt":{"rendered":"<p>Docenter Ayim-Aboagye, Desmond, FD, docent i religionsvetenskap, speciellt afrikansk religion Broo, M\u00e5ns, FD, docent i religionsvetenskap Goth\u00f3ni, Ren\u00e9, TD, docent i religionshistoria Granholm, Kennet, FD, docent i religionsvetenskap H\u00e4ger, Andreas, FD, docent i religionssociologi Illman, Ruth, FD, docent i religionsvetenskap Lepp\u00e4kari, Maria, TD, docent i religionsvetenskap Lindberg, Christer, TD, docent i religionsvetenskap Moberg, Marcus, TD, &hellip; <\/p>\n<p class=\"link-more\"><a href=\"https:\/\/blogs.abo.fi\/religionsvetenskap\/staff\/docenter\/\" class=\"more-link\">Continue reading<span class=\"screen-reader-text\"> &#8220;Docenter&#8221;<\/span><\/a><\/p>\n","protected":false},"author":713,"featured_media":0,"parent":40,"menu_order":0,"comment_status":"closed","ping_status":"closed","template":"","meta":{"footnotes":""},"class_list":["post-93","page","type-page","status-publish","hentry"],"_links":{"self":[{"href":"https:\/\/blogs.abo.fi\/religionsvetenskap\/wp-json\/wp\/v2\/pages\/93","targetHints":{"allow":["GET"]}}],"collection":[{"href":"https:\/\/blogs.abo.fi\/religionsvetenskap\/wp-json\/wp\/v2\/pages"}],"about":[{"href":"https:\/\/blogs.abo.fi\/religionsvetenskap\/wp-json\/wp\/v2\/types\/page"}],"author":[{"embeddable":true,"href":"https:\/\/blogs.abo.fi\/religionsvetenskap\/wp-json\/wp\/v2\/users\/713"}],"replies":[{"embeddable":true,"href":"https:\/\/blogs.abo.fi\/religionsvetenskap\/wp-json\/wp\/v2\/comments?post=93"}],"version-history":[{"count":1,"href":"https:\/\/blogs.abo.fi\/religionsvetenskap\/wp-json\/wp\/v2\/pages\/93\/revisions"}],"predecessor-version":[{"id":94,"href":"https:\/\/blogs.abo.fi\/religionsvetenskap\/wp-json\/wp\/v2\/pages\/93\/revisions\/94"}],"up":[{"embeddable":true,"href":"https:\/\/blogs.abo.fi\/religionsvetenskap\/wp-json\/wp\/v2\/pages\/40"}],"wp:attachment":[{"href":"https:\/\/blogs.abo.fi\/religionsvetenskap\/wp-json\/wp\/v2\/media?parent=93"}],"curies":[{"name":"wp","href":"https:\/\/api.w.org\/{rel}","templated":true}]}}