{"id":12,"date":"2013-03-22T09:32:25","date_gmt":"2013-03-22T09:32:25","guid":{"rendered":"http:\/\/blogs.abo.fi\/skargard\/"},"modified":"2013-12-11T13:35:45","modified_gmt":"2013-12-11T11:35:45","slug":"prenumerera","status":"publish","type":"page","link":"https:\/\/blogs.abo.fi\/skargard\/prenumerera\/","title":{"rendered":"Prenumerera"},"content":{"rendered":"<p>Prenumerera p\u00e5 Sk\u00e4rg\u00e5rd &#8211; tidskriften som             dokumenterar ett v\u00e4rldsarv<\/p>\n<p>Tidskriften Sk\u00e4rg\u00e5rd som ges ut av <a href=\"http:\/\/www.cll.fi\/projekt\/skargard\/skargardsinstitutet-vid-abo-akademi\/\" target=\"_blank\">Sk\u00e4rg\u00e5rdsinstitutet             vid \u00c5bo Akademi<\/a> utkommer med fyra faktasp\u00e4ckade och l\u00e4sv\u00e4rda             temanummer per \u00e5r. Inneh\u00e5llet \u00e4r fokuserat p\u00e5 kust- och             sk\u00e4rg\u00e5rdsrelaterat material som ber\u00f6r: natur, kultur, arkeologi,             historia, samh\u00e4lle, forskning etc. Tidskriften dokumenterar det             mest unika omr\u00e5de vi har i Finland; b\u00e5de i ett nationellt och             internationellt perspektiv \u00e4r v\u00e5ra sk\u00e4rg\u00e5rdsomr\u00e5den ett             v\u00e4rldsarv av rang.<\/p>\n<p>Best\u00e4ll av\u00a0<a href=\"mailto:anita.julin@abo.fi\">Anita.Julin@abo.fi<\/a>,  \t\t\ttfn (02) 215 4944\u00a0 eller <a href=\"mailto:hakan.eklund@abo.fi\">Hakan.Eklund@abo.fi<\/a> tfn 050-567 2213. Pris i Finland endast 46 euro, utomlands 50 euro.             Prenumerationerna \u00e4r fortl\u00f6pande till de s\u00e4gs upp. \u00c5rets l\u00f6snummer  \t\t\tkostar 20 \u20ac\/st.<\/p>\n<p>Utprintbart <a href=\"http:\/\/blogs.abo.fi\/skargard\/files\/SkargardGavoprenumeration.pdf\" target=\"_blank\">g\u00e5voprenumerationskort<\/a><\/p>\n<p>Tidskriften Sk\u00e4rg\u00e5rd utkommer sedan m\u00e5nga \u00e5r tillbaka med  \t\t\ttemanummer, och \u00e4ldre l\u00f6snummer finns \u00e4nnu att k\u00f6pa i begr\u00e4nsad  \t\t\tomfattning. Vid best\u00e4llning v\u00e4nligen kontakta Anita Julin, kontaktuppgifter  \t\t\tovan.<\/p>\n","protected":false},"excerpt":{"rendered":"<p>Prenumerera p\u00e5 Sk\u00e4rg\u00e5rd &#8211; tidskriften som dokumenterar ett v\u00e4rldsarv Tidskriften Sk\u00e4rg\u00e5rd som ges ut av Sk\u00e4rg\u00e5rdsinstitutet vid \u00c5bo Akademi utkommer med fyra faktasp\u00e4ckade och l\u00e4sv\u00e4rda temanummer per \u00e5r. Inneh\u00e5llet \u00e4r fokuserat p\u00e5 kust- och sk\u00e4rg\u00e5rdsrelaterat material som ber\u00f6r: natur, kultur, &hellip; <a href=\"https:\/\/blogs.abo.fi\/skargard\/prenumerera\/\">Forts\u00e4tt l\u00e4sa <span class=\"meta-nav\">&rarr;<\/span><\/a><\/p>\n","protected":false},"author":259,"featured_media":0,"parent":0,"menu_order":0,"comment_status":"open","ping_status":"open","template":"","meta":{"footnotes":""},"class_list":["post-12","page","type-page","status-publish","hentry"],"_links":{"self":[{"href":"https:\/\/blogs.abo.fi\/skargard\/wp-json\/wp\/v2\/pages\/12","targetHints":{"allow":["GET"]}}],"collection":[{"href":"https:\/\/blogs.abo.fi\/skargard\/wp-json\/wp\/v2\/pages"}],"about":[{"href":"https:\/\/blogs.abo.fi\/skargard\/wp-json\/wp\/v2\/types\/page"}],"author":[{"embeddable":true,"href":"https:\/\/blogs.abo.fi\/skargard\/wp-json\/wp\/v2\/users\/259"}],"replies":[{"embeddable":true,"href":"https:\/\/blogs.abo.fi\/skargard\/wp-json\/wp\/v2\/comments?post=12"}],"version-history":[{"count":7,"href":"https:\/\/blogs.abo.fi\/skargard\/wp-json\/wp\/v2\/pages\/12\/revisions"}],"predecessor-version":[{"id":86,"href":"https:\/\/blogs.abo.fi\/skargard\/wp-json\/wp\/v2\/pages\/12\/revisions\/86"}],"wp:attachment":[{"href":"https:\/\/blogs.abo.fi\/skargard\/wp-json\/wp\/v2\/media?parent=12"}],"curies":[{"name":"wp","href":"https:\/\/api.w.org\/{rel}","templated":true}]}}