{"id":17,"date":"2013-03-22T09:33:08","date_gmt":"2013-03-22T09:33:08","guid":{"rendered":"http:\/\/blogs.abo.fi\/skargard\/"},"modified":"2013-11-28T14:37:30","modified_gmt":"2013-11-28T12:37:30","slug":"kommande-nummer","status":"publish","type":"page","link":"https:\/\/blogs.abo.fi\/skargard\/kommande-nummer\/","title":{"rendered":"Kommande nummer"},"content":{"rendered":"<p><a href=\"http:\/\/blogs.abo.fi\/skargard\/files\/KobbaKlintar4.jpg\"><img loading=\"lazy\" decoding=\"async\" class=\"alignnone size-full wp-image-68\" src=\"http:\/\/blogs.abo.fi\/skargard\/files\/KobbaKlintar4.jpg\" alt=\"\" width=\"640\" height=\"427\" srcset=\"https:\/\/blogs.abo.fi\/skargard\/files\/KobbaKlintar4.jpg 640w, https:\/\/blogs.abo.fi\/skargard\/files\/KobbaKlintar4-300x200.jpg 300w\" sizes=\"auto, (max-width: 640px) 100vw, 640px\" \/><\/a><\/p>\n<p>Bilden: Kobbaklintar, \u00c5land. \u00a9 H\u00e5kan Eklund<\/p>\n<p>Sk\u00e4rg\u00e5rd kan best\u00e4llas via formul\u00e4r eller                         direkt via Anita Julin, tfn (02) 215 4944, eller                         <a href=\"mailto:pebackma@abo.fi\"> anita.julin@abo.fi<\/a><\/p>\n<p class=\"hide-if-no-js\">\n<p class=\"hide-if-no-js\">\n","protected":false},"excerpt":{"rendered":"<p>Bilden: Kobbaklintar, \u00c5land. \u00a9 H\u00e5kan Eklund Sk\u00e4rg\u00e5rd kan best\u00e4llas via formul\u00e4r eller direkt via Anita Julin, tfn (02) 215 4944, eller anita.julin@abo.fi<\/p>\n","protected":false},"author":259,"featured_media":66,"parent":0,"menu_order":0,"comment_status":"open","ping_status":"open","template":"","meta":{"footnotes":""},"class_list":["post-17","page","type-page","status-publish","has-post-thumbnail","hentry"],"_links":{"self":[{"href":"https:\/\/blogs.abo.fi\/skargard\/wp-json\/wp\/v2\/pages\/17","targetHints":{"allow":["GET"]}}],"collection":[{"href":"https:\/\/blogs.abo.fi\/skargard\/wp-json\/wp\/v2\/pages"}],"about":[{"href":"https:\/\/blogs.abo.fi\/skargard\/wp-json\/wp\/v2\/types\/page"}],"author":[{"embeddable":true,"href":"https:\/\/blogs.abo.fi\/skargard\/wp-json\/wp\/v2\/users\/259"}],"replies":[{"embeddable":true,"href":"https:\/\/blogs.abo.fi\/skargard\/wp-json\/wp\/v2\/comments?post=17"}],"version-history":[{"count":13,"href":"https:\/\/blogs.abo.fi\/skargard\/wp-json\/wp\/v2\/pages\/17\/revisions"}],"predecessor-version":[{"id":56,"href":"https:\/\/blogs.abo.fi\/skargard\/wp-json\/wp\/v2\/pages\/17\/revisions\/56"}],"wp:featuredmedia":[{"embeddable":true,"href":"https:\/\/blogs.abo.fi\/skargard\/wp-json\/wp\/v2\/media\/66"}],"wp:attachment":[{"href":"https:\/\/blogs.abo.fi\/skargard\/wp-json\/wp\/v2\/media?parent=17"}],"curies":[{"name":"wp","href":"https:\/\/api.w.org\/{rel}","templated":true}]}}