{"id":19,"date":"2013-03-22T09:33:17","date_gmt":"2013-03-22T09:33:17","guid":{"rendered":"http:\/\/blogs.abo.fi\/skargard\/"},"modified":"2013-11-11T11:17:37","modified_gmt":"2013-11-11T09:17:37","slug":"arkiv","status":"publish","type":"page","link":"https:\/\/blogs.abo.fi\/skargard\/arkiv\/","title":{"rendered":"Arkiv"},"content":{"rendered":"<ul>\n<li>Nr 3\/2013 <a href=\"http:\/\/web.abo.fi\/skargarden\/2013-3\/index.html\">Uppdrag i norr <\/a>(76 s.)\u00a0<a href=\"http:\/\/web.abo.fi\/skargarden\/2013-3\/inledaren.html\">L\u00e4s artikel<\/a><\/li>\n<li>Nr 2\/2013 <a href=\"http:\/\/web.abo.fi\/skargarden\/2013-2\/index.html\">Fr\u00e5n Okavango till Kuggom<\/a>(76 s.)<a href=\"http:\/\/web.abo.fi\/skargarden\/2013-2\/inledaren.htm\"> L\u00e4s artikel<\/a><\/li>\n<li>Nr 1\/2013 <a title=\"Sk\u00f6\u00e4rg\u00e5rd 1- 2013\" href=\"http:\/\/web.abo.fi\/skargarden\/2013-1\/index.htm\" target=\"_blank\">Jakt och f\u00e5ngst<\/a>(84 s.) <a href=\"http:\/\/web.abo.fi\/skargarden\/2013-1\/inledaren.htm\">L\u00e4s artikel<\/a><\/li>\n<\/ul>\n<ul>\n<li>Nr 1\/2012 <a href=\"http:\/\/web.abo.fi\/skargarden\/2012-1\/index.htm\">Kaj Dahls Sk\u00e4rg\u00e5rdsarv<\/a> (108 s.) <a href=\"http:\/\/web.abo.fi\/skargarden\/2012-1\/inledaren.htm\">L\u00e4s artikel<\/a><\/li>\n<li>Nr 2\/2012 <a href=\"http:\/\/web.abo.fi\/skargarden\/2012-2\/index.htm\">Merv\u00e4rde i sk\u00e4rg\u00e5rd<\/a> (84 s.) <a href=\"http:\/\/web.abo.fi\/skargarden\/2012-2\/inledaren.htm\">L\u00e4s artikel<\/a><\/li>\n<li>Nr 3\/2012 <a href=\"http:\/\/web.abo.fi\/skargarden\/2012-3\/index.htm\">Skutor och farleder<\/a> (68 s.) <a href=\"http:\/\/web.abo.fi\/skargarden\/2012-3\/inledaren.htm\">L\u00e4s artikel<\/a><\/li>\n<li>Nr 4\/2012<a href=\"http:\/\/web.abo.fi\/skargarden\/2012-4\/index.htm\"> Kvinnokraft<\/a> (76 s.) <a href=\"http:\/\/web.abo.fi\/skargarden\/2012-4\/inledaren.htm\">L\u00e4s artikel<\/a><\/li>\n<\/ul>\n<ul>\n<li>Nr 1\/2011 <a href=\"http:\/\/web.abo.fi\/skargarden\/2011-1\/index.htm\">Byborna ber\u00e4ttar<\/a> (84 s.) <a href=\"http:\/\/web.abo.fi\/skargarden\/2011-1\/inledaren.htm\">L\u00e4s artikel<\/a><\/li>\n<li>Nr 2\/2011 <a href=\"http:\/\/web.abo.fi\/skargarden\/2011-2\/index.htm\">Konst och kultur<\/a> (84 s.) <a href=\"http:\/\/web.abo.fi\/skargarden\/2011-2\/inledaren.htm\">L\u00e4s artikel <\/a><\/li>\n<li>Nr 3\/2011 <a href=\"http:\/\/web.abo.fi\/skargarden\/2011-3\/index.htm\">Glesbygd i f\u00f6r\u00e4ndring<\/a> (68 s.) <a href=\"http:\/\/web.abo.fi\/skargarden\/2011-3\/inledaren.htm\">L\u00e4s artikel<\/a><\/li>\n<li>Nr 4\/2011 <a href=\"http:\/\/web.abo.fi\/skargarden\/2011-4\/index.htm\">Resurslandskapet<\/a> (80 s.) <a href=\"http:\/\/web.abo.fi\/skargarden\/2011-4\/inledaren.htm\">L\u00e4s artikel<\/a><\/li>\n<\/ul>\n<ul>\n<li>Nr 1\/2010 <a href=\"http:\/\/web.abo.fi\/skargarden\/2010-1\/index.htm\">Sk\u00e4rg\u00e5rdsdelegationen 60 \u00e5r<\/a> (100 s.)\u00a0 <a href=\"http:\/\/web.abo.fi\/skargarden\/2010-1\/inledaren.htm\">L\u00e4s artikel<\/a><\/li>\n<li>Nr 2\/2010 <a href=\"http:\/\/web.abo.fi\/skargarden\/2010-2\/index.htm\"> Korpo, ytterst i staden<\/a> (72 s.)\u00a0 <a href=\"http:\/\/web.abo.fi\/skargarden\/2010-2\/inledaren.htm\">L\u00e4s artikel<\/a><\/li>\n<li>Nr 3\/2010 <a href=\"http:\/\/web.abo.fi\/skargarden\/2010-3\/index.htm\">Energi och milj\u00f6<\/a> (60 s.)\u00a0 <a href=\"http:\/\/web.abo.fi\/skargarden\/2010-3\/inledaren.htm\">L\u00e4s artikel<\/a><\/li>\n<li>Nr 4\/2010 <a href=\"http:\/\/web.abo.fi\/skargarden\/2010-4\/index.htm\">En senh\u00f6stdag i sk\u00e4rg\u00e5rden<\/a> (88 s.)\u00a0 <a href=\"http:\/\/web.abo.fi\/skargarden\/2010-4\/inledaren.htm\">L\u00e4s artikel<\/a><\/li>\n<\/ul>\n<ul>\n<li>Nr 1\/2009 <a href=\"http:\/\/web.abo.fi\/skargarden\/2009-1\/index.htm\">Arkeologi<\/a> (80 s.)\u00a0 <a href=\"http:\/\/web.abo.fi\/skargarden\/2009-1\/inledaren.htm\">L\u00e4s artikel<\/a><\/li>\n<li>Nr 2\/2009 <a href=\"http:\/\/web.abo.fi\/skargarden\/2009-2\/index.htm\">V\u00e5rt                        v\u00e4rdefullaste kapital<\/a> (64 s.) &#8211; sluts\u00e5ld\u00a0 <a href=\"http:\/\/web.abo.fi\/skargarden\/2009-2\/inledaren.htm\">L\u00e4s artikel<\/a><\/li>\n<li>Nr 3\/2009 <a href=\"http:\/\/web.abo.fi\/skargarden\/2009-3\/index.htm\">Kimito\u00f6n<\/a> (60 s.)\u00a0 <a href=\"http:\/\/web.abo.fi\/skargarden\/2009-3\/inledaren.htm\">L\u00e4s artikel<\/a><\/li>\n<li>Nr 4\/2009 <a href=\"http:\/\/web.abo.fi\/skargarden\/2009-4\/index.htm\">Naturfientlig                        populism<\/a> (72 s.)\u00a0 <a href=\"http:\/\/web.abo.fi\/skargarden\/2009-4\/inledaren.htm\">L\u00e4s artikel<\/a><\/li>\n<\/ul>\n<ul>\n<li>Nr 1\/2008 <a href=\"http:\/\/web.abo.fi\/skargarden\/2008-1\/index.htm\"> Sk\u00e4rg\u00e5rdssamarbetet 30 \u00e5r<\/a> (68 s.)<\/li>\n<li>Nr 2\/2008 <a href=\"http:\/\/web.abo.fi\/skargarden\/2008-2\/index.htm\">Natur i  \t\t\t\t\t\tf\u00f6r\u00e4ndring<\/a> (60 s.)<\/li>\n<li>Nr 3\/2008 <a href=\"http:\/\/web.abo.fi\/skargarden\/2008-3\/index.htm\">Museer i  \t\t\t\t\t\tkustland och sk\u00e4rg\u00e5rd<\/a> (60 s.)<\/li>\n<li>Nr 4\/2008 <a href=\"http:\/\/web.abo.fi\/skargarden\/2008-4\/index.htm\">Sydbottnisk  \t\t\t\t\t\thorisont<\/a> (80 s.)<\/li>\n<\/ul>\n<ul>\n<li>Nr 1\/2007 <a href=\"http:\/\/web.abo.fi\/skargarden\/2007-1\/index.htm\">Sk\u00e4rg\u00e5rd 30 \u00e5r<\/a> (84 s.)<\/li>\n<li>Nr 2\/2007 <a href=\"http:\/\/web.abo.fi\/skargarden\/2007-2\/index.htm\"> V\u00e4rldsnaturarvet &#8211; en hedersbetygelse<\/a> (68 s.)<\/li>\n<li>Nr 3\/2007 <a href=\"http:\/\/web.abo.fi\/skargarden\/2007-3\/index.htm\">Finska kriget  \t\t\t\t\t\t1808-09<\/a> (108 s.) &#8211; sluts\u00e5ld<\/li>\n<li>Nr 4\/2007 <a href=\"http:\/\/web.abo.fi\/skargarden\/2007-4\/index.htm\">Trettio  \t\t\t\t\t\t\u00e5rg\u00e5ngar med Sk\u00e4rg\u00e5rd<\/a> (64 s.)<\/li>\n<\/ul>\n<ul>\n<li>Nr 1\/2006 <a href=\"http:\/\/web.abo.fi\/skargarden\/2006-1\/index.htm\">Sk\u00e4rg\u00e5rdens nya konstellationer<\/a> (88 s.)<\/li>\n<li>Nr 2\/2006 <a href=\"http:\/\/web.abo.fi\/skargarden\/2006-2\/index.htm\">\u00c5l\u00e4ndska  \t\t\t\t\t\tsk\u00e4rg\u00e5rdskommuner<\/a> (88 s.)<\/li>\n<li>Nr 3\/2006 <a href=\"http:\/\/web.abo.fi\/skargarden\/2006-3\/index.htm\">Ur  \t\t\t\t\t\tv\u00e4stnyl\u00e4ndska annaler<\/a> (84 s.) &#8211; sluts\u00e5ld<\/li>\n<li>Nr 4\/2006 <a href=\"http:\/\/web.abo.fi\/skargarden\/2006-4\/index.htm\">Sibbo &#8211; hotad  \t\t\t\t\t\tkulturbygd<\/a> (84 s.)<\/li>\n<\/ul>\n<ul>\n<li>Nr 1\/2005 <a href=\"http:\/\/web.abo.fi\/skargarden\/2005-1\/index.htm\">Folkloristik<\/a> (72 s.)<\/li>\n<li>Nr 2\/2005 <a href=\"http:\/\/web.abo.fi\/skargarden\/2005-2\/index.htm\">K\u00f6kar<\/a> (64  \t\t\t\t\t\ts.) &#8211; sluts\u00e5ld<\/li>\n<li>Nr 3\/2005 <a href=\"http:\/\/web.abo.fi\/skargarden\/2005-3\/index.htm\">Arktiska latituder<\/a> (80 s.)<\/li>\n<li>Nr 4\/2005 <a href=\"http:\/\/web.abo.fi\/skargarden\/2005-4\/index.htm\">Landskap i f\u00f6r\u00e4ndring<\/a> (76 s.)<\/li>\n<\/ul>\n<ul>\n<li>Nr 1\/2004 <a href=\"http:\/\/web.abo.fi\/skargarden\/2004-1\/index.htm\">Estlandssvenska  \t\t\t\t\t\tAiboland<\/a> (135 s.)<\/li>\n<li>Nr 2\/2004 <a href=\"http:\/\/web.abo.fi\/skargarden\/2004-2\/index.htm\">Ut\u00f6 fyr- och  \t\t\t\t\t\tlotssamh\u00e4lle<\/a> (120 s.) &#8211; sluts\u00e5ld<\/li>\n<li>Nr 3\/2004 <a href=\"http:\/\/web.abo.fi\/skargarden\/2004-3\/index.htm\">Kustliv och  \t\t\t\t\t\tsk\u00e4rg\u00e5rdskultur<\/a> (88 s.)<\/li>\n<li>Nr 4\/2004 <a href=\"http:\/\/web.abo.fi\/skargarden\/2004-4\/index.htm\">Tillst\u00e5ndet i  \t\t\t\t\t\t\u00d6stersj\u00f6n<\/a> (71 s.)<\/li>\n<\/ul>\n<ul>\n<li>Nr 1\/2003 <a href=\"http:\/\/web.abo.fi\/skargarden\/2003-1\/index.htm\">Strandhugg i                         \u00d6sterbotten<\/a> (104 s.) &#8211; sluts\u00e5ld<\/li>\n<li>Nr 2\/2003 <a href=\"http:\/\/web.abo.fi\/skargarden\/2003-2\/index.htm\">Ekologer,                         eldsj\u00e4lar och f\u00f6r\u00e4nderlig m\u00e5ngfald<\/a> (112 s.)<\/li>\n<li>Nr 3\/2003 <a href=\"http:\/\/web.abo.fi\/skargarden\/2003-3\/index.htm\">\u00c4spingen &#8211;                         bortgl\u00f6mt kulturarv?<\/a> (72 s.)<\/li>\n<li>Nr 4\/2003 <a href=\"http:\/\/web.abo.fi\/skargarden\/2003-4\/index.htm\">V\u00e5rt unika                         tr\u00e4b\u00e5tsarv<\/a> (96 s.) &#8211; sluts\u00e5ld<\/li>\n<\/ul>\n<ul>\n<li>Nr 1\/2002 <a href=\"http:\/\/web.abo.fi\/skargarden\/2002-1\/index.htm\">\u00d6stnyl\u00e4ndsk                         sk\u00e4rg\u00e5rd<\/a> (112 s.) &#8211; sluts\u00e5ld<\/li>\n<li>Nr 2-3\/2002\u00a0<a href=\"http:\/\/web.abo.fi\/skargarden\/2002-2-3\/index.htm\">Sk\u00e4rg\u00e5rd                         25 \u00e5r<\/a> (96 s.)<\/li>\n<li>Nr 4\/2002 <a href=\"http:\/\/web.abo.fi\/skargarden\/2002-4\/index.htm\">Tid och framtid<\/a> (72 s.)<\/li>\n<\/ul>\n<ul>\n<li>Nr 1-2\/2001 R\u00f6tter och identitet (80 s.) &#8211; sluts\u00e5ld<\/li>\n<li>Nr 3\/2001 <a href=\"http:\/\/web.abo.fi\/skargarden\/2001-3\/index.htm\">Sk\u00e4rg\u00e5rdshavets                         nationalpark<\/a> (76 s.)<\/li>\n<li>Nr 4\/2001 <a href=\"http:\/\/web.abo.fi\/skargarden\/2001-4\/index.htm\">\u00c5land<\/a> (96                         s.) &#8211; sluts\u00e5ld<\/li>\n<\/ul>\n<ul>\n<li>Nr 1-2\/2000 Egentliga Finland som f\u00f6rbindelseregion                         (66 s.) &#8211; sluts\u00e5ld<\/li>\n<li>Nr 3\/2000 Bebyggelse och bos\u00e4ttning (51 s.) &#8211; sluts\u00e5ld<\/li>\n<li>Nr 4\/2000 Sk\u00e4rg\u00e5rdspolitik (72 s.)<\/li>\n<\/ul>\n<p><a href=\"http:\/\/web.abo.fi\/skargarden\/tema.htm\">Tidigare temanummer<\/a><\/p>\n<table style=\"height: 630px\" border=\"0\" cellspacing=\"0\" cellpadding=\"0\" width=\"640\">\n<tbody>\n<tr>\n<td><\/td>\n<\/tr>\n<tr>\n<td><\/td>\n<\/tr>\n<tr>\n<td><\/td>\n<\/tr>\n<tr>\n<td><\/td>\n<\/tr>\n<tr>\n<td><\/td>\n<\/tr>\n<tr>\n<td><\/td>\n<\/tr>\n<tr>\n<td><\/td>\n<\/tr>\n<tr>\n<td><\/td>\n<\/tr>\n<tr>\n<td><\/td>\n<\/tr>\n<tr>\n<td><\/td>\n<\/tr>\n<tr>\n<td><\/td>\n<\/tr>\n<tr>\n<td><\/td>\n<\/tr>\n<tr>\n<td><\/td>\n<\/tr>\n<tr>\n<td><\/td>\n<\/tr>\n<tr>\n<td><\/td>\n<\/tr>\n<tr>\n<td height=\"17\"><\/td>\n<\/tr>\n<tr>\n<td height=\"17\"><\/td>\n<\/tr>\n<\/tbody>\n<\/table>\n","protected":false},"excerpt":{"rendered":"<p>Nr 3\/2013 Uppdrag i norr (76 s.)\u00a0L\u00e4s artikel Nr 2\/2013 Fr\u00e5n Okavango till Kuggom(76 s.) L\u00e4s artikel Nr 1\/2013 Jakt och f\u00e5ngst(84 s.) L\u00e4s artikel Nr 1\/2012 Kaj Dahls Sk\u00e4rg\u00e5rdsarv (108 s.) L\u00e4s artikel Nr 2\/2012 Merv\u00e4rde i sk\u00e4rg\u00e5rd (84 &hellip; <a href=\"https:\/\/blogs.abo.fi\/skargard\/arkiv\/\">Forts\u00e4tt l\u00e4sa <span class=\"meta-nav\">&rarr;<\/span><\/a><\/p>\n","protected":false},"author":259,"featured_media":0,"parent":0,"menu_order":0,"comment_status":"open","ping_status":"open","template":"","meta":{"footnotes":""},"class_list":["post-19","page","type-page","status-publish","hentry"],"_links":{"self":[{"href":"https:\/\/blogs.abo.fi\/skargard\/wp-json\/wp\/v2\/pages\/19","targetHints":{"allow":["GET"]}}],"collection":[{"href":"https:\/\/blogs.abo.fi\/skargard\/wp-json\/wp\/v2\/pages"}],"about":[{"href":"https:\/\/blogs.abo.fi\/skargard\/wp-json\/wp\/v2\/types\/page"}],"author":[{"embeddable":true,"href":"https:\/\/blogs.abo.fi\/skargard\/wp-json\/wp\/v2\/users\/259"}],"replies":[{"embeddable":true,"href":"https:\/\/blogs.abo.fi\/skargard\/wp-json\/wp\/v2\/comments?post=19"}],"version-history":[{"count":23,"href":"https:\/\/blogs.abo.fi\/skargard\/wp-json\/wp\/v2\/pages\/19\/revisions"}],"predecessor-version":[{"id":80,"href":"https:\/\/blogs.abo.fi\/skargard\/wp-json\/wp\/v2\/pages\/19\/revisions\/80"}],"wp:attachment":[{"href":"https:\/\/blogs.abo.fi\/skargard\/wp-json\/wp\/v2\/media?parent=19"}],"curies":[{"name":"wp","href":"https:\/\/api.w.org\/{rel}","templated":true}]}}