{"id":21,"date":"2013-03-22T09:33:27","date_gmt":"2013-03-22T09:33:27","guid":{"rendered":"http:\/\/blogs.abo.fi\/skargard\/"},"modified":"2013-03-22T13:58:02","modified_gmt":"2013-03-22T11:58:02","slug":"ta-kontakt","status":"publish","type":"page","link":"https:\/\/blogs.abo.fi\/skargard\/ta-kontakt\/","title":{"rendered":"Ta kontakt"},"content":{"rendered":"<p><strong>Utgivare<\/strong><\/p>\n<blockquote><p><a href=\"http:\/\/www.cll.fi\/projekt\/skargard\/skargardsinstitutet-vid-abo-akademi\/\" target=\"_blank\">Sk\u00e4rg\u00e5rdsinstitutet vid \u00c5bo Akademi <\/a>(SI\u00c5A).<br \/>\nTidskriften               Sk\u00e4rg\u00e5rd utkommer med 4 temanummer per \u00e5r.<\/p><\/blockquote>\n<p><strong>Redakt\u00f6r<\/strong><\/p>\n<blockquote><p>H\u00e5kan Eklund<br \/>\ntfn             050-567 2213<br \/>\nfax (02) 215 4711<br \/>\ne-post: <a href=\"mailto:hakan.eklund@abo.fi\">Hakan.Eklund@abo.fi<br \/>\n<\/a>Adress: Fabriksgatan 2, 20500 \u00c5bo.<\/p><\/blockquote>\n<p><strong>Prenumerationer p\u00e5 tidskriften Sk\u00e4rg\u00e5rd<\/strong><\/p>\n<blockquote><p>via             \tCentret f\u00f6r livsl\u00e5ngt l\u00e4rande, Anita Julin, tfn (02) 215 4944,             e-post: <a href=\"mailto:anita.julin@abo.fi\">Anita.Julin@abo.fi<\/a> eller via <a href=\"http:\/\/web.abo.fi\/skargarden\/prenumerera2.html\"> formul\u00e4r<\/a><\/p><\/blockquote>\n","protected":false},"excerpt":{"rendered":"<p>Utgivare Sk\u00e4rg\u00e5rdsinstitutet vid \u00c5bo Akademi (SI\u00c5A). Tidskriften Sk\u00e4rg\u00e5rd utkommer med 4 temanummer per \u00e5r. Redakt\u00f6r H\u00e5kan Eklund tfn 050-567 2213 fax (02) 215 4711 e-post: Hakan.Eklund@abo.fi Adress: Fabriksgatan 2, 20500 \u00c5bo. Prenumerationer p\u00e5 tidskriften Sk\u00e4rg\u00e5rd via Centret f\u00f6r livsl\u00e5ngt l\u00e4rande, &hellip; <a href=\"https:\/\/blogs.abo.fi\/skargard\/ta-kontakt\/\">Forts\u00e4tt l\u00e4sa <span class=\"meta-nav\">&rarr;<\/span><\/a><\/p>\n","protected":false},"author":259,"featured_media":0,"parent":0,"menu_order":0,"comment_status":"open","ping_status":"open","template":"","meta":{"footnotes":""},"class_list":["post-21","page","type-page","status-publish","hentry"],"_links":{"self":[{"href":"https:\/\/blogs.abo.fi\/skargard\/wp-json\/wp\/v2\/pages\/21","targetHints":{"allow":["GET"]}}],"collection":[{"href":"https:\/\/blogs.abo.fi\/skargard\/wp-json\/wp\/v2\/pages"}],"about":[{"href":"https:\/\/blogs.abo.fi\/skargard\/wp-json\/wp\/v2\/types\/page"}],"author":[{"embeddable":true,"href":"https:\/\/blogs.abo.fi\/skargard\/wp-json\/wp\/v2\/users\/259"}],"replies":[{"embeddable":true,"href":"https:\/\/blogs.abo.fi\/skargard\/wp-json\/wp\/v2\/comments?post=21"}],"version-history":[{"count":5,"href":"https:\/\/blogs.abo.fi\/skargard\/wp-json\/wp\/v2\/pages\/21\/revisions"}],"predecessor-version":[{"id":41,"href":"https:\/\/blogs.abo.fi\/skargard\/wp-json\/wp\/v2\/pages\/21\/revisions\/41"}],"wp:attachment":[{"href":"https:\/\/blogs.abo.fi\/skargard\/wp-json\/wp\/v2\/media?parent=21"}],"curies":[{"name":"wp","href":"https:\/\/api.w.org\/{rel}","templated":true}]}}