{"id":1163,"date":"2024-12-18T13:28:24","date_gmt":"2024-12-18T11:28:24","guid":{"rendered":"https:\/\/blogs.abo.fi\/sprakbadsbloggen\/?page_id=1163"},"modified":"2024-12-18T13:29:23","modified_gmt":"2024-12-18T11:29:23","slug":"gdpr","status":"publish","type":"page","link":"https:\/\/blogs.abo.fi\/sprakbadsbloggen\/gdpr\/","title":{"rendered":"GDPR"},"content":{"rendered":"<p>Genom att klicka p\u00e5 den nedanst\u00e5ende l\u00e4nken kommer du \u00e5t bloggens dataskyddsmeddelande.<\/p>\n<p><a href=\"https:\/\/blogs.abo.fi\/sprakbadsbloggen\/files\/2024\/12\/Sprakbadsbloggens-dataskyddsmeddelande-2.pdf\">Spr\u00e5kbadsbloggens dataskyddsmeddelande<\/a><\/p>\n","protected":false},"excerpt":{"rendered":"<p>Genom att klicka p\u00e5 den nedanst\u00e5ende l\u00e4nken kommer du \u00e5t bloggens dataskyddsmeddelande. Spr\u00e5kbadsbloggens dataskyddsmeddelande<\/p>\n","protected":false},"author":744,"featured_media":0,"parent":0,"menu_order":0,"comment_status":"closed","ping_status":"closed","template":"","meta":{"footnotes":""},"class_list":["post-1163","page","type-page","status-publish","hentry"],"_links":{"self":[{"href":"https:\/\/blogs.abo.fi\/sprakbadsbloggen\/wp-json\/wp\/v2\/pages\/1163","targetHints":{"allow":["GET"]}}],"collection":[{"href":"https:\/\/blogs.abo.fi\/sprakbadsbloggen\/wp-json\/wp\/v2\/pages"}],"about":[{"href":"https:\/\/blogs.abo.fi\/sprakbadsbloggen\/wp-json\/wp\/v2\/types\/page"}],"author":[{"embeddable":true,"href":"https:\/\/blogs.abo.fi\/sprakbadsbloggen\/wp-json\/wp\/v2\/users\/744"}],"replies":[{"embeddable":true,"href":"https:\/\/blogs.abo.fi\/sprakbadsbloggen\/wp-json\/wp\/v2\/comments?post=1163"}],"version-history":[{"count":3,"href":"https:\/\/blogs.abo.fi\/sprakbadsbloggen\/wp-json\/wp\/v2\/pages\/1163\/revisions"}],"predecessor-version":[{"id":1168,"href":"https:\/\/blogs.abo.fi\/sprakbadsbloggen\/wp-json\/wp\/v2\/pages\/1163\/revisions\/1168"}],"wp:attachment":[{"href":"https:\/\/blogs.abo.fi\/sprakbadsbloggen\/wp-json\/wp\/v2\/media?parent=1163"}],"curies":[{"name":"wp","href":"https:\/\/api.w.org\/{rel}","templated":true}]}}