{"id":1175,"date":"2025-02-18T15:15:02","date_gmt":"2025-02-18T13:15:02","guid":{"rendered":"https:\/\/blogs.abo.fi\/sprakbadsbloggen\/?page_id=1175"},"modified":"2026-03-11T09:54:16","modified_gmt":"2026-03-11T07:54:16","slug":"studera-till-sprakbadslarare","status":"publish","type":"page","link":"https:\/\/blogs.abo.fi\/sprakbadsbloggen\/studera-till-sprakbadslarare\/","title":{"rendered":"Studera till spr\u00e5kbadsl\u00e4rare!"},"content":{"rendered":"<p><strong>L\u00e4rarutbildningar inom spr\u00e5kbad<\/strong><\/p>\n<p><img loading=\"lazy\" decoding=\"async\" class=\"aligncenter wp-image-1238\" src=\"https:\/\/blogs.abo.fi\/sprakbadsbloggen\/files\/2025\/03\/Bild-1-scaled.jpg\" alt=\"\" width=\"362\" height=\"202\" srcset=\"https:\/\/blogs.abo.fi\/sprakbadsbloggen\/files\/2025\/03\/Bild-1-scaled.jpg 2560w, https:\/\/blogs.abo.fi\/sprakbadsbloggen\/files\/2025\/03\/Bild-1-300x167.jpg 300w, https:\/\/blogs.abo.fi\/sprakbadsbloggen\/files\/2025\/03\/Bild-1-1024x572.jpg 1024w, https:\/\/blogs.abo.fi\/sprakbadsbloggen\/files\/2025\/03\/Bild-1-768x429.jpg 768w, https:\/\/blogs.abo.fi\/sprakbadsbloggen\/files\/2025\/03\/Bild-1-1536x858.jpg 1536w, https:\/\/blogs.abo.fi\/sprakbadsbloggen\/files\/2025\/03\/Bild-1-2048x1143.jpg 2048w\" sizes=\"auto, (max-width: 362px) 100vw, 362px\" \/><\/p>\n<p><em>Vid <strong>\u00c5bo Akademi i Vasa<\/strong> finns tv\u00e5 l\u00e4rarutbildningar som erbjuder m\u00f6jligheten att inrikta sig mot spr\u00e5kbad. Tidigare har dessa spr\u00e5kbadsl\u00e4rarutbildningar varit frist\u00e5ende, men numera ing\u00e5r de i olika l\u00e4rarutbildningar.<\/em><\/p>\n<p>Inom\u00a0<a href=\"https:\/\/www.abo.fi\/utbildningsprogram\/utbildningslinjen-for-klasslarare\/\"><strong>Utbildningsprogrammet f\u00f6r klassl\u00e4rare<\/strong><\/a>\u00a0kan du v\u00e4lja<strong> inriktning mot spr\u00e5kbad <\/strong>under ditt f\u00f6rsta studie\u00e5r. Ditt huvud\u00e4mne \u00e4r pedagogik med l\u00e4rarinriktning och dessutom ing\u00e5r \u00e4mnesdidaktiska studier och en studiehelhet <a href=\"https:\/\/www.abo.fi\/amnen\/svenska-i-en-flersprakig-larmiljo-biamne\/\">Svenska i en flerspr\u00e5kig l\u00e4rmilj\u00f6<\/a> (60 sp). Pedagogie kandidat- och magisterexamen ger dig beh\u00f6righet f\u00f6r att arbeta som klassl\u00e4rare och spr\u00e5kbadsklassl\u00e4rare inom grundl\u00e4ggande utbildning.<\/p>\n<ul>\n<li style=\"list-style-type: none\">\n<ul>\n<li><strong>Ans\u00f6kan: 10-24.3.2026<\/strong>\u00a0via <a class=\"Hyperlink SCXW50728039 BCX8\" href=\"https:\/\/opintopolku.fi\/konfo\/sv\/toteutus\/1.2.246.562.17.00000000000000034840\" target=\"_blank\" rel=\"noreferrer noopener\"><span class=\"TextRun Underlined SCXW50728039 BCX8\" lang=\"SV-FI\" xml:lang=\"SV-FI\" data-contrast=\"none\"><span class=\"NormalTextRun SCXW50728039 BCX8\" data-ccp-charstyle=\"Hyperlink\">Studieinfo<\/span><\/span><\/a>\n<ul>\n<li><span class=\"TextRun SCXW229237686 BCX8\" lang=\"SV-FI\" xml:lang=\"SV-FI\" data-contrast=\"auto\"><span class=\"NormalTextRun SCXW229237686 BCX8\">Anm\u00e4l ditt intresse f\u00f6r spr\u00e5kbadsinriktningen i samband med blanketten f\u00f6r den gemensamma ans\u00f6kan till h\u00f6gskolor<\/span><span class=\"NormalTextRun SCXW229237686 BCX8\">!<\/span><\/span><span class=\"EOP SCXW229237686 BCX8\" data-ccp-props=\"{}\">\u00a0<\/span><\/li>\n<\/ul>\n<\/li>\n<li><strong>Studieort:<\/strong> Vasa<\/li>\n<li><strong>Omfattning: <\/strong>300 sp, 5 \u00e5r<\/li>\n<li><strong>Antalet studieplatser:<\/strong> 80 <span class=\"TextRun SCXW138456357 BCX8\" lang=\"SV-FI\" xml:lang=\"SV-FI\" data-contrast=\"auto\"><span class=\"NormalTextRun SCXW138456357 BCX8\">(varav 48 f\u00f6r f\u00f6rstag\u00e5ngss\u00f6kande)<\/span><\/span><\/li>\n<li><strong>Spr\u00e5kkrav i svenska<\/strong> p\u00e5 basis av finl\u00e4ndsk studentexamen:\n<ul>\n<li>Provet i det andra inhemska spr\u00e5ket, svenska:\n<ul>\n<li>L\u00e5ng l\u00e4rokurs: minst Eximia cum laude approbatur (E)<\/li>\n<li>Medell\u00e5ng l\u00e4rokurs: Laudatur (L)<\/li>\n<\/ul>\n<\/li>\n<li>Tillr\u00e4ckliga spr\u00e5kkunskaper kan \u00e4ven bevisas genom att avl\u00e4gga <a href=\"https:\/\/www.abo.fi\/sprakcentret\/exempelprov-i-svenska\/\">\u00c5bo Akademis spr\u00e5kprov <\/a>i Vasa eller \u00c5bo.<\/li>\n<li>Mer om spr\u00e5kkraven i svenska: <a href=\"https:\/\/www.abo.fi\/studera-hos-oss\/antagning\/sprakkrav-i-svenska\/#finlandsk-studentexamen\">https:\/\/www.abo.fi\/studera-hos-oss\/antagning\/sprakkrav-i-svenska\/<\/a><\/li>\n<\/ul>\n<\/li>\n<li><strong>Urvalsprocess:<\/strong>\n<ol>\n<li><a class=\"Hyperlink SCXW29525720 BCX8\" href=\"https:\/\/www.abo.fi\/studera-hos-oss\/antagning\/sok-till-abo-akademi\/studentbetyg-till-klasslarare\/\" target=\"_blank\" rel=\"noreferrer noopener\"><span class=\"TextRun Underlined SCXW29525720 BCX8\" lang=\"SV-FI\" xml:lang=\"SV-FI\" data-contrast=\"none\"><span class=\"NormalTextRun SCXW29525720 BCX8\" data-ccp-charstyle=\"Hyperlink\">Betygsantag<\/span><span class=\"NormalTextRun SCXW29525720 BCX8\" data-ccp-charstyle=\"Hyperlink\">n<\/span><span class=\"NormalTextRun SCXW29525720 BCX8\" data-ccp-charstyle=\"Hyperlink\">ing<\/span><\/span><\/a> (se <a href=\"https:\/\/yliopistovalinnat.fi\/sv\/poangsattningen-for-betygsantagningen-fran-ar-2026\/det-pedagogiska-omradet-ekonomiutbildning-logopedi#Poangsattning_for_finlandsk_studentexamen\">po\u00e4ngtabell<\/a>) eller <a class=\"Hyperlink SCXW53647758 BCX8\" href=\"https:\/\/yliopistovalinnat.fi\/sv\/urvalsprov\/urvalsprov-e#Ansokningsmal\" target=\"_blank\" rel=\"noreferrer noopener\"><span class=\"TextRun Underlined SCXW53647758 BCX8\" lang=\"SV-FI\" xml:lang=\"SV-FI\" data-contrast=\"none\"><span class=\"NormalTextRun SCXW53647758 BCX8\" data-ccp-charstyle=\"Hyperlink\">urvalsprov E<\/span><\/span><\/a> <strong>och<\/strong><\/li>\n<li><a href=\"https:\/\/www.helsinki.fi\/sv\/natverk\/natverket-antagningssamarbete-inom-det-pedagogiska-omradet\/lamplighetsprov\">L\u00e4rarl\u00e4mplighetsintervju<\/a><\/li>\n<\/ol>\n<\/li>\n<li><strong>Mer information<\/strong> om hur man s\u00f6ker in:\n<ul>\n<li><a href=\"https:\/\/www.abo.fi\/studera-hos-oss\/antagning\/sok-in-steg-for-steg\/\">https:\/\/www.abo.fi\/studera-hos-oss\/antagning\/sok-in-steg-for-steg\/<\/a><\/li>\n<li><a href=\"https:\/\/www.abo.fi\/studera-hos-oss\/antagning\/sok-till-abo-akademi\/specifik-for-utbildningslinjen-for-klasslarare\/\">https:\/\/www.abo.fi\/studera-hos-oss\/antagning\/sok-till-abo-akademi\/specifik-for-utbildningslinjen-for-klasslarare\/<\/a><\/li>\n<\/ul>\n<\/li>\n<\/ul>\n<\/li>\n<\/ul>\n<p style=\"text-align: center\">***<\/p>\n<p>\u00c4ven inom\u00a0<a href=\"https:\/\/www.abo.fi\/utbildningslinjer\/utbildningslinjen-for-larare-inom-smabarnspedagogik\/\"><strong>Utbildningsprogrammet f\u00f6r l\u00e4rare inom sm\u00e5barnspedagogik<\/strong><\/a>\u00a0kan du v\u00e4lja<strong> inriktning mot spr\u00e5kbad <\/strong>under ditt f\u00f6rsta studie\u00e5r. Inom utbildningen f\u00e5r du f\u00f6rdjupa dina kunskaper om hur du kan st\u00f6tta barns spr\u00e5kutveckling genom lek och l\u00e4rande samt f\u00e5 f\u00e4rdigheter att arbeta med fokus p\u00e5 flerspr\u00e5kighet. Pedagogie kandidatexamen ger dig beh\u00f6righet f\u00f6r att arbeta som l\u00e4rare inom sm\u00e5barnspedagogik och f\u00f6rskoll\u00e4rare.<\/p>\n<ul>\n<li style=\"list-style-type: none\">\n<ul>\n<li><strong>Ans\u00f6kan: 10-24.3.2026<\/strong>\u00a0via <a class=\"Hyperlink SCXW23603320 BCX8\" href=\"https:\/\/opintopolku.fi\/konfo\/fi\/toteutus\/1.2.246.562.17.00000000000000034836\" target=\"_blank\" rel=\"noreferrer noopener\"><span class=\"TextRun Underlined SCXW23603320 BCX8\" lang=\"SV-FI\" xml:lang=\"SV-FI\" data-contrast=\"none\"><span class=\"NormalTextRun SCXW23603320 BCX8\" data-ccp-charstyle=\"Hyperlink\">Studieinfo<\/span><\/span><\/a><\/li>\n<li><strong>Studieort:<\/strong> Vasa<\/li>\n<li><strong>Omfattning:<\/strong> 180 sp, 3 \u00e5r<\/li>\n<li><strong>Antalet studieplatser:<\/strong> 60 <span class=\"TextRun SCXW205774197 BCX8\" lang=\"SV-FI\" xml:lang=\"SV-FI\" data-contrast=\"auto\"><span class=\"NormalTextRun SCXW205774197 BCX8\">(varav 36 f\u00f6r f\u00f6rstag\u00e5ngss\u00f6kande)<\/span><\/span><\/li>\n<li><strong>Spr\u00e5kkrav i svenska<\/strong> p\u00e5 basis av finl\u00e4ndsk studentexamen:\n<ul>\n<li>Provet i det andra inhemska spr\u00e5ket, svenska:\n<ul>\n<li>L\u00e5ng l\u00e4rokurs: minst Cum laude approbatur (C)<\/li>\n<li>Medell\u00e5ng l\u00e4rokurs: minst Magna cum laude (M)<\/li>\n<\/ul>\n<\/li>\n<li>Tillr\u00e4ckliga spr\u00e5kkunskaper kan \u00e4ven bevisas genom att avl\u00e4gga <a href=\"https:\/\/www.abo.fi\/sprakcentret\/exempelprov-i-svenska\/\">\u00c5bo Akademis spr\u00e5kprov<\/a>\u00a0i Vasa eller \u00c5bo.<\/li>\n<li>Mer om spr\u00e5kkraven i svenska: <a href=\"https:\/\/www.abo.fi\/studera-hos-oss\/antagning\/sprakkrav-i-svenska\/#finlandsk-studentexamen\">https:\/\/www.abo.fi\/studera-hos-oss\/antagning\/sprakkrav-i-svenska\/<\/a><\/li>\n<\/ul>\n<\/li>\n<li><strong>Urvalsprocess:<\/strong>\n<ol>\n<li><a class=\"Hyperlink SCXW265415408 BCX8\" href=\"https:\/\/www.abo.fi\/studera-hos-oss\/antagning\/sok-till-abo-akademi\/studentbetyg-till-larare-inom-smabarnspedagogik\/\" target=\"_blank\" rel=\"noreferrer noopener\"><span class=\"TextRun Underlined SCXW265415408 BCX8\" lang=\"SV-FI\" xml:lang=\"SV-FI\" data-contrast=\"none\"><span class=\"NormalTextRun SCXW265415408 BCX8\" data-ccp-charstyle=\"Hyperlink\">Betygsantagning<\/span><\/span><\/a><span class=\"TextRun SCXW265415408 BCX8\" lang=\"SV-FI\" xml:lang=\"SV-FI\" data-contrast=\"auto\"><span class=\"NormalTextRun SCXW265415408 BCX8\"> eller <\/span><\/span><a class=\"Hyperlink SCXW265415408 BCX8\" href=\"https:\/\/yliopistovalinnat.fi\/sv\/urvalsprov\/urvalsprov-e#Ansokningsmal\" target=\"_blank\" rel=\"noreferrer noopener\"><span class=\"TextRun Underlined SCXW265415408 BCX8\" lang=\"SV-FI\" xml:lang=\"SV-FI\" data-contrast=\"none\"><span class=\"NormalTextRun SCXW265415408 BCX8\" data-ccp-charstyle=\"Hyperlink\">urvalsprov E<\/span><\/span><\/a><span class=\"TextRun SCXW265415408 BCX8\" lang=\"SV-FI\" xml:lang=\"SV-FI\" data-contrast=\"auto\"><span class=\"NormalTextRun SCXW265415408 BCX8\">\u00a0<\/span><\/span><strong><span class=\"EOP SCXW265415408 BCX8\" data-ccp-props=\"{}\"> och<\/span><\/strong><\/li>\n<li><a href=\"https:\/\/www.helsinki.fi\/sv\/natverk\/natverket-antagningssamarbete-inom-det-pedagogiska-omradet\/lamplighetsprov\">L\u00e4rarl\u00e4mplighetsintervju<\/a><\/li>\n<\/ol>\n<\/li>\n<li><strong>Mer information<\/strong> om hur man s\u00f6ker in:\n<ul>\n<li><a href=\"https:\/\/www.abo.fi\/studera-hos-oss\/antagning\/sok-in-steg-for-steg\/\">https:\/\/www.abo.fi\/studera-hos-oss\/antagning\/sok-in-steg-for-steg\/<\/a><\/li>\n<li><a href=\"https:\/\/www.abo.fi\/studera-hos-oss\/antagning\/sok-till-abo-akademi\/specifik-for-utbildningslinjen-for-larare-inom-smabarnspedagogik\/\">https:\/\/www.abo.fi\/studera-hos-oss\/antagning\/sok-till-abo-akademi\/specifik-for-utbildningslinjen-for-larare-inom-smabarnspedagogik\/<\/a><\/li>\n<\/ul>\n<\/li>\n<\/ul>\n<\/li>\n<\/ul>\n<p><strong>Fr\u00e5gor? Kontakta spr\u00e5kbadsteamet vid \u00c5bo Akademi: <\/strong><a href=\"mailto:sprakbad@abo.fi\"><strong>sprakbad@abo.fi<\/strong><\/a><\/p>\n<p>(Denna sida \u00e4r en sammanst\u00e4llning av informationen p\u00e5 \u00c5bo Akademis webbsidor och p\u00e5 nationella webbsidor som ber\u00f6r urvalsproven.)<\/p>\n<p>&nbsp;<\/p>\n<p>&nbsp;<\/p>\n","protected":false},"excerpt":{"rendered":"<p>L\u00e4rarutbildningar inom spr\u00e5kbad Vid \u00c5bo Akademi i Vasa finns tv\u00e5 l\u00e4rarutbildningar som erbjuder m\u00f6jligheten att inrikta sig mot spr\u00e5kbad. Tidigare har dessa spr\u00e5kbadsl\u00e4rarutbildningar varit frist\u00e5ende, men numera ing\u00e5r de i olika l\u00e4rarutbildningar. Inom\u00a0Utbildningsprogrammet f\u00f6r klassl\u00e4rare\u00a0kan du v\u00e4lja inriktning mot spr\u00e5kbad under ditt f\u00f6rsta studie\u00e5r. Ditt huvud\u00e4mne \u00e4r pedagogik med l\u00e4rarinriktning och dessutom ing\u00e5r \u00e4mnesdidaktiska studier &hellip; <\/p>\n<p class=\"link-more\"><a href=\"https:\/\/blogs.abo.fi\/sprakbadsbloggen\/studera-till-sprakbadslarare\/\" class=\"more-link\">Forts\u00e4tt l\u00e4sa<span class=\"screen-reader-text\"> \u201dStudera till spr\u00e5kbadsl\u00e4rare!\u201d<\/span><\/a><\/p>\n","protected":false},"author":744,"featured_media":0,"parent":0,"menu_order":0,"comment_status":"closed","ping_status":"closed","template":"","meta":{"footnotes":""},"class_list":["post-1175","page","type-page","status-publish","hentry"],"_links":{"self":[{"href":"https:\/\/blogs.abo.fi\/sprakbadsbloggen\/wp-json\/wp\/v2\/pages\/1175","targetHints":{"allow":["GET"]}}],"collection":[{"href":"https:\/\/blogs.abo.fi\/sprakbadsbloggen\/wp-json\/wp\/v2\/pages"}],"about":[{"href":"https:\/\/blogs.abo.fi\/sprakbadsbloggen\/wp-json\/wp\/v2\/types\/page"}],"author":[{"embeddable":true,"href":"https:\/\/blogs.abo.fi\/sprakbadsbloggen\/wp-json\/wp\/v2\/users\/744"}],"replies":[{"embeddable":true,"href":"https:\/\/blogs.abo.fi\/sprakbadsbloggen\/wp-json\/wp\/v2\/comments?post=1175"}],"version-history":[{"count":23,"href":"https:\/\/blogs.abo.fi\/sprakbadsbloggen\/wp-json\/wp\/v2\/pages\/1175\/revisions"}],"predecessor-version":[{"id":1561,"href":"https:\/\/blogs.abo.fi\/sprakbadsbloggen\/wp-json\/wp\/v2\/pages\/1175\/revisions\/1561"}],"wp:attachment":[{"href":"https:\/\/blogs.abo.fi\/sprakbadsbloggen\/wp-json\/wp\/v2\/media?parent=1175"}],"curies":[{"name":"wp","href":"https:\/\/api.w.org\/{rel}","templated":true}]}}