{"id":1181,"date":"2025-02-19T06:46:33","date_gmt":"2025-02-19T04:46:33","guid":{"rendered":"https:\/\/blogs.abo.fi\/sprakbadsbloggen\/?page_id=1181"},"modified":"2025-11-04T13:27:52","modified_gmt":"2025-11-04T11:27:52","slug":"opiskele-kielikylpyopettajaksi","status":"publish","type":"page","link":"https:\/\/blogs.abo.fi\/sprakbadsbloggen\/opiskele-kielikylpyopettajaksi\/","title":{"rendered":"Opiskele kielikylpyopettajaksi!"},"content":{"rendered":"<p><strong>Kielikylvyn opettajankoulutus<\/strong><\/p>\n<p><img loading=\"lazy\" decoding=\"async\" class=\"aligncenter wp-image-1238\" src=\"https:\/\/blogs.abo.fi\/sprakbadsbloggen\/files\/2025\/03\/Bild-1-scaled.jpg\" alt=\"\" width=\"388\" height=\"217\" srcset=\"https:\/\/blogs.abo.fi\/sprakbadsbloggen\/files\/2025\/03\/Bild-1-scaled.jpg 2560w, https:\/\/blogs.abo.fi\/sprakbadsbloggen\/files\/2025\/03\/Bild-1-300x167.jpg 300w, https:\/\/blogs.abo.fi\/sprakbadsbloggen\/files\/2025\/03\/Bild-1-1024x572.jpg 1024w, https:\/\/blogs.abo.fi\/sprakbadsbloggen\/files\/2025\/03\/Bild-1-768x429.jpg 768w, https:\/\/blogs.abo.fi\/sprakbadsbloggen\/files\/2025\/03\/Bild-1-1536x858.jpg 1536w, https:\/\/blogs.abo.fi\/sprakbadsbloggen\/files\/2025\/03\/Bild-1-2048x1143.jpg 2048w\" sizes=\"auto, (max-width: 388px) 100vw, 388px\" \/><\/p>\n<p><em><strong>\u00c5bo Akademissa Vaasassa<\/strong> on kaksi opettajankoulutusta, jotka tarjoavat mahdollisuuden suuntautua kielikylpyyn. Aiemmin n\u00e4m\u00e4 koulutukset ovat olleet itsen\u00e4isi\u00e4, mutta nyky\u00e4\u00e4n ne sis\u00e4ltyv\u00e4t eri opettajankoulutuksiin.<\/em><\/p>\n<p><strong><a href=\"https:\/\/www.abo.fi\/fi\/koulutusohjelmat\/luokanopettaja\/\">Luokanopettajan koulutusohjelmassa <\/a><\/strong>voit valita<strong> kielikylpysuuntauksen <\/strong>ensimm\u00e4isen opiskeluvuotesi aikana.\u00a0P\u00e4\u00e4aineenasi on opettajankoulutukseen suuntautunut kasvatustiede, jonka lis\u00e4ksi opintoihisi sis\u00e4ltyy peruskoulussa opetettavien oppiaineiden aineopinnot ja laaja\u00a0<a href=\"https:\/\/www.abo.fi\/fi\/aineet\/ruotsi-monikielisessa-oppimisymparistossa\/\">Ruotsi monikielisess\u00e4 oppimisymp\u00e4rist\u00f6ss\u00e4<\/a> -opintokokonaisuus (60 op). Kasvatustieteiden kandidaatin- ja maisterintutkinto antaa sinulle p\u00e4tevyyden toimia luokanopettajana perusopetuksessa.<\/p>\n<ul>\n<li><strong>Haku: 10.-24.3.2026<\/strong>\u00a0<a href=\"https:\/\/opintopolku.fi\/konfo\/fi\/toteutus\/1.2.246.562.17.00000000000000034840\">Opintopolun<\/a> kautta\n<ul>\n<li>Ilmoita kiinnostuksesi kielikylpysuuntausta kohtaan korkeakoulujen yhteishaun lomaketta t\u00e4ytt\u00e4ess\u00e4si!<\/li>\n<\/ul>\n<\/li>\n<li><strong>Koulutuksen paikkakunta:<\/strong> Vaasa<\/li>\n<li><strong>Laajuus:<\/strong> 300 op, 5 vuotta<\/li>\n<li><strong>Opiskelupaikkoja:<\/strong> 80 (joista 48 ensikertalaisille)<\/li>\n<li><strong>Ruotsin kielen kielivaatimukset<\/strong> suomalaisen ylioppilastutkinnon perusteella:\n<ul>\n<li>Toisen kotimaisen kielen (ruotsi) koe\n<ul>\n<li>Pitk\u00e4 oppim\u00e4\u00e4r\u00e4: v\u00e4hint\u00e4\u00e4n Eximia cum laude approbatur (E)<\/li>\n<li>Keskipitk\u00e4 oppim\u00e4\u00e4r\u00e4: Laudatur (L)<\/li>\n<\/ul>\n<\/li>\n<li>Riitt\u00e4v\u00e4n kielitaidon voi my\u00f6s osoittaa osallistumalla <a href=\"https:\/\/www.abo.fi\/sprakcentret\/exempelprov-i-svenska\/\">\u00c5bo Akademin kielikokeeseen<\/a> Vaasassa tai Turussa.<\/li>\n<li>Lis\u00e4tietoa ruotsin kielen kielivaatimuksista (ruotsiksi): <a href=\"https:\/\/www.abo.fi\/studera-hos-oss\/antagning\/sprakkrav-i-svenska\/\">https:\/\/www.abo.fi\/studera-hos-oss\/antagning\/sprakkrav-i-svenska\/<\/a><\/li>\n<\/ul>\n<\/li>\n<li><strong>Hakuprosessi:\u00a0<\/strong>\n<ol>\n<li><a href=\"https:\/\/www.abo.fi\/studera-hos-oss\/antagning\/sok-till-abo-akademi\/studentbetyg-till-klasslarare\/\">Todistusvalinta<\/a> (katso <a href=\"https:\/\/yliopistovalinnat.fi\/todistusvalinnan-pisteytykset-vuodesta-2026\/kasvatustieteet-kauppatieteet-logopedia\">pistetaulukko<\/a>) tai <a href=\"https:\/\/yliopistovalinnat.fi\/valintakokeet\/valintakoe-e\">valintakoe E<\/a> ja<\/li>\n<li><a href=\"https:\/\/www.helsinki.fi\/fi\/verkostot\/kasvatusalan-valintayhteistyoverkosto\/soveltuvuuskoe\">Opettajansoveltuvuushaastattelu<\/a><\/li>\n<\/ol>\n<\/li>\n<li><strong>Lis\u00e4tietoa<\/strong> hakuprosessista (ruotsiksi):\n<ul>\n<li><a href=\"https:\/\/www.abo.fi\/studera-hos-oss\/antagning\/sok-in-steg-for-steg\/\">https:\/\/www.abo.fi\/studera-hos-oss\/antagning\/sok-in-steg-for-steg\/<\/a><\/li>\n<li><a href=\"https:\/\/www.abo.fi\/studera-hos-oss\/antagning\/sok-till-abo-akademi\/specifik-for-utbildningslinjen-for-klasslarare\/\">https:\/\/www.abo.fi\/studera-hos-oss\/antagning\/sok-till-abo-akademi\/specifik-for-utbildningslinjen-for-klasslarare<\/a><\/li>\n<\/ul>\n<\/li>\n<\/ul>\n<p>***<\/p>\n<p>My\u00f6s <strong><a href=\"https:\/\/www.abo.fi\/fi\/koulutusohjelmat\/varhaiskasvatuksen-opettaja\/\">Varhaiskasvatuksen opettajan koulutusohjelmassa <\/a><\/strong>voit<strong> suuntautua kielikylpyyn<\/strong> ensimm\u00e4isen opiskeluvuotesi aikana. Koulutuksen aikana syvenn\u00e4t taitojasi leikin ja oppimisen kautta tapahtuvan kielenkehityksen osalta sek\u00e4 saat valmiuksia ty\u00f6skennell\u00e4 monikielisess\u00e4 ymp\u00e4rist\u00f6ss\u00e4. Kasvatustieteiden kandidaatin tutkinto antaa p\u00e4tevyyden toimia opettajana varhaiskasvatuksessa ja esiopetuksessa.<\/p>\n<ul>\n<li><strong>Haku: 10.-24.3.2026<\/strong>\u00a0<a href=\"https:\/\/opintopolku.fi\/konfo\/fi\/toteutus\/1.2.246.562.17.00000000000000034836\">Opintopolun<\/a> kautta<\/li>\n<li><strong>Koulutuksen paikkakunta:<\/strong> Vaasa<\/li>\n<li><strong>Laajuus:<\/strong> 180 op, 3 vuotta<\/li>\n<li><strong>Opiskelupaikkoja:<\/strong> 60 (joista 36 ensikertalaisille)<\/li>\n<li><strong>Ruotsin kielen kielivaatimukset<\/strong> suomalaisen ylioppilastutkinnon perusteella:\n<ul>\n<li>Toisen kotimaisen kielen (ruotsi) koe\n<ul>\n<li>Pitk\u00e4 oppim\u00e4\u00e4r\u00e4: v\u00e4hint\u00e4\u00e4n Eximia cum laude approbatur (E)<\/li>\n<li>Keskipitk\u00e4 oppim\u00e4\u00e4r\u00e4: Laudatur (L)<\/li>\n<\/ul>\n<\/li>\n<li>Riitt\u00e4v\u00e4n kielitaidon voi my\u00f6s osoittaa osallistumalla <a href=\"https:\/\/www.abo.fi\/sprakcentret\/exempelprov-i-svenska\/\">\u00c5bo Akademin kielikokeeseen<\/a> Vaasassa tai Turussa.<\/li>\n<li>Lis\u00e4tietoa ruotsin kielen kielivaatimuksista (ruotsiksi): <a href=\"https:\/\/www.abo.fi\/studera-hos-oss\/antagning\/sprakkrav-i-svenska\/\">https:\/\/www.abo.fi\/studera-hos-oss\/antagning\/sprakkrav-i-svenska\/<\/a><\/li>\n<\/ul>\n<\/li>\n<li><strong>Hakuprosessi:\u00a0<\/strong>\n<ol>\n<li><a href=\"https:\/\/www.abo.fi\/studera-hos-oss\/antagning\/sok-till-abo-akademi\/studentbetyg-till-larare-inom-smabarnspedagogik\/\">Todistusvalinta<\/a> tai <a href=\"https:\/\/yliopistovalinnat.fi\/valintakokeet\/valintakoe-e\">valintakoe E<\/a> ja<\/li>\n<li><a href=\"https:\/\/www.helsinki.fi\/fi\/verkostot\/kasvatusalan-valintayhteistyoverkosto\/soveltuvuuskoe\">Opettajansoveltuvuushaastattelu<\/a><\/li>\n<\/ol>\n<\/li>\n<li><strong>Lis\u00e4tietoa<\/strong> hakuprosessista (ruotsiksi):\n<ul>\n<li style=\"list-style-type: none\">\n<ul>\n<li><a href=\"https:\/\/www.abo.fi\/studera-hos-oss\/antagning\/sok-in-steg-for-steg\/\">https:\/\/www.abo.fi\/studera-hos-oss\/antagning\/sok-in-steg-for-steg\/<\/a><\/li>\n<li><a href=\"https:\/\/www.abo.fi\/studera-hos-oss\/antagning\/sok-till-abo-akademi\/specifik-for-utbildningslinjen-for-larare-inom-smabarnspedagogik\/\">https:\/\/www.abo.fi\/studera-hos-oss\/antagning\/sok-till-abo-akademi\/specifik-for-utbildningslinjen-for-larare-inom-smabarnspedagogik\/<\/a><\/li>\n<\/ul>\n<\/li>\n<\/ul>\n<\/li>\n<\/ul>\n<p><strong>Kysytt\u00e4v\u00e4\u00e4? Ota yhteytt\u00e4 \u00c5bo Akademin kielikylpytiimiin: <a href=\"mailto:sprakbad@abo.fi\">sprakbad@abo.fi<\/a><\/strong><\/p>\n<p>(T\u00e4m\u00e4 sivu on koottu \u00c5bo Akademin verkkosivuilla ja yliopistovalintoja koskevilla kansallisilla verkkosivuilla olevien tietojen pohjalta.)<\/p>\n","protected":false},"excerpt":{"rendered":"<p>Kielikylvyn opettajankoulutus \u00c5bo Akademissa Vaasassa on kaksi opettajankoulutusta, jotka tarjoavat mahdollisuuden suuntautua kielikylpyyn. Aiemmin n\u00e4m\u00e4 koulutukset ovat olleet itsen\u00e4isi\u00e4, mutta nyky\u00e4\u00e4n ne sis\u00e4ltyv\u00e4t eri opettajankoulutuksiin. Luokanopettajan koulutusohjelmassa voit valita kielikylpysuuntauksen ensimm\u00e4isen opiskeluvuotesi aikana.\u00a0P\u00e4\u00e4aineenasi on opettajankoulutukseen suuntautunut kasvatustiede, jonka lis\u00e4ksi opintoihisi sis\u00e4ltyy peruskoulussa opetettavien oppiaineiden aineopinnot ja laaja\u00a0Ruotsi monikielisess\u00e4 oppimisymp\u00e4rist\u00f6ss\u00e4 -opintokokonaisuus (60 op). Kasvatustieteiden kandidaatin- ja &hellip; <\/p>\n<p class=\"link-more\"><a href=\"https:\/\/blogs.abo.fi\/sprakbadsbloggen\/opiskele-kielikylpyopettajaksi\/\" class=\"more-link\">Forts\u00e4tt l\u00e4sa<span class=\"screen-reader-text\"> \u201dOpiskele kielikylpyopettajaksi!\u201d<\/span><\/a><\/p>\n","protected":false},"author":744,"featured_media":0,"parent":0,"menu_order":0,"comment_status":"closed","ping_status":"closed","template":"","meta":{"footnotes":""},"class_list":["post-1181","page","type-page","status-publish","hentry"],"_links":{"self":[{"href":"https:\/\/blogs.abo.fi\/sprakbadsbloggen\/wp-json\/wp\/v2\/pages\/1181","targetHints":{"allow":["GET"]}}],"collection":[{"href":"https:\/\/blogs.abo.fi\/sprakbadsbloggen\/wp-json\/wp\/v2\/pages"}],"about":[{"href":"https:\/\/blogs.abo.fi\/sprakbadsbloggen\/wp-json\/wp\/v2\/types\/page"}],"author":[{"embeddable":true,"href":"https:\/\/blogs.abo.fi\/sprakbadsbloggen\/wp-json\/wp\/v2\/users\/744"}],"replies":[{"embeddable":true,"href":"https:\/\/blogs.abo.fi\/sprakbadsbloggen\/wp-json\/wp\/v2\/comments?post=1181"}],"version-history":[{"count":16,"href":"https:\/\/blogs.abo.fi\/sprakbadsbloggen\/wp-json\/wp\/v2\/pages\/1181\/revisions"}],"predecessor-version":[{"id":1439,"href":"https:\/\/blogs.abo.fi\/sprakbadsbloggen\/wp-json\/wp\/v2\/pages\/1181\/revisions\/1439"}],"wp:attachment":[{"href":"https:\/\/blogs.abo.fi\/sprakbadsbloggen\/wp-json\/wp\/v2\/media?parent=1181"}],"curies":[{"name":"wp","href":"https:\/\/api.w.org\/{rel}","templated":true}]}}