{"id":461,"date":"2022-09-15T08:44:00","date_gmt":"2022-09-15T06:44:00","guid":{"rendered":"https:\/\/blogs.abo.fi\/sprakbadsbloggen\/?page_id=461"},"modified":"2025-02-24T08:54:39","modified_gmt":"2025-02-24T06:54:39","slug":"sprakbadsenheter-i-finland","status":"publish","type":"page","link":"https:\/\/blogs.abo.fi\/sprakbadsbloggen\/sprakbadsenheter-i-finland\/","title":{"rendered":"Spr\u00e5kbadsenheter i Finland"},"content":{"rendered":"<p>Den f\u00f6rsta spr\u00e5kbadsgruppen i Finland inledde sin verksamhet i Vasa \u00e5r 1987, och initierades efter det ocks\u00e5 p\u00e5 flera andra orter i Finland och oftast p\u00e5 f\u00f6r\u00e4ldrainitiativ. Nedan finns en lista \u00f6ver de enheter som erbjuder spr\u00e5kbadsundervisning i svenska eller finska i Finland.<\/p>\n<p><strong>Borg\u00e5 \/ Porvoo<\/strong><\/p>\n<ul>\n<li>P\u00e4iv\u00e4koti Helmi<\/li>\n<li>Albert Edelfeltin koulu (\u00e5k 1-9)<\/li>\n<\/ul>\n<p><strong>Esbo \/ Espoo<\/strong><\/p>\n<ul>\n<li>Esbo spr\u00e5kbadsdaghem<\/li>\n<li>L\u00e4nsiv\u00e4yl\u00e4n kielikylpyp\u00e4iv\u00e4koti<\/li>\n<li>P\u00e4iv\u00e4koti Sirius<\/li>\n<li>Silkkiniityn p\u00e4iv\u00e4koti<\/li>\n<li>Yl\u00e4kartanon p\u00e4iv\u00e4koti<\/li>\n<li>P\u00e4iv\u00e4nkehr\u00e4n koulu (\u00e5k 1-6)<\/li>\n<li>Soukan koulu (\u00e5k 1-6)<\/li>\n<li>Westendinpuiston koulu (\u00e5k 1-6)<\/li>\n<li>Espoonlahden koulu (\u00e5k 7-9)<\/li>\n<li>Haukilahden koulu (\u00e5k 7-9)<\/li>\n<\/ul>\n<p><strong>Grankulla \/ Kauniainen<\/strong><\/p>\n<ul>\n<li>Kielikylpy Grani Spr\u00e5kbad<\/li>\n<li>M\u00e4ntym\u00e4en koulu (\u00e5k 1-6)<\/li>\n<li>Kasavuoren koulu (\u00e5k 7-9)<\/li>\n<\/ul>\n<p><strong>Helsingfors \/ Helsinki<\/strong><\/p>\n<ul>\n<li>P\u00e4iv\u00e4koti Elias<\/li>\n<li>P\u00e4iv\u00e4koti Linnunlaulu<\/li>\n<li>P\u00e4iv\u00e4koti Lokki<\/li>\n<li>P\u00e4iv\u00e4koti Myllytonttu<\/li>\n<li>P\u00e4iv\u00e4koti Nuotti<\/li>\n<li>P\u00e4iv\u00e4koti Pihlaja<\/li>\n<li>P\u00e4iv\u00e4koti Roihuvuori<\/li>\n<li>P\u00e4iv\u00e4koti Ruskeasuo<\/li>\n<li>P\u00e4iv\u00e4koti Ver\u00e4j\u00e4m\u00e4ki<\/li>\n<li>P\u00e4iv\u00e4koti Vihtori<\/li>\n<li>Spr\u00e5kbadet S\u00e4len<\/li>\n<li>Hiidenkiven peruskoulu (\u00e5k 1-6)<\/li>\n<li>Kallion ala-asteen koulu (\u00e5k 1-6)<\/li>\n<li>Lauttasaaren ala-aste (\u00e5k 1-6)<\/li>\n<li>Meilahden ala-aste (\u00e5k 1-6)<\/li>\n<li>Oulunkyl\u00e4n ala-asteen koulu (\u00e5k 1-6)<\/li>\n<li>Puotilan ala-aste (\u00e5k 1-6)<\/li>\n<li>Roihuvuoren ala-aste (\u00e5k 1-6)<\/li>\n<li>Taivallahden peruskoulu (\u00e5k 1-9)<\/li>\n<li>Lauttasaaren yhteiskoulu (\u00e5k 7-9)<\/li>\n<li>Meilahden yl\u00e4asteen koulu (\u00e5k 7-9)<\/li>\n<li>Pasilan peruskoulu (\u00e5k 7-9)<\/li>\n<li>Vartiokyl\u00e4n yl\u00e4asteen koulu (\u00e5k 7-9)<\/li>\n<\/ul>\n<p><strong>Hyvinge \/ Hyvink\u00e4\u00e4<\/strong><\/p>\n<ul>\n<li>Folkh\u00e4lsans daghem i Hyvinge<\/li>\n<\/ul>\n<p><strong>Jakobstad \/ Pietarsaari<\/strong><\/p>\n<ul>\n<li>Kielikylpyp\u00e4iv\u00e4koti Alma<\/li>\n<li>Spr\u00e5kbadsskolan (\u00e5k 1-5)<\/li>\n<li>Etel\u00e4nummen koulu (\u00e5k 6-9)<\/li>\n<li>Oxhamns skola (\u00e5k 6-9)<\/li>\n<\/ul>\n<p><strong>Karleby \/ Kokkola<\/strong><\/p>\n<ul>\n<li>Pikiruukin p\u00e4iv\u00e4koti<\/li>\n<li>Hollihaan koulu (\u00e5k 1-6)<\/li>\n<li>Kiviniityn koulu (\u00e5k 7-9)<\/li>\n<\/ul>\n<p><strong>Kervo \/ Kerava<\/strong><\/p>\n<ul>\n<li>Folkh\u00e4lsans daghem Trollebo<\/li>\n<\/ul>\n<p><strong>Kyrksl\u00e4tt \/ Kirkkonummi<\/strong><\/p>\n<ul>\n<li>Neidonkallion p\u00e4iv\u00e4koti<\/li>\n<li>Gesterbyn koulu (\u00e5k 1-9)<\/li>\n<li>Winellska skolan (\u00e5k 7-9)<\/li>\n<\/ul>\n<p><strong>Lahtis \/ Lahti<\/strong><\/p>\n<ul>\n<li>Folkh\u00e4lsans svenska daghem i Lahtis<\/li>\n<li>Lotilan koulu (\u00e5k 1-6)<\/li>\n<\/ul>\n<p><strong>N\u00e4rpes \/ N\u00e4rpi\u00f6<\/strong><\/p>\n<ul>\n<li>Folkh\u00e4lsans daghem P\u00e4ivis<\/li>\n<\/ul>\n<p><strong>Raseborg \/ Raasepori<\/strong><\/p>\n<ul>\n<li>M\u00e4ntykodon p\u00e4iv\u00e4koti<\/li>\n<li>Rasebo daghem<\/li>\n<li>Solbacka daghem<\/li>\n<\/ul>\n<p><strong>Sibbo \/ Sipoo<\/strong><\/p>\n<ul>\n<li>Lepp\u00e4tien kielikylpyp\u00e4iv\u00e4koti<\/li>\n<li>Mets\u00e4rinteen kielikylpyp\u00e4iv\u00e4koti<\/li>\n<li>P\u00e4iv\u00e4koti Miili<\/li>\n<li>Lepp\u00e4tien koulu (\u00e5k 1-6)<\/li>\n<li>Kungsv\u00e4gens skola (\u00e5k 7-9)<\/li>\n<li>Sipoonjoen koulu (\u00e5k 7-9)<\/li>\n<\/ul>\n<p><strong>Tavastehus \/ H\u00e4meenlinna<\/strong><\/p>\n<ul>\n<li>Jaarlin p\u00e4iv\u00e4koti<\/li>\n<\/ul>\n<p><strong>Tr\u00e4sk\u00e4nda \/ J\u00e4rvenp\u00e4\u00e4<\/strong><\/p>\n<ul>\n<li>Folkh\u00e4lsans daghem i Tr\u00e4sk\u00e4nda<\/li>\n<\/ul>\n<p><strong>Vanda \/ Vantaa<\/strong><\/p>\n<ul>\n<li>Koskikujan p\u00e4iv\u00e4koti<\/li>\n<li>Kukkopillin p\u00e4iv\u00e4koti<\/li>\n<li>P\u00e4iv\u00e4koti Lyckoslanten<\/li>\n<li>Uomarinteen koulu (\u00e5k 1-6)<\/li>\n<li>Viertolan koulu (\u00e5k 1-6)<\/li>\n<li>Kilterin koulu (\u00e5k 7-9)<\/li>\n<li>Peltolan koulu (\u00e5k 7-9)<\/li>\n<\/ul>\n<p><strong>Vasa \/ Vaasa<\/strong><\/p>\n<ul>\n<li>Hamnparkens daghem<\/li>\n<li>Huvikummun p\u00e4iv\u00e4koti<\/li>\n<li>Inkeriparkens daghem<\/li>\n<li>Keskuskoulu (\u00e5k 1-6)<\/li>\n<li>L\u00e4nsimets\u00e4n koulu (\u00e5k 1-6)<\/li>\n<li>Merenkurkun koulu (\u00e5k 7-9)<\/li>\n<\/ul>\n<p><strong>\u00c5bo \/ Turku<\/strong><\/p>\n<ul>\n<li>Kerttulin p\u00e4iv\u00e4hoitoyksikk\u00f6<\/li>\n<li>Luostarivuoren koulu (\u00e5k 1-9)<\/li>\n<\/ul>\n<p><strong>Spr\u00e5kbadsf\u00f6reningar i Finland<\/strong><\/p>\n<ul>\n<li><a href=\"https:\/\/ihky.yhdistysavain.fi\/\">It\u00e4-Helsingin kielikylpy ry<\/a><\/li>\n<li><a href=\"https:\/\/lauttasaarenkielikylpy.fi\/\">Lauttasaaren kielikylpy ry<\/a><\/li>\n<li><a href=\"https:\/\/kauniaistenkielikylpyry.weebly.com\/\">Kauniaisten kielikylpy-yhdistys<\/a><\/li>\n<li><a href=\"http:\/\/www.kirkkonummenkielikylpy.fi\/\">Kirkkonummen kielikylpy-yhdistys<\/a><\/li>\n<li><a href=\"https:\/\/koillishelsinginkielikylpy.yhdistysavain.fi\/\">Koillis-Helsingin kielikylpy ry<\/a><\/li>\n<li><a href=\"https:\/\/www.porvoonkielikylpy.fi\/\">Porvoon kielikylpy ry<\/a><\/li>\n<li><a href=\"https:\/\/www.turunkielikylpy.fi\/\">Turun kielikylpyvanhemmat ry<\/a><\/li>\n<li><a href=\"https:\/\/vaasankielikylpy-yhdistys.fi\/\">Vaasan kielikylpy-yhdistys<\/a><\/li>\n<\/ul>\n","protected":false},"excerpt":{"rendered":"<p>Den f\u00f6rsta spr\u00e5kbadsgruppen i Finland inledde sin verksamhet i Vasa \u00e5r 1987, och initierades efter det ocks\u00e5 p\u00e5 flera andra orter i Finland och oftast p\u00e5 f\u00f6r\u00e4ldrainitiativ. Nedan finns en lista \u00f6ver de enheter som erbjuder spr\u00e5kbadsundervisning i svenska eller finska i Finland. Borg\u00e5 \/ Porvoo P\u00e4iv\u00e4koti Helmi Albert Edelfeltin koulu (\u00e5k 1-9) Esbo \/ &hellip; <\/p>\n<p class=\"link-more\"><a href=\"https:\/\/blogs.abo.fi\/sprakbadsbloggen\/sprakbadsenheter-i-finland\/\" class=\"more-link\">Forts\u00e4tt l\u00e4sa<span class=\"screen-reader-text\"> \u201dSpr\u00e5kbadsenheter i Finland\u201d<\/span><\/a><\/p>\n","protected":false},"author":744,"featured_media":0,"parent":0,"menu_order":0,"comment_status":"closed","ping_status":"closed","template":"","meta":{"footnotes":""},"class_list":["post-461","page","type-page","status-publish","hentry"],"_links":{"self":[{"href":"https:\/\/blogs.abo.fi\/sprakbadsbloggen\/wp-json\/wp\/v2\/pages\/461","targetHints":{"allow":["GET"]}}],"collection":[{"href":"https:\/\/blogs.abo.fi\/sprakbadsbloggen\/wp-json\/wp\/v2\/pages"}],"about":[{"href":"https:\/\/blogs.abo.fi\/sprakbadsbloggen\/wp-json\/wp\/v2\/types\/page"}],"author":[{"embeddable":true,"href":"https:\/\/blogs.abo.fi\/sprakbadsbloggen\/wp-json\/wp\/v2\/users\/744"}],"replies":[{"embeddable":true,"href":"https:\/\/blogs.abo.fi\/sprakbadsbloggen\/wp-json\/wp\/v2\/comments?post=461"}],"version-history":[{"count":7,"href":"https:\/\/blogs.abo.fi\/sprakbadsbloggen\/wp-json\/wp\/v2\/pages\/461\/revisions"}],"predecessor-version":[{"id":1232,"href":"https:\/\/blogs.abo.fi\/sprakbadsbloggen\/wp-json\/wp\/v2\/pages\/461\/revisions\/1232"}],"wp:attachment":[{"href":"https:\/\/blogs.abo.fi\/sprakbadsbloggen\/wp-json\/wp\/v2\/media?parent=461"}],"curies":[{"name":"wp","href":"https:\/\/api.w.org\/{rel}","templated":true}]}}