{"id":109,"date":"2021-05-27T15:23:02","date_gmt":"2021-05-27T12:23:02","guid":{"rendered":"https:\/\/blogs.abo.fi\/systematiskteologi\/?page_id=109"},"modified":"2023-08-16T08:45:35","modified_gmt":"2023-08-16T05:45:35","slug":"examensstrukturen-for-kandidat-och-magister-i-teologi","status":"publish","type":"page","link":"https:\/\/blogs.abo.fi\/systematiskteologi\/examensstrukturen-for-kandidat-och-magister-i-teologi\/","title":{"rendered":"Examensstrukturen f\u00f6r kandidat och magister i teologi"},"content":{"rendered":"<p><strong>Examensstruktur<\/strong><\/p>\n<p>(Undervisning i systematisk teologi under l\u00e4s\u00e5ret 2023-2024 hittar du <a href=\"https:\/\/blogs.abo.fi\/systematiskteologi\/2023\/08\/16\/undervisningen-i-systematisk-teologi-lasaret-2023-2024\/\">h\u00e4r<\/a>.)<\/p>\n<p><strong>Kandidatniv\u00e5n (sammanlagt 180 sp)<\/strong><\/p>\n<p>Grundstudier i teologi 60 sp<\/p>\n<ul>\n<li>Fyra block med 3 x 5 = 15 sp i varje, sammanlagt 60 sp<\/li>\n<\/ul>\n<p>\u00c4mnesstudier i teologi 55 sp<\/p>\n<ul>\n<li>Kandidatprojekt 15 sp: (Metod och teori 5 sp + Proseminarium med kandidatavhandling 10 sp)<\/li>\n<li>Valbara kurser 1 30 sp<\/li>\n<li>Valbara kurser 2 10 sp<\/li>\n<\/ul>\n<p>Yrkesprofilering 25 sp<\/p>\n<p>Andra studier 5 sp (Akademiska studief\u00e4rdigheter FHPT)<\/p>\n<p>Spr\u00e5k och kommunikation 15 sp<\/p>\n<p>Valfria studier 20 sp<\/p>\n<p>&nbsp;<\/p>\n<p><strong>Magisterniv\u00e5n (sammanlagt 120 sp)<\/strong><\/p>\n<p>Magisterstudierna uppg\u00e5r till sammanlagt 120 sp. Om du har systematisk teologi som huvud\u00e4mne \u00e4r uppl\u00e4gget enligt f\u00f6ljande:<\/p>\n<p><strong>Moduler och kurser som tillsammans uppg\u00e5r till 80 sp (20+20+30+10):<\/strong><\/p>\n<p>20 sp Den gemensamma modulen F\u00f6rdjupning i systematisk teologi<\/p>\n<p>20 sp En av de valbara modulerna p\u00e5 20 sp &#8211; beroende p\u00e5 huvud\u00e4mne antingen i dogmatik eller i TER (det finns tre olika moduler att v\u00e4lja mellan i respektive kategori)<\/p>\n<p>30 sp Avhandling pro gradu + 10 sp seminarium pro gradu i systematisk teologi<\/p>\n<p><strong>De \u00f6vriga 40 sp varierar beroende av inriktningsalternativ:<\/strong><\/p>\n<p>Pr\u00e4stbeh\u00f6righet: ett block p\u00e5 20 sp med practicum och klassiska spr\u00e5k, samt ett annat block p\u00e5 20 sp som inneh\u00e5ller ett obligatoriskt practicum p\u00e5 5 sp samt 15 sp valfria kurser.<\/p>\n<p>Samh\u00e4llsinriktning: ett tematiskt block p\u00e5 20 sp samt 20 sp valfria kurser (dessa kan vara i teologi, men beh\u00f6ver inte vara det).<\/p>\n<p>\u00c4mnesl\u00e4rarbeh\u00f6righet: 35 sp \u00c4mnesstudier i pedagogik, \u00e4mnesl\u00e4rarinriktning samt 5 sp valfria studier.<\/p>\n<p>De som har antagits direkt till magisterprogrammet, och valt pr\u00e4stbeh\u00f6righet: Pr\u00e4stbeh\u00f6righet, del 1 (20 sp) samt Pr\u00e4stbeh\u00f6righet, del 2 (20 sp), som best\u00e5r av 10 sp valbara kurser i klassiska spr\u00e5k och 10 sp valfria kurser.<\/p>\n<p>De som har antagits direkt till magisterprogrammet, och valt samh\u00e4llsinriktning: tematisk modul p\u00e5 20 sp och valfria studier 20 sp.<\/p>\n<p>&nbsp;<\/p>\n","protected":false},"excerpt":{"rendered":"<p>Examensstruktur (Undervisning i systematisk teologi under l\u00e4s\u00e5ret 2023-2024 hittar du h\u00e4r.) Kandidatniv\u00e5n (sammanlagt 180 sp) Grundstudier i teologi 60 sp Fyra block med 3 x 5 = 15 sp i varje, sammanlagt 60 sp \u00c4mnesstudier i teologi 55 sp Kandidatprojekt 15 sp: (Metod och teori 5 sp + Proseminarium med kandidatavhandling 10 sp) Valbara kurser [&hellip;]<\/p>\n","protected":false},"author":676,"featured_media":0,"parent":0,"menu_order":0,"comment_status":"closed","ping_status":"closed","template":"","meta":{"footnotes":""},"class_list":["post-109","page","type-page","status-publish","hentry"],"_links":{"self":[{"href":"https:\/\/blogs.abo.fi\/systematiskteologi\/wp-json\/wp\/v2\/pages\/109","targetHints":{"allow":["GET"]}}],"collection":[{"href":"https:\/\/blogs.abo.fi\/systematiskteologi\/wp-json\/wp\/v2\/pages"}],"about":[{"href":"https:\/\/blogs.abo.fi\/systematiskteologi\/wp-json\/wp\/v2\/types\/page"}],"author":[{"embeddable":true,"href":"https:\/\/blogs.abo.fi\/systematiskteologi\/wp-json\/wp\/v2\/users\/676"}],"replies":[{"embeddable":true,"href":"https:\/\/blogs.abo.fi\/systematiskteologi\/wp-json\/wp\/v2\/comments?post=109"}],"version-history":[{"count":4,"href":"https:\/\/blogs.abo.fi\/systematiskteologi\/wp-json\/wp\/v2\/pages\/109\/revisions"}],"predecessor-version":[{"id":331,"href":"https:\/\/blogs.abo.fi\/systematiskteologi\/wp-json\/wp\/v2\/pages\/109\/revisions\/331"}],"wp:attachment":[{"href":"https:\/\/blogs.abo.fi\/systematiskteologi\/wp-json\/wp\/v2\/media?parent=109"}],"curies":[{"name":"wp","href":"https:\/\/api.w.org\/{rel}","templated":true}]}}