{"id":19,"date":"2021-02-02T10:55:32","date_gmt":"2021-02-02T09:55:32","guid":{"rendered":"https:\/\/blogs.abo.fi\/systematiskteologi\/?page_id=19"},"modified":"2021-02-02T11:28:28","modified_gmt":"2021-02-02T10:28:28","slug":"om-amnet-systematisk-teologi","status":"publish","type":"page","link":"https:\/\/blogs.abo.fi\/systematiskteologi\/om-amnet-systematisk-teologi\/","title":{"rendered":"Om \u00e4mnet systematisk teologi"},"content":{"rendered":"<p>Teologin vid \u00c5A har en hundra\u00e5rig historia.<\/p>\n<p>Systematisk teologi studerar b\u00e5de den kristna trons inneh\u00e5ll (dvs. dogmatik) och teologisk etik med religionsfilosofi.<\/p>\n<p>Du kan l\u00e4sa mera om \u00e4mnet, och bekanta dig mer v\u00e5r personal p\u00e5 v\u00e5ra <a href=\"https:\/\/www.abo.fi\/amnen\/systematisk-teologi\/\">hemsidor<\/a>.<\/p>\n","protected":false},"excerpt":{"rendered":"<p>Teologin vid \u00c5A har en hundra\u00e5rig historia. Systematisk teologi studerar b\u00e5de den kristna trons inneh\u00e5ll (dvs. dogmatik) och teologisk etik med religionsfilosofi. Du kan l\u00e4sa mera om \u00e4mnet, och bekanta dig mer v\u00e5r personal p\u00e5 v\u00e5ra hemsidor.<\/p>\n","protected":false},"author":694,"featured_media":0,"parent":0,"menu_order":0,"comment_status":"closed","ping_status":"closed","template":"","meta":{"footnotes":""},"class_list":["post-19","page","type-page","status-publish","hentry"],"_links":{"self":[{"href":"https:\/\/blogs.abo.fi\/systematiskteologi\/wp-json\/wp\/v2\/pages\/19","targetHints":{"allow":["GET"]}}],"collection":[{"href":"https:\/\/blogs.abo.fi\/systematiskteologi\/wp-json\/wp\/v2\/pages"}],"about":[{"href":"https:\/\/blogs.abo.fi\/systematiskteologi\/wp-json\/wp\/v2\/types\/page"}],"author":[{"embeddable":true,"href":"https:\/\/blogs.abo.fi\/systematiskteologi\/wp-json\/wp\/v2\/users\/694"}],"replies":[{"embeddable":true,"href":"https:\/\/blogs.abo.fi\/systematiskteologi\/wp-json\/wp\/v2\/comments?post=19"}],"version-history":[{"count":2,"href":"https:\/\/blogs.abo.fi\/systematiskteologi\/wp-json\/wp\/v2\/pages\/19\/revisions"}],"predecessor-version":[{"id":29,"href":"https:\/\/blogs.abo.fi\/systematiskteologi\/wp-json\/wp\/v2\/pages\/19\/revisions\/29"}],"wp:attachment":[{"href":"https:\/\/blogs.abo.fi\/systematiskteologi\/wp-json\/wp\/v2\/media?parent=19"}],"curies":[{"name":"wp","href":"https:\/\/api.w.org\/{rel}","templated":true}]}}