{"id":2,"date":"2021-01-11T11:29:27","date_gmt":"2021-01-11T10:29:27","guid":{"rendered":"https:\/\/blogs.abo.fi\/systematiskteologi\/?page_id=2"},"modified":"2021-02-23T13:16:37","modified_gmt":"2021-02-23T11:16:37","slug":"exempelsida","status":"publish","type":"page","link":"https:\/\/blogs.abo.fi\/systematiskteologi\/exempelsida\/","title":{"rendered":"Om bloggen"},"content":{"rendered":"\r\n<p>Detta \u00e4r bloggen f\u00f6r \u00e4mnet systematisk teologi vid \u00c5bo Akademi. Eller egentligen \u00e4r vi flera \u00e4mnen, d\u00e5 s\u00e5v\u00e4l dogmatik som teologisk etik med religionsfilosofi sitter under samma paraply. Vi bor i Tryckerihuset, alldeles i b\u00f6rjan av Biskopsgatan.<\/p>\r\n<p>P\u00e5 den h\u00e4r bloggen publiceras inl\u00e4gg av l\u00e4rare, doktorander, forskare och huvud\u00e4mnesstuderande i systematisk teologi vid \u00c5bo Akademi. M\u00e5lgrupp \u00e4r alla som i sitt yrke (l\u00e4rare, journalister m fl.) eller av personligt intresse vill veta mera om systematisk teologi och den forskning som vi bedriver. Texterna kommer att skrivas med en popul\u00e4rvetenskaplig ambition, s\u00e5 att ocks\u00e5 den som inte \u00e4r insatt i teologisk terminologi skall kunna l\u00e4sa och f\u00f6rst\u00e5.<\/p>\r\n<p>Varje skribent st\u00e5r sj\u00e4lv f\u00f6r sina \u00e5sikter och representerar n\u00f6dv\u00e4ndigtvis inte den officiella h\u00e5llningen vare sig inom \u00c5bo Akademi eller \u00e4mnet systematisk teologi.<\/p>\r\n<p>Bilden (Architecture history collection- Piispankatu, Turku, 23591049520) p\u00e5 f\u00f6rsta sidan \u00e4r tagen ur Wikimedia commons.<\/p>\r\n<p>Sidan administreras av Heidi Jokinen, universitetsl\u00e4raren i teologisk etik med religionsfilosofi<\/p>\r\n","protected":false},"excerpt":{"rendered":"<p>Detta \u00e4r bloggen f\u00f6r \u00e4mnet systematisk teologi vid \u00c5bo Akademi. Eller egentligen \u00e4r vi flera \u00e4mnen, d\u00e5 s\u00e5v\u00e4l dogmatik som teologisk etik med religionsfilosofi sitter under samma paraply. Vi bor i Tryckerihuset, alldeles i b\u00f6rjan av Biskopsgatan. P\u00e5 den h\u00e4r bloggen publiceras inl\u00e4gg av l\u00e4rare, doktorander, forskare och huvud\u00e4mnesstuderande i systematisk teologi vid \u00c5bo Akademi. [&hellip;]<\/p>\n","protected":false},"author":676,"featured_media":0,"parent":0,"menu_order":0,"comment_status":"closed","ping_status":"open","template":"","meta":{"footnotes":""},"class_list":["post-2","page","type-page","status-publish","hentry"],"_links":{"self":[{"href":"https:\/\/blogs.abo.fi\/systematiskteologi\/wp-json\/wp\/v2\/pages\/2","targetHints":{"allow":["GET"]}}],"collection":[{"href":"https:\/\/blogs.abo.fi\/systematiskteologi\/wp-json\/wp\/v2\/pages"}],"about":[{"href":"https:\/\/blogs.abo.fi\/systematiskteologi\/wp-json\/wp\/v2\/types\/page"}],"author":[{"embeddable":true,"href":"https:\/\/blogs.abo.fi\/systematiskteologi\/wp-json\/wp\/v2\/users\/676"}],"replies":[{"embeddable":true,"href":"https:\/\/blogs.abo.fi\/systematiskteologi\/wp-json\/wp\/v2\/comments?post=2"}],"version-history":[{"count":5,"href":"https:\/\/blogs.abo.fi\/systematiskteologi\/wp-json\/wp\/v2\/pages\/2\/revisions"}],"predecessor-version":[{"id":38,"href":"https:\/\/blogs.abo.fi\/systematiskteologi\/wp-json\/wp\/v2\/pages\/2\/revisions\/38"}],"wp:attachment":[{"href":"https:\/\/blogs.abo.fi\/systematiskteologi\/wp-json\/wp\/v2\/media?parent=2"}],"curies":[{"name":"wp","href":"https:\/\/api.w.org\/{rel}","templated":true}]}}