{"id":1365,"date":"2017-11-16T19:25:03","date_gmt":"2017-11-16T17:25:03","guid":{"rendered":"http:\/\/blogs.abo.fi\/visuellastudier\/?page_id=1365"},"modified":"2023-12-14T20:24:13","modified_gmt":"2023-12-14T18:24:13","slug":"nac-nordic-art-criticism-register-och-statistik","status":"publish","type":"page","link":"https:\/\/blogs.abo.fi\/visuellastudier\/nac-nordic-art-criticism-register-och-statistik\/","title":{"rendered":"NAC (Nordic Art Criticism) register och statistik"},"content":{"rendered":"<h1><strong><span style=\"color: #800000\">REGISTER OCH STATISTIK \u00d6VER SVENSKSPR\u00c5KIG KONSTKRITIK<\/span><\/strong><\/h1>\n<h2><span style=\"color: #800000\">1950-2000<\/span><\/h2>\n<p><strong>Forskningsgruppen NAC (Nordic Art Criticism)<\/strong><\/p>\n<p><strong>Registeransvarig: docent Fred Andersson, \u00c5bo Akademi<\/strong><\/p>\n<p><span style=\"color: #333333\">Med start \u00e5r 2008 har vi b\u00f6rjat bygga upp ett register \u00f6ver konstkritik i svenskspr\u00e5kig dagspress, dvs. b\u00e5de de \u201drikssvenska\u201d och de finlandssvenska tidningarna. Projektet omfattar tiden 1950-2000, och med \u201ddagspress\u201d menar vi tidningar som kommer ut \u00e5tminstone tre dagar i veckan. H\u00e4r delar vi med oss av en del av dokumenten i projektet. De \u00f6ppnas som pdf-dokument i ett separat f\u00f6nster med klick p\u00e5 l\u00e4nkarna. Alla filer \u00e4r <strong>fritt tillg\u00e4ngliga<\/strong> f\u00f6r nedladdning och faktum \u00e4r att vi <strong>uppmuntrar<\/strong> nedladdning av materialet. (Se instruktion om s\u00f6kning i filerna nedan.)<\/span><\/p>\n<p><span style=\"color: #333333\">\u00c4n s\u00e5 l\u00e4nge kan vi bara visa exempel p\u00e5 vilka typer av information och vilken statistik som kan samlas in med de metoder som vi utvecklat. Informationen kommer dels fr\u00e5n de tryckta registren <em>Svenskt tidningsregister<\/em> (1954-60) och <em>Svenska Tidningsartiklar <\/em>(1961-1999) som vi scannar med OCR-teknik <em>(Optical Character Registration)<\/em>. Dels kommer den fr\u00e5n klipparkivet <em>(leikearkisto)<\/em> vid Centralarkivet f\u00f6r bildkonst i Helsingfors, vars samlade klippb\u00f6cker fram till \u00e5r 1980 finns tillg\u00e4ngliga p\u00e5 mikrofilm. (\u00c4mnet Konstvetenskap vid \u00c5bo Akademi \u00e4ger en upps\u00e4ttning av dessa mikrofilmer med tillh\u00f6rande register p\u00e5 mikrofiche.) Klippsamlingarna fr\u00e5n <a href=\"https:\/\/sok.riksarkivet.se\/?Sokord=dokumenteringsarkiv+f%C3%B6r+modern+konst&amp;EndastDigitaliserat=false&amp;AvanceradSok=False&amp;page=1&amp;tab=post&amp;FacettState=undefined%3Ac%7C&amp;postid=Arkis+2171AC4C-58F4-4B8E-9520-2EBE6351D1F1#tab\" target=\"_blank\" rel=\"noopener\"><em>Dokumenteringsarkiv f\u00f6r modern svensk konst vid Lunds Universitet<\/em> <\/a>(aktivt 1965-2001) \u00e4r en annan k\u00e4lla, fr\u00e4mst f\u00f6r komplettering av materialet och insamling av viss statistik.<\/span><\/p>\n<p>&nbsp;<\/p>\n<p><span style=\"color: #800000\"><strong><span style=\"color: #800000\">\u00d6VERGRIPANDE INFORMATION<\/span><\/strong><\/span><\/p>\n<p><span style=\"color: #333333\">Arbetet med registret ing\u00e5r i forskningsprojektet <em>Konstkritiken och det nationella i Finland och Sverige 1950-2000<\/em> som syftar till att med registret som grund besvara fr\u00e5gest\u00e4llningar om bildkonstens och konstkritikens roll f\u00f6r den nationella identiteten och dess f\u00f6r\u00e4ndringar. I praktiken har projektet dock mera inriktats p\u00e5 att f\u00e5 fram en grundl\u00e4ggande geografisk och sociografisk \u00f6versikt \u00f6ver konstkritiken under 50-\u00e5rsperioden. Mera intensivt arbete med projektet finansierades av Gyllensiernska Krapperupstiftelsen (Sverige) och Svenska Kulturfonden (Finland) under 2010-13. En rapport med prelimin\u00e4ra slutsatser skrevs f\u00f6r Svenska Kulturfonden i december 2012 och kan l\u00e4sas h\u00e4r:<\/span><\/p>\n<p><a href=\"http:\/\/blogs.abo.fi\/visuellastudier\/files\/kulturfonden_rapport-2012.pdf\" target=\"_blank\" rel=\"noopener\">kulturfonden_rapport 2012<\/a><\/p>\n<p><span style=\"color: #333333\">I projektet har ocks\u00e5 publicerats en mera popul\u00e4rvetenskaplig artikel i den finl\u00e4ndska svenskspr\u00e5kiga tidskriften <em>Ikaros<\/em>, nr 3 2010. En presentation av projektet med vissa bilder och diagram finns i den tv\u00e5spr\u00e5kiga finl\u00e4ndska n\u00e4ttidskriften f\u00f6r konstvetenskap, <em>Tahiti<\/em> (Taidehistoria tieteen\u00e4 \/ Konsthistorien som vetenskap). Samma presentation trycktes senare i den pressvetenskapliga tidskriften <em>Nordicom Information<\/em>. F\u00f6ljande l\u00e4nkar g\u00e5r till dessa artiklar:<br \/>\n<\/span><\/p>\n<p><a href=\"http:\/\/blogs.abo.fi\/visuellastudier\/files\/ikaros2010_konstprat.pdf\" target=\"_blank\" rel=\"noopener\">&#8221;Prat om konst och prat om Finland &#8211; Reflektioner fr\u00e5n ett projekt om det nationella i konstkritiken\u201d i tidskiften Ikaros, nr 3 2010, ss. 5-7.<\/a><\/p>\n<p><a href=\"http:\/\/tahiti.fi\/01-2013\/kentalta-ja-arkistosta\/om-forskningsgruppen-nac-och-projektet-konstkritiken-och-det-nationella-i-finland-och-sverige-1950-%e2%80%93-2000\/\" target=\"_blank\" rel=\"noopener\">\u201dOm forskningsgruppen NAC och projektet Konstkritiken och det nationella i Finland och Sverige, 1950 \u2013 2000\u201d i <em>Tahiti: Taidehistoria Tieteen\u00e4<\/em>, vol 3 (2013), no 1 (27.3.2013).<\/a><\/p>\n<p><span style=\"color: #333333\"><a href=\"http:\/\/blogs.abo.fi\/visuellastudier\/files\/nordicom-information_36_2014_1_pp._85-91.pdf\" target=\"_blank\" rel=\"noopener\">\u201dKonstkritiken och det nationella i Finland och Sverige 1950 \u2013 2000\u201d i Nordicom Information, vol 36 (2014), no 1, ss. 85-91.<\/a><\/span><\/p>\n<p><span style=\"color: #333333\">I ett f\u00f6rsta steg m\u00e5ste vi med hj\u00e4lp av register och statistik besvara s\u00e5dana fr\u00e5gor som &#8221;hur mycket skrevs?&#8221;, &#8221;vilka skrev?&#8221;, &#8221;vad skrev de om?&#8221; Kulturjournalistikens roll i den finl\u00e4ndska och svenska tidningsbranschen som helhet m\u00e5ste klarg\u00f6ras, t.ex. genom att upplageutvecklingen j\u00e4mf\u00f6rs med kulturjournalistikens utveckling. Var det alltid s\u00e5 att det skrevs mera kritik i tidningar med h\u00f6gre upplaga och st\u00f6rre ekonomiska resurser? Kan kritiken p\u00e5 n\u00e5got s\u00e4tt ha p\u00e5verkats av tidningarnas \u00e4garstruktur och politiska f\u00e4rg? Var vissa kritiker s\u00e4rskilt dominerande och kan den kritik de skrev ha p\u00e5verkats av deras bakgrund och personliga \u00f6vertygelser (politiska eller andra)? P\u00e5verkas kritiken av st\u00f6rre redaktionella f\u00f6r\u00e4ndringar \u00f6ver tid, t.ex. \u00f6kat\/minskat textutrymme och st\u00f6rre\/mindre andel bildutrymme i tidningslayouten? \u00c4r det l\u00e4tt eller sv\u00e5rt att se skillnad mellan de texter som skrevs av kritiker\/kulturjournalister och de vanliga reportagen eller nyhetsartiklarna?<\/span><\/p>\n<p><span style=\"color: #333333\">Alla dessa faktorer har unders\u00f6kts i medie- och kulturforskningen, men s\u00e5vitt vi vet aldrig i ett samlat projekt med fokus p\u00e5 just konstkritik. I den m\u00e5n det finns tidigare forskning som besvarar vissa fr\u00e5gor eller inneh\u00e5ller data vi kan anv\u00e4nda kommer vi givetvis att h\u00e4nvisa till den forskningen. <a href=\"http:\/\/www.nordicom.gu.se\/sv\" target=\"_blank\" rel=\"noopener\"><em>Nordicom<\/em><\/a> \u00e4r det gemensamma informationscentret f\u00f6r medieforskning i Norden, och publicerar regelbundet statistik. Historiska data g\u00e5r att f\u00e5 via nationalbiblioteken, t.ex. Kungliga Biblioteket i Stockholm och databasen <em><a href=\"http:\/\/www.kb.se\/samlingarna\/tidningar-tidskrifter\/soka\/Nya-Lundstedt-tidningar\/\" target=\"_blank\" rel=\"noopener\">Dagstidningar efter 1900 (&#8221;Nya Lundstedt&#8221;)<\/a><\/em>. Allt tyder dock p\u00e5 att vi sj\u00e4lva m\u00e5ste samla in en stor del av de uppgifter och data vi beh\u00f6ver. Detta g\u00e4ller s\u00e4rskilt Finland, d\u00e4r ett centralt artikelregister motsvarande <em>Svenskt Tidningsregister <\/em>och<em> Svenska Tidningsartiklar<\/em> saknas.<\/span><\/p>\n<p>&nbsp;<\/p>\n<p><span style=\"color: #800000\"><strong><span style=\"color: #800000\">TEKNISK HJ\u00c4LP F\u00d6R ANV\u00c4NDARE<\/span><\/strong><\/span><\/p>\n<p><span style=\"color: #333333\">Filerna h\u00e4r p\u00e5 sidan \u00e4r av tv\u00e5 huvudtyper: statistik och artikelregister. N\u00e4r du klickar p\u00e5 l\u00e4nkarna \u00f6ppnas filerna troligtvis automatiskt i <strong>programmet <em>Adobe Acrobat Reader <\/em><\/strong>om du har det installerat p\u00e5 din dator. Ladda annars ner det och installera det. Programmet \u00e4r gratis och hittas h\u00e4r:<\/span><\/p>\n<p><a href=\"https:\/\/get.adobe.com\/se\/reader\/\">https:\/\/get.adobe.com\/se\/reader\/<\/a><\/p>\n<p><span style=\"color: #333333\">Att de filer som \u00e4r artikelregister \u00f6ppnas i <strong><em>Adobe Acrobat Reader<\/em><\/strong> \u00e4r f\u00f6ruts\u00e4ttningen f\u00f6r att du ska kunna s\u00f6ka i dem enligt den h\u00e4r instruktionen. Du kan ocks\u00e5 ladda ner filen du vill s\u00f6ka i, och spara den p\u00e5 ett st\u00e4lle p\u00e5 datorn d\u00e4r du l\u00e4tt kan hitta den. \u00d6ppna sedan dokumentet i <strong><em>Adobe Acrobat Reader<\/em><\/strong>. Klicka p\u00e5 menyn &#8221;Edit&#8221; (redigera) och v\u00e4lj &#8221;Advanced search&#8221; (avancerad s\u00f6kning). <strong>Det ser ut s\u00e5 h\u00e4r:<\/strong><\/span><\/p>\n<hr \/>\n<p><a href=\"http:\/\/blogs.abo.fi\/visuellastudier\/files\/dem1.png\"><img loading=\"lazy\" decoding=\"async\" class=\"alignleft size-full wp-image-1412\" src=\"http:\/\/blogs.abo.fi\/visuellastudier\/files\/dem1.png\" alt=\"\" width=\"367\" height=\"469\" srcset=\"https:\/\/blogs.abo.fi\/visuellastudier\/files\/dem1.png 367w, https:\/\/blogs.abo.fi\/visuellastudier\/files\/dem1-235x300.png 235w\" sizes=\"auto, (max-width: 367px) 100vw, 367px\" \/><\/a><\/p>\n<p>&nbsp;<\/p>\n<p>&nbsp;<\/p>\n<p>&nbsp;<\/p>\n<p>&nbsp;<\/p>\n<p>&nbsp;<\/p>\n<p>&nbsp;<\/p>\n<p>&nbsp;<\/p>\n<p>&nbsp;<\/p>\n<p>&nbsp;<\/p>\n<p>&nbsp;<\/p>\n<hr \/>\n<p><strong><span style=\"color: #333333\">Du f\u00e5r nu upp f\u00f6ljande dialogbox:<\/span><\/strong><\/p>\n<p><a href=\"http:\/\/blogs.abo.fi\/visuellastudier\/files\/dem2.png\"><img loading=\"lazy\" decoding=\"async\" class=\"alignleft size-full wp-image-1413\" src=\"http:\/\/blogs.abo.fi\/visuellastudier\/files\/dem2.png\" alt=\"\" width=\"404\" height=\"391\" srcset=\"https:\/\/blogs.abo.fi\/visuellastudier\/files\/dem2.png 404w, https:\/\/blogs.abo.fi\/visuellastudier\/files\/dem2-300x290.png 300w\" sizes=\"auto, (max-width: 404px) 100vw, 404px\" \/><\/a><\/p>\n<p>&nbsp;<\/p>\n<p>&nbsp;<\/p>\n<p>&nbsp;<\/p>\n<p>&nbsp;<\/p>\n<p>&nbsp;<\/p>\n<p>&nbsp;<\/p>\n<p>&nbsp;<\/p>\n<p>&nbsp;<\/p>\n<hr \/>\n<p><span style=\"color: #333333\">Se till att alternativet \u201dIn the current document\u201d (i detta dokument) \u00e4r markerat. Skriv in i s\u00f6krutan en term du vill leta efter, t.ex. \u201dmodern\u201d. Klicka p\u00e5 \u201dsearch\u201d (s\u00f6k) eller sl\u00e5 Enter.<\/span><\/p>\n<p>Du kan bara s\u00f6ka en term i taget. Vill du ha en mer exakt s\u00f6kning, bocka f\u00f6r alternativet \u201dwhole words only\u201d (matcha hela ord).<\/p>\n<p>Vid s\u00f6kning p\u00e5 personnamn rekommenderas att f\u00f6rst s\u00f6ka p\u00e5 endast efternamnet. Sedan f\u00f6rnamn + efternamn. Separation med komma anv\u00e4nds inte.<\/p>\n<p>Om du s\u00f6ker p\u00e5 namn som ocks\u00e5 kan vara vanligt substantiv, t.ex. \u201dKivi\u201d, skriv med stor begynnelsebokstav och bocka f\u00f6r \u201dCase-Sensitive\u201d (Gemener\/VERSALER).<\/p>\n<p><a href=\"http:\/\/blogs.abo.fi\/visuellastudier\/files\/dem3.png\"><img loading=\"lazy\" decoding=\"async\" class=\"alignleft size-full wp-image-1418\" src=\"http:\/\/blogs.abo.fi\/visuellastudier\/files\/dem3.png\" alt=\"\" width=\"852\" height=\"539\" srcset=\"https:\/\/blogs.abo.fi\/visuellastudier\/files\/dem3.png 852w, https:\/\/blogs.abo.fi\/visuellastudier\/files\/dem3-300x190.png 300w, https:\/\/blogs.abo.fi\/visuellastudier\/files\/dem3-768x486.png 768w\" sizes=\"auto, (max-width: 852px) 100vw, 852px\" \/><\/a><\/p>\n<hr \/>\n<p><span style=\"color: #333333\"><strong>Denna bild visar hur resultatet av en s\u00f6kning ser ut i vyn.<\/strong> Du kan nu se statistik f\u00f6r namnets eller termens f\u00f6rekomst l\u00e4ngst upp i dialogfunktionen (se <strong>r\u00f6d pil<\/strong> uppe till v\u00e4nster).<\/span><\/p>\n<p>Nedanf\u00f6r <strong>(se r\u00f6d pil 2)<\/strong> \u00e4r en lista \u00f6ver alla fraser i dokumentet d\u00e4r namnet\/termen f\u00f6rekommer.<\/p>\n<p>Flytta mellan sidor genom att markera fraser i listan. Visningen hoppar d\u00e5 till motsvarande sida d\u00e4r termen \u00e4r markerad p\u00e5 motsvarande s\u00e4tt (se <strong>r\u00f6d pil 3<\/strong>).<\/p>\n<p>&nbsp;<\/p>\n<p><span style=\"color: #800000\"><strong><span style=\"color: #800000\">HJ\u00c4LPDOKUMENT F\u00d6R STUDENTER OCH FORSKARE<\/span><\/strong><\/span><\/p>\n<p><span style=\"color: #333333\">Akronymer (f\u00f6rkortningar) av tidningsnamn anv\u00e4nds b\u00e5de i press och litteratur och i pressarkiven. S\u00e4rskilt n\u00e4r det g\u00e4ller mindre tidningar har akronymerna varierat och olika arkiv har anv\u00e4nt olika akronymer. Det har ocks\u00e5 varit vanligt att konstkritiker och andra kulturskribenter inte signerar artiklarna med hela namnet, utan med en akronym eller annan typ av signatur. De olika pressarkiven och registren har sammanst\u00e4llt signaturlistor som underl\u00e4ttar identifikation av skribenter. S\u00e5dana signaturlistor finns i <em>Svenskt Tidningsindex<\/em> och <em>Svenska Tidningsartiklar<\/em>. \u00c4ven klipparkivet vid Centralarkivet f\u00f6r bildkonst i Helsingfors och det svenskspr\u00e5kiga <a href=\"http:\/\/www.bragespressarkiv.fi\/\">Brages Pressarkiv<\/a> i samma stad har gjort signaturlistor. H\u00e4r nedan finns listor \u00f6ver akronymer och signaturer i pdf-format.<br \/>\n<\/span><\/p>\n<p><strong>Rikssvenska listor:<\/strong><\/p>\n<ul>\n<li><a href=\"http:\/\/blogs.abo.fi\/visuellastudier\/files\/STAT_SvTidnArt70_redak_MEDIER.pdf\" target=\"_blank\" rel=\"noopener\">F\u00f6rkortningar av tidningsnamn i Sverige enligt standard fr\u00e5n BTJ (biblioteksstj\u00e4nst) ca 1970<\/a><\/li>\n<\/ul>\n<p>&nbsp;<\/p>\n<ul>\n<li><a href=\"http:\/\/blogs.abo.fi\/visuellastudier\/files\/STAT_SvTidnArt70_redak_SIGNATURER.pdf\" target=\"_blank\" rel=\"noopener\">Signaturer insamlade av BTJ (biblioteksstj\u00e4nst) ca 1970<\/a><\/li>\n<\/ul>\n<p>&nbsp;<\/p>\n<p><strong>Finska listor:<\/strong><\/p>\n<ul>\n<li><a href=\"http:\/\/blogs.abo.fi\/visuellastudier\/files\/Medier_Finland_42st.pdf\" target=\"_blank\" rel=\"noopener\">F\u00f6rkortningar av tidningsnamn i Finland enligt standard p\u00e5 1980-talet<\/a><\/li>\n<\/ul>\n<p>&nbsp;<\/p>\n<ul>\n<li><a href=\"http:\/\/blogs.abo.fi\/visuellastudier\/files\/sign1allreduced.pdf\" target=\"_blank\" rel=\"noopener\">Signaturer av finl\u00e4ndska (finsk- eller svenskspr\u00e5kiga) skribenter f\u00f6rtecknade av Centralarkivet f\u00f6r bildkonst<\/a><\/li>\n<\/ul>\n<p>&nbsp;<\/p>\n<p><strong>Finlandssvenska listor:<\/strong><\/p>\n<ul>\n<li><a href=\"http:\/\/blogs.abo.fi\/visuellastudier\/files\/Tidn_arkBrage.pdf\" target=\"_blank\" rel=\"noopener\">F\u00f6rkortningar av tidningsnamn i Finland som anv\u00e4nts vid Brages pressarkiv (fr\u00e5n www.bragespressarkiv.fi)<\/a><\/li>\n<\/ul>\n<p>&nbsp;<\/p>\n<ul>\n<li><a href=\"http:\/\/blogs.abo.fi\/visuellastudier\/files\/signBrage.pdf\" target=\"_blank\" rel=\"noopener\">Signaturer av huvudsakligen finlandssvenska skribenter f\u00f6rtecknade av Brages pressarkiv (fr\u00e5n www.bragespressarkiv.fi)<\/a><\/li>\n<\/ul>\n<p>&nbsp;<\/p>\n<p><span style=\"color: #800000\"><strong><span style=\"color: #800000\">BRANSCHEN OCH GENRERNA<\/span><\/strong><\/span><\/p>\n<p><span style=\"color: #333333\">Text tillkommer<br \/>\n<\/span><\/p>\n<p><a href=\"http:\/\/blogs.abo.fi\/visuellastudier\/files\/sverige195019952015komb.jpg\"><img loading=\"lazy\" decoding=\"async\" class=\"alignleft wp-image-1449 size-full\" src=\"http:\/\/blogs.abo.fi\/visuellastudier\/files\/sverige195019952015komb.jpg\" alt=\"\" width=\"1134\" height=\"794\" srcset=\"https:\/\/blogs.abo.fi\/visuellastudier\/files\/sverige195019952015komb.jpg 1134w, https:\/\/blogs.abo.fi\/visuellastudier\/files\/sverige195019952015komb-300x210.jpg 300w, https:\/\/blogs.abo.fi\/visuellastudier\/files\/sverige195019952015komb-768x538.jpg 768w, https:\/\/blogs.abo.fi\/visuellastudier\/files\/sverige195019952015komb-1024x717.jpg 1024w\" sizes=\"auto, (max-width: 1134px) 100vw, 1134px\" \/><\/a><\/p>\n<p><span style=\"color: #800000\"><strong><span style=\"color: #800000\">SVERIGE, 1950-1959<\/span><\/strong><\/span><\/p>\n<p><strong>STATISTIK<\/strong><\/p>\n<ul>\n<li><a href=\"http:\/\/blogs.abo.fi\/visuellastudier\/files\/STAT_SvTidnArt50stat_medier.pdf\" target=\"_blank\" rel=\"noopener\">Vilka svenska tidningar skrev mest om konst \u00e5ret 1950? Tidningar och skribenter (pdf)<\/a><\/li>\n<\/ul>\n<p>&nbsp;<\/p>\n<p><strong>REGISTER:<\/strong><\/p>\n<ul>\n<li><a href=\"http:\/\/blogs.abo.fi\/visuellastudier\/files\/svt50.pdf\" target=\"_blank\" rel=\"noopener\">Alla artiklar om konst fr\u00e5n 1950 i signum F1 (numeriskt ordnade pressklipp), delarkiv 6 (Svenskt konstn\u00e4rslexikons klippsamling, l\u00e4nk till f\u00f6rteckningen), Dokumenteringsarkiv f\u00f6r modern konst, Landsarkivet i Lund (pdf fr\u00e5n Excel, 1041 poster)<\/a><\/li>\n<\/ul>\n<p>&nbsp;<\/p>\n<ul>\n<li><a href=\"http:\/\/blogs.abo.fi\/visuellastudier\/files\/svt51.pdf\" target=\"_blank\" rel=\"noopener\">Delar av artiklarna om konst fr\u00e5n 1951 i signum F1 (numeriskt ordnade pressklipp), delarkiv 6 (Svenskt konstn\u00e4rslexikons klippsamling), Dokumenteringsarkiv f\u00f6r modern konst, Landsarkivet i Lund (pdf fr\u00e5n Excel, 684 poster)<\/a><\/li>\n<\/ul>\n<p>&nbsp;<\/p>\n<ul>\n<li><a href=\"http:\/\/blogs.abo.fi\/visuellastudier\/files\/regSvTA53.pdf\" target=\"_blank\" rel=\"noopener\">F\u00f6rteckning \u00f6ver artiklar om konst i registret Svensk tidningsregister, \u00e5ret 1953 (pdf fr\u00e5n Word)<\/a><\/li>\n<\/ul>\n<p>&nbsp;<\/p>\n<p><span style=\"color: #800000\"><strong><span style=\"color: #800000\">SVERIGE, 1960-1969<\/span><\/strong><\/span><\/p>\n<p>&nbsp;<\/p>\n<p><strong>STATISTIK:<\/strong><\/p>\n<ul>\n<li><a href=\"http:\/\/blogs.abo.fi\/visuellastudier\/files\/STAT_SvTidnArt61stat_medier.pdf\" target=\"_blank\" rel=\"noopener\">Vilka svenskspr\u00e5kiga tidningar skrev mest om konst \u00e5ret 1961?\u00a0 (pdf)<\/a><\/li>\n<\/ul>\n<p>&nbsp;<\/p>\n<ul>\n<li><a href=\"http:\/\/blogs.abo.fi\/visuellastudier\/files\/STAT_SvTidnArt61stat_namn_num.pdf\" target=\"_blank\" rel=\"noopener\">Vilka svenskspr\u00e5kiga konstkritiker skrev mest \u00e5r 1961? (pdf)<\/a><\/li>\n<\/ul>\n<p><strong>\u00a0<\/strong><\/p>\n<p><strong>REGISTER:<\/strong><\/p>\n<ul>\n<li><a href=\"http:\/\/blogs.abo.fi\/visuellastudier\/files\/regSvTA62.pdf\" target=\"_blank\" rel=\"noopener\">F\u00f6rteckning \u00f6ver artiklar om konst i registret Svenska tidningsartiklar, \u00e5ret 1962 (pdf fr\u00e5n Word)<\/a><\/li>\n<\/ul>\n<p>&nbsp;<\/p>\n<ul>\n<li><a href=\"http:\/\/blogs.abo.fi\/visuellastudier\/files\/regSvTA63.pdf\" target=\"_blank\" rel=\"noopener\">F\u00f6rteckning \u00f6ver artiklar om konst i registret Svenska tidningsartiklar, \u00e5ret 1963 (pdf fr\u00e5n Word)<\/a><\/li>\n<\/ul>\n<p>&nbsp;<\/p>\n<ul>\n<li><a href=\"http:\/\/blogs.abo.fi\/visuellastudier\/files\/regSvTA64.pdf\" target=\"_blank\" rel=\"noopener\">F\u00f6rteckning \u00f6ver artiklar om konst i registret Svenska tidningsartiklar, \u00e5ret 1964 (pdf fr\u00e5n Word)<\/a><\/li>\n<\/ul>\n<p>&nbsp;<\/p>\n<ul>\n<li><a href=\"http:\/\/blogs.abo.fi\/visuellastudier\/files\/regSvTA65.pdf\" target=\"_blank\" rel=\"noopener\">F\u00f6rteckning \u00f6ver artiklar om konst i registret Svenska tidningsartiklar, \u00e5ret 1965 (pdf fr\u00e5n Word)<\/a><\/li>\n<\/ul>\n<p>&nbsp;<\/p>\n<ul>\n<li><a href=\"http:\/\/blogs.abo.fi\/visuellastudier\/files\/regSvTA66.pdf\" target=\"_blank\" rel=\"noopener\">F\u00f6rteckning \u00f6ver artiklar om konst i registret Svenska tidningsartiklar, \u00e5ret 1966 (pdf fr\u00e5n Word)<\/a><\/li>\n<\/ul>\n<p>&nbsp;<\/p>\n<ul>\n<li><a href=\"http:\/\/blogs.abo.fi\/visuellastudier\/files\/regSvTA67.pdf\" target=\"_blank\" rel=\"noopener\">F\u00f6rteckning \u00f6ver artiklar om konst i registret Svenska tidningsartiklar, \u00e5ret 1967 (pdf fr\u00e5n Word)<\/a><\/li>\n<\/ul>\n<p>&nbsp;<\/p>\n<ul>\n<li><a href=\"http:\/\/blogs.abo.fi\/visuellastudier\/files\/regSvTA68.pdf\" target=\"_blank\" rel=\"noopener\">F\u00f6rteckning \u00f6ver artiklar om konst i registret Svenska tidningsartiklar, \u00e5ret 1968 (pdf fr\u00e5n Word)<\/a><\/li>\n<\/ul>\n<p>&nbsp;<\/p>\n<ul>\n<li><a href=\"http:\/\/blogs.abo.fi\/visuellastudier\/files\/regSvTA69dec_fattas.pdf\" target=\"_blank\" rel=\"noopener\">F\u00f6rteckning \u00f6ver artiklar om konst i registret Svenska tidningsartiklar, \u00e5ret 1969 utom december (pdf fr\u00e5n Word)<\/a><\/li>\n<\/ul>\n<p>&nbsp;<\/p>\n<p><span style=\"color: #800000\"><strong><span style=\"color: #800000\">SVERIGE, 1970-1979<\/span><\/strong><\/span><\/p>\n<p>&nbsp;<\/p>\n<p><strong>STATISTIK:<\/strong><\/p>\n<ul>\n<li><a href=\"http:\/\/blogs.abo.fi\/visuellastudier\/files\/STAT_SvTidnArt71stat_medier.pdf\" target=\"_blank\" rel=\"noopener\">Vilka svenskspr\u00e5kiga tidningar skrev mest om konst \u00e5ret 1971? (pdf)<\/a><\/li>\n<\/ul>\n<p>&nbsp;<\/p>\n<ul>\n<li><a href=\"http:\/\/blogs.abo.fi\/visuellastudier\/files\/STAT_SvTidnArt71stat_namn_num.pdf\" target=\"_blank\" rel=\"noopener\">Vilka svenskspr\u00e5kiga konstkritiker skrev mest \u00e5r 1971? (pdf)<\/a><\/li>\n<\/ul>\n<p>&nbsp;<\/p>\n<p><strong>REGISTER:<\/strong><\/p>\n<ul>\n<li><a href=\"http:\/\/blogs.abo.fi\/visuellastudier\/files\/regSvTA70sept_dec_bortfall-1.pdf\" target=\"_blank\" rel=\"noopener\">F\u00f6rteckning \u00f6ver artiklar om konst i registret Svenska tidningsartiklar, \u00e5ret 1970, ej f\u00e4rdigbehandlat (pdf fr\u00e5n Word)<\/a><\/li>\n<\/ul>\n<p>&nbsp;<\/p>\n<ul>\n<li><a href=\"http:\/\/blogs.abo.fi\/visuellastudier\/files\/regSvTA71.pdf\" target=\"_blank\" rel=\"noopener\">F\u00f6rteckning \u00f6ver artiklar om konst i registret Svenska tidningsartiklar, \u00e5ret 1971 (pdf fr\u00e5n Word)<\/a><\/li>\n<\/ul>\n<p>&nbsp;<\/p>\n<ul>\n<li><a href=\"http:\/\/blogs.abo.fi\/visuellastudier\/files\/regSvTA72dec_fattas.pdf\" target=\"_blank\" rel=\"noopener\">F\u00f6rteckning \u00f6ver artiklar om konst i registret Svenska tidningsartiklar, \u00e5ret 1972, ej f\u00e4rdigbehandlat (pdf fr\u00e5n Word)<\/a><\/li>\n<\/ul>\n<p>&nbsp;<\/p>\n<p><span style=\"color: #800000\"><strong><span style=\"color: #800000\">SVERIGE, 1980-2000<\/span><\/strong><\/span><\/p>\n<p><span style=\"color: #333333\">\u00c4nnu har bara tv\u00e5 punktregistreringar gjorts 1981 och 1991. B\u00e5da g\u00e4ller de sex st\u00f6rsta tidningarna (AB, DN, Exp, GP, SDS, SvD) och m\u00e5naderna januari och februari. I tabellerna registreras tidning + datum, rubrik, skribent, antal n\u00e4mnda konstn\u00e4rer, placering (sidnummer), artikell\u00e4ngd i cm (med avrundning till .5), antal bilder samt bildernas storlek som medelv\u00e4rdet av deras diagonalm\u00e5tt (\u00f8) avrundat med en decimal. Huvudsyftet med registreringen var n\u00e4mligen att se om det finns en signifikant skillnad i artikell\u00e4ngd, antal bilder och bildernas totala yta mellan de tv\u00e5 m\u00e4tpunkterna. Medelv\u00e4rdena f\u00f6r textl\u00e4ngden \u00e4r 33,5 (1981) och 28,5 (1991) men skillnaden \u00e4r inte statistiskt signifikant. Medelv\u00e4rdena f\u00f6r antal bilder per artikel \u00e4r 1,3 (1981) och 1,5 (1991). Medelv\u00e4rdena f\u00f6r bildernas totala yta som diagonalm\u00e5tt per artikel \u00e4r 17,2 (1981) och 24,7 (1991). Denna siffra \u00e4r mer intressant och visar att utvecklingen mot en mera visuell layout b\u00f6rjat sl\u00e5 igenom ocks\u00e5 p\u00e5 kultursidorna. Antal konstn\u00e4rer som i genomsnitt n\u00e4mns per artikel \u00e4r 1,5 (1981) och 1,9 (1991).<br \/>\n<\/span><\/p>\n<p>&nbsp;<\/p>\n<ul>\n<li><a href=\"http:\/\/blogs.abo.fi\/visuellastudier\/files\/1981stat.pdf\" target=\"_blank\" rel=\"noopener\">Artiklar om konst i se sex st\u00f6rsta tidningarna jan-feb 1981 (Dokumenteringsarkiv f\u00f6r modern konst, Landsarkivet i Lund, signum F1CG1)<\/a><\/li>\n<\/ul>\n<p>&nbsp;<\/p>\n<ul>\n<li><a href=\"http:\/\/blogs.abo.fi\/visuellastudier\/files\/1991stat.pdf\" target=\"_blank\" rel=\"noopener\">Artiklar om konst i se sex st\u00f6rsta tidningarna jan-feb 1991 (Dokumenteringsarkiv f\u00f6r modern konst, Landsarkivet i Lund, signum F1CG26)<\/a><\/li>\n<\/ul>\n<p>&nbsp;<\/p>\n<p>&nbsp;<\/p>\n<p><span style=\"color: #800000\"><strong><span style=\"color: #800000\">\u00d6VERGRIPANDE SVENSKFINLAND<br \/>\n<\/span><\/strong><\/span><\/p>\n<p><strong>STATISTIK:<\/strong><\/p>\n<p><strong>REGISTER:<\/strong><\/p>\n<ul>\n<li><a href=\"http:\/\/blogs.abo.fi\/visuellastudier\/files\/Register-Finlandssvensk-konstkritik-prel-1950-57.pdf\" target=\"_blank\" rel=\"noopener\">B\u00f6rjan av det planerade registret \u00f6ver artiklar om bildkonst i finlandssvensk press 1950-2000 (1950-57, pdf fr\u00e5n Word)<\/a><\/li>\n<\/ul>\n<p>&nbsp;<\/p>\n<p>&nbsp;<\/p>\n<p>&nbsp;<\/p>\n","protected":false},"excerpt":{"rendered":"<p>REGISTER OCH STATISTIK \u00d6VER SVENSKSPR\u00c5KIG KONSTKRITIK 1950-2000 Forskningsgruppen NAC (Nordic Art Criticism) Registeransvarig: docent Fred Andersson, \u00c5bo Akademi Med start \u00e5r 2008 har vi b\u00f6rjat bygga upp ett register \u00f6ver konstkritik i svenskspr\u00e5kig dagspress, dvs. b\u00e5de de \u201drikssvenska\u201d och de finlandssvenska tidningarna. Projektet omfattar tiden 1950-2000, och med \u201ddagspress\u201d menar vi tidningar som kommer ut [&hellip;]<\/p>\n","protected":false},"author":159,"featured_media":0,"parent":0,"menu_order":0,"comment_status":"closed","ping_status":"closed","template":"","meta":{"footnotes":""},"class_list":["post-1365","page","type-page","status-publish","hentry"],"_links":{"self":[{"href":"https:\/\/blogs.abo.fi\/visuellastudier\/wp-json\/wp\/v2\/pages\/1365","targetHints":{"allow":["GET"]}}],"collection":[{"href":"https:\/\/blogs.abo.fi\/visuellastudier\/wp-json\/wp\/v2\/pages"}],"about":[{"href":"https:\/\/blogs.abo.fi\/visuellastudier\/wp-json\/wp\/v2\/types\/page"}],"author":[{"embeddable":true,"href":"https:\/\/blogs.abo.fi\/visuellastudier\/wp-json\/wp\/v2\/users\/159"}],"replies":[{"embeddable":true,"href":"https:\/\/blogs.abo.fi\/visuellastudier\/wp-json\/wp\/v2\/comments?post=1365"}],"version-history":[{"count":45,"href":"https:\/\/blogs.abo.fi\/visuellastudier\/wp-json\/wp\/v2\/pages\/1365\/revisions"}],"predecessor-version":[{"id":1760,"href":"https:\/\/blogs.abo.fi\/visuellastudier\/wp-json\/wp\/v2\/pages\/1365\/revisions\/1760"}],"wp:attachment":[{"href":"https:\/\/blogs.abo.fi\/visuellastudier\/wp-json\/wp\/v2\/media?parent=1365"}],"curies":[{"name":"wp","href":"https:\/\/api.w.org\/{rel}","templated":true}]}}